{"id":10960,"date":"2021-03-17T11:31:40","date_gmt":"2021-03-17T10:31:40","guid":{"rendered":"https:\/\/formaggiopiave.promoservicebeta.com\/?page_id=10960"},"modified":"2023-03-01T16:38:55","modified_gmt":"2023-03-01T15:38:55","slug":"herstellung","status":"publish","type":"page","link":"https:\/\/www.formaggiopiave.it\/de\/herstellung\/","title":{"rendered":"Herstellung"},"content":{"rendered":"<div  class=\"grids-section grids-is-advanced alignwide\" style=\"--_gs-gap-desktop:0px 0px;--_gs-m-desktop:0 0 0 0;--_gs-p-desktop:0 0 0 0;--_gs-bg-desktop:transparent none;--_gs-bg-xp-desktop:0px;--_gs-zi-desktop:auto;--_gs-d-desktop:block;--_gs-mw-desktop:calc(100% - 0 - 0);--_gs-gap-tablet:0px 0px;--_gs-m-tablet:0 0 0 0;--_gs-p-tablet:0 0 0 0;--_gs-bg-tablet:transparent none;--_gs-bg-xp-tablet:0px;--_gs-zi-tablet:auto;--_gs-d-tablet:block;--_gs-mw-tablet:calc(100% - 0 - 0);--_gs-gap-mobile:0px 0px;--_gs-m-mobile:0 0 0 0;--_gs-p-mobile:0 0 0 0;--_gs-bg-mobile:transparent none;--_gs-bg-xp-mobile:0px;--_gs-zi-mobile:auto;--_gs-d-mobile:block;--_gs-mw-mobile:calc(100% - 0 - 0);--_gs-columns:12;--_gs-rows:6\"><div class=\"grids-s-w_i\">\n<div class=\"grids-area\" style=\"--_ga-column:1\/7;--_ga-row:1\/4;--_ga-va:center;--_ga-m-desktop:0 30px 0 0;--_ga-p-desktop:0 0 0 0;--_ga-bg-desktop:transparent none;--_ga-zi-desktop:auto;--_ga-d-desktop:flex;--_ga-mw-desktop:calc(100% - 0 - 30px);--_ga-m-tablet:0 30px 0 0;--_ga-p-tablet:0 0 0 0;--_ga-bg-tablet:transparent none;--_ga-zi-tablet:auto;--_ga-d-tablet:flex;--_ga-mw-tablet:calc(100% - 0 - 30px);--_ga-m-mobile:0 0px 0 0;--_ga-p-mobile:0 0 0 0;--_ga-bg-mobile:transparent none;--_ga-zi-mobile:auto;--_ga-d-mobile:flex;--_ga-mw-mobile:calc(100% - 0 - 0px)\">\n\n<h1 class=\"wp-block-heading\">Herstellung<\/h1>\n\n\n\n<div style=\"height:20px\" aria-hidden=\"true\" class=\"wp-block-spacer advgb-dyn-af21a01c\"><\/div>\n\n\n\n<p>Der Piave DOP-K\u00e4se wird immer noch nach dem traditionellen, von Generation zu Generation weitergegebenen Rezept hergestellt und zeichnet sich durch seinen Geschmack dank der organoleptischen Eigenschaften der Rohstoffe, aus denen er besteht, und der Verarbeitungstechniken aus.&nbsp;<\/p>\n\n\n\n<p>Die Verbindung zwischen Piave-K\u00e4se und der Provinz Belluno ist unaufl\u00f6slich und kennzeichnet unausl\u00f6schlich die Besonderheiten seines Charakters, ein Ausdruck der Bergtradition.<\/p>\n\n<\/div>\n\n<div class=\"grids-area\" style=\"--_ga-column:8\/13;--_ga-row:2\/3;--_ga-va:center;--_ga-m-desktop:0 0 0 30px;--_ga-p-desktop:0 0 0 0;--_ga-bg-desktop:transparent none;--_ga-zi-desktop:auto;--_ga-d-desktop:flex;--_ga-mw-desktop:calc(100% - 30px - 0);--_ga-m-tablet:0 0 0 30px;--_ga-p-tablet:0 0 0 0;--_ga-bg-tablet:transparent none;--_ga-zi-tablet:auto;--_ga-d-tablet:flex;--_ga-mw-tablet:calc(100% - 30px - 0);--_ga-m-mobile:0 0 0 0px;--_ga-p-mobile:0 0 0 0;--_ga-bg-mobile:transparent none;--_ga-zi-mobile:auto;--_ga-d-mobile:flex;--_ga-mw-mobile:calc(100% - 0px - 0)\">\n\n<figure class=\"wp-block-image size-large\"><img decoding=\"async\" width=\"1000\" height=\"624\" src=\"https:\/\/formaggiopiave.it\/wp-content\/uploads\/2020\/11\/Formaggio_Piave_Produzione.jpg\" alt=\"\" class=\"wp-image-5596\" srcset=\"https:\/\/www.formaggiopiave.it\/wp-content\/uploads\/2020\/11\/Formaggio_Piave_Produzione.jpg 1000w, https:\/\/www.formaggiopiave.it\/wp-content\/uploads\/2020\/11\/Formaggio_Piave_Produzione-300x187.jpg 300w, https:\/\/www.formaggiopiave.it\/wp-content\/uploads\/2020\/11\/Formaggio_Piave_Produzione-768x479.jpg 768w\" sizes=\"(max-width: 1000px) 100vw, 1000px\" \/><\/figure>\n\n<\/div>\n<\/div><\/div>\n\n<div  class=\"grids-section grids-is-advanced alignwide\" style=\"--_gs-gap-desktop:0px 0px;--_gs-m-desktop:0 0 0 0;--_gs-p-desktop:0 0 0 0;--_gs-bg-desktop:transparent url(https:\/\/www.formaggiopiave.it\/wp-content\/uploads\/2020\/11\/Formaggio_Piave_Provenzienza_Dolomiti_Bellunesi.jpg) no-repeat 50% 50%;--_gs-bg-xp-desktop:calc( 50% - 50vw );--_gs-zi-desktop:auto;--_gs-d-desktop:block;--_gs-mw-desktop:calc(100% - 0 - 0);--_gs-min-height-desktop:500px;--_gs-gap-tablet:0px 0px;--_gs-m-tablet:0 0 0 0;--_gs-p-tablet:0 0 0 0;--_gs-bg-tablet:transparent url(https:\/\/www.formaggiopiave.it\/wp-content\/uploads\/2020\/11\/Formaggio_Piave_Provenzienza_Dolomiti_Bellunesi.jpg) no-repeat 50% 50%;--_gs-bg-xp-tablet:calc( 50% - 50vw );--_gs-zi-tablet:auto;--_gs-d-tablet:block;--_gs-mw-tablet:calc(100% - 0 - 0);--_gs-gap-mobile:0px 0px;--_gs-m-mobile:0 0 0 0;--_gs-p-mobile:0 0 0 0;--_gs-bg-mobile:transparent url(https:\/\/www.formaggiopiave.it\/wp-content\/uploads\/2020\/11\/Formaggio_Piave_Provenzienza_Dolomiti_Bellunesi.jpg) no-repeat 50% 50%;--_gs-bg-xp-mobile:calc( 50% - 50vw );--_gs-zi-mobile:auto;--_gs-d-mobile:block;--_gs-mw-mobile:calc(100% - 0 - 0);--_gs-columns:12;--_gs-rows:6\"><div class=\"grids-s-w_i\">\n<div class=\"grids-area\" style=\"--_ga-column:1\/5;--_ga-row:3\/5;--_ga-va:center;--_ga-m-desktop:0 0 0 0;--_ga-p-desktop:30px 30px 30px 30px;--_ga-bg-desktop:transparent none;--_ga-zi-desktop:2;--_ga-d-desktop:flex;--_ga-mw-desktop:calc(100% - 0 - 0);--_ga-m-tablet:0 0 0 0;--_ga-p-tablet:30px 30px 30px 30px;--_ga-bg-tablet:transparent none;--_ga-zi-tablet:2;--_ga-d-tablet:flex;--_ga-mw-tablet:calc(100% - 0 - 0);--_ga-m-mobile:0 0 0 0;--_ga-p-mobile:30px 30px 30px 30px;--_ga-bg-mobile:transparent none;--_ga-zi-mobile:2;--_ga-d-mobile:flex;--_ga-mw-mobile:calc(100% - 0 - 0)\">\n\n<h3 class=\"has-text-align-center has-normal-font-size grey-message wp-block-heading\" style=\"text-transform:uppercase\"><strong>Produktionsgebiet<\/strong><\/h3>\n\n\n\n<div style=\"height:20px\" aria-hidden=\"true\" class=\"wp-block-spacer advgb-dyn-af21a01c\"><\/div>\n\n\n\n<p class=\"has-text-align-center has-background-color has-text-color\"><strong>Darf nur in Italien in der Provinz Belluno hergestellt werden.<\/strong><\/p>\n\n\n\n<div class=\"wp-block-buttons is-content-justification-center is-layout-flex wp-container-core-buttons-is-layout-16018d1d wp-block-buttons-is-layout-flex\">\n<div class=\"wp-block-button advgb-dyn-8a4d2e07\"><a class=\"wp-block-button__link wp-element-button\" href=\"https:\/\/formaggiopiave.it\/de\/produktionsgebiet\/\" rel=\"\/it\/zona-di-produzione\/\">MEHR ERFAHREN<\/a><\/div>\n<\/div>\n\n<\/div>\n\n<div class=\"grids-area\" style=\"--_ga-column:5\/9;--_ga-row:3\/5;--_ga-va:center;--_ga-m-desktop:0 0 0 0;--_ga-p-desktop:30px 30px 30px 30px;--_ga-bg-desktop:transparent none;--_ga-zi-desktop:2;--_ga-d-desktop:flex;--_ga-mw-desktop:calc(100% - 0 - 0);--_ga-m-tablet:0 0 0 0;--_ga-p-tablet:30px 30px 30px 30px;--_ga-bg-tablet:transparent none;--_ga-zi-tablet:2;--_ga-d-tablet:flex;--_ga-mw-tablet:calc(100% - 0 - 0);--_ga-m-mobile:0 0 0 0;--_ga-p-mobile:30px 30px 30px 30px;--_ga-bg-mobile:transparent none;--_ga-zi-mobile:2;--_ga-d-mobile:flex;--_ga-mw-mobile:calc(100% - 0 - 0)\">\n\n<h3 class=\"has-text-align-center has-normal-font-size grey-message wp-block-heading\" style=\"text-transform:uppercase\"><strong>Die Geheimnisse der Verarbeitung<\/strong><\/h3>\n\n\n\n<div style=\"height:20px\" aria-hidden=\"true\" class=\"wp-block-spacer advgb-dyn-af21a01c\"><\/div>\n\n\n\n<p class=\"has-text-align-center has-background-color has-text-color\"><strong>Erfahren Sie alle Schritte der Herstellung von Piave-K\u00e4se<\/strong><\/p>\n\n\n\n<div class=\"wp-block-buttons is-content-justification-center is-layout-flex wp-container-core-buttons-is-layout-16018d1d wp-block-buttons-is-layout-flex\">\n<div class=\"wp-block-button advgb-dyn-09624185\"><a class=\"wp-block-button__link wp-element-button\" href=\"https:\/\/formaggiopiave.it\/de\/die-geheimnisse-der-verarbeitung\/\" rel=\"\/it\/i-segreti-della-lavorazione\/\">MEHR ERFAHREN<\/a><\/div>\n<\/div>\n\n<\/div>\n\n<div class=\"grids-area\" style=\"--_ga-column:9\/13;--_ga-row:3\/5;--_ga-va:center;--_ga-m-desktop:0 0 0 0;--_ga-p-desktop:30px 30px 30px 30px;--_ga-bg-desktop:transparent none;--_ga-zi-desktop:2;--_ga-d-desktop:flex;--_ga-mw-desktop:calc(100% - 0 - 0);--_ga-m-tablet:0 0 0 0;--_ga-p-tablet:20px 20px 20px 20px;--_ga-bg-tablet:transparent none;--_ga-zi-tablet:2;--_ga-d-tablet:flex;--_ga-mw-tablet:calc(100% - 0 - 0);--_ga-m-mobile:0 0 0 0;--_ga-p-mobile:20px 20px 20px 20px;--_ga-bg-mobile:transparent none;--_ga-zi-mobile:2;--_ga-d-mobile:flex;--_ga-mw-mobile:calc(100% - 0 - 0)\">\n\n<h3 class=\"has-text-align-center has-normal-font-size grey-message wp-block-heading\" style=\"text-transform:uppercase\"><strong>Produktionsbestimmungen<\/strong><\/h3>\n\n\n\n<div style=\"height:20px\" aria-hidden=\"true\" class=\"wp-block-spacer advgb-dyn-af21a01c\"><\/div>\n\n\n\n<p class=\"has-text-align-center has-background-color has-text-color\"><strong>Definiert die Produktionsanforderungen f\u00fcr Piave DOP-K\u00e4se.<\/strong><\/p>\n\n\n\n<div class=\"wp-block-buttons is-content-justification-center is-layout-flex wp-container-core-buttons-is-layout-16018d1d wp-block-buttons-is-layout-flex\">\n<div class=\"wp-block-button advgb-dyn-a3e4a374\"><a class=\"wp-block-button__link wp-element-button\" href=\"https:\/\/formaggiopiave.it\/de\/produktspezifikation\/\">MEHR ERFAHREN<\/a><\/div>\n<\/div>\n\n<\/div>\n\n<div class=\"grids-area\" style=\"--_ga-column:1\/13;--_ga-row:2\/6;--_ga-va:center;--_ga-m-desktop:0 0 0 0;--_ga-p-desktop:0px 0px 0px 0px;--_ga-bg-desktop:transparent none;--_ga-zi-desktop:auto;--_ga-d-desktop:flex;--_ga-mw-desktop:calc(100% - 0 - 0);--_ga-m-tablet:0 0 0 0;--_ga-p-tablet:0px 0px 0px 0px;--_ga-bg-tablet:transparent none;--_ga-zi-tablet:auto;--_ga-d-tablet:flex;--_ga-mw-tablet:calc(100% - 0 - 0);--_ga-m-mobile:0 0 0 0;--_ga-p-mobile:0px 0px 0px 0px;--_ga-bg-mobile:transparent none;--_ga-zi-mobile:auto;--_ga-d-mobile:flex;--_ga-mw-mobile:calc(100% - 0 - 0)\"><\/div>\n<\/div><\/div>","protected":false},"excerpt":{"rendered":"","protected":false},"author":2,"featured_media":5584,"parent":0,"menu_order":0,"comment_status":"closed","ping_status":"closed","template":"","meta":{"_acf_changed":false,"advgb_blocks_editor_width":"","advgb_blocks_columns_visual_guide":"","footnotes":""},"class_list":["post-10960","page","type-page","status-publish","has-post-thumbnail","hentry"],"acf":[],"yoast_head":"<!-- This site is optimized with the Yoast SEO plugin v25.8 - https:\/\/yoast.com\/wordpress\/plugins\/seo\/ -->\n<title>Herstellung | Piave DOP K\u00e4se<\/title>\n<meta name=\"robots\" content=\"index, follow, max-snippet:-1, max-image-preview:large, max-video-preview:-1\" \/>\n<link rel=\"canonical\" href=\"https:\/\/www.formaggiopiave.it\/de\/herstellung\/\" \/>\n<meta property=\"og:locale\" content=\"de_DE\" \/>\n<meta property=\"og:type\" content=\"article\" \/>\n<meta property=\"og:title\" content=\"Herstellung | Piave DOP K\u00e4se\" \/>\n<meta property=\"og:url\" content=\"https:\/\/www.formaggiopiave.it\/de\/herstellung\/\" \/>\n<meta property=\"og:site_name\" content=\"Piave DOP K\u00e4se\" \/>\n<meta property=\"article:modified_time\" content=\"2023-03-01T15:38:55+00:00\" \/>\n<meta property=\"og:image\" content=\"https:\/\/www.formaggiopiave.it\/wp-content\/uploads\/2020\/11\/Formaggio_Piave_Produzione_Provincia_Di_Belluno.jpg\" \/>\n\t<meta property=\"og:image:width\" content=\"2000\" \/>\n\t<meta property=\"og:image:height\" content=\"1333\" \/>\n\t<meta property=\"og:image:type\" content=\"image\/jpeg\" \/>\n<meta name=\"twitter:card\" content=\"summary_large_image\" \/>\n<meta name=\"twitter:label1\" content=\"Gesch\u00e4tzte Lesezeit\" \/>\n\t<meta name=\"twitter:data1\" content=\"1\u00a0Minute\" \/>\n<script type=\"application\/ld+json\" class=\"yoast-schema-graph\">{\"@context\":\"https:\/\/schema.org\",\"@graph\":[{\"@type\":\"WebPage\",\"@id\":\"https:\/\/www.formaggiopiave.it\/de\/herstellung\/\",\"url\":\"https:\/\/www.formaggiopiave.it\/de\/herstellung\/\",\"name\":\"Herstellung | Piave DOP K\u00e4se\",\"isPartOf\":{\"@id\":\"https:\/\/www.formaggiopiave.it\/de\/#website\"},\"primaryImageOfPage\":{\"@id\":\"https:\/\/www.formaggiopiave.it\/de\/herstellung\/#primaryimage\"},\"image\":{\"@id\":\"https:\/\/www.formaggiopiave.it\/de\/herstellung\/#primaryimage\"},\"thumbnailUrl\":\"https:\/\/www.formaggiopiave.it\/wp-content\/uploads\/2020\/11\/Formaggio_Piave_Produzione_Provincia_Di_Belluno.jpg\",\"datePublished\":\"2021-03-17T10:31:40+00:00\",\"dateModified\":\"2023-03-01T15:38:55+00:00\",\"breadcrumb\":{\"@id\":\"https:\/\/www.formaggiopiave.it\/de\/herstellung\/#breadcrumb\"},\"inLanguage\":\"de\",\"potentialAction\":[{\"@type\":\"ReadAction\",\"target\":[\"https:\/\/www.formaggiopiave.it\/de\/herstellung\/\"]}]},{\"@type\":\"ImageObject\",\"inLanguage\":\"de\",\"@id\":\"https:\/\/www.formaggiopiave.it\/de\/herstellung\/#primaryimage\",\"url\":\"https:\/\/www.formaggiopiave.it\/wp-content\/uploads\/2020\/11\/Formaggio_Piave_Produzione_Provincia_Di_Belluno.jpg\",\"contentUrl\":\"https:\/\/www.formaggiopiave.it\/wp-content\/uploads\/2020\/11\/Formaggio_Piave_Produzione_Provincia_Di_Belluno.jpg\",\"width\":2000,\"height\":1333},{\"@type\":\"BreadcrumbList\",\"@id\":\"https:\/\/www.formaggiopiave.it\/de\/herstellung\/#breadcrumb\",\"itemListElement\":[{\"@type\":\"ListItem\",\"position\":1,\"name\":\"Home\",\"item\":\"https:\/\/www.formaggiopiave.it\/de\/\"},{\"@type\":\"ListItem\",\"position\":2,\"name\":\"Herstellung\"}]},{\"@type\":\"WebSite\",\"@id\":\"https:\/\/www.formaggiopiave.it\/de\/#website\",\"url\":\"https:\/\/www.formaggiopiave.it\/de\/\",\"name\":\"Piave DOP K\u00e4se\",\"description\":\"Consorzio Tutela Formaggio Piave DOP\",\"publisher\":{\"@id\":\"https:\/\/www.formaggiopiave.it\/de\/#organization\"},\"potentialAction\":[{\"@type\":\"SearchAction\",\"target\":{\"@type\":\"EntryPoint\",\"urlTemplate\":\"https:\/\/www.formaggiopiave.it\/de\/?s={search_term_string}\"},\"query-input\":{\"@type\":\"PropertyValueSpecification\",\"valueRequired\":true,\"valueName\":\"search_term_string\"}}],\"inLanguage\":\"de\"},{\"@type\":\"Organization\",\"@id\":\"https:\/\/www.formaggiopiave.it\/de\/#organization\",\"name\":\"Consorzio Formaggio Piave DOP\",\"url\":\"https:\/\/www.formaggiopiave.it\/de\/\",\"logo\":{\"@type\":\"ImageObject\",\"inLanguage\":\"de\",\"@id\":\"https:\/\/www.formaggiopiave.it\/de\/#\/schema\/logo\/image\/\",\"url\":\"https:\/\/www.formaggiopiave.it\/wp-content\/uploads\/2020\/09\/Logo-Formaggio-Piave-Dop-1.png\",\"contentUrl\":\"https:\/\/www.formaggiopiave.it\/wp-content\/uploads\/2020\/09\/Logo-Formaggio-Piave-Dop-1.png\",\"width\":688,\"height\":273,\"caption\":\"Consorzio Formaggio Piave DOP\"},\"image\":{\"@id\":\"https:\/\/www.formaggiopiave.it\/de\/#\/schema\/logo\/image\/\"}}]}<\/script>\n<!-- \/ Yoast SEO plugin. -->","yoast_head_json":{"title":"Herstellung | Piave DOP K\u00e4se","robots":{"index":"index","follow":"follow","max-snippet":"max-snippet:-1","max-image-preview":"max-image-preview:large","max-video-preview":"max-video-preview:-1"},"canonical":"https:\/\/www.formaggiopiave.it\/de\/herstellung\/","og_locale":"de_DE","og_type":"article","og_title":"Herstellung | Piave DOP K\u00e4se","og_url":"https:\/\/www.formaggiopiave.it\/de\/herstellung\/","og_site_name":"Piave DOP K\u00e4se","article_modified_time":"2023-03-01T15:38:55+00:00","og_image":[{"width":2000,"height":1333,"url":"https:\/\/www.formaggiopiave.it\/wp-content\/uploads\/2020\/11\/Formaggio_Piave_Produzione_Provincia_Di_Belluno.jpg","type":"image\/jpeg"}],"twitter_card":"summary_large_image","twitter_misc":{"Gesch\u00e4tzte Lesezeit":"1\u00a0Minute"},"schema":{"@context":"https:\/\/schema.org","@graph":[{"@type":"WebPage","@id":"https:\/\/www.formaggiopiave.it\/de\/herstellung\/","url":"https:\/\/www.formaggiopiave.it\/de\/herstellung\/","name":"Herstellung | Piave DOP K\u00e4se","isPartOf":{"@id":"https:\/\/www.formaggiopiave.it\/de\/#website"},"primaryImageOfPage":{"@id":"https:\/\/www.formaggiopiave.it\/de\/herstellung\/#primaryimage"},"image":{"@id":"https:\/\/www.formaggiopiave.it\/de\/herstellung\/#primaryimage"},"thumbnailUrl":"https:\/\/www.formaggiopiave.it\/wp-content\/uploads\/2020\/11\/Formaggio_Piave_Produzione_Provincia_Di_Belluno.jpg","datePublished":"2021-03-17T10:31:40+00:00","dateModified":"2023-03-01T15:38:55+00:00","breadcrumb":{"@id":"https:\/\/www.formaggiopiave.it\/de\/herstellung\/#breadcrumb"},"inLanguage":"de","potentialAction":[{"@type":"ReadAction","target":["https:\/\/www.formaggiopiave.it\/de\/herstellung\/"]}]},{"@type":"ImageObject","inLanguage":"de","@id":"https:\/\/www.formaggiopiave.it\/de\/herstellung\/#primaryimage","url":"https:\/\/www.formaggiopiave.it\/wp-content\/uploads\/2020\/11\/Formaggio_Piave_Produzione_Provincia_Di_Belluno.jpg","contentUrl":"https:\/\/www.formaggiopiave.it\/wp-content\/uploads\/2020\/11\/Formaggio_Piave_Produzione_Provincia_Di_Belluno.jpg","width":2000,"height":1333},{"@type":"BreadcrumbList","@id":"https:\/\/www.formaggiopiave.it\/de\/herstellung\/#breadcrumb","itemListElement":[{"@type":"ListItem","position":1,"name":"Home","item":"https:\/\/www.formaggiopiave.it\/de\/"},{"@type":"ListItem","position":2,"name":"Herstellung"}]},{"@type":"WebSite","@id":"https:\/\/www.formaggiopiave.it\/de\/#website","url":"https:\/\/www.formaggiopiave.it\/de\/","name":"Piave DOP K\u00e4se","description":"Consorzio Tutela Formaggio Piave DOP","publisher":{"@id":"https:\/\/www.formaggiopiave.it\/de\/#organization"},"potentialAction":[{"@type":"SearchAction","target":{"@type":"EntryPoint","urlTemplate":"https:\/\/www.formaggiopiave.it\/de\/?s={search_term_string}"},"query-input":{"@type":"PropertyValueSpecification","valueRequired":true,"valueName":"search_term_string"}}],"inLanguage":"de"},{"@type":"Organization","@id":"https:\/\/www.formaggiopiave.it\/de\/#organization","name":"Consorzio Formaggio Piave DOP","url":"https:\/\/www.formaggiopiave.it\/de\/","logo":{"@type":"ImageObject","inLanguage":"de","@id":"https:\/\/www.formaggiopiave.it\/de\/#\/schema\/logo\/image\/","url":"https:\/\/www.formaggiopiave.it\/wp-content\/uploads\/2020\/09\/Logo-Formaggio-Piave-Dop-1.png","contentUrl":"https:\/\/www.formaggiopiave.it\/wp-content\/uploads\/2020\/09\/Logo-Formaggio-Piave-Dop-1.png","width":688,"height":273,"caption":"Consorzio Formaggio Piave DOP"},"image":{"@id":"https:\/\/www.formaggiopiave.it\/de\/#\/schema\/logo\/image\/"}}]}},"coauthors":[],"author_meta":{"author_link":"https:\/\/www.formaggiopiave.it\/de\/author\/promoservice\/","display_name":"formpiaveadm12020"},"relative_dates":{"created":"Posted 5\u00a0Jahren ago","modified":"Updated 3\u00a0Jahren ago"},"absolute_dates":{"created":"Posted on 17\/03\/2021","modified":"Updated on 01\/03\/2023"},"absolute_dates_time":{"created":"Posted on 17\/03\/2021 11:31","modified":"Updated on 01\/03\/2023 16:38"},"featured_img_caption":"","featured_img":"https:\/\/www.formaggiopiave.it\/wp-content\/uploads\/2020\/11\/Formaggio_Piave_Produzione_Provincia_Di_Belluno-1200x800.jpg","series_order":"","_links":{"self":[{"href":"https:\/\/www.formaggiopiave.it\/de\/wp-json\/wp\/v2\/pages\/10960","targetHints":{"allow":["GET"]}}],"collection":[{"href":"https:\/\/www.formaggiopiave.it\/de\/wp-json\/wp\/v2\/pages"}],"about":[{"href":"https:\/\/www.formaggiopiave.it\/de\/wp-json\/wp\/v2\/types\/page"}],"author":[{"embeddable":true,"href":"https:\/\/www.formaggiopiave.it\/de\/wp-json\/wp\/v2\/users\/2"}],"replies":[{"embeddable":true,"href":"https:\/\/www.formaggiopiave.it\/de\/wp-json\/wp\/v2\/comments?post=10960"}],"version-history":[{"count":6,"href":"https:\/\/www.formaggiopiave.it\/de\/wp-json\/wp\/v2\/pages\/10960\/revisions"}],"predecessor-version":[{"id":13736,"href":"https:\/\/www.formaggiopiave.it\/de\/wp-json\/wp\/v2\/pages\/10960\/revisions\/13736"}],"wp:featuredmedia":[{"embeddable":true,"href":"https:\/\/www.formaggiopiave.it\/de\/wp-json\/wp\/v2\/media\/5584"}],"wp:attachment":[{"href":"https:\/\/www.formaggiopiave.it\/de\/wp-json\/wp\/v2\/media?parent=10960"}],"curies":[{"name":"wp","href":"https:\/\/api.w.org\/{rel}","templated":true}]}}