{"id":10965,"date":"2021-03-17T10:50:44","date_gmt":"2021-03-17T09:50:44","guid":{"rendered":"https:\/\/formaggiopiave.promoservicebeta.com\/?page_id=10965"},"modified":"2021-04-22T16:58:54","modified_gmt":"2021-04-22T14:58:54","slug":"produktionsgebiet","status":"publish","type":"page","link":"https:\/\/www.formaggiopiave.it\/de\/produktionsgebiet\/","title":{"rendered":"Produktionsgebiet"},"content":{"rendered":"<div  class=\"grids-section grids-is-advanced alignwide\" style=\"--_gs-gap-desktop:0px 0px;--_gs-m-desktop:0 0 0 0;--_gs-p-desktop:0 0 0 0;--_gs-bg-desktop:transparent none;--_gs-bg-xp-desktop:0px;--_gs-zi-desktop:auto;--_gs-d-desktop:block;--_gs-mw-desktop:calc(100% - 0 - 0);--_gs-gap-tablet:0px 0px;--_gs-m-tablet:0 0 0 0;--_gs-p-tablet:0 0 0 0;--_gs-bg-tablet:transparent none;--_gs-bg-xp-tablet:0px;--_gs-zi-tablet:auto;--_gs-d-tablet:block;--_gs-mw-tablet:calc(100% - 0 - 0);--_gs-gap-mobile:0px 0px;--_gs-m-mobile:0 0 0 0;--_gs-p-mobile:0 0 0 0;--_gs-bg-mobile:transparent none;--_gs-bg-xp-mobile:0px;--_gs-zi-mobile:auto;--_gs-d-mobile:block;--_gs-mw-mobile:calc(100% - 0 - 0);--_gs-columns:12;--_gs-rows:6\"><div class=\"grids-s-w_i\">\n<div class=\"grids-area\" style=\"--_ga-column:1\/7;--_ga-row:1\/4;--_ga-va:center;--_ga-m-desktop:0 30px 0 0;--_ga-p-desktop:0 0 0 0;--_ga-bg-desktop:transparent none;--_ga-zi-desktop:auto;--_ga-d-desktop:flex;--_ga-mw-desktop:calc(100% - 0 - 30px);--_ga-m-tablet:0 30px 0 0;--_ga-p-tablet:0 0 0 0;--_ga-bg-tablet:transparent none;--_ga-zi-tablet:auto;--_ga-d-tablet:flex;--_ga-mw-tablet:calc(100% - 0 - 30px);--_ga-m-mobile:0 0px 0 0;--_ga-p-mobile:0 0 0 0;--_ga-bg-mobile:transparent none;--_ga-zi-mobile:auto;--_ga-d-mobile:flex;--_ga-mw-mobile:calc(100% - 0 - 0px)\">\n\n<h1 class=\"wp-block-heading\">Produktionsgebiet<\/h1>\n\n\n\n<div style=\"height:40px\" aria-hidden=\"true\" class=\"wp-block-spacer\"><\/div>\n\n\n\n<p><strong>Der Piave DOP-K\u00e4se wird in Italien, in der Provinz Belluno, dem n\u00f6rdlichsten Teil der Region Venetien, hergestellt.<\/strong><\/p>\n\n\n\n<div style=\"height:20px\" aria-hidden=\"true\" class=\"wp-block-spacer\"><\/div>\n\n\n\n<p><strong>Dieses Gebiet wird von einigen der ber\u00fchmtesten und eindrucksvollsten Gipfel der Dolomiten beherrscht<\/strong>: vom Pelmo bis zum Civetta, vom Cristallo bis zum Antelao, von Tofane bis zum Marmolada, &#8222;magische&#8220; Berge, zu deren F\u00fc\u00dfen sich uralte W\u00e4lder und gr\u00fcne T\u00e4ler mit vielen Weiden erstrecken.<\/p>\n\n\n\n<div style=\"height:20px\" aria-hidden=\"true\" class=\"wp-block-spacer\"><\/div>\n\n\n\n<p>Berge, die von der UNESCO zum <strong>Naturerbe der Menschheit geh\u00f6ren<\/strong> und als &#8222;eine der sch\u00f6nsten Berglandschaften der Welt&#8220; gelten (Unesco-Bericht 2009). In der Provinz Belluno gibt es auch zwei Naturparks, den Naturpark der Belluno-Dolomiten und den Naturpark der Ampezzo-Dolomiten.<\/p>\n\n<\/div>\n\n<div class=\"grids-area\" style=\"--_ga-column:8\/13;--_ga-row:2\/3;--_ga-va:center;--_ga-m-desktop:0 0 0 30px;--_ga-p-desktop:0 0 0 0;--_ga-bg-desktop:transparent none;--_ga-zi-desktop:auto;--_ga-d-desktop:flex;--_ga-mw-desktop:calc(100% - 30px - 0);--_ga-m-tablet:0 0 0 30px;--_ga-p-tablet:0 0 0 0;--_ga-bg-tablet:transparent none;--_ga-zi-tablet:auto;--_ga-d-tablet:flex;--_ga-mw-tablet:calc(100% - 30px - 0);--_ga-m-mobile:0 0 0 0px;--_ga-p-mobile:0 0 0 0;--_ga-bg-mobile:transparent none;--_ga-zi-mobile:auto;--_ga-d-mobile:flex;--_ga-mw-mobile:calc(100% - 0px - 0)\">\n\n<figure class=\"wp-block-image size-large\"><img decoding=\"async\" width=\"1000\" height=\"1000\" src=\"https:\/\/formaggiopiave.it\/wp-content\/uploads\/2021\/03\/MAPPA_ITALIA.jpg\" alt=\"\" class=\"wp-image-11104\" srcset=\"https:\/\/www.formaggiopiave.it\/wp-content\/uploads\/2021\/03\/MAPPA_ITALIA.jpg 1000w, https:\/\/www.formaggiopiave.it\/wp-content\/uploads\/2021\/03\/MAPPA_ITALIA-300x300.jpg 300w, https:\/\/www.formaggiopiave.it\/wp-content\/uploads\/2021\/03\/MAPPA_ITALIA-150x150.jpg 150w, https:\/\/www.formaggiopiave.it\/wp-content\/uploads\/2021\/03\/MAPPA_ITALIA-768x768.jpg 768w\" sizes=\"(max-width: 1000px) 100vw, 1000px\" \/><\/figure>\n\n<\/div>\n<\/div><\/div>\n\n<div  class=\"grids-section grids-is-advanced alignwide\" style=\"--_gs-gap-desktop:0px 0px;--_gs-m-desktop:0 0 0 0;--_gs-p-desktop:0 0 0 0;--_gs-bg-desktop:transparent none;--_gs-bg-xp-desktop:0px;--_gs-zi-desktop:auto;--_gs-d-desktop:block;--_gs-mw-desktop:calc(100% - 0 - 0);--_gs-gap-tablet:0px 0px;--_gs-m-tablet:0 0 0 0;--_gs-p-tablet:0 0 0 0;--_gs-bg-tablet:transparent none;--_gs-bg-xp-tablet:0px;--_gs-zi-tablet:auto;--_gs-d-tablet:block;--_gs-mw-tablet:calc(100% - 0 - 0);--_gs-gap-mobile:0px 0px;--_gs-m-mobile:0 0 0 0;--_gs-p-mobile:0 0 0 0;--_gs-bg-mobile:transparent none;--_gs-bg-xp-mobile:0px;--_gs-zi-mobile:auto;--_gs-d-mobile:block;--_gs-mw-mobile:calc(100% - 0 - 0);--_gs-columns:12;--_gs-rows:6\"><div class=\"grids-s-w_i\">\n<div class=\"grids-area\" style=\"--_ga-column:1\/6;--_ga-row:2\/3;--_ga-m-desktop:0 0 0 0;--_ga-p-desktop:0 0 0 0;--_ga-bg-desktop:transparent none;--_ga-zi-desktop:auto;--_ga-d-desktop:flex;--_ga-mw-desktop:calc(100% - 0 - 0);--_ga-m-tablet:0 0 0 0;--_ga-p-tablet:0 0 0 0;--_ga-bg-tablet:transparent none;--_ga-zi-tablet:auto;--_ga-d-tablet:flex;--_ga-mw-tablet:calc(100% - 0 - 0);--_ga-m-mobile:0 0 0 0;--_ga-p-mobile:0 0 0 0;--_ga-bg-mobile:transparent none;--_ga-zi-mobile:auto;--_ga-d-mobile:flex;--_ga-mw-mobile:calc(100% - 0 - 0)\">\n\n<figure class=\"wp-block-gallery columns-3 is-cropped wp-block-gallery-2\"><ul class=\"blocks-gallery-grid\"><li class=\"blocks-gallery-item\"><figure><img decoding=\"async\" width=\"1024\" height=\"640\" src=\"https:\/\/formaggiopiave.it\/wp-content\/uploads\/2020\/11\/Formaggio_Piave_Zona_di_Produzione_01-1024x640.jpg\" alt=\"\" data-id=\"5605\" data-full-url=\"https:\/\/formaggiopiave.it\/wp-content\/uploads\/2020\/11\/Formaggio_Piave_Zona_di_Produzione_01.jpg\" data-link=\"https:\/\/formaggiopiave.it\/it\/zona-di-produzione\/formaggio_piave_zona_di_produzione_01\/\" class=\"wp-image-5607\" srcset=\"https:\/\/www.formaggiopiave.it\/wp-content\/uploads\/2020\/11\/Formaggio_Piave_Zona_di_Produzione_01-1024x640.jpg 1024w, https:\/\/www.formaggiopiave.it\/wp-content\/uploads\/2020\/11\/Formaggio_Piave_Zona_di_Produzione_01-300x188.jpg 300w, https:\/\/www.formaggiopiave.it\/wp-content\/uploads\/2020\/11\/Formaggio_Piave_Zona_di_Produzione_01-768x480.jpg 768w, https:\/\/www.formaggiopiave.it\/wp-content\/uploads\/2020\/11\/Formaggio_Piave_Zona_di_Produzione_01-1200x750.jpg 1200w, https:\/\/www.formaggiopiave.it\/wp-content\/uploads\/2020\/11\/Formaggio_Piave_Zona_di_Produzione_01.jpg 1240w\" sizes=\"(max-width: 1024px) 100vw, 1024px\" \/><\/figure><\/li><li class=\"blocks-gallery-item\"><figure><img decoding=\"async\" width=\"1024\" height=\"683\" src=\"https:\/\/formaggiopiave.it\/wp-content\/uploads\/2020\/11\/Formaggio_Piave_Zona_di_Produzione_02-1024x683.jpg\" alt=\"\" data-id=\"5608\" data-full-url=\"https:\/\/formaggiopiave.it\/wp-content\/uploads\/2020\/11\/Formaggio_Piave_Zona_di_Produzione_02.jpg\" data-link=\"https:\/\/formaggiopiave.it\/it\/zona-di-produzione\/formaggio_piave_zona_di_produzione_02\/\" class=\"wp-image-5610\" srcset=\"https:\/\/www.formaggiopiave.it\/wp-content\/uploads\/2020\/11\/Formaggio_Piave_Zona_di_Produzione_02-1024x683.jpg 1024w, https:\/\/www.formaggiopiave.it\/wp-content\/uploads\/2020\/11\/Formaggio_Piave_Zona_di_Produzione_02-300x200.jpg 300w, https:\/\/www.formaggiopiave.it\/wp-content\/uploads\/2020\/11\/Formaggio_Piave_Zona_di_Produzione_02-768x512.jpg 768w, https:\/\/www.formaggiopiave.it\/wp-content\/uploads\/2020\/11\/Formaggio_Piave_Zona_di_Produzione_02-1200x800.jpg 1200w, https:\/\/www.formaggiopiave.it\/wp-content\/uploads\/2020\/11\/Formaggio_Piave_Zona_di_Produzione_02.jpg 1240w\" sizes=\"(max-width: 1024px) 100vw, 1024px\" \/><\/figure><\/li><li class=\"blocks-gallery-item\"><figure><img decoding=\"async\" width=\"1024\" height=\"683\" src=\"https:\/\/formaggiopiave.it\/wp-content\/uploads\/2020\/11\/Formaggio_Piave_Zona_di_Produzione_03-1024x683.jpg\" alt=\"\" data-id=\"5611\" data-full-url=\"https:\/\/formaggiopiave.it\/wp-content\/uploads\/2020\/11\/Formaggio_Piave_Zona_di_Produzione_03.jpg\" data-link=\"https:\/\/formaggiopiave.it\/it\/zona-di-produzione\/formaggio_piave_zona_di_produzione_03\/\" class=\"wp-image-5613\" srcset=\"https:\/\/www.formaggiopiave.it\/wp-content\/uploads\/2020\/11\/Formaggio_Piave_Zona_di_Produzione_03-1024x683.jpg 1024w, https:\/\/www.formaggiopiave.it\/wp-content\/uploads\/2020\/11\/Formaggio_Piave_Zona_di_Produzione_03-300x200.jpg 300w, https:\/\/www.formaggiopiave.it\/wp-content\/uploads\/2020\/11\/Formaggio_Piave_Zona_di_Produzione_03-768x512.jpg 768w, https:\/\/www.formaggiopiave.it\/wp-content\/uploads\/2020\/11\/Formaggio_Piave_Zona_di_Produzione_03-1200x800.jpg 1200w, https:\/\/www.formaggiopiave.it\/wp-content\/uploads\/2020\/11\/Formaggio_Piave_Zona_di_Produzione_03.jpg 1240w\" sizes=\"(max-width: 1024px) 100vw, 1024px\" \/><\/figure><\/li><li class=\"blocks-gallery-item\"><figure><img decoding=\"async\" width=\"1024\" height=\"683\" src=\"https:\/\/formaggiopiave.it\/wp-content\/uploads\/2020\/11\/Formaggio_Piave_Zona_di_Produzione_04-1024x683.jpg\" alt=\"\" data-id=\"5614\" data-full-url=\"https:\/\/formaggiopiave.it\/wp-content\/uploads\/2020\/11\/Formaggio_Piave_Zona_di_Produzione_04.jpg\" data-link=\"https:\/\/formaggiopiave.it\/it\/zona-di-produzione\/formaggio_piave_zona_di_produzione_04\/\" class=\"wp-image-5616\" srcset=\"https:\/\/www.formaggiopiave.it\/wp-content\/uploads\/2020\/11\/Formaggio_Piave_Zona_di_Produzione_04-1024x683.jpg 1024w, https:\/\/www.formaggiopiave.it\/wp-content\/uploads\/2020\/11\/Formaggio_Piave_Zona_di_Produzione_04-300x200.jpg 300w, https:\/\/www.formaggiopiave.it\/wp-content\/uploads\/2020\/11\/Formaggio_Piave_Zona_di_Produzione_04-768x512.jpg 768w, https:\/\/www.formaggiopiave.it\/wp-content\/uploads\/2020\/11\/Formaggio_Piave_Zona_di_Produzione_04-1200x800.jpg 1200w, https:\/\/www.formaggiopiave.it\/wp-content\/uploads\/2020\/11\/Formaggio_Piave_Zona_di_Produzione_04.jpg 1240w\" sizes=\"(max-width: 1024px) 100vw, 1024px\" \/><\/figure><\/li><li class=\"blocks-gallery-item\"><figure><img decoding=\"async\" width=\"1024\" height=\"683\" src=\"https:\/\/formaggiopiave.it\/wp-content\/uploads\/2020\/11\/Formaggio_Piave_Zona_di_Produzione_05-1024x683.jpg\" alt=\"\" data-id=\"5617\" data-full-url=\"https:\/\/formaggiopiave.it\/wp-content\/uploads\/2020\/11\/Formaggio_Piave_Zona_di_Produzione_05.jpg\" data-link=\"https:\/\/formaggiopiave.it\/it\/zona-di-produzione\/formaggio_piave_zona_di_produzione_05\/\" class=\"wp-image-5619 is-layout-flex wp-block-gallery-is-layout-flex\" srcset=\"https:\/\/www.formaggiopiave.it\/wp-content\/uploads\/2020\/11\/Formaggio_Piave_Zona_di_Produzione_05-1024x683.jpg 1024w, https:\/\/www.formaggiopiave.it\/wp-content\/uploads\/2020\/11\/Formaggio_Piave_Zona_di_Produzione_05-300x200.jpg 300w, https:\/\/www.formaggiopiave.it\/wp-content\/uploads\/2020\/11\/Formaggio_Piave_Zona_di_Produzione_05-768x512.jpg 768w, https:\/\/www.formaggiopiave.it\/wp-content\/uploads\/2020\/11\/Formaggio_Piave_Zona_di_Produzione_05-1200x800.jpg 1200w, https:\/\/www.formaggiopiave.it\/wp-content\/uploads\/2020\/11\/Formaggio_Piave_Zona_di_Produzione_05.jpg 1240w\" sizes=\"(max-width: 1024px) 100vw, 1024px\" \/><\/figure><\/li><\/ul><\/figure>\n\n<\/div>\n\n<div class=\"grids-area\" style=\"--_ga-column:7\/13;--_ga-row:1\/4;--_ga-m-desktop:0 0 0 0;--_ga-p-desktop:0 0 0 0;--_ga-bg-desktop:transparent none;--_ga-zi-desktop:auto;--_ga-d-desktop:flex;--_ga-mw-desktop:calc(100% - 0 - 0);--_ga-m-tablet:0 0 0 0;--_ga-p-tablet:0 0 0 0;--_ga-bg-tablet:transparent none;--_ga-zi-tablet:auto;--_ga-d-tablet:flex;--_ga-mw-tablet:calc(100% - 0 - 0);--_ga-m-mobile:0 0 0 0;--_ga-p-mobile:0 0 0 0;--_ga-bg-mobile:transparent none;--_ga-zi-mobile:auto;--_ga-d-mobile:flex;--_ga-mw-mobile:calc(100% - 0 - 0)\">\n\n<p>Faszinierende Gebiete, reich an biologischer Vielfalt, in denen die Anwesenheit des Menschen durch traditionelle land- und forstwirtschaftliche T\u00e4tigkeiten stets die Erhaltung eines nat\u00fcrlichen Gleichgewichts garantiert hat, von dem das \u00dcberleben des Gebiets abh\u00e4ngt.&nbsp;<\/p>\n\n\n\n<div style=\"height:20px\" aria-hidden=\"true\" class=\"wp-block-spacer\"><\/div>\n\n\n\n<p>Piave ist ein Name, der tiefe Suggestionen hervorruft, die mit historischen Ereignissen verbunden sind, ein legend\u00e4rer Fluss, dessen Quelle sich auf dem Berg Peralba <strong>im Herzen der Dolomiten befindet<\/strong>. Auf einer kurvenreichen Strecke flie\u00dft der Piave in Richtung Talsohle, zuerst in Cadore und dann im Belluno-Becken, zwischen Belluno und Feltre, wo der Fluss langsamer flie\u00dft, bis er am Fu\u00dfe der venezianischen Voralpen in der Provinz Treviso auf die Ebene trifft.<\/p>\n\n\n\n<div style=\"height:20px\" aria-hidden=\"true\" class=\"wp-block-spacer\"><\/div>\n\n\n\n<p><strong>Kein anderer Name k\u00f6nnte den wichtigsten typischen K\u00e4se von Belluno besser bezeichnen als Piave. Er ist das Ergebnis der K\u00e4setradition des Landes, das von dem alten Fluss durchquert wird und wo die f\u00fcr seine Herstellung bestimmte Milch gesammelt wird<\/strong>. Der Piave-K\u00e4se hat den intensiven und vollmundigen Geschmack dieses Landes, der sich mit der Reifung verst\u00e4rkt und in seinem Geschmack eine besondere Note bewahrt, die ihn absolut einzigartig macht.<\/p>\n\n<\/div>\n<\/div><\/div>","protected":false},"excerpt":{"rendered":"","protected":false},"author":2,"featured_media":10029,"parent":0,"menu_order":0,"comment_status":"closed","ping_status":"closed","template":"","meta":{"_acf_changed":false,"advgb_blocks_editor_width":"","advgb_blocks_columns_visual_guide":"","footnotes":""},"class_list":["post-10965","page","type-page","status-publish","has-post-thumbnail","hentry"],"acf":[],"yoast_head":"<!-- This site is optimized with the Yoast SEO plugin v25.8 - https:\/\/yoast.com\/wordpress\/plugins\/seo\/ -->\n<title>Produktionsgebiet | Piave DOP K\u00e4se<\/title>\n<meta name=\"robots\" content=\"index, follow, max-snippet:-1, max-image-preview:large, max-video-preview:-1\" \/>\n<link rel=\"canonical\" href=\"https:\/\/www.formaggiopiave.it\/de\/produktionsgebiet\/\" \/>\n<meta property=\"og:locale\" content=\"de_DE\" \/>\n<meta property=\"og:type\" content=\"article\" \/>\n<meta property=\"og:title\" content=\"Produktionsgebiet | Piave DOP K\u00e4se\" \/>\n<meta property=\"og:url\" content=\"https:\/\/www.formaggiopiave.it\/de\/produktionsgebiet\/\" \/>\n<meta property=\"og:site_name\" content=\"Piave DOP K\u00e4se\" \/>\n<meta property=\"article:modified_time\" content=\"2021-04-22T14:58:54+00:00\" \/>\n<meta property=\"og:image\" content=\"https:\/\/www.formaggiopiave.it\/wp-content\/uploads\/2020\/12\/Formaggio_Piave_Banner_Zona_di_Produzione.jpg\" \/>\n\t<meta property=\"og:image:width\" content=\"2000\" \/>\n\t<meta property=\"og:image:height\" content=\"1050\" \/>\n\t<meta property=\"og:image:type\" content=\"image\/jpeg\" \/>\n<meta name=\"twitter:card\" content=\"summary_large_image\" \/>\n<meta name=\"twitter:label1\" content=\"Gesch\u00e4tzte Lesezeit\" \/>\n\t<meta name=\"twitter:data1\" content=\"1\u00a0Minute\" \/>\n<script type=\"application\/ld+json\" class=\"yoast-schema-graph\">{\"@context\":\"https:\/\/schema.org\",\"@graph\":[{\"@type\":\"WebPage\",\"@id\":\"https:\/\/www.formaggiopiave.it\/de\/produktionsgebiet\/\",\"url\":\"https:\/\/www.formaggiopiave.it\/de\/produktionsgebiet\/\",\"name\":\"Produktionsgebiet | Piave DOP K\u00e4se\",\"isPartOf\":{\"@id\":\"https:\/\/www.formaggiopiave.it\/de\/#website\"},\"primaryImageOfPage\":{\"@id\":\"https:\/\/www.formaggiopiave.it\/de\/produktionsgebiet\/#primaryimage\"},\"image\":{\"@id\":\"https:\/\/www.formaggiopiave.it\/de\/produktionsgebiet\/#primaryimage\"},\"thumbnailUrl\":\"https:\/\/www.formaggiopiave.it\/wp-content\/uploads\/2020\/12\/Formaggio_Piave_Banner_Zona_di_Produzione.jpg\",\"datePublished\":\"2021-03-17T09:50:44+00:00\",\"dateModified\":\"2021-04-22T14:58:54+00:00\",\"breadcrumb\":{\"@id\":\"https:\/\/www.formaggiopiave.it\/de\/produktionsgebiet\/#breadcrumb\"},\"inLanguage\":\"de\",\"potentialAction\":[{\"@type\":\"ReadAction\",\"target\":[\"https:\/\/www.formaggiopiave.it\/de\/produktionsgebiet\/\"]}]},{\"@type\":\"ImageObject\",\"inLanguage\":\"de\",\"@id\":\"https:\/\/www.formaggiopiave.it\/de\/produktionsgebiet\/#primaryimage\",\"url\":\"https:\/\/www.formaggiopiave.it\/wp-content\/uploads\/2020\/12\/Formaggio_Piave_Banner_Zona_di_Produzione.jpg\",\"contentUrl\":\"https:\/\/www.formaggiopiave.it\/wp-content\/uploads\/2020\/12\/Formaggio_Piave_Banner_Zona_di_Produzione.jpg\",\"width\":2000,\"height\":1050},{\"@type\":\"BreadcrumbList\",\"@id\":\"https:\/\/www.formaggiopiave.it\/de\/produktionsgebiet\/#breadcrumb\",\"itemListElement\":[{\"@type\":\"ListItem\",\"position\":1,\"name\":\"Home\",\"item\":\"https:\/\/www.formaggiopiave.it\/de\/\"},{\"@type\":\"ListItem\",\"position\":2,\"name\":\"Produktionsgebiet\"}]},{\"@type\":\"WebSite\",\"@id\":\"https:\/\/www.formaggiopiave.it\/de\/#website\",\"url\":\"https:\/\/www.formaggiopiave.it\/de\/\",\"name\":\"Piave DOP K\u00e4se\",\"description\":\"Consorzio Tutela Formaggio Piave DOP\",\"publisher\":{\"@id\":\"https:\/\/www.formaggiopiave.it\/de\/#organization\"},\"potentialAction\":[{\"@type\":\"SearchAction\",\"target\":{\"@type\":\"EntryPoint\",\"urlTemplate\":\"https:\/\/www.formaggiopiave.it\/de\/?s={search_term_string}\"},\"query-input\":{\"@type\":\"PropertyValueSpecification\",\"valueRequired\":true,\"valueName\":\"search_term_string\"}}],\"inLanguage\":\"de\"},{\"@type\":\"Organization\",\"@id\":\"https:\/\/www.formaggiopiave.it\/de\/#organization\",\"name\":\"Consorzio Formaggio Piave DOP\",\"url\":\"https:\/\/www.formaggiopiave.it\/de\/\",\"logo\":{\"@type\":\"ImageObject\",\"inLanguage\":\"de\",\"@id\":\"https:\/\/www.formaggiopiave.it\/de\/#\/schema\/logo\/image\/\",\"url\":\"https:\/\/www.formaggiopiave.it\/wp-content\/uploads\/2020\/09\/Logo-Formaggio-Piave-Dop-1.png\",\"contentUrl\":\"https:\/\/www.formaggiopiave.it\/wp-content\/uploads\/2020\/09\/Logo-Formaggio-Piave-Dop-1.png\",\"width\":688,\"height\":273,\"caption\":\"Consorzio Formaggio Piave DOP\"},\"image\":{\"@id\":\"https:\/\/www.formaggiopiave.it\/de\/#\/schema\/logo\/image\/\"}}]}<\/script>\n<!-- \/ Yoast SEO plugin. -->","yoast_head_json":{"title":"Produktionsgebiet | Piave DOP K\u00e4se","robots":{"index":"index","follow":"follow","max-snippet":"max-snippet:-1","max-image-preview":"max-image-preview:large","max-video-preview":"max-video-preview:-1"},"canonical":"https:\/\/www.formaggiopiave.it\/de\/produktionsgebiet\/","og_locale":"de_DE","og_type":"article","og_title":"Produktionsgebiet | Piave DOP K\u00e4se","og_url":"https:\/\/www.formaggiopiave.it\/de\/produktionsgebiet\/","og_site_name":"Piave DOP K\u00e4se","article_modified_time":"2021-04-22T14:58:54+00:00","og_image":[{"width":2000,"height":1050,"url":"https:\/\/www.formaggiopiave.it\/wp-content\/uploads\/2020\/12\/Formaggio_Piave_Banner_Zona_di_Produzione.jpg","type":"image\/jpeg"}],"twitter_card":"summary_large_image","twitter_misc":{"Gesch\u00e4tzte Lesezeit":"1\u00a0Minute"},"schema":{"@context":"https:\/\/schema.org","@graph":[{"@type":"WebPage","@id":"https:\/\/www.formaggiopiave.it\/de\/produktionsgebiet\/","url":"https:\/\/www.formaggiopiave.it\/de\/produktionsgebiet\/","name":"Produktionsgebiet | Piave DOP K\u00e4se","isPartOf":{"@id":"https:\/\/www.formaggiopiave.it\/de\/#website"},"primaryImageOfPage":{"@id":"https:\/\/www.formaggiopiave.it\/de\/produktionsgebiet\/#primaryimage"},"image":{"@id":"https:\/\/www.formaggiopiave.it\/de\/produktionsgebiet\/#primaryimage"},"thumbnailUrl":"https:\/\/www.formaggiopiave.it\/wp-content\/uploads\/2020\/12\/Formaggio_Piave_Banner_Zona_di_Produzione.jpg","datePublished":"2021-03-17T09:50:44+00:00","dateModified":"2021-04-22T14:58:54+00:00","breadcrumb":{"@id":"https:\/\/www.formaggiopiave.it\/de\/produktionsgebiet\/#breadcrumb"},"inLanguage":"de","potentialAction":[{"@type":"ReadAction","target":["https:\/\/www.formaggiopiave.it\/de\/produktionsgebiet\/"]}]},{"@type":"ImageObject","inLanguage":"de","@id":"https:\/\/www.formaggiopiave.it\/de\/produktionsgebiet\/#primaryimage","url":"https:\/\/www.formaggiopiave.it\/wp-content\/uploads\/2020\/12\/Formaggio_Piave_Banner_Zona_di_Produzione.jpg","contentUrl":"https:\/\/www.formaggiopiave.it\/wp-content\/uploads\/2020\/12\/Formaggio_Piave_Banner_Zona_di_Produzione.jpg","width":2000,"height":1050},{"@type":"BreadcrumbList","@id":"https:\/\/www.formaggiopiave.it\/de\/produktionsgebiet\/#breadcrumb","itemListElement":[{"@type":"ListItem","position":1,"name":"Home","item":"https:\/\/www.formaggiopiave.it\/de\/"},{"@type":"ListItem","position":2,"name":"Produktionsgebiet"}]},{"@type":"WebSite","@id":"https:\/\/www.formaggiopiave.it\/de\/#website","url":"https:\/\/www.formaggiopiave.it\/de\/","name":"Piave DOP K\u00e4se","description":"Consorzio Tutela Formaggio Piave DOP","publisher":{"@id":"https:\/\/www.formaggiopiave.it\/de\/#organization"},"potentialAction":[{"@type":"SearchAction","target":{"@type":"EntryPoint","urlTemplate":"https:\/\/www.formaggiopiave.it\/de\/?s={search_term_string}"},"query-input":{"@type":"PropertyValueSpecification","valueRequired":true,"valueName":"search_term_string"}}],"inLanguage":"de"},{"@type":"Organization","@id":"https:\/\/www.formaggiopiave.it\/de\/#organization","name":"Consorzio Formaggio Piave DOP","url":"https:\/\/www.formaggiopiave.it\/de\/","logo":{"@type":"ImageObject","inLanguage":"de","@id":"https:\/\/www.formaggiopiave.it\/de\/#\/schema\/logo\/image\/","url":"https:\/\/www.formaggiopiave.it\/wp-content\/uploads\/2020\/09\/Logo-Formaggio-Piave-Dop-1.png","contentUrl":"https:\/\/www.formaggiopiave.it\/wp-content\/uploads\/2020\/09\/Logo-Formaggio-Piave-Dop-1.png","width":688,"height":273,"caption":"Consorzio Formaggio Piave DOP"},"image":{"@id":"https:\/\/www.formaggiopiave.it\/de\/#\/schema\/logo\/image\/"}}]}},"coauthors":[],"author_meta":{"author_link":"https:\/\/www.formaggiopiave.it\/de\/author\/promoservice\/","display_name":"formpiaveadm12020"},"relative_dates":{"created":"Posted 5\u00a0Jahren ago","modified":"Updated 5\u00a0Jahren ago"},"absolute_dates":{"created":"Posted on 17\/03\/2021","modified":"Updated on 22\/04\/2021"},"absolute_dates_time":{"created":"Posted on 17\/03\/2021 10:50","modified":"Updated on 22\/04\/2021 16:58"},"featured_img_caption":"","featured_img":"https:\/\/www.formaggiopiave.it\/wp-content\/uploads\/2020\/12\/Formaggio_Piave_Banner_Zona_di_Produzione-1200x630.jpg","series_order":"","_links":{"self":[{"href":"https:\/\/www.formaggiopiave.it\/de\/wp-json\/wp\/v2\/pages\/10965","targetHints":{"allow":["GET"]}}],"collection":[{"href":"https:\/\/www.formaggiopiave.it\/de\/wp-json\/wp\/v2\/pages"}],"about":[{"href":"https:\/\/www.formaggiopiave.it\/de\/wp-json\/wp\/v2\/types\/page"}],"author":[{"embeddable":true,"href":"https:\/\/www.formaggiopiave.it\/de\/wp-json\/wp\/v2\/users\/2"}],"replies":[{"embeddable":true,"href":"https:\/\/www.formaggiopiave.it\/de\/wp-json\/wp\/v2\/comments?post=10965"}],"version-history":[{"count":0,"href":"https:\/\/www.formaggiopiave.it\/de\/wp-json\/wp\/v2\/pages\/10965\/revisions"}],"wp:featuredmedia":[{"embeddable":true,"href":"https:\/\/www.formaggiopiave.it\/de\/wp-json\/wp\/v2\/media\/10029"}],"wp:attachment":[{"href":"https:\/\/www.formaggiopiave.it\/de\/wp-json\/wp\/v2\/media?parent=10965"}],"curies":[{"name":"wp","href":"https:\/\/api.w.org\/{rel}","templated":true}]}}