{"id":10970,"date":"2021-03-16T15:13:38","date_gmt":"2021-03-16T14:13:38","guid":{"rendered":"https:\/\/formaggiopiave.promoservicebeta.com\/?page_id=10970"},"modified":"2021-04-22T16:57:17","modified_gmt":"2021-04-22T14:57:17","slug":"die-geheimnisse-der-verarbeitung","status":"publish","type":"page","link":"https:\/\/www.formaggiopiave.it\/de\/die-geheimnisse-der-verarbeitung\/","title":{"rendered":"Die Geheimnisse der Verarbeitung"},"content":{"rendered":"<div  class=\"grids-section grids-is-advanced alignwide\" style=\"--_gs-gap-desktop:0px 0px;--_gs-m-desktop:0 0 0 0;--_gs-p-desktop:0 0 0 0;--_gs-bg-desktop:transparent none;--_gs-bg-xp-desktop:0px;--_gs-zi-desktop:auto;--_gs-d-desktop:block;--_gs-mw-desktop:calc(100% - 0 - 0);--_gs-gap-tablet:0px 0px;--_gs-m-tablet:0 0 0 0;--_gs-p-tablet:0 0 0 0;--_gs-bg-tablet:transparent none;--_gs-bg-xp-tablet:0px;--_gs-zi-tablet:auto;--_gs-d-tablet:block;--_gs-mw-tablet:calc(100% - 0 - 0);--_gs-gap-mobile:0px 0px;--_gs-m-mobile:0 0 0 0;--_gs-p-mobile:0 0 0 0;--_gs-bg-mobile:transparent none;--_gs-bg-xp-mobile:0px;--_gs-zi-mobile:auto;--_gs-d-mobile:block;--_gs-mw-mobile:calc(100% - 0 - 0);--_gs-columns:12;--_gs-rows:6\"><div class=\"grids-s-w_i\">\n<div class=\"grids-area\" style=\"--_ga-column:1\/7;--_ga-row:1\/2;--_ga-va:center;--_ga-m-desktop:0 0 0 0;--_ga-p-desktop:0 0 0 0;--_ga-bg-desktop:transparent none;--_ga-zi-desktop:auto;--_ga-d-desktop:flex;--_ga-mw-desktop:calc(100% - 0 - 0);--_ga-m-tablet:0 0 0 0;--_ga-p-tablet:0 0 0 0;--_ga-bg-tablet:transparent none;--_ga-zi-tablet:auto;--_ga-d-tablet:flex;--_ga-mw-tablet:calc(100% - 0 - 0);--_ga-m-mobile:0 0 0 0;--_ga-p-mobile:0 0 0 0;--_ga-bg-mobile:transparent none;--_ga-zi-mobile:auto;--_ga-d-mobile:flex;--_ga-mw-mobile:calc(100% - 0 - 0)\">\n\n<h1 class=\"wp-block-heading\">Die Geheimnisse der Verarbeitung<\/h1>\n\n\n\n<div style=\"height:40px\" aria-hidden=\"true\" class=\"wp-block-spacer\"><\/div>\n\n\n\n<p>Der <strong>Verarbeitungszyklus des Piave DOP-K\u00e4ses<\/strong> beginnt mit der Reinigung der Rohmilch durch die optionale Pasteurisierung der Kuhmilch, gefolgt von der Zugabe von Milchfermenten und Lab, das durch seine Wirkung auf das Kasein (das Hauptprotein der Milch) dessen Gerinnung bestimmt.<br>Nach der Gerinnung wird der K\u00e4sebruch in runde Beh\u00e4lter <strong>portioniert<\/strong>, in denen er aufgefangen und abtropfen gelassen wird, um die \u00fcbersch\u00fcssige Molke zu entfernen.<\/p>\n\n\n\n<div style=\"height:20px\" aria-hidden=\"true\" class=\"wp-block-spacer\"><\/div>\n\n\n\n<p>Anschlie\u00dfend werden die K\u00e4se <strong>gepresst<\/strong>, wobei sie weitere Feuchtigkeit verlieren und den richtigen Grad an Kompaktheit erhalten.<\/p>\n\n\n\n<div style=\"height:20px\" aria-hidden=\"true\" class=\"wp-block-spacer\"><\/div>\n\n\n\n<p>Am Ende der Pressphase wird der Laib aus dem Formbeh\u00e4lter entnommen und in einen Kennzeichnungsring gegeben, auf dessen Innenkante der Name des K\u00e4ses eingraviert ist. Dies ist die <strong>Kennzeichnungsphase<\/strong>, in der das Produktkennzeichen am \u00e4u\u00dferen Rand des K\u00e4ses, der Randh\u00f6he eingraviert bleibt<\/p>\n\n<\/div>\n\n<div class=\"grids-area\" style=\"--_ga-column:8\/13;--_ga-row:1\/2;--_ga-va:center;--_ga-m-desktop:0 0 0 0;--_ga-p-desktop:0 0 0 0;--_ga-bg-desktop:transparent none;--_ga-zi-desktop:auto;--_ga-d-desktop:flex;--_ga-mw-desktop:calc(100% - 0 - 0);--_ga-m-tablet:0 0 0 0;--_ga-p-tablet:0 0 0 0;--_ga-bg-tablet:transparent none;--_ga-zi-tablet:auto;--_ga-d-tablet:flex;--_ga-mw-tablet:calc(100% - 0 - 0);--_ga-m-mobile:0 0 0 0;--_ga-p-mobile:0 0 0 0;--_ga-bg-mobile:transparent none;--_ga-zi-mobile:auto;--_ga-d-mobile:flex;--_ga-mw-mobile:calc(100% - 0 - 0)\">\n\n<figure class=\"wp-block-gallery columns-2 is-cropped wp-block-gallery-2\"><ul class=\"blocks-gallery-grid\"><li class=\"blocks-gallery-item\"><figure><img decoding=\"async\" width=\"1024\" height=\"683\" src=\"https:\/\/formaggiopiave.it\/wp-content\/uploads\/2020\/11\/Formaggio_Piave_Dop_Lavozazione_01-1024x683.jpg\" alt=\"\" data-id=\"5627\" data-full-url=\"https:\/\/formaggiopiave.it\/wp-content\/uploads\/2020\/11\/Formaggio_Piave_Dop_Lavozazione_01.jpg\" data-link=\"https:\/\/formaggiopiave.it\/it\/i-segreti-della-lavorazione\/formaggio_piave_dop_lavozazione_01\/\" class=\"wp-image-5629\" srcset=\"https:\/\/www.formaggiopiave.it\/wp-content\/uploads\/2020\/11\/Formaggio_Piave_Dop_Lavozazione_01-1024x683.jpg 1024w, https:\/\/www.formaggiopiave.it\/wp-content\/uploads\/2020\/11\/Formaggio_Piave_Dop_Lavozazione_01-300x200.jpg 300w, https:\/\/www.formaggiopiave.it\/wp-content\/uploads\/2020\/11\/Formaggio_Piave_Dop_Lavozazione_01-768x512.jpg 768w, https:\/\/www.formaggiopiave.it\/wp-content\/uploads\/2020\/11\/Formaggio_Piave_Dop_Lavozazione_01-1200x800.jpg 1200w, https:\/\/www.formaggiopiave.it\/wp-content\/uploads\/2020\/11\/Formaggio_Piave_Dop_Lavozazione_01.jpg 1240w\" sizes=\"(max-width: 1024px) 100vw, 1024px\" \/><\/figure><\/li><li class=\"blocks-gallery-item\"><figure><img decoding=\"async\" width=\"1024\" height=\"683\" src=\"https:\/\/formaggiopiave.it\/wp-content\/uploads\/2020\/11\/Formaggio_Piave_Dop_Lavozazione_02-1024x683.jpg\" alt=\"\" data-id=\"5630\" data-full-url=\"https:\/\/formaggiopiave.it\/wp-content\/uploads\/2020\/11\/Formaggio_Piave_Dop_Lavozazione_02.jpg\" data-link=\"https:\/\/formaggiopiave.it\/it\/i-segreti-della-lavorazione\/formaggio_piave_dop_lavozazione_02\/\" class=\"wp-image-5632 is-layout-flex wp-block-gallery-is-layout-flex\" srcset=\"https:\/\/www.formaggiopiave.it\/wp-content\/uploads\/2020\/11\/Formaggio_Piave_Dop_Lavozazione_02-1024x683.jpg 1024w, https:\/\/www.formaggiopiave.it\/wp-content\/uploads\/2020\/11\/Formaggio_Piave_Dop_Lavozazione_02-300x200.jpg 300w, https:\/\/www.formaggiopiave.it\/wp-content\/uploads\/2020\/11\/Formaggio_Piave_Dop_Lavozazione_02-768x512.jpg 768w, https:\/\/www.formaggiopiave.it\/wp-content\/uploads\/2020\/11\/Formaggio_Piave_Dop_Lavozazione_02-1200x800.jpg 1200w, https:\/\/www.formaggiopiave.it\/wp-content\/uploads\/2020\/11\/Formaggio_Piave_Dop_Lavozazione_02.jpg 1240w\" sizes=\"(max-width: 1024px) 100vw, 1024px\" \/><\/figure><\/li><\/ul><\/figure>\n\n<\/div>\n<\/div><\/div>\n\n<div  class=\"grids-section grids-is-advanced alignwide\" style=\"--_gs-gap-desktop:0px 0px;--_gs-m-desktop:0 0 0 0;--_gs-p-desktop:0 0 0 0;--_gs-bg-desktop:transparent url(https:\/\/www.formaggiopiave.it\/wp-content\/uploads\/2020\/11\/Formaggio_Piave_il_latte.jpg) no-repeat fixed 50% 50%;--_gs-bg-xp-desktop:calc( 50% - 50vw );--_gs-zi-desktop:auto;--_gs-d-desktop:block;--_gs-mw-desktop:calc(100% - 0 - 0);--_gs-min-height-desktop:300px;--_gs-gap-tablet:0px 0px;--_gs-m-tablet:0 0 0 0;--_gs-p-tablet:0 0 0 0;--_gs-bg-tablet:transparent url(https:\/\/www.formaggiopiave.it\/wp-content\/uploads\/2020\/11\/Formaggio_Piave_il_latte.jpg) no-repeat fixed 50% 50%;--_gs-bg-xp-tablet:calc( 50% - 50vw );--_gs-zi-tablet:auto;--_gs-d-tablet:block;--_gs-mw-tablet:calc(100% - 0 - 0);--_gs-gap-mobile:0px 0px;--_gs-m-mobile:0 0 0 0;--_gs-p-mobile:0 0 0 0;--_gs-bg-mobile:transparent url(https:\/\/www.formaggiopiave.it\/wp-content\/uploads\/2020\/11\/Formaggio_Piave_il_latte.jpg) no-repeat fixed 50% 50%;--_gs-bg-xp-mobile:calc( 50% - 50vw );--_gs-zi-mobile:auto;--_gs-d-mobile:block;--_gs-mw-mobile:calc(100% - 0 - 0);--_gs-columns:12;--_gs-rows:6\"><div class=\"grids-s-w_i\">\n<div class=\"grids-area\" style=\"--_ga-column:1\/13;--_ga-row:1\/2;--_ga-m-desktop:0 0 0 0;--_ga-p-desktop:0 0 0 0;--_ga-bg-desktop:transparent none;--_ga-zi-desktop:auto;--_ga-d-desktop:flex;--_ga-mw-desktop:calc(100% - 0 - 0);--_ga-m-tablet:0 0 0 0;--_ga-p-tablet:0 0 0 0;--_ga-bg-tablet:transparent none;--_ga-zi-tablet:auto;--_ga-d-tablet:flex;--_ga-mw-tablet:calc(100% - 0 - 0);--_ga-m-mobile:0 0 0 0;--_ga-p-mobile:0 0 0 0;--_ga-bg-mobile:transparent none;--_ga-zi-mobile:auto;--_ga-d-mobile:flex;--_ga-mw-mobile:calc(100% - 0 - 0)\"><\/div>\n<\/div><\/div>\n\n<div  class=\"grids-section grids-is-advanced alignwide\" style=\"--_gs-gap-desktop:0px 0px;--_gs-m-desktop:0 0 0 0;--_gs-p-desktop:0 0 0 0;--_gs-bg-desktop:transparent none;--_gs-bg-xp-desktop:0px;--_gs-zi-desktop:auto;--_gs-d-desktop:block;--_gs-mw-desktop:calc(100% - 0 - 0);--_gs-gap-tablet:0px 0px;--_gs-m-tablet:0 0 0 0;--_gs-p-tablet:0 0 0 0;--_gs-bg-tablet:transparent none;--_gs-bg-xp-tablet:0px;--_gs-zi-tablet:auto;--_gs-d-tablet:block;--_gs-mw-tablet:calc(100% - 0 - 0);--_gs-gap-mobile:0px 0px;--_gs-m-mobile:0 0 0 0;--_gs-p-mobile:0 0 0 0;--_gs-bg-mobile:transparent none;--_gs-bg-xp-mobile:0px;--_gs-zi-mobile:auto;--_gs-d-mobile:block;--_gs-mw-mobile:calc(100% - 0 - 0);--_gs-columns:12;--_gs-rows:6\"><div class=\"grids-s-w_i\">\n<div class=\"grids-area\" style=\"--_ga-column:1\/6;--_ga-row:1\/2;--_ga-va:center;--_ga-m-desktop:0 0 0 0;--_ga-p-desktop:0 0 0 0;--_ga-bg-desktop:transparent none;--_ga-zi-desktop:auto;--_ga-d-desktop:flex;--_ga-mw-desktop:calc(100% - 0 - 0);--_ga-m-tablet:0 0 0 0;--_ga-p-tablet:0 0 0 0;--_ga-bg-tablet:transparent none;--_ga-zi-tablet:auto;--_ga-d-tablet:flex;--_ga-mw-tablet:calc(100% - 0 - 0);--_ga-m-mobile:0 0 0 0;--_ga-p-mobile:0 0 0 0;--_ga-bg-mobile:transparent none;--_ga-zi-mobile:auto;--_ga-d-mobile:flex;--_ga-mw-mobile:calc(100% - 0 - 0)\">\n\n<figure class=\"wp-block-gallery columns-2 is-cropped wp-block-gallery-3\"><ul class=\"blocks-gallery-grid\"><li class=\"blocks-gallery-item\"><figure><img decoding=\"async\" width=\"1024\" height=\"683\" src=\"https:\/\/formaggiopiave.it\/wp-content\/uploads\/2020\/11\/Formaggio_Piave_Dop_Lavozazione_05-1024x683.jpg\" alt=\"\" data-id=\"5647\" data-full-url=\"https:\/\/formaggiopiave.it\/wp-content\/uploads\/2020\/11\/Formaggio_Piave_Dop_Lavozazione_05.jpg\" data-link=\"https:\/\/formaggiopiave.it\/i-segreti-della-lavorazione\/formaggio_piave_dop_lavozazione_05\/\" class=\"wp-image-5649\" srcset=\"https:\/\/www.formaggiopiave.it\/wp-content\/uploads\/2020\/11\/Formaggio_Piave_Dop_Lavozazione_05-1024x683.jpg 1024w, https:\/\/www.formaggiopiave.it\/wp-content\/uploads\/2020\/11\/Formaggio_Piave_Dop_Lavozazione_05-300x200.jpg 300w, https:\/\/www.formaggiopiave.it\/wp-content\/uploads\/2020\/11\/Formaggio_Piave_Dop_Lavozazione_05-768x512.jpg 768w, https:\/\/www.formaggiopiave.it\/wp-content\/uploads\/2020\/11\/Formaggio_Piave_Dop_Lavozazione_05-1200x800.jpg 1200w, https:\/\/www.formaggiopiave.it\/wp-content\/uploads\/2020\/11\/Formaggio_Piave_Dop_Lavozazione_05.jpg 1240w\" sizes=\"(max-width: 1024px) 100vw, 1024px\" \/><\/figure><\/li><li class=\"blocks-gallery-item\"><figure><img decoding=\"async\" width=\"1024\" height=\"683\" src=\"https:\/\/formaggiopiave.it\/wp-content\/uploads\/2020\/11\/Formaggio_Piave_Dop_Lavozazione_03-1024x683.jpg\" alt=\"\" data-id=\"5644\" data-full-url=\"https:\/\/formaggiopiave.it\/wp-content\/uploads\/2020\/11\/Formaggio_Piave_Dop_Lavozazione_03.jpg\" data-link=\"https:\/\/formaggiopiave.it\/i-segreti-della-lavorazione\/formaggio_piave_dop_lavozazione_03\/\" class=\"wp-image-5646\" srcset=\"https:\/\/www.formaggiopiave.it\/wp-content\/uploads\/2020\/11\/Formaggio_Piave_Dop_Lavozazione_03-1024x683.jpg 1024w, https:\/\/www.formaggiopiave.it\/wp-content\/uploads\/2020\/11\/Formaggio_Piave_Dop_Lavozazione_03-300x200.jpg 300w, https:\/\/www.formaggiopiave.it\/wp-content\/uploads\/2020\/11\/Formaggio_Piave_Dop_Lavozazione_03-768x512.jpg 768w, https:\/\/www.formaggiopiave.it\/wp-content\/uploads\/2020\/11\/Formaggio_Piave_Dop_Lavozazione_03-1200x800.jpg 1200w, https:\/\/www.formaggiopiave.it\/wp-content\/uploads\/2020\/11\/Formaggio_Piave_Dop_Lavozazione_03.jpg 1240w\" sizes=\"(max-width: 1024px) 100vw, 1024px\" \/><\/figure><\/li><li class=\"blocks-gallery-item\"><figure><img decoding=\"async\" width=\"1024\" height=\"683\" src=\"https:\/\/formaggiopiave.it\/wp-content\/uploads\/2020\/11\/Formaggio_Piave_Dop_Lavozazione_magazzino_04-1024x683.jpg\" alt=\"\" data-id=\"5650\" data-full-url=\"https:\/\/formaggiopiave.it\/wp-content\/uploads\/2020\/11\/Formaggio_Piave_Dop_Lavozazione_magazzino_04.jpg\" data-link=\"https:\/\/formaggiopiave.it\/i-segreti-della-lavorazione\/formaggio_piave_dop_lavozazione_magazzino_04\/\" class=\"wp-image-5652 is-layout-flex wp-block-gallery-is-layout-flex\" srcset=\"https:\/\/www.formaggiopiave.it\/wp-content\/uploads\/2020\/11\/Formaggio_Piave_Dop_Lavozazione_magazzino_04-1024x683.jpg 1024w, https:\/\/www.formaggiopiave.it\/wp-content\/uploads\/2020\/11\/Formaggio_Piave_Dop_Lavozazione_magazzino_04-300x200.jpg 300w, https:\/\/www.formaggiopiave.it\/wp-content\/uploads\/2020\/11\/Formaggio_Piave_Dop_Lavozazione_magazzino_04-768x512.jpg 768w, https:\/\/www.formaggiopiave.it\/wp-content\/uploads\/2020\/11\/Formaggio_Piave_Dop_Lavozazione_magazzino_04-1200x800.jpg 1200w, https:\/\/www.formaggiopiave.it\/wp-content\/uploads\/2020\/11\/Formaggio_Piave_Dop_Lavozazione_magazzino_04.jpg 1240w\" sizes=\"(max-width: 1024px) 100vw, 1024px\" \/><\/figure><\/li><\/ul><\/figure>\n\n<\/div>\n\n<div class=\"grids-area\" style=\"--_ga-column:7\/13;--_ga-row:1\/2;--_ga-va:center;--_ga-m-desktop:0 0 0 0;--_ga-p-desktop:0 0 0 0;--_ga-bg-desktop:transparent none;--_ga-zi-desktop:auto;--_ga-d-desktop:flex;--_ga-mw-desktop:calc(100% - 0 - 0);--_ga-m-tablet:0 0 0 0;--_ga-p-tablet:0 0 0 0;--_ga-bg-tablet:transparent none;--_ga-zi-tablet:auto;--_ga-d-tablet:flex;--_ga-mw-tablet:calc(100% - 0 - 0);--_ga-m-mobile:0 0 0 0;--_ga-p-mobile:0 0 0 0;--_ga-bg-mobile:transparent none;--_ga-zi-mobile:auto;--_ga-d-mobile:flex;--_ga-mw-mobile:calc(100% - 0 - 0)\">\n\n<p>Schlie\u00dflich wird der K\u00e4se in die Form eingewickelt und auf spezielle Unterlagen gelegt, in &#8222;Reifet\u00fcrmen&#8220; mit kontrollierter Temperatur und Feuchtigkeit gelagert, in denen er f\u00fcr eine erste, teilweise Reifung und Textur verbleibt.&nbsp;<\/p>\n\n\n\n<p>Wenn der K\u00e4se aus den &#8222;Reifet\u00fcrmen&#8220; kommt, hat er eine tiefere gelbe Farbe und eine d\u00fcnne, durchl\u00e4ssige Kruste, die ihn kompakt macht und das Eintauchen in Salzlake (eine L\u00f6sung aus Wasser und Salz) f\u00fcr die letzte Zyklusphase, das <strong>Salzen<\/strong>, erm\u00f6glicht, die mindestens 48 Stunden dauert.<br><br>Am Ende des Produktionszyklus ist der K\u00e4se bereit f\u00fcr das <strong>Reifelager<\/strong>, wo er in Holzregalen gelagert und regelm\u00e4\u00dfig geb\u00fcrstet, gewendet und f\u00fcr die Reifungszeit in optimalen Temperatur- und Feuchtigkeitsbedingungen gehalten wird.<\/p>\n\n\n\n<p>Alle Phasen des Herstellungsprozesses sind von grundlegender Bedeutung f\u00fcr die Bestimmung der besonderen Merkmale des Piave DOP-K\u00e4ses, auch wenn noch andere Faktoren im Vorfeld eine Rolle spielen: die <strong>Qualit\u00e4t der Milch<\/strong>, die durch die Tierrasse, die <strong>Zuchtmethoden <\/strong>und die <strong>Herkunftsgebiete<\/strong>, sowie, wie bereits erw\u00e4hnt, die Zusammensetzung des Rezepts, die das Ergebnis der lokalen K\u00e4setradition ist.<\/p>\n\n<\/div>\n<\/div><\/div>\n\n<div  class=\"grids-section grids-is-advanced alignwide\" style=\"--_gs-gap-desktop:0px 0px;--_gs-m-desktop:0 0 0 0;--_gs-p-desktop:0 0 0 0;--_gs-bg-desktop:transparent none;--_gs-bg-xp-desktop:0px;--_gs-zi-desktop:auto;--_gs-d-desktop:block;--_gs-mw-desktop:calc(100% - 0 - 0);--_gs-gap-tablet:0px 0px;--_gs-m-tablet:0 0 0 0;--_gs-p-tablet:0 0 0 0;--_gs-bg-tablet:transparent none;--_gs-bg-xp-tablet:0px;--_gs-zi-tablet:auto;--_gs-d-tablet:block;--_gs-mw-tablet:calc(100% - 0 - 0);--_gs-gap-mobile:0px 0px;--_gs-m-mobile:0 0 0 0;--_gs-p-mobile:0 0 0 0;--_gs-bg-mobile:transparent none;--_gs-bg-xp-mobile:0px;--_gs-zi-mobile:auto;--_gs-d-mobile:block;--_gs-mw-mobile:calc(100% - 0 - 0);--_gs-columns:12;--_gs-rows:6\"><div class=\"grids-s-w_i\">\n<div class=\"grids-area\" style=\"--_ga-column:4\/10;--_ga-row:1\/2;--_ga-m-desktop:0 0 0 0;--_ga-p-desktop:0 0 0 0;--_ga-bg-desktop:transparent none;--_ga-zi-desktop:auto;--_ga-d-desktop:flex;--_ga-mw-desktop:calc(100% - 0 - 0);--_ga-m-tablet:0 0 0 0;--_ga-p-tablet:0 0 0 0;--_ga-bg-tablet:transparent none;--_ga-zi-tablet:auto;--_ga-d-tablet:flex;--_ga-mw-tablet:calc(100% - 0 - 0);--_ga-m-mobile:0 0 0 0;--_ga-p-mobile:0 0 0 0;--_ga-bg-mobile:transparent none;--_ga-zi-mobile:auto;--_ga-d-mobile:flex;--_ga-mw-mobile:calc(100% - 0 - 0)\">\n\n<figure class=\"wp-block-embed-youtube wp-block-embed is-type-video is-provider-youtube wp-embed-aspect-16-9 wp-has-aspect-ratio\"><div class=\"wp-block-embed__wrapper\">\n<iframe title=\"Formaggio Piave DOP - I segreti della lavorazione\" width=\"580\" height=\"326\" src=\"https:\/\/www.youtube.com\/embed\/QxP_pNMbGt4?feature=oembed\" frameborder=\"0\" allow=\"accelerometer; autoplay; clipboard-write; encrypted-media; gyroscope; picture-in-picture; web-share\" referrerpolicy=\"strict-origin-when-cross-origin\" allowfullscreen><\/iframe>\n<\/div><\/figure>\n\n<\/div>\n<\/div><\/div>","protected":false},"excerpt":{"rendered":"","protected":false},"author":2,"featured_media":5667,"parent":0,"menu_order":0,"comment_status":"closed","ping_status":"closed","template":"","meta":{"_acf_changed":false,"advgb_blocks_editor_width":"","advgb_blocks_columns_visual_guide":"","footnotes":""},"class_list":["post-10970","page","type-page","status-publish","has-post-thumbnail","hentry"],"acf":[],"yoast_head":"<!-- This site is optimized with the Yoast SEO plugin v25.8 - https:\/\/yoast.com\/wordpress\/plugins\/seo\/ -->\n<title>Die Geheimnisse der Verarbeitung | Piave DOP K\u00e4se<\/title>\n<meta name=\"robots\" content=\"index, follow, max-snippet:-1, max-image-preview:large, max-video-preview:-1\" \/>\n<link rel=\"canonical\" href=\"https:\/\/www.formaggiopiave.it\/de\/die-geheimnisse-der-verarbeitung\/\" \/>\n<meta property=\"og:locale\" content=\"de_DE\" \/>\n<meta property=\"og:type\" content=\"article\" \/>\n<meta property=\"og:title\" content=\"Die Geheimnisse der Verarbeitung | Piave DOP K\u00e4se\" \/>\n<meta property=\"og:url\" content=\"https:\/\/www.formaggiopiave.it\/de\/die-geheimnisse-der-verarbeitung\/\" \/>\n<meta property=\"og:site_name\" content=\"Piave DOP K\u00e4se\" \/>\n<meta property=\"article:modified_time\" content=\"2021-04-22T14:57:17+00:00\" \/>\n<meta property=\"og:image\" content=\"https:\/\/www.formaggiopiave.it\/wp-content\/uploads\/2020\/11\/Formaggio_Piave_DOP_Lavorazione.jpg\" \/>\n\t<meta property=\"og:image:width\" content=\"2000\" \/>\n\t<meta property=\"og:image:height\" content=\"1334\" \/>\n\t<meta property=\"og:image:type\" content=\"image\/jpeg\" \/>\n<meta name=\"twitter:card\" content=\"summary_large_image\" \/>\n<meta name=\"twitter:label1\" content=\"Gesch\u00e4tzte Lesezeit\" \/>\n\t<meta name=\"twitter:data1\" content=\"2\u00a0Minuten\" \/>\n<script type=\"application\/ld+json\" class=\"yoast-schema-graph\">{\"@context\":\"https:\/\/schema.org\",\"@graph\":[{\"@type\":\"WebPage\",\"@id\":\"https:\/\/www.formaggiopiave.it\/de\/die-geheimnisse-der-verarbeitung\/\",\"url\":\"https:\/\/www.formaggiopiave.it\/de\/die-geheimnisse-der-verarbeitung\/\",\"name\":\"Die Geheimnisse der Verarbeitung | Piave DOP K\u00e4se\",\"isPartOf\":{\"@id\":\"https:\/\/www.formaggiopiave.it\/de\/#website\"},\"primaryImageOfPage\":{\"@id\":\"https:\/\/www.formaggiopiave.it\/de\/die-geheimnisse-der-verarbeitung\/#primaryimage\"},\"image\":{\"@id\":\"https:\/\/www.formaggiopiave.it\/de\/die-geheimnisse-der-verarbeitung\/#primaryimage\"},\"thumbnailUrl\":\"https:\/\/www.formaggiopiave.it\/wp-content\/uploads\/2020\/11\/Formaggio_Piave_DOP_Lavorazione.jpg\",\"datePublished\":\"2021-03-16T14:13:38+00:00\",\"dateModified\":\"2021-04-22T14:57:17+00:00\",\"breadcrumb\":{\"@id\":\"https:\/\/www.formaggiopiave.it\/de\/die-geheimnisse-der-verarbeitung\/#breadcrumb\"},\"inLanguage\":\"de\",\"potentialAction\":[{\"@type\":\"ReadAction\",\"target\":[\"https:\/\/www.formaggiopiave.it\/de\/die-geheimnisse-der-verarbeitung\/\"]}]},{\"@type\":\"ImageObject\",\"inLanguage\":\"de\",\"@id\":\"https:\/\/www.formaggiopiave.it\/de\/die-geheimnisse-der-verarbeitung\/#primaryimage\",\"url\":\"https:\/\/www.formaggiopiave.it\/wp-content\/uploads\/2020\/11\/Formaggio_Piave_DOP_Lavorazione.jpg\",\"contentUrl\":\"https:\/\/www.formaggiopiave.it\/wp-content\/uploads\/2020\/11\/Formaggio_Piave_DOP_Lavorazione.jpg\",\"width\":2000,\"height\":1334},{\"@type\":\"BreadcrumbList\",\"@id\":\"https:\/\/www.formaggiopiave.it\/de\/die-geheimnisse-der-verarbeitung\/#breadcrumb\",\"itemListElement\":[{\"@type\":\"ListItem\",\"position\":1,\"name\":\"Home\",\"item\":\"https:\/\/www.formaggiopiave.it\/de\/\"},{\"@type\":\"ListItem\",\"position\":2,\"name\":\"Die Geheimnisse der Verarbeitung\"}]},{\"@type\":\"WebSite\",\"@id\":\"https:\/\/www.formaggiopiave.it\/de\/#website\",\"url\":\"https:\/\/www.formaggiopiave.it\/de\/\",\"name\":\"Piave DOP K\u00e4se\",\"description\":\"Consorzio Tutela Formaggio Piave DOP\",\"publisher\":{\"@id\":\"https:\/\/www.formaggiopiave.it\/de\/#organization\"},\"potentialAction\":[{\"@type\":\"SearchAction\",\"target\":{\"@type\":\"EntryPoint\",\"urlTemplate\":\"https:\/\/www.formaggiopiave.it\/de\/?s={search_term_string}\"},\"query-input\":{\"@type\":\"PropertyValueSpecification\",\"valueRequired\":true,\"valueName\":\"search_term_string\"}}],\"inLanguage\":\"de\"},{\"@type\":\"Organization\",\"@id\":\"https:\/\/www.formaggiopiave.it\/de\/#organization\",\"name\":\"Consorzio Formaggio Piave DOP\",\"url\":\"https:\/\/www.formaggiopiave.it\/de\/\",\"logo\":{\"@type\":\"ImageObject\",\"inLanguage\":\"de\",\"@id\":\"https:\/\/www.formaggiopiave.it\/de\/#\/schema\/logo\/image\/\",\"url\":\"https:\/\/www.formaggiopiave.it\/wp-content\/uploads\/2020\/09\/Logo-Formaggio-Piave-Dop-1.png\",\"contentUrl\":\"https:\/\/www.formaggiopiave.it\/wp-content\/uploads\/2020\/09\/Logo-Formaggio-Piave-Dop-1.png\",\"width\":688,\"height\":273,\"caption\":\"Consorzio Formaggio Piave DOP\"},\"image\":{\"@id\":\"https:\/\/www.formaggiopiave.it\/de\/#\/schema\/logo\/image\/\"}}]}<\/script>\n<!-- \/ Yoast SEO plugin. -->","yoast_head_json":{"title":"Die Geheimnisse der Verarbeitung | Piave DOP K\u00e4se","robots":{"index":"index","follow":"follow","max-snippet":"max-snippet:-1","max-image-preview":"max-image-preview:large","max-video-preview":"max-video-preview:-1"},"canonical":"https:\/\/www.formaggiopiave.it\/de\/die-geheimnisse-der-verarbeitung\/","og_locale":"de_DE","og_type":"article","og_title":"Die Geheimnisse der Verarbeitung | Piave DOP K\u00e4se","og_url":"https:\/\/www.formaggiopiave.it\/de\/die-geheimnisse-der-verarbeitung\/","og_site_name":"Piave DOP K\u00e4se","article_modified_time":"2021-04-22T14:57:17+00:00","og_image":[{"width":2000,"height":1334,"url":"https:\/\/www.formaggiopiave.it\/wp-content\/uploads\/2020\/11\/Formaggio_Piave_DOP_Lavorazione.jpg","type":"image\/jpeg"}],"twitter_card":"summary_large_image","twitter_misc":{"Gesch\u00e4tzte Lesezeit":"2\u00a0Minuten"},"schema":{"@context":"https:\/\/schema.org","@graph":[{"@type":"WebPage","@id":"https:\/\/www.formaggiopiave.it\/de\/die-geheimnisse-der-verarbeitung\/","url":"https:\/\/www.formaggiopiave.it\/de\/die-geheimnisse-der-verarbeitung\/","name":"Die Geheimnisse der Verarbeitung | Piave DOP K\u00e4se","isPartOf":{"@id":"https:\/\/www.formaggiopiave.it\/de\/#website"},"primaryImageOfPage":{"@id":"https:\/\/www.formaggiopiave.it\/de\/die-geheimnisse-der-verarbeitung\/#primaryimage"},"image":{"@id":"https:\/\/www.formaggiopiave.it\/de\/die-geheimnisse-der-verarbeitung\/#primaryimage"},"thumbnailUrl":"https:\/\/www.formaggiopiave.it\/wp-content\/uploads\/2020\/11\/Formaggio_Piave_DOP_Lavorazione.jpg","datePublished":"2021-03-16T14:13:38+00:00","dateModified":"2021-04-22T14:57:17+00:00","breadcrumb":{"@id":"https:\/\/www.formaggiopiave.it\/de\/die-geheimnisse-der-verarbeitung\/#breadcrumb"},"inLanguage":"de","potentialAction":[{"@type":"ReadAction","target":["https:\/\/www.formaggiopiave.it\/de\/die-geheimnisse-der-verarbeitung\/"]}]},{"@type":"ImageObject","inLanguage":"de","@id":"https:\/\/www.formaggiopiave.it\/de\/die-geheimnisse-der-verarbeitung\/#primaryimage","url":"https:\/\/www.formaggiopiave.it\/wp-content\/uploads\/2020\/11\/Formaggio_Piave_DOP_Lavorazione.jpg","contentUrl":"https:\/\/www.formaggiopiave.it\/wp-content\/uploads\/2020\/11\/Formaggio_Piave_DOP_Lavorazione.jpg","width":2000,"height":1334},{"@type":"BreadcrumbList","@id":"https:\/\/www.formaggiopiave.it\/de\/die-geheimnisse-der-verarbeitung\/#breadcrumb","itemListElement":[{"@type":"ListItem","position":1,"name":"Home","item":"https:\/\/www.formaggiopiave.it\/de\/"},{"@type":"ListItem","position":2,"name":"Die Geheimnisse der Verarbeitung"}]},{"@type":"WebSite","@id":"https:\/\/www.formaggiopiave.it\/de\/#website","url":"https:\/\/www.formaggiopiave.it\/de\/","name":"Piave DOP K\u00e4se","description":"Consorzio Tutela Formaggio Piave DOP","publisher":{"@id":"https:\/\/www.formaggiopiave.it\/de\/#organization"},"potentialAction":[{"@type":"SearchAction","target":{"@type":"EntryPoint","urlTemplate":"https:\/\/www.formaggiopiave.it\/de\/?s={search_term_string}"},"query-input":{"@type":"PropertyValueSpecification","valueRequired":true,"valueName":"search_term_string"}}],"inLanguage":"de"},{"@type":"Organization","@id":"https:\/\/www.formaggiopiave.it\/de\/#organization","name":"Consorzio Formaggio Piave DOP","url":"https:\/\/www.formaggiopiave.it\/de\/","logo":{"@type":"ImageObject","inLanguage":"de","@id":"https:\/\/www.formaggiopiave.it\/de\/#\/schema\/logo\/image\/","url":"https:\/\/www.formaggiopiave.it\/wp-content\/uploads\/2020\/09\/Logo-Formaggio-Piave-Dop-1.png","contentUrl":"https:\/\/www.formaggiopiave.it\/wp-content\/uploads\/2020\/09\/Logo-Formaggio-Piave-Dop-1.png","width":688,"height":273,"caption":"Consorzio Formaggio Piave DOP"},"image":{"@id":"https:\/\/www.formaggiopiave.it\/de\/#\/schema\/logo\/image\/"}}]}},"coauthors":[],"author_meta":{"author_link":"https:\/\/www.formaggiopiave.it\/de\/author\/promoservice\/","display_name":"formpiaveadm12020"},"relative_dates":{"created":"Posted 5\u00a0Jahren ago","modified":"Updated 5\u00a0Jahren ago"},"absolute_dates":{"created":"Posted on 16\/03\/2021","modified":"Updated on 22\/04\/2021"},"absolute_dates_time":{"created":"Posted on 16\/03\/2021 15:13","modified":"Updated on 22\/04\/2021 16:57"},"featured_img_caption":"","featured_img":"https:\/\/www.formaggiopiave.it\/wp-content\/uploads\/2020\/11\/Formaggio_Piave_DOP_Lavorazione-1200x800.jpg","series_order":"","_links":{"self":[{"href":"https:\/\/www.formaggiopiave.it\/de\/wp-json\/wp\/v2\/pages\/10970","targetHints":{"allow":["GET"]}}],"collection":[{"href":"https:\/\/www.formaggiopiave.it\/de\/wp-json\/wp\/v2\/pages"}],"about":[{"href":"https:\/\/www.formaggiopiave.it\/de\/wp-json\/wp\/v2\/types\/page"}],"author":[{"embeddable":true,"href":"https:\/\/www.formaggiopiave.it\/de\/wp-json\/wp\/v2\/users\/2"}],"replies":[{"embeddable":true,"href":"https:\/\/www.formaggiopiave.it\/de\/wp-json\/wp\/v2\/comments?post=10970"}],"version-history":[{"count":0,"href":"https:\/\/www.formaggiopiave.it\/de\/wp-json\/wp\/v2\/pages\/10970\/revisions"}],"wp:featuredmedia":[{"embeddable":true,"href":"https:\/\/www.formaggiopiave.it\/de\/wp-json\/wp\/v2\/media\/5667"}],"wp:attachment":[{"href":"https:\/\/www.formaggiopiave.it\/de\/wp-json\/wp\/v2\/media?parent=10970"}],"curies":[{"name":"wp","href":"https:\/\/api.w.org\/{rel}","templated":true}]}}