{"id":11004,"date":"2021-03-17T11:31:40","date_gmt":"2021-03-17T10:31:40","guid":{"rendered":"https:\/\/formaggiopiave.promoservicebeta.com\/?page_id=11004"},"modified":"2023-03-01T16:21:36","modified_gmt":"2023-03-01T15:21:36","slug":"ein-superheld-fuer-kinder","status":"publish","type":"page","link":"https:\/\/www.formaggiopiave.it\/de\/ein-superheld-fuer-kinder\/","title":{"rendered":"Ein Superheld f\u00fcr Kinder"},"content":{"rendered":"<div  class=\"grids-section grids-is-advanced alignwide\" style=\"--_gs-gap-desktop:0px 0px;--_gs-m-desktop:0 0 0 0;--_gs-p-desktop:0 0 0 0;--_gs-bg-desktop:transparent none;--_gs-bg-xp-desktop:0px;--_gs-zi-desktop:auto;--_gs-d-desktop:block;--_gs-mw-desktop:calc(100% - 0 - 0);--_gs-gap-tablet:0px 0px;--_gs-m-tablet:0 0 0 0;--_gs-p-tablet:0 0 0 0;--_gs-bg-tablet:transparent none;--_gs-bg-xp-tablet:0px;--_gs-zi-tablet:auto;--_gs-d-tablet:block;--_gs-mw-tablet:calc(100% - 0 - 0);--_gs-gap-mobile:0px 0px;--_gs-m-mobile:0 0 0 0;--_gs-p-mobile:0 0 0 0;--_gs-bg-mobile:transparent none;--_gs-bg-xp-mobile:0px;--_gs-zi-mobile:auto;--_gs-d-mobile:block;--_gs-mw-mobile:calc(100% - 0 - 0);--_gs-columns:12;--_gs-rows:6\"><div class=\"grids-s-w_i\">\n<div class=\"grids-area\" style=\"--_ga-column:1\/7;--_ga-row:1\/2;--_ga-va:center;--_ga-m-desktop:0 0 0 0;--_ga-p-desktop:0 0 0 0;--_ga-bg-desktop:transparent none;--_ga-zi-desktop:auto;--_ga-d-desktop:flex;--_ga-mw-desktop:calc(100% - 0 - 0);--_ga-m-tablet:0 0 0 0;--_ga-p-tablet:0 0 0 0;--_ga-bg-tablet:transparent none;--_ga-zi-tablet:auto;--_ga-d-tablet:flex;--_ga-mw-tablet:calc(100% - 0 - 0);--_ga-m-mobile:0 0 0 0;--_ga-p-mobile:0 0 0 0;--_ga-bg-mobile:transparent none;--_ga-zi-mobile:auto;--_ga-d-mobile:flex;--_ga-mw-mobile:calc(100% - 0 - 0)\">\n\n<h1 class=\"wp-block-heading\">Ein Superheld f\u00fcr Kinder!<\/h1>\n\n\n\n<div style=\"height:40px\" aria-hidden=\"true\" class=\"wp-block-spacer advgb-dyn-db4b1242\"><\/div>\n\n\n\n<p>Was gibt es Besseres, als mit Kindern im Schulalter in einer Sprache zu sprechen, die ihnen Spa\u00df macht und die sie verstehen? <\/p>\n\n\n\n<div style=\"height:20px\" aria-hidden=\"true\" class=\"wp-block-spacer advgb-dyn-af21a01c\"><\/div>\n\n\n\n<p>Hier ist<strong> Captain Piave!<\/strong> der Superheld, Protagonist <strong>einer 3D Full HD Animation<\/strong>, der den K\u00e4se der Bellunesischen Dolomiten und alle Produkte mit dem DOP-Schutzzeichen vor Missbrauch und F\u00e4lschungen verteidigt.<\/p>\n\n\n\n<div style=\"height:20px\" aria-hidden=\"true\" class=\"wp-block-spacer advgb-dyn-af21a01c\"><\/div>\n\n\n\n<p>Das Projekt ist Teil eines gr\u00f6\u00dferen, von der Europ\u00e4ischen Union mitfinanzierten und vom Konsortium gef\u00f6rderten Projekts mit dem Titel &#8222;Nice to eat-EU&#8220;.<\/p>\n\n<\/div>\n\n<div class=\"grids-area\" style=\"--_ga-column:8\/13;--_ga-row:1\/2;--_ga-va:center;--_ga-m-desktop:0 0 0 0;--_ga-p-desktop:0 0 0 0;--_ga-bg-desktop:transparent none;--_ga-zi-desktop:auto;--_ga-d-desktop:flex;--_ga-mw-desktop:calc(100% - 0 - 0);--_ga-m-tablet:0 0 0 0;--_ga-p-tablet:0 0 0 0;--_ga-bg-tablet:transparent none;--_ga-zi-tablet:auto;--_ga-d-tablet:flex;--_ga-mw-tablet:calc(100% - 0 - 0);--_ga-m-mobile:0 0 0 0;--_ga-p-mobile:0 0 0 0;--_ga-bg-mobile:transparent none;--_ga-zi-mobile:auto;--_ga-d-mobile:flex;--_ga-mw-mobile:calc(100% - 0 - 0)\">\n\n<figure class=\"wp-block-image size-large\"><img decoding=\"async\" width=\"1024\" height=\"510\" src=\"https:\/\/formaggiopiave.it\/wp-content\/uploads\/2020\/12\/captain-piave_fakehunters_logo-1024x510.png\" alt=\"\" class=\"wp-image-6132\" srcset=\"https:\/\/www.formaggiopiave.it\/wp-content\/uploads\/2020\/12\/captain-piave_fakehunters_logo-1024x510.png 1024w, https:\/\/www.formaggiopiave.it\/wp-content\/uploads\/2020\/12\/captain-piave_fakehunters_logo-300x150.png 300w, https:\/\/www.formaggiopiave.it\/wp-content\/uploads\/2020\/12\/captain-piave_fakehunters_logo-768x383.png 768w, https:\/\/www.formaggiopiave.it\/wp-content\/uploads\/2020\/12\/captain-piave_fakehunters_logo-1200x598.png 1200w, https:\/\/www.formaggiopiave.it\/wp-content\/uploads\/2020\/12\/captain-piave_fakehunters_logo.png 1304w\" sizes=\"(max-width: 1024px) 100vw, 1024px\" \/><\/figure>\n\n<\/div>\n<\/div><\/div>\n\n<div  class=\"grids-section grids-is-advanced alignwide\" style=\"--_gs-gap-desktop:0px 0px;--_gs-m-desktop:0 0 0 0;--_gs-p-desktop:0 0 0 0;--_gs-bg-desktop:transparent none;--_gs-bg-xp-desktop:0px;--_gs-zi-desktop:auto;--_gs-d-desktop:block;--_gs-mw-desktop:calc(100% - 0 - 0);--_gs-gap-tablet:0px 0px;--_gs-m-tablet:0 0 0 0;--_gs-p-tablet:0 0 0 0;--_gs-bg-tablet:transparent none;--_gs-bg-xp-tablet:0px;--_gs-zi-tablet:auto;--_gs-d-tablet:block;--_gs-mw-tablet:calc(100% - 0 - 0);--_gs-gap-mobile:0px 0px;--_gs-m-mobile:0 0 0 0;--_gs-p-mobile:0 0 0 0;--_gs-bg-mobile:transparent none;--_gs-bg-xp-mobile:0px;--_gs-zi-mobile:auto;--_gs-d-mobile:block;--_gs-mw-mobile:calc(100% - 0 - 0);--_gs-columns:12;--_gs-rows:6\"><div class=\"grids-s-w_i\">\n<div class=\"grids-area\" style=\"--_ga-column:3\/7;--_ga-row:1\/2;--_ga-va:center;--_ga-m-desktop:0 0 0 0;--_ga-p-desktop:0 0 0 0;--_ga-bg-desktop:transparent none;--_ga-zi-desktop:auto;--_ga-d-desktop:flex;--_ga-mw-desktop:calc(100% - 0 - 0);--_ga-m-tablet:0 0 0 0;--_ga-p-tablet:0 0 0 0;--_ga-bg-tablet:transparent none;--_ga-zi-tablet:auto;--_ga-d-tablet:flex;--_ga-mw-tablet:calc(100% - 0 - 0);--_ga-m-mobile:0 0 0 55%;--_ga-p-mobile:0 0 0 0;--_ga-bg-mobile:transparent none;--_ga-zi-mobile:auto;--_ga-d-mobile:flex;--_ga-mw-mobile:calc(100% - 55% - 0)\">\n\n<div class=\"wp-block-buttons is-layout-flex wp-block-buttons-is-layout-flex\">\n<div class=\"wp-block-button\"><a class=\"wp-block-button__link wp-element-button\" href=\"https:\/\/youtu.be\/jPJPWmIoL-Y\" target=\"_blank\" rel=\"noreferrer noopener\">Das Video ansehen<\/a><\/div>\n<\/div>\n\n<\/div>\n\n<div class=\"grids-area\" style=\"--_ga-column:7\/11;--_ga-row:1\/2;--_ga-va:center;--_ga-m-desktop:0 0 0 0;--_ga-p-desktop:0 0 0 0;--_ga-bg-desktop:transparent none;--_ga-zi-desktop:auto;--_ga-d-desktop:flex;--_ga-mw-desktop:calc(100% - 0 - 0);--_ga-m-tablet:0 0 0 0;--_ga-p-tablet:0 0 0 0;--_ga-bg-tablet:transparent none;--_ga-zi-tablet:auto;--_ga-d-tablet:flex;--_ga-mw-tablet:calc(100% - 0 - 0);--_ga-m-mobile:50px 65% 0 0;--_ga-p-mobile:0 0 0 0;--_ga-bg-mobile:transparent none;--_ga-zi-mobile:auto;--_ga-d-mobile:flex;--_ga-mw-mobile:calc(100% - 0 - 65%)\">\n\n<div class=\"wp-block-buttons is-content-justification-center is-layout-flex wp-container-core-buttons-is-layout-16018d1d wp-block-buttons-is-layout-flex advgb-dyn-5e5a4c85\"><\/div>\n\n\n\n<div class=\"wp-block-buttons is-content-justification-right is-layout-flex wp-container-core-buttons-is-layout-765c4724 wp-block-buttons-is-layout-flex\">\n<div class=\"wp-block-button\"><a class=\"wp-block-button__link wp-element-button broken_link\" href=\"https:\/\/fakehunters.nicetoeat.eu\/it\" target=\"_blank\" rel=\"noreferrer noopener\">Spielen Sie mit uns<\/a><\/div>\n<\/div>\n\n<\/div>\n<\/div><\/div>\n\n<div  class=\"grids-section grids-is-advanced alignwide\" style=\"--_gs-gap-desktop:0px 0px;--_gs-m-desktop:0 0 0 0;--_gs-p-desktop:40px 0 40px 0;--_gs-bg-desktop:#f8f8f8 none;--_gs-bg-xp-desktop:calc( 50% - 50vw );--_gs-zi-desktop:auto;--_gs-d-desktop:block;--_gs-mw-desktop:calc(100% - 0 - 0);--_gs-gap-tablet:0px 0px;--_gs-m-tablet:0 0 0 0;--_gs-p-tablet:40px 0 40px 0;--_gs-bg-tablet:#f8f8f8 none;--_gs-bg-xp-tablet:calc( 50% - 50vw );--_gs-zi-tablet:auto;--_gs-d-tablet:block;--_gs-mw-tablet:calc(100% - 0 - 0);--_gs-gap-mobile:0px 0px;--_gs-m-mobile:0 0 0 0;--_gs-p-mobile:40px 0 40px 0;--_gs-bg-mobile:#f8f8f8 none;--_gs-bg-xp-mobile:calc( 50% - 50vw );--_gs-zi-mobile:auto;--_gs-d-mobile:block;--_gs-mw-mobile:calc(100% - 0 - 0);--_gs-columns:12;--_gs-rows:6\"><div class=\"grids-s-w_i\">\n<div class=\"grids-area\" style=\"--_ga-column:1\/13;--_ga-row:1\/2;--_ga-m-desktop:0 0 0 0;--_ga-p-desktop:0 0 0 0;--_ga-bg-desktop:transparent none;--_ga-zi-desktop:auto;--_ga-d-desktop:flex;--_ga-mw-desktop:calc(100% - 0 - 0);--_ga-m-tablet:0 0 0 0;--_ga-p-tablet:0 0 0 0;--_ga-bg-tablet:transparent none;--_ga-zi-tablet:auto;--_ga-d-tablet:flex;--_ga-mw-tablet:calc(100% - 0 - 0);--_ga-m-mobile:0 0 0 0;--_ga-p-mobile:0 0 0 0;--_ga-bg-mobile:transparent none;--_ga-zi-mobile:auto;--_ga-d-mobile:flex;--_ga-mw-mobile:calc(100% - 0 - 0)\">\n\n<h2 class=\"has-text-align-center wp-block-heading advgb-dyn-fb16ec20\">Erfahren Sie mehr \u00fcber die Protagonisten<\/h2>\n\n\n\n<div style=\"height:40px\" aria-hidden=\"true\" class=\"wp-block-spacer advgb-dyn-db4b1242\"><\/div>\n\n\n\n<div class=\"superheroes-list-container\">\n    <div class=\"single-superhero-container\">\n        <div class=\"single-superhero-image\" style=\"background-image: url(\/wp-content\/uploads\/2020\/12\/Capitan_Piave.png)\"><\/div>\n        <div class=\"single-superhero-hover\">\n            <div class=\"single-superhero-hover-content\">\n                <h2>Hallo! Ich bin CAPITAN PIAVE,<\/h2>\n                <p>Paladin der DOP-Produkte und eingeschworener Feind aller &#8222;H\u00e4ndler&#8220; von Imitationen, allen voran <strong>Dr. Fake!<\/strong><\/p>\n                <p><strong>Meine Mission?<\/strong><br> Den Geschmack, die Tradition, die Originalit\u00e4t und die Einzigartigkeit des Piave DOP-K\u00e4ses und alle seine Werte zu verteidigen und bekannt zu machen.<\/p>\n                <p><strong>Meine Verb\u00fcndeten?<\/strong><br> Das Konsortium zum Schutz des Piave DOP und alle guten Z\u00fcchter.<\/p>\n            <\/div>\n        <\/div>\n    <\/div>\n    <div class=\"single-superhero-container\">\n        <div class=\"single-superhero-image\" style=\"background-image: url(\/wp-content\/uploads\/2020\/12\/Bruna.png)\"><\/div>\n        <div class=\"single-superhero-hover\">\n            <div class=\"single-superhero-hover-content\">\n                <h2>Hallo Kids! Ich bin BRUNA,<\/h2>\n                <p>und seit 15 Jahren sitze ich\n                    ruhig in meinem gem\u00fctlichen Stall in den Dolomiten, fresse leckeres, duftendes Gras und gebe meinem Bauern Milch, die nicht besser sein kann.<\/p>\n                <p><strong>Aber jetzt wurde ich entf\u00fchrt!<\/strong><br> Ein Verr\u00fcckter will Piave DOP in einem Labor reproduzieren!!! Selbst die K\u00fche wissen, dass das v\u00f6lliger Unsinn ist, aber ihr Menschen seid seltsam!<\/p>\n            <\/div>\n        <\/div>\n    <\/div>\n    <div class=\"single-superhero-container\">\n        <div class=\"single-superhero-image\" style=\"background-image: url(\/wp-content\/uploads\/2020\/12\/Dr_Fake.png)\"><\/div>\n        <div class=\"single-superhero-hover\">\n            <div class=\"single-superhero-hover-content\">\n                <h2>Hallo, ich bin DR. FAKE<\/h2>\n                <p>Genie der Chemie im Dienste des B\u00f6sen.<\/p>\n                <p><strong>Mein Lebensziel?<\/strong><br>Den einzigartigen Geschmack von Piave DOP im Labor nachzumachen, um weniger Zeit und Geld f\u00fcr die Produktion zu ben\u00f6tigen und mehr zu verdienen!<\/p>\n                <p>\u00c4hm, ich gestehe, ich habe ein paar Probleme mit der st\u00f6rrischen Bruna, die sich weigert, zu kooperieren&#8230; aber ich werde sie \u00fcberzeugen, ohh ja, das werde ich!!!<\/p>\n            <\/div>\n        <\/div>\n    <\/div>\n<\/div>\n\n<\/div>\n<\/div><\/div>\n\n\n\n","protected":false},"excerpt":{"rendered":"","protected":false},"author":2,"featured_media":10016,"parent":0,"menu_order":0,"comment_status":"closed","ping_status":"closed","template":"","meta":{"_acf_changed":false,"advgb_blocks_editor_width":"","advgb_blocks_columns_visual_guide":"","footnotes":""},"class_list":["post-11004","page","type-page","status-publish","has-post-thumbnail","hentry"],"acf":[],"yoast_head":"<!-- This site is optimized with the Yoast SEO plugin v25.8 - https:\/\/yoast.com\/wordpress\/plugins\/seo\/ -->\n<title>Ein Superheld f\u00fcr Kinder | Piave DOP K\u00e4se<\/title>\n<meta name=\"robots\" content=\"index, follow, max-snippet:-1, max-image-preview:large, max-video-preview:-1\" \/>\n<link rel=\"canonical\" href=\"https:\/\/www.formaggiopiave.it\/de\/ein-superheld-fuer-kinder\/\" \/>\n<meta property=\"og:locale\" content=\"de_DE\" \/>\n<meta property=\"og:type\" content=\"article\" \/>\n<meta property=\"og:title\" content=\"Ein Superheld f\u00fcr Kinder | Piave DOP K\u00e4se\" \/>\n<meta property=\"og:url\" content=\"https:\/\/www.formaggiopiave.it\/de\/ein-superheld-fuer-kinder\/\" \/>\n<meta property=\"og:site_name\" content=\"Piave DOP K\u00e4se\" \/>\n<meta property=\"article:modified_time\" content=\"2023-03-01T15:21:36+00:00\" \/>\n<meta property=\"og:image\" content=\"https:\/\/www.formaggiopiave.it\/wp-content\/uploads\/2020\/12\/Formaggio_Piave_Banner_kids_01-1.jpg\" \/>\n\t<meta property=\"og:image:width\" content=\"2000\" \/>\n\t<meta property=\"og:image:height\" content=\"1050\" \/>\n\t<meta property=\"og:image:type\" content=\"image\/jpeg\" \/>\n<meta name=\"twitter:card\" content=\"summary_large_image\" \/>\n<meta name=\"twitter:label1\" content=\"Gesch\u00e4tzte Lesezeit\" \/>\n\t<meta name=\"twitter:data1\" content=\"2\u00a0Minuten\" \/>\n<script type=\"application\/ld+json\" class=\"yoast-schema-graph\">{\"@context\":\"https:\/\/schema.org\",\"@graph\":[{\"@type\":\"WebPage\",\"@id\":\"https:\/\/www.formaggiopiave.it\/de\/ein-superheld-fuer-kinder\/\",\"url\":\"https:\/\/www.formaggiopiave.it\/de\/ein-superheld-fuer-kinder\/\",\"name\":\"Ein Superheld f\u00fcr Kinder | Piave DOP K\u00e4se\",\"isPartOf\":{\"@id\":\"https:\/\/www.formaggiopiave.it\/de\/#website\"},\"primaryImageOfPage\":{\"@id\":\"https:\/\/www.formaggiopiave.it\/de\/ein-superheld-fuer-kinder\/#primaryimage\"},\"image\":{\"@id\":\"https:\/\/www.formaggiopiave.it\/de\/ein-superheld-fuer-kinder\/#primaryimage\"},\"thumbnailUrl\":\"https:\/\/www.formaggiopiave.it\/wp-content\/uploads\/2020\/12\/Formaggio_Piave_Banner_kids_01-1.jpg\",\"datePublished\":\"2021-03-17T10:31:40+00:00\",\"dateModified\":\"2023-03-01T15:21:36+00:00\",\"breadcrumb\":{\"@id\":\"https:\/\/www.formaggiopiave.it\/de\/ein-superheld-fuer-kinder\/#breadcrumb\"},\"inLanguage\":\"de\",\"potentialAction\":[{\"@type\":\"ReadAction\",\"target\":[\"https:\/\/www.formaggiopiave.it\/de\/ein-superheld-fuer-kinder\/\"]}]},{\"@type\":\"ImageObject\",\"inLanguage\":\"de\",\"@id\":\"https:\/\/www.formaggiopiave.it\/de\/ein-superheld-fuer-kinder\/#primaryimage\",\"url\":\"https:\/\/www.formaggiopiave.it\/wp-content\/uploads\/2020\/12\/Formaggio_Piave_Banner_kids_01-1.jpg\",\"contentUrl\":\"https:\/\/www.formaggiopiave.it\/wp-content\/uploads\/2020\/12\/Formaggio_Piave_Banner_kids_01-1.jpg\",\"width\":2000,\"height\":1050},{\"@type\":\"BreadcrumbList\",\"@id\":\"https:\/\/www.formaggiopiave.it\/de\/ein-superheld-fuer-kinder\/#breadcrumb\",\"itemListElement\":[{\"@type\":\"ListItem\",\"position\":1,\"name\":\"Home\",\"item\":\"https:\/\/www.formaggiopiave.it\/de\/\"},{\"@type\":\"ListItem\",\"position\":2,\"name\":\"Ein Superheld f\u00fcr Kinder\"}]},{\"@type\":\"WebSite\",\"@id\":\"https:\/\/www.formaggiopiave.it\/de\/#website\",\"url\":\"https:\/\/www.formaggiopiave.it\/de\/\",\"name\":\"Piave DOP K\u00e4se\",\"description\":\"Consorzio Tutela Formaggio Piave DOP\",\"publisher\":{\"@id\":\"https:\/\/www.formaggiopiave.it\/de\/#organization\"},\"potentialAction\":[{\"@type\":\"SearchAction\",\"target\":{\"@type\":\"EntryPoint\",\"urlTemplate\":\"https:\/\/www.formaggiopiave.it\/de\/?s={search_term_string}\"},\"query-input\":{\"@type\":\"PropertyValueSpecification\",\"valueRequired\":true,\"valueName\":\"search_term_string\"}}],\"inLanguage\":\"de\"},{\"@type\":\"Organization\",\"@id\":\"https:\/\/www.formaggiopiave.it\/de\/#organization\",\"name\":\"Consorzio Formaggio Piave DOP\",\"url\":\"https:\/\/www.formaggiopiave.it\/de\/\",\"logo\":{\"@type\":\"ImageObject\",\"inLanguage\":\"de\",\"@id\":\"https:\/\/www.formaggiopiave.it\/de\/#\/schema\/logo\/image\/\",\"url\":\"https:\/\/www.formaggiopiave.it\/wp-content\/uploads\/2020\/09\/Logo-Formaggio-Piave-Dop-1.png\",\"contentUrl\":\"https:\/\/www.formaggiopiave.it\/wp-content\/uploads\/2020\/09\/Logo-Formaggio-Piave-Dop-1.png\",\"width\":688,\"height\":273,\"caption\":\"Consorzio Formaggio Piave DOP\"},\"image\":{\"@id\":\"https:\/\/www.formaggiopiave.it\/de\/#\/schema\/logo\/image\/\"}}]}<\/script>\n<!-- \/ Yoast SEO plugin. -->","yoast_head_json":{"title":"Ein Superheld f\u00fcr Kinder | Piave DOP K\u00e4se","robots":{"index":"index","follow":"follow","max-snippet":"max-snippet:-1","max-image-preview":"max-image-preview:large","max-video-preview":"max-video-preview:-1"},"canonical":"https:\/\/www.formaggiopiave.it\/de\/ein-superheld-fuer-kinder\/","og_locale":"de_DE","og_type":"article","og_title":"Ein Superheld f\u00fcr Kinder | Piave DOP K\u00e4se","og_url":"https:\/\/www.formaggiopiave.it\/de\/ein-superheld-fuer-kinder\/","og_site_name":"Piave DOP K\u00e4se","article_modified_time":"2023-03-01T15:21:36+00:00","og_image":[{"width":2000,"height":1050,"url":"https:\/\/www.formaggiopiave.it\/wp-content\/uploads\/2020\/12\/Formaggio_Piave_Banner_kids_01-1.jpg","type":"image\/jpeg"}],"twitter_card":"summary_large_image","twitter_misc":{"Gesch\u00e4tzte Lesezeit":"2\u00a0Minuten"},"schema":{"@context":"https:\/\/schema.org","@graph":[{"@type":"WebPage","@id":"https:\/\/www.formaggiopiave.it\/de\/ein-superheld-fuer-kinder\/","url":"https:\/\/www.formaggiopiave.it\/de\/ein-superheld-fuer-kinder\/","name":"Ein Superheld f\u00fcr Kinder | Piave DOP K\u00e4se","isPartOf":{"@id":"https:\/\/www.formaggiopiave.it\/de\/#website"},"primaryImageOfPage":{"@id":"https:\/\/www.formaggiopiave.it\/de\/ein-superheld-fuer-kinder\/#primaryimage"},"image":{"@id":"https:\/\/www.formaggiopiave.it\/de\/ein-superheld-fuer-kinder\/#primaryimage"},"thumbnailUrl":"https:\/\/www.formaggiopiave.it\/wp-content\/uploads\/2020\/12\/Formaggio_Piave_Banner_kids_01-1.jpg","datePublished":"2021-03-17T10:31:40+00:00","dateModified":"2023-03-01T15:21:36+00:00","breadcrumb":{"@id":"https:\/\/www.formaggiopiave.it\/de\/ein-superheld-fuer-kinder\/#breadcrumb"},"inLanguage":"de","potentialAction":[{"@type":"ReadAction","target":["https:\/\/www.formaggiopiave.it\/de\/ein-superheld-fuer-kinder\/"]}]},{"@type":"ImageObject","inLanguage":"de","@id":"https:\/\/www.formaggiopiave.it\/de\/ein-superheld-fuer-kinder\/#primaryimage","url":"https:\/\/www.formaggiopiave.it\/wp-content\/uploads\/2020\/12\/Formaggio_Piave_Banner_kids_01-1.jpg","contentUrl":"https:\/\/www.formaggiopiave.it\/wp-content\/uploads\/2020\/12\/Formaggio_Piave_Banner_kids_01-1.jpg","width":2000,"height":1050},{"@type":"BreadcrumbList","@id":"https:\/\/www.formaggiopiave.it\/de\/ein-superheld-fuer-kinder\/#breadcrumb","itemListElement":[{"@type":"ListItem","position":1,"name":"Home","item":"https:\/\/www.formaggiopiave.it\/de\/"},{"@type":"ListItem","position":2,"name":"Ein Superheld f\u00fcr Kinder"}]},{"@type":"WebSite","@id":"https:\/\/www.formaggiopiave.it\/de\/#website","url":"https:\/\/www.formaggiopiave.it\/de\/","name":"Piave DOP K\u00e4se","description":"Consorzio Tutela Formaggio Piave DOP","publisher":{"@id":"https:\/\/www.formaggiopiave.it\/de\/#organization"},"potentialAction":[{"@type":"SearchAction","target":{"@type":"EntryPoint","urlTemplate":"https:\/\/www.formaggiopiave.it\/de\/?s={search_term_string}"},"query-input":{"@type":"PropertyValueSpecification","valueRequired":true,"valueName":"search_term_string"}}],"inLanguage":"de"},{"@type":"Organization","@id":"https:\/\/www.formaggiopiave.it\/de\/#organization","name":"Consorzio Formaggio Piave DOP","url":"https:\/\/www.formaggiopiave.it\/de\/","logo":{"@type":"ImageObject","inLanguage":"de","@id":"https:\/\/www.formaggiopiave.it\/de\/#\/schema\/logo\/image\/","url":"https:\/\/www.formaggiopiave.it\/wp-content\/uploads\/2020\/09\/Logo-Formaggio-Piave-Dop-1.png","contentUrl":"https:\/\/www.formaggiopiave.it\/wp-content\/uploads\/2020\/09\/Logo-Formaggio-Piave-Dop-1.png","width":688,"height":273,"caption":"Consorzio Formaggio Piave DOP"},"image":{"@id":"https:\/\/www.formaggiopiave.it\/de\/#\/schema\/logo\/image\/"}}]}},"coauthors":[],"author_meta":{"author_link":"https:\/\/www.formaggiopiave.it\/de\/author\/promoservice\/","display_name":"formpiaveadm12020"},"relative_dates":{"created":"Posted 5\u00a0Jahren ago","modified":"Updated 3\u00a0Jahren ago"},"absolute_dates":{"created":"Posted on 17\/03\/2021","modified":"Updated on 01\/03\/2023"},"absolute_dates_time":{"created":"Posted on 17\/03\/2021 11:31","modified":"Updated on 01\/03\/2023 16:21"},"featured_img_caption":"","featured_img":"https:\/\/www.formaggiopiave.it\/wp-content\/uploads\/2020\/12\/Formaggio_Piave_Banner_kids_01-1-1200x630.jpg","series_order":"","_links":{"self":[{"href":"https:\/\/www.formaggiopiave.it\/de\/wp-json\/wp\/v2\/pages\/11004","targetHints":{"allow":["GET"]}}],"collection":[{"href":"https:\/\/www.formaggiopiave.it\/de\/wp-json\/wp\/v2\/pages"}],"about":[{"href":"https:\/\/www.formaggiopiave.it\/de\/wp-json\/wp\/v2\/types\/page"}],"author":[{"embeddable":true,"href":"https:\/\/www.formaggiopiave.it\/de\/wp-json\/wp\/v2\/users\/2"}],"replies":[{"embeddable":true,"href":"https:\/\/www.formaggiopiave.it\/de\/wp-json\/wp\/v2\/comments?post=11004"}],"version-history":[{"count":2,"href":"https:\/\/www.formaggiopiave.it\/de\/wp-json\/wp\/v2\/pages\/11004\/revisions"}],"predecessor-version":[{"id":13715,"href":"https:\/\/www.formaggiopiave.it\/de\/wp-json\/wp\/v2\/pages\/11004\/revisions\/13715"}],"wp:featuredmedia":[{"embeddable":true,"href":"https:\/\/www.formaggiopiave.it\/de\/wp-json\/wp\/v2\/media\/10016"}],"wp:attachment":[{"href":"https:\/\/www.formaggiopiave.it\/de\/wp-json\/wp\/v2\/media?parent=11004"}],"curies":[{"name":"wp","href":"https:\/\/api.w.org\/{rel}","templated":true}]}}