{"id":11006,"date":"2021-03-17T10:57:04","date_gmt":"2021-03-17T09:57:04","guid":{"rendered":"https:\/\/formaggiopiave.promoservicebeta.com\/?page_id=11006"},"modified":"2023-07-07T09:48:18","modified_gmt":"2023-07-07T07:48:18","slug":"unsere-rezepte","status":"publish","type":"page","link":"https:\/\/www.formaggiopiave.it\/de\/unsere-rezepte\/","title":{"rendered":"Unsere Rezepte"},"content":{"rendered":"<div  class=\"grids-section grids-is-advanced alignwide\" style=\"--_gs-gap-desktop:0px 0px;--_gs-m-desktop:0 0 0 0;--_gs-p-desktop:0 0 0 0;--_gs-bg-desktop:transparent none;--_gs-bg-xp-desktop:0px;--_gs-zi-desktop:auto;--_gs-d-desktop:block;--_gs-mw-desktop:calc(100% - 0 - 0);--_gs-gap-tablet:0px 0px;--_gs-m-tablet:0 0 0 0;--_gs-p-tablet:0 0 0 0;--_gs-bg-tablet:transparent none;--_gs-bg-xp-tablet:0px;--_gs-zi-tablet:auto;--_gs-d-tablet:block;--_gs-mw-tablet:calc(100% - 0 - 0);--_gs-gap-mobile:0px 0px;--_gs-m-mobile:0 0 0 0;--_gs-p-mobile:0 0 0 0;--_gs-bg-mobile:transparent none;--_gs-bg-xp-mobile:0px;--_gs-zi-mobile:auto;--_gs-d-mobile:block;--_gs-mw-mobile:calc(100% - 0 - 0);--_gs-columns:12;--_gs-rows:6\"><div class=\"grids-s-w_i\">\n<div class=\"grids-area\" style=\"--_ga-column:1\/6;--_ga-row:1\/2;--_ga-m-desktop:0 0 40px 0;--_ga-p-desktop:0 0 0 0;--_ga-bg-desktop:transparent none;--_ga-zi-desktop:auto;--_ga-d-desktop:flex;--_ga-mw-desktop:calc(100% - 0 - 0);--_ga-m-tablet:0 0 40px 0;--_ga-p-tablet:0 0 0 0;--_ga-bg-tablet:transparent none;--_ga-zi-tablet:auto;--_ga-d-tablet:flex;--_ga-mw-tablet:calc(100% - 0 - 0);--_ga-m-mobile:0 0 40px 0;--_ga-p-mobile:0 0 0 0;--_ga-bg-mobile:transparent none;--_ga-zi-mobile:auto;--_ga-d-mobile:flex;--_ga-mw-mobile:calc(100% - 0 - 0)\">\n\n<h1 class=\"wp-block-heading\">Piave DOP auf dem Tisch<\/h1>\n\n\n\n<div style=\"height:40px\" aria-hidden=\"true\" class=\"wp-block-spacer advgb-dyn-db4b1242\"><\/div>\n\n\n\n<h4 class=\"wp-block-heading\">Entdecken Sie die exquisiten Rezepte mit Piave DOP-K\u00e4se.<\/h4>\n\n<\/div>\n\n<div class=\"grids-area\" style=\"--_ga-column:1\/5;--_ga-row:2\/3;--_ga-m-desktop:0 0 0 0;--_ga-p-desktop:30px 40px 30px 0px;--_ga-bg-desktop:transparent none;--_ga-zi-desktop:auto;--_ga-d-desktop:flex;--_ga-mw-desktop:calc(100% - 0 - 0);--_ga-m-tablet:0 0 0 0;--_ga-p-tablet:30px 40px 30px 0px;--_ga-bg-tablet:transparent none;--_ga-zi-tablet:auto;--_ga-d-tablet:flex;--_ga-mw-tablet:calc(100% - 0 - 0);--_ga-m-mobile:0 0 0 0;--_ga-p-mobile:30px 40px 30px 0px;--_ga-bg-mobile:transparent none;--_ga-zi-mobile:auto;--_ga-d-mobile:flex;--_ga-mw-mobile:calc(100% - 0 - 0)\">\n\n<div class=\"wp-block-advgb-image advgb-image-block full-width advgb-img-0b9bfed9-cb89-4632-a30d-49caa28c2527 image-with-link\" style=\"background-image:url(https:\/\/formaggiopiave.it\/wp-content\/uploads\/2020\/12\/Formaggio_Piave_Dop_ricette_Flan_PIAVE49254.jpg);background-position:50% 50%;height:280px;width:500px;justify-content:center;align-items:center\" data-image=\"https:\/\/formaggiopiave.it\/wp-content\/uploads\/2020\/12\/Formaggio_Piave_Dop_ricette_Flan_PIAVE49254.jpg\"><a class=\"advgb-image-overlay\" style=\"background-color:#000\" target=\"_self\" rel=\"noopener noreferrer\" href=\"\/de\/vorspeisen\/\"><\/a><h4 class=\"advgb-image-title\" style=\"color:#fff\">Vorspeisen<\/h4><p class=\"advgb-image-subtitle\" style=\"color:#fff\">K\u00f6stliche Vorspeisen mit Piave-K\u00e4se<\/p><\/div>\n\n<\/div>\n\n<div class=\"grids-area\" style=\"--_ga-column:5\/9;--_ga-row:2\/3;--_ga-m-desktop:0 0 0 0;--_ga-p-desktop:30px 25px 30px 15px;--_ga-bg-desktop:transparent none;--_ga-zi-desktop:auto;--_ga-d-desktop:flex;--_ga-mw-desktop:calc(100% - 0 - 0);--_ga-m-tablet:0 0 0 0;--_ga-p-tablet:30px 25px 30px 15px;--_ga-bg-tablet:transparent none;--_ga-zi-tablet:auto;--_ga-d-tablet:flex;--_ga-mw-tablet:calc(100% - 0 - 0);--_ga-m-mobile:0 0 0 0;--_ga-p-mobile:30px 25px 30px 15px;--_ga-bg-mobile:transparent none;--_ga-zi-mobile:auto;--_ga-d-mobile:flex;--_ga-mw-mobile:calc(100% - 0 - 0)\">\n\n<div class=\"wp-block-advgb-image advgb-image-block full-width advgb-img-0b40463e-507a-4d85-9282-2c4a611ec2ae image-with-link\" style=\"background-image:url(https:\/\/formaggiopiave.it\/wp-content\/uploads\/2020\/12\/Formaggio_Piave_Dop_ricette_Spagh-Cacio-pepe-piave-riserva.jpg);background-position:50% 50%;height:280px;width:500px;justify-content:center;align-items:center\" data-image=\"https:\/\/formaggiopiave.it\/wp-content\/uploads\/2020\/12\/Formaggio_Piave_Dop_ricette_Spagh-Cacio-pepe-piave-riserva.jpg\"><a class=\"advgb-image-overlay\" style=\"background-color:#000\" target=\"_self\" rel=\"noopener noreferrer\" href=\"\/de\/erste-gaenge\/\"><\/a><h4 class=\"advgb-image-title\" style=\"color:#fff\">Erste G\u00e4nge<\/h4><p class=\"advgb-image-subtitle\" style=\"color:#fff\">Rezepte f\u00fcr leckere erste G\u00e4nge mit Piave-K\u00e4se<\/p><\/div>\n\n<\/div>\n\n<div class=\"grids-area\" style=\"--_ga-column:9\/13;--_ga-row:2\/3;--_ga-m-desktop:0 0 0 0;--_ga-p-desktop:30px 15px 30px 25px;--_ga-bg-desktop:transparent none;--_ga-zi-desktop:auto;--_ga-d-desktop:flex;--_ga-mw-desktop:calc(100% - 0 - 0);--_ga-m-tablet:0 0 0 0;--_ga-p-tablet:30px 15px 30px 25px;--_ga-bg-tablet:transparent none;--_ga-zi-tablet:auto;--_ga-d-tablet:flex;--_ga-mw-tablet:calc(100% - 0 - 0);--_ga-m-mobile:0 0 0 0;--_ga-p-mobile:30px 15px 30px 25px;--_ga-bg-mobile:transparent none;--_ga-zi-mobile:auto;--_ga-d-mobile:flex;--_ga-mw-mobile:calc(100% - 0 - 0)\">\n\n<div class=\"wp-block-advgb-image advgb-image-block full-width advgb-img-71d459c1-eb2a-4271-b993-a0bd5307b642 image-with-link\" style=\"background-image:url(https:\/\/formaggiopiave.it\/wp-content\/uploads\/2020\/12\/Formaggio_Piave_Dop_ricette_crespella-porcini3.jpg);background-position:50% 50%;height:280px;width:500px;justify-content:center;align-items:center\" data-image=\"https:\/\/formaggiopiave.it\/wp-content\/uploads\/2020\/12\/Formaggio_Piave_Dop_ricette_crespella-porcini3.jpg\"><a class=\"advgb-image-overlay\" style=\"background-color:#000\" target=\"_self\" rel=\"noopener noreferrer\" href=\"\/de\/zweite-gaenge\/\"><\/a><h4 class=\"advgb-image-title\" style=\"color:#fff\">Zweite G\u00e4nge<\/h4><p class=\"advgb-image-subtitle\" style=\"color:#fff\">Rezepte f\u00fcr leckere zweite G\u00e4nge mit Piave-K\u00e4se<\/p><\/div>\n\n<\/div>\n\n<div class=\"grids-area\" style=\"--_ga-column:3\/7;--_ga-row:3\/4;--_ga-m-desktop:0 0 0 0;--_ga-p-desktop:30px 25px 30px 15px;--_ga-bg-desktop:transparent none;--_ga-zi-desktop:auto;--_ga-d-desktop:flex;--_ga-mw-desktop:calc(100% - 0 - 0);--_ga-m-tablet:0 0 0 0;--_ga-p-tablet:30px 25px 30px 15px;--_ga-bg-tablet:transparent none;--_ga-zi-tablet:auto;--_ga-d-tablet:flex;--_ga-mw-tablet:calc(100% - 0 - 0);--_ga-m-mobile:0 0 0 0;--_ga-p-mobile:30px 25px 30px 15px;--_ga-bg-mobile:transparent none;--_ga-zi-mobile:auto;--_ga-d-mobile:flex;--_ga-mw-mobile:calc(100% - 0 - 0)\">\n\n<div class=\"wp-block-advgb-image advgb-image-block full-width advgb-img-bef7256d-7fd1-4a3a-889d-c7d68935824f image-with-link\" style=\"background-image:url(https:\/\/formaggiopiave.it\/wp-content\/uploads\/2020\/12\/Cheesecake-al-Piave-DOP-e-gelatina-di-lampone.jpg);background-position:50% 50%;height:280px;width:500px;justify-content:center;align-items:center\" data-image=\"https:\/\/formaggiopiave.it\/wp-content\/uploads\/2020\/12\/Cheesecake-al-Piave-DOP-e-gelatina-di-lampone.jpg\"><a class=\"advgb-image-overlay\" style=\"background-color:#000\" target=\"_self\" rel=\"noopener noreferrer\" href=\"\/de\/desserts\/\"><\/a><h4 class=\"advgb-image-title\" style=\"color:#fff\">Desserts<\/h4><p class=\"advgb-image-subtitle\" style=\"color:#fff\">Au\u00dfergew\u00f6hnliche Desserts mit Piave-K\u00e4se<\/p><\/div>\n\n<\/div>\n\n<div class=\"grids-area\" style=\"--_ga-column:7\/11;--_ga-row:3\/4;--_ga-m-desktop:0 0 0 0;--_ga-p-desktop:30px 15px 30px 25px;--_ga-bg-desktop:transparent none;--_ga-zi-desktop:auto;--_ga-d-desktop:flex;--_ga-mw-desktop:calc(100% - 0 - 0);--_ga-m-tablet:0 0 0 0;--_ga-p-tablet:30px 15px 30px 25px;--_ga-bg-tablet:transparent none;--_ga-zi-tablet:auto;--_ga-d-tablet:flex;--_ga-mw-tablet:calc(100% - 0 - 0);--_ga-m-mobile:0 0 0 0;--_ga-p-mobile:30px 15px 30px 25px;--_ga-bg-mobile:transparent none;--_ga-zi-mobile:auto;--_ga-d-mobile:flex;--_ga-mw-mobile:calc(100% - 0 - 0)\">\n\n<div class=\"wp-block-advgb-image advgb-image-block full-width advgb-img-cb3b6aad-1b85-461b-a79a-62f31ed1d2f3 image-with-link\" style=\"background-image:url(https:\/\/www.formaggiopiave.it\/wp-content\/uploads\/2023\/07\/12_oro_mezzano_fotocamera_K@05x-scaled-e1688715896902.jpg);background-position:50% 50%;height:280px;width:500px;justify-content:center;align-items:center\" data-image=\"https:\/\/www.formaggiopiave.it\/wp-content\/uploads\/2023\/07\/12_oro_mezzano_fotocamera_K@05x-scaled-e1688715896902.jpg\"><a class=\"advgb-image-overlay\" style=\"background-color:#000\" target=\"_self\" rel=\"noopener noreferrer\" href=\"\/de\/serviervorschlaege\"><\/a><h4 class=\"advgb-image-title\" style=\"color:#fff\">Serviervorschl\u00e4ge<\/h4><p class=\"advgb-image-subtitle\" style=\"color:#fff\">Tipps f\u00fcr die Verkostung von Piave DOP-K\u00e4ses<\/p><\/div>\n\n<\/div>\n\n<div class=\"grids-area\" style=\"--_ga-column:8\/13;--_ga-row:1\/2;--_ga-m-desktop:0 0 0 0;--_ga-p-desktop:30px 30px 30px 30px;--_ga-bg-desktop:#f8f8f8 none;--_ga-zi-desktop:auto;--_ga-d-desktop:flex;--_ga-mw-desktop:calc(100% - 0 - 0);--_ga-m-tablet:0 0 0 0;--_ga-p-tablet:30px 30px 30px 30px;--_ga-bg-tablet:#f8f8f8 none;--_ga-zi-tablet:auto;--_ga-d-tablet:flex;--_ga-mw-tablet:calc(100% - 0 - 0);--_ga-m-mobile:0 0 0 0;--_ga-p-mobile:30px 30px 30px 30px;--_ga-bg-mobile:#f8f8f8 none;--_ga-zi-mobile:auto;--_ga-d-mobile:flex;--_ga-mw-mobile:calc(100% - 0 - 0)\">\n\n<h6 class=\"has-small-font-size wp-block-heading\">Das Rezeptbuch herunterladen<\/h6>\n\n\n\n<div style=\"height:20px\" aria-hidden=\"true\" class=\"wp-block-spacer advgb-dyn-af21a01c\"><\/div>\n\n\n\n<p>Das Piave DOP-K\u00e4se-Rezeptbuch ist verf\u00fcgbar. Klicken Sie einfach unten, um es anzuzeigen und herunterzuladen.<\/p>\n\n\n\n<div style=\"height:10px\" aria-hidden=\"true\" class=\"wp-block-spacer advgb-dyn-d28b3ae8\"><\/div>\n\n\n\n<p><strong>Buon appetito!<\/strong><\/p>\n\n\n\n<div class=\"wp-block-buttons is-layout-flex wp-block-buttons-is-layout-flex\">\n<div class=\"wp-block-button advgb-dyn-408d58ce\"><a class=\"wp-block-button__link wp-element-button\" href=\"\/wp-content\/uploads\/2021\/02\/Il-Piave-in-Tavola.pdf\">Das Rezeptbuch herunterladen<\/a><\/div>\n<\/div>\n\n<\/div>\n<\/div><\/div>\n\n<div  class=\"grids-section grids-is-advanced alignwide\" style=\"--_gs-gap-desktop:0px 0px;--_gs-m-desktop:0 0 0 0;--_gs-p-desktop:0 0 0 0;--_gs-bg-desktop:transparent none;--_gs-bg-xp-desktop:0px;--_gs-zi-desktop:auto;--_gs-d-desktop:block;--_gs-mw-desktop:calc(100% - 0 - 0);--_gs-gap-tablet:0px 0px;--_gs-m-tablet:0 0 0 0;--_gs-p-tablet:0 0 0 0;--_gs-bg-tablet:transparent none;--_gs-bg-xp-tablet:0px;--_gs-zi-tablet:auto;--_gs-d-tablet:block;--_gs-mw-tablet:calc(100% - 0 - 0);--_gs-gap-mobile:0px 0px;--_gs-m-mobile:0 0 0 0;--_gs-p-mobile:0 0 0 0;--_gs-bg-mobile:transparent none;--_gs-bg-xp-mobile:0px;--_gs-zi-mobile:auto;--_gs-d-mobile:block;--_gs-mw-mobile:calc(100% - 0 - 0);--_gs-columns:12;--_gs-rows:6\"><div class=\"grids-s-w_i\">\n<div class=\"grids-area\" style=\"--_ga-column:1\/13;--_ga-row:1\/2;--_ga-m-desktop:0 0 0 0;--_ga-p-desktop:0 0 0 0;--_ga-bg-desktop:transparent none;--_ga-zi-desktop:auto;--_ga-d-desktop:flex;--_ga-mw-desktop:calc(100% - 0 - 0);--_ga-m-tablet:0 0 0 0;--_ga-p-tablet:0 0 0 0;--_ga-bg-tablet:transparent none;--_ga-zi-tablet:auto;--_ga-d-tablet:flex;--_ga-mw-tablet:calc(100% - 0 - 0);--_ga-m-mobile:0 0 0 0;--_ga-p-mobile:0 0 0 0;--_ga-bg-mobile:transparent none;--_ga-zi-mobile:auto;--_ga-d-mobile:flex;--_ga-mw-mobile:calc(100% - 0 - 0)\"><\/div>\n\n<div class=\"grids-area\" style=\"--_ga-column:1\/13;--_ga-row:2\/3;--_ga-m-desktop:0 0 0 0;--_ga-p-desktop:0 0 0 0;--_ga-bg-desktop:transparent none;--_ga-zi-desktop:auto;--_ga-d-desktop:flex;--_ga-mw-desktop:calc(100% - 0 - 0);--_ga-m-tablet:0 0 0 0;--_ga-p-tablet:0 0 0 0;--_ga-bg-tablet:transparent none;--_ga-zi-tablet:auto;--_ga-d-tablet:flex;--_ga-mw-tablet:calc(100% - 0 - 0);--_ga-m-mobile:0 0 0 0;--_ga-p-mobile:0 0 0 0;--_ga-bg-mobile:transparent none;--_ga-zi-mobile:auto;--_ga-d-mobile:flex;--_ga-mw-mobile:calc(100% - 0 - 0)\"><\/div>\n<\/div><\/div><style class=\"advgb-styles-renderer\">.advgb-img-0b9bfed9-cb89-4632-a30d-49caa28c2527.advgb-image-block .advgb-image-overlay{opacity:0.5 !important;}.advgb-img-0b9bfed9-cb89-4632-a30d-49caa28c2527.advgb-image-block:hover .advgb-image-overlay{opacity:0.6 !important;}.advgb-img-0b9bfed9-cb89-4632-a30d-49caa28c2527.advgb-image-block .advgb-image-overlay{opacity:0.5 !important;}.advgb-img-0b9bfed9-cb89-4632-a30d-49caa28c2527.advgb-image-block:hover .advgb-image-overlay{opacity:0.6 !important;}.advgb-img-0b40463e-507a-4d85-9282-2c4a611ec2ae.advgb-image-block .advgb-image-overlay{opacity:0.5 !important;}.advgb-img-0b40463e-507a-4d85-9282-2c4a611ec2ae.advgb-image-block:hover .advgb-image-overlay{opacity:0.6 !important;}.advgb-img-0b40463e-507a-4d85-9282-2c4a611ec2ae.advgb-image-block .advgb-image-overlay{opacity:0.5 !important;}.advgb-img-0b40463e-507a-4d85-9282-2c4a611ec2ae.advgb-image-block:hover .advgb-image-overlay{opacity:0.6 !important;}.advgb-img-71d459c1-eb2a-4271-b993-a0bd5307b642.advgb-image-block .advgb-image-overlay{opacity:0.5 !important;}.advgb-img-71d459c1-eb2a-4271-b993-a0bd5307b642.advgb-image-block:hover .advgb-image-overlay{opacity:0.6 !important;}.advgb-img-71d459c1-eb2a-4271-b993-a0bd5307b642.advgb-image-block .advgb-image-overlay{opacity:0.5 !important;}.advgb-img-71d459c1-eb2a-4271-b993-a0bd5307b642.advgb-image-block:hover .advgb-image-overlay{opacity:0.6 !important;}.advgb-img-bef7256d-7fd1-4a3a-889d-c7d68935824f.advgb-image-block .advgb-image-overlay{opacity:0.5 !important;}.advgb-img-bef7256d-7fd1-4a3a-889d-c7d68935824f.advgb-image-block:hover .advgb-image-overlay{opacity:0.6 !important;}.advgb-img-bef7256d-7fd1-4a3a-889d-c7d68935824f.advgb-image-block .advgb-image-overlay{opacity:0.5 !important;}.advgb-img-bef7256d-7fd1-4a3a-889d-c7d68935824f.advgb-image-block:hover .advgb-image-overlay{opacity:0.6 !important;}.advgb-img-cb3b6aad-1b85-461b-a79a-62f31ed1d2f3.advgb-image-block .advgb-image-overlay{opacity:0.5 !important;}.advgb-img-cb3b6aad-1b85-461b-a79a-62f31ed1d2f3.advgb-image-block:hover .advgb-image-overlay{opacity:0.6 !important;}.advgb-img-cb3b6aad-1b85-461b-a79a-62f31ed1d2f3.advgb-image-block .advgb-image-overlay{opacity:0.5 !important;}.advgb-img-cb3b6aad-1b85-461b-a79a-62f31ed1d2f3.advgb-image-block:hover .advgb-image-overlay{opacity:0.6 !important;}.advgb-img-0b9bfed9-cb89-4632-a30d-49caa28c2527.advgb-image-block .advgb-image-overlay{opacity:0.5 !important;}.advgb-img-0b9bfed9-cb89-4632-a30d-49caa28c2527.advgb-image-block:hover .advgb-image-overlay{opacity:0.6 !important;}.advgb-img-0b40463e-507a-4d85-9282-2c4a611ec2ae.advgb-image-block .advgb-image-overlay{opacity:0.5 !important;}.advgb-img-0b40463e-507a-4d85-9282-2c4a611ec2ae.advgb-image-block:hover .advgb-image-overlay{opacity:0.6 !important;}.advgb-img-71d459c1-eb2a-4271-b993-a0bd5307b642.advgb-image-block .advgb-image-overlay{opacity:0.5 !important;}.advgb-img-71d459c1-eb2a-4271-b993-a0bd5307b642.advgb-image-block:hover .advgb-image-overlay{opacity:0.6 !important;}.advgb-img-bef7256d-7fd1-4a3a-889d-c7d68935824f.advgb-image-block .advgb-image-overlay{opacity:0.5 !important;}.advgb-img-bef7256d-7fd1-4a3a-889d-c7d68935824f.advgb-image-block:hover .advgb-image-overlay{opacity:0.6 !important;}.advgb-img-cb3b6aad-1b85-461b-a79a-62f31ed1d2f3.advgb-image-block .advgb-image-overlay{opacity:0.5 !important;}.advgb-img-cb3b6aad-1b85-461b-a79a-62f31ed1d2f3.advgb-image-block:hover .advgb-image-overlay{opacity:0.6 !important;}<\/style>","protected":false},"excerpt":{"rendered":"","protected":false},"author":2,"featured_media":10080,"parent":0,"menu_order":0,"comment_status":"closed","ping_status":"closed","template":"","meta":{"_acf_changed":false,"advgb_blocks_editor_width":"","advgb_blocks_columns_visual_guide":"","footnotes":""},"class_list":["post-11006","page","type-page","status-publish","has-post-thumbnail","hentry"],"acf":[],"yoast_head":"<!-- This site is optimized with the Yoast SEO plugin v25.8 - https:\/\/yoast.com\/wordpress\/plugins\/seo\/ -->\n<title>Unsere Rezepte | Piave DOP K\u00e4se<\/title>\n<meta name=\"robots\" content=\"index, follow, max-snippet:-1, max-image-preview:large, max-video-preview:-1\" \/>\n<link rel=\"canonical\" href=\"https:\/\/www.formaggiopiave.it\/de\/unsere-rezepte\/\" \/>\n<meta property=\"og:locale\" content=\"de_DE\" \/>\n<meta property=\"og:type\" content=\"article\" \/>\n<meta property=\"og:title\" content=\"Unsere Rezepte | Piave DOP K\u00e4se\" \/>\n<meta property=\"og:url\" content=\"https:\/\/www.formaggiopiave.it\/de\/unsere-rezepte\/\" \/>\n<meta property=\"og:site_name\" content=\"Piave DOP K\u00e4se\" \/>\n<meta property=\"article:modified_time\" content=\"2023-07-07T07:48:18+00:00\" \/>\n<meta property=\"og:image\" content=\"https:\/\/www.formaggiopiave.it\/wp-content\/uploads\/2020\/12\/Formaggio_Piave_Banner_ricette.jpg\" \/>\n\t<meta property=\"og:image:width\" content=\"2000\" \/>\n\t<meta property=\"og:image:height\" content=\"1050\" \/>\n\t<meta property=\"og:image:type\" content=\"image\/jpeg\" \/>\n<meta name=\"twitter:card\" content=\"summary_large_image\" \/>\n<meta name=\"twitter:label1\" content=\"Gesch\u00e4tzte Lesezeit\" \/>\n\t<meta name=\"twitter:data1\" content=\"1\u00a0Minute\" \/>\n<script type=\"application\/ld+json\" class=\"yoast-schema-graph\">{\"@context\":\"https:\/\/schema.org\",\"@graph\":[{\"@type\":\"WebPage\",\"@id\":\"https:\/\/www.formaggiopiave.it\/de\/unsere-rezepte\/\",\"url\":\"https:\/\/www.formaggiopiave.it\/de\/unsere-rezepte\/\",\"name\":\"Unsere Rezepte | Piave DOP K\u00e4se\",\"isPartOf\":{\"@id\":\"https:\/\/www.formaggiopiave.it\/de\/#website\"},\"primaryImageOfPage\":{\"@id\":\"https:\/\/www.formaggiopiave.it\/de\/unsere-rezepte\/#primaryimage\"},\"image\":{\"@id\":\"https:\/\/www.formaggiopiave.it\/de\/unsere-rezepte\/#primaryimage\"},\"thumbnailUrl\":\"https:\/\/www.formaggiopiave.it\/wp-content\/uploads\/2020\/12\/Formaggio_Piave_Banner_ricette.jpg\",\"datePublished\":\"2021-03-17T09:57:04+00:00\",\"dateModified\":\"2023-07-07T07:48:18+00:00\",\"breadcrumb\":{\"@id\":\"https:\/\/www.formaggiopiave.it\/de\/unsere-rezepte\/#breadcrumb\"},\"inLanguage\":\"de\",\"potentialAction\":[{\"@type\":\"ReadAction\",\"target\":[\"https:\/\/www.formaggiopiave.it\/de\/unsere-rezepte\/\"]}]},{\"@type\":\"ImageObject\",\"inLanguage\":\"de\",\"@id\":\"https:\/\/www.formaggiopiave.it\/de\/unsere-rezepte\/#primaryimage\",\"url\":\"https:\/\/www.formaggiopiave.it\/wp-content\/uploads\/2020\/12\/Formaggio_Piave_Banner_ricette.jpg\",\"contentUrl\":\"https:\/\/www.formaggiopiave.it\/wp-content\/uploads\/2020\/12\/Formaggio_Piave_Banner_ricette.jpg\",\"width\":2000,\"height\":1050},{\"@type\":\"BreadcrumbList\",\"@id\":\"https:\/\/www.formaggiopiave.it\/de\/unsere-rezepte\/#breadcrumb\",\"itemListElement\":[{\"@type\":\"ListItem\",\"position\":1,\"name\":\"Home\",\"item\":\"https:\/\/www.formaggiopiave.it\/de\/\"},{\"@type\":\"ListItem\",\"position\":2,\"name\":\"Unsere Rezepte\"}]},{\"@type\":\"WebSite\",\"@id\":\"https:\/\/www.formaggiopiave.it\/de\/#website\",\"url\":\"https:\/\/www.formaggiopiave.it\/de\/\",\"name\":\"Piave DOP K\u00e4se\",\"description\":\"Consorzio Tutela Formaggio Piave DOP\",\"publisher\":{\"@id\":\"https:\/\/www.formaggiopiave.it\/de\/#organization\"},\"potentialAction\":[{\"@type\":\"SearchAction\",\"target\":{\"@type\":\"EntryPoint\",\"urlTemplate\":\"https:\/\/www.formaggiopiave.it\/de\/?s={search_term_string}\"},\"query-input\":{\"@type\":\"PropertyValueSpecification\",\"valueRequired\":true,\"valueName\":\"search_term_string\"}}],\"inLanguage\":\"de\"},{\"@type\":\"Organization\",\"@id\":\"https:\/\/www.formaggiopiave.it\/de\/#organization\",\"name\":\"Consorzio Formaggio Piave DOP\",\"url\":\"https:\/\/www.formaggiopiave.it\/de\/\",\"logo\":{\"@type\":\"ImageObject\",\"inLanguage\":\"de\",\"@id\":\"https:\/\/www.formaggiopiave.it\/de\/#\/schema\/logo\/image\/\",\"url\":\"https:\/\/www.formaggiopiave.it\/wp-content\/uploads\/2020\/09\/Logo-Formaggio-Piave-Dop-1.png\",\"contentUrl\":\"https:\/\/www.formaggiopiave.it\/wp-content\/uploads\/2020\/09\/Logo-Formaggio-Piave-Dop-1.png\",\"width\":688,\"height\":273,\"caption\":\"Consorzio Formaggio Piave DOP\"},\"image\":{\"@id\":\"https:\/\/www.formaggiopiave.it\/de\/#\/schema\/logo\/image\/\"}}]}<\/script>\n<!-- \/ Yoast SEO plugin. -->","yoast_head_json":{"title":"Unsere Rezepte | Piave DOP K\u00e4se","robots":{"index":"index","follow":"follow","max-snippet":"max-snippet:-1","max-image-preview":"max-image-preview:large","max-video-preview":"max-video-preview:-1"},"canonical":"https:\/\/www.formaggiopiave.it\/de\/unsere-rezepte\/","og_locale":"de_DE","og_type":"article","og_title":"Unsere Rezepte | Piave DOP K\u00e4se","og_url":"https:\/\/www.formaggiopiave.it\/de\/unsere-rezepte\/","og_site_name":"Piave DOP K\u00e4se","article_modified_time":"2023-07-07T07:48:18+00:00","og_image":[{"width":2000,"height":1050,"url":"https:\/\/www.formaggiopiave.it\/wp-content\/uploads\/2020\/12\/Formaggio_Piave_Banner_ricette.jpg","type":"image\/jpeg"}],"twitter_card":"summary_large_image","twitter_misc":{"Gesch\u00e4tzte Lesezeit":"1\u00a0Minute"},"schema":{"@context":"https:\/\/schema.org","@graph":[{"@type":"WebPage","@id":"https:\/\/www.formaggiopiave.it\/de\/unsere-rezepte\/","url":"https:\/\/www.formaggiopiave.it\/de\/unsere-rezepte\/","name":"Unsere Rezepte | Piave DOP K\u00e4se","isPartOf":{"@id":"https:\/\/www.formaggiopiave.it\/de\/#website"},"primaryImageOfPage":{"@id":"https:\/\/www.formaggiopiave.it\/de\/unsere-rezepte\/#primaryimage"},"image":{"@id":"https:\/\/www.formaggiopiave.it\/de\/unsere-rezepte\/#primaryimage"},"thumbnailUrl":"https:\/\/www.formaggiopiave.it\/wp-content\/uploads\/2020\/12\/Formaggio_Piave_Banner_ricette.jpg","datePublished":"2021-03-17T09:57:04+00:00","dateModified":"2023-07-07T07:48:18+00:00","breadcrumb":{"@id":"https:\/\/www.formaggiopiave.it\/de\/unsere-rezepte\/#breadcrumb"},"inLanguage":"de","potentialAction":[{"@type":"ReadAction","target":["https:\/\/www.formaggiopiave.it\/de\/unsere-rezepte\/"]}]},{"@type":"ImageObject","inLanguage":"de","@id":"https:\/\/www.formaggiopiave.it\/de\/unsere-rezepte\/#primaryimage","url":"https:\/\/www.formaggiopiave.it\/wp-content\/uploads\/2020\/12\/Formaggio_Piave_Banner_ricette.jpg","contentUrl":"https:\/\/www.formaggiopiave.it\/wp-content\/uploads\/2020\/12\/Formaggio_Piave_Banner_ricette.jpg","width":2000,"height":1050},{"@type":"BreadcrumbList","@id":"https:\/\/www.formaggiopiave.it\/de\/unsere-rezepte\/#breadcrumb","itemListElement":[{"@type":"ListItem","position":1,"name":"Home","item":"https:\/\/www.formaggiopiave.it\/de\/"},{"@type":"ListItem","position":2,"name":"Unsere Rezepte"}]},{"@type":"WebSite","@id":"https:\/\/www.formaggiopiave.it\/de\/#website","url":"https:\/\/www.formaggiopiave.it\/de\/","name":"Piave DOP K\u00e4se","description":"Consorzio Tutela Formaggio Piave DOP","publisher":{"@id":"https:\/\/www.formaggiopiave.it\/de\/#organization"},"potentialAction":[{"@type":"SearchAction","target":{"@type":"EntryPoint","urlTemplate":"https:\/\/www.formaggiopiave.it\/de\/?s={search_term_string}"},"query-input":{"@type":"PropertyValueSpecification","valueRequired":true,"valueName":"search_term_string"}}],"inLanguage":"de"},{"@type":"Organization","@id":"https:\/\/www.formaggiopiave.it\/de\/#organization","name":"Consorzio Formaggio Piave DOP","url":"https:\/\/www.formaggiopiave.it\/de\/","logo":{"@type":"ImageObject","inLanguage":"de","@id":"https:\/\/www.formaggiopiave.it\/de\/#\/schema\/logo\/image\/","url":"https:\/\/www.formaggiopiave.it\/wp-content\/uploads\/2020\/09\/Logo-Formaggio-Piave-Dop-1.png","contentUrl":"https:\/\/www.formaggiopiave.it\/wp-content\/uploads\/2020\/09\/Logo-Formaggio-Piave-Dop-1.png","width":688,"height":273,"caption":"Consorzio Formaggio Piave DOP"},"image":{"@id":"https:\/\/www.formaggiopiave.it\/de\/#\/schema\/logo\/image\/"}}]}},"coauthors":[],"author_meta":{"author_link":"https:\/\/www.formaggiopiave.it\/de\/author\/promoservice\/","display_name":"formpiaveadm12020"},"relative_dates":{"created":"Posted 5\u00a0Jahren ago","modified":"Updated 3\u00a0Jahren ago"},"absolute_dates":{"created":"Posted on 17\/03\/2021","modified":"Updated on 07\/07\/2023"},"absolute_dates_time":{"created":"Posted on 17\/03\/2021 10:57","modified":"Updated on 07\/07\/2023 09:48"},"featured_img_caption":"","featured_img":"https:\/\/www.formaggiopiave.it\/wp-content\/uploads\/2020\/12\/Formaggio_Piave_Banner_ricette-1200x630.jpg","series_order":"","_links":{"self":[{"href":"https:\/\/www.formaggiopiave.it\/de\/wp-json\/wp\/v2\/pages\/11006","targetHints":{"allow":["GET"]}}],"collection":[{"href":"https:\/\/www.formaggiopiave.it\/de\/wp-json\/wp\/v2\/pages"}],"about":[{"href":"https:\/\/www.formaggiopiave.it\/de\/wp-json\/wp\/v2\/types\/page"}],"author":[{"embeddable":true,"href":"https:\/\/www.formaggiopiave.it\/de\/wp-json\/wp\/v2\/users\/2"}],"replies":[{"embeddable":true,"href":"https:\/\/www.formaggiopiave.it\/de\/wp-json\/wp\/v2\/comments?post=11006"}],"version-history":[{"count":2,"href":"https:\/\/www.formaggiopiave.it\/de\/wp-json\/wp\/v2\/pages\/11006\/revisions"}],"predecessor-version":[{"id":13882,"href":"https:\/\/www.formaggiopiave.it\/de\/wp-json\/wp\/v2\/pages\/11006\/revisions\/13882"}],"wp:featuredmedia":[{"embeddable":true,"href":"https:\/\/www.formaggiopiave.it\/de\/wp-json\/wp\/v2\/media\/10080"}],"wp:attachment":[{"href":"https:\/\/www.formaggiopiave.it\/de\/wp-json\/wp\/v2\/media?parent=11006"}],"curies":[{"name":"wp","href":"https:\/\/api.w.org\/{rel}","templated":true}]}}