{"id":11128,"date":"2021-03-17T10:59:28","date_gmt":"2021-03-17T09:59:28","guid":{"rendered":"https:\/\/formaggiopiave.promoservicebeta.com\/?page_id=11128"},"modified":"2021-04-22T16:59:29","modified_gmt":"2021-04-22T14:59:29","slug":"zweite-gaenge","status":"publish","type":"page","link":"https:\/\/www.formaggiopiave.it\/de\/unsere-rezepte\/zweite-gaenge\/","title":{"rendered":"Zweite G\u00e4nge"},"content":{"rendered":"<div  class=\"grids-section grids-is-advanced alignwide\" style=\"--_gs-gap-desktop:0px 0px;--_gs-m-desktop:0 0 0 0;--_gs-p-desktop:0 0 0 0;--_gs-bg-desktop:transparent none;--_gs-bg-xp-desktop:0px;--_gs-zi-desktop:auto;--_gs-d-desktop:block;--_gs-mw-desktop:calc(100% - 0 - 0);--_gs-gap-tablet:0px 0px;--_gs-m-tablet:0 0 0 0;--_gs-p-tablet:0 0 0 0;--_gs-bg-tablet:transparent none;--_gs-bg-xp-tablet:0px;--_gs-zi-tablet:auto;--_gs-d-tablet:block;--_gs-mw-tablet:calc(100% - 0 - 0);--_gs-gap-mobile:0px 0px;--_gs-m-mobile:0 0 0 0;--_gs-p-mobile:0 0 0 0;--_gs-bg-mobile:transparent none;--_gs-bg-xp-mobile:0px;--_gs-zi-mobile:auto;--_gs-d-mobile:block;--_gs-mw-mobile:calc(100% - 0 - 0);--_gs-columns:12;--_gs-rows:6\"><div class=\"grids-s-w_i\">\n<div class=\"grids-area\" style=\"--_ga-column:1\/13;--_ga-row:1\/2;--_ga-m-desktop:0 0 40px 0;--_ga-p-desktop:0 0 0 0;--_ga-bg-desktop:transparent none;--_ga-zi-desktop:auto;--_ga-d-desktop:flex;--_ga-mw-desktop:calc(100% - 0 - 0);--_ga-m-tablet:0 0 40px 0;--_ga-p-tablet:0 0 0 0;--_ga-bg-tablet:transparent none;--_ga-zi-tablet:auto;--_ga-d-tablet:flex;--_ga-mw-tablet:calc(100% - 0 - 0);--_ga-m-mobile:0 0 40px 0;--_ga-p-mobile:0 0 0 0;--_ga-bg-mobile:transparent none;--_ga-zi-mobile:auto;--_ga-d-mobile:flex;--_ga-mw-mobile:calc(100% - 0 - 0)\">\n\n<h1 class=\"wp-block-heading\">Zweite G\u00e4nge<\/h1>\n\n\n\n<div style=\"height:40px\" aria-hidden=\"true\" class=\"wp-block-spacer\"><\/div>\n\n\n\n<p>Rezepte f\u00fcr leckere zweite G\u00e4nge mit Piave-K\u00e4se.<\/p>\n\n<\/div>\n\n<div class=\"grids-area\" style=\"--_ga-column:1\/13;--_ga-row:2\/3;--_ga-m-desktop:0 0 0 0;--_ga-p-desktop:30px 40px 30px 0px;--_ga-bg-desktop:transparent none;--_ga-zi-desktop:auto;--_ga-d-desktop:flex;--_ga-mw-desktop:calc(100% - 0 - 0);--_ga-m-tablet:0 0 0 0;--_ga-p-tablet:30px 40px 30px 0px;--_ga-bg-tablet:transparent none;--_ga-zi-tablet:auto;--_ga-d-tablet:flex;--_ga-mw-tablet:calc(100% - 0 - 0);--_ga-m-mobile:0 0 0 0;--_ga-p-mobile:30px 40px 30px 0px;--_ga-bg-mobile:transparent none;--_ga-zi-mobile:auto;--_ga-d-mobile:flex;--_ga-mw-mobile:calc(100% - 0 - 0)\">\n\n<div class=\"recipes-list-container\">\n\t\t\t<div class=\"recipe-row\">\n\t\t\t\t\t<a class=\"recipes-list-container-single\" href=\"https:\/\/www.formaggiopiave.it\/de\/recipes\/gratinierte-rindfleischstueckchen-mit-steinpilzen-und-piave-dop-vecchio\/\">\n\t\t\t\t\n\t\t\t\t<div class=\"recipes-list-container-single-img\" style=\"background-image: url(https:\/\/www.formaggiopiave.it\/wp-content\/uploads\/2020\/12\/Bocconcini-di-manzo-gratinati-ai-porcini-e-Piave-DOP-Vecchio.jpg)\">\n\t\t\t\t<\/div>\n\t\t\t\t\n\t\t\t\t<h3 class=\"tit-recipes\">Gratinierte Rindfleischst\u00fcckchen mit Steinpilzen und Piave DOP Vecchio<\/h3>\n\t\t\t\t<!--<p class=\"recipes-list-container-single-short-description sottotitolo\"><\/p>-->\n\n\t\t\t\t<div class=\"recipes-list-container-single-short-description\">\n\t\t\t\t\t<p>Die Rinderfilets bei starker Hitze in etwas Oliven\u00f6l anbraten, sodass sie im Herzen noch rosa sind. Mit Salz und Pfeffer w\u00fcrzen und mit einem Hauch&#8230;<\/p>\n\t\t\t\t<\/div>\n\n\t\t\t\t<div class=\"recipes-list-container-single-link wp-block-button__link wp-block-button btn float wp-block-buttons\">\n\t\t\t\t\tEntdecken\t\t\t\t<\/div>\n\t\t\t<\/a>\n\t\t\t\t\t\t<a class=\"recipes-list-container-single\" href=\"https:\/\/www.formaggiopiave.it\/de\/recipes\/seesaibling-mit-kartoffeln-soute-und-piave-dop-kaese\/\">\n\t\t\t\t\n\t\t\t\t<div class=\"recipes-list-container-single-img\" style=\"background-image: url(https:\/\/www.formaggiopiave.it\/wp-content\/uploads\/2020\/12\/Salmerino-alpino-con-patate-soute-e-Piave-DOP.jpg)\">\n\t\t\t\t<\/div>\n\t\t\t\t\n\t\t\t\t<h3 class=\"tit-recipes\">Seesaibling mit Kartoffeln Sout\u00e8 und Piave DOP-K\u00e4se<\/h3>\n\t\t\t\t<!--<p class=\"recipes-list-container-single-short-description sottotitolo\"><\/p>-->\n\n\t\t\t\t<div class=\"recipes-list-container-single-short-description\">\n\t\t\t\t\t<p>Die Seesaiblingsfilets in je drei St\u00fccke schneiden, salzen und pfeffern und leicht bemehlt in nativem Oliven\u00f6l extra anbraten. Die in Scheiben geschnittenen Kartoffeln&#8230;<\/p>\n\t\t\t\t<\/div>\n\n\t\t\t\t<div class=\"recipes-list-container-single-link wp-block-button__link wp-block-button btn float wp-block-buttons\">\n\t\t\t\t\tEntdecken\t\t\t\t<\/div>\n\t\t\t<\/a>\n\t\t\t\t\t\t<a class=\"recipes-list-container-single\" href=\"https:\/\/www.formaggiopiave.it\/de\/recipes\/rote-garnelen-und-piave-dop-mezzano\/\">\n\t\t\t\t\n\t\t\t\t<div class=\"recipes-list-container-single-img\" style=\"background-image: url(https:\/\/www.formaggiopiave.it\/wp-content\/uploads\/2020\/12\/Gamberi-rossi-e-Piave-DOP-Mezzano.jpg)\">\n\t\t\t\t<\/div>\n\t\t\t\t\n\t\t\t\t<h3 class=\"tit-recipes\">Rote Garnelen und Piave DOP Mezzano<\/h3>\n\t\t\t\t<!--<p class=\"recipes-list-container-single-short-description sottotitolo\"><\/p>-->\n\n\t\t\t\t<div class=\"recipes-list-container-single-short-description\">\n\t\t\t\t\t<p>Die roten Garnelen s\u00e4ubern, indem der Kopf und der Panzer entfernt werden und den Schwanz aufbewahren&#8230;<\/p>\n\t\t\t\t<\/div>\n\n\t\t\t\t<div class=\"recipes-list-container-single-link wp-block-button__link wp-block-button btn float wp-block-buttons\">\n\t\t\t\t\tEntdecken\t\t\t\t<\/div>\n\t\t\t<\/a>\n\t\t\t\t\t\t<a class=\"recipes-list-container-single\" href=\"https:\/\/www.formaggiopiave.it\/de\/recipes\/gefullte-perlhuhnkeule-mit-frischem-piave-dop-dressing\/\">\n\t\t\t\t\n\t\t\t\t<div class=\"recipes-list-container-single-img\" style=\"background-image: url(https:\/\/www.formaggiopiave.it\/wp-content\/uploads\/2020\/12\/Coscia-di-faraona-farcita-e-dressing-di-Piave-DOP-Fresco.jpg)\">\n\t\t\t\t<\/div>\n\t\t\t\t\n\t\t\t\t<h3 class=\"tit-recipes\">Gef\u00fcllte Perlhuhnkeule mit frischem Piave DOP-Dressing<\/h3>\n\t\t\t\t<!--<p class=\"recipes-list-container-single-short-description sottotitolo\"><\/p>-->\n\n\t\t\t\t<div class=\"recipes-list-container-single-short-description\">\n\t\t\t\t\t<p>Den Schinken, das Brot, den Rosmarin und die Eier zu einem geschmeidigen Teig vermengen&#8230;<\/p>\n\t\t\t\t<\/div>\n\n\t\t\t\t<div class=\"recipes-list-container-single-link wp-block-button__link wp-block-button btn float wp-block-buttons\">\n\t\t\t\t\tEntdecken\t\t\t\t<\/div>\n\t\t\t<\/a>\n\t\t\t\t\t\t<a class=\"recipes-list-container-single\" href=\"https:\/\/www.formaggiopiave.it\/de\/recipes\/knuspriger-korb-mit-pochiertem-ei-salat-und-piave-dop-kaese\/\">\n\t\t\t\t\n\t\t\t\t<div class=\"recipes-list-container-single-img\" style=\"background-image: url(https:\/\/www.formaggiopiave.it\/wp-content\/uploads\/2020\/12\/Cestino-croccante-con-uovo-poche-insalatina-e-Piave-DOP.jpg)\">\n\t\t\t\t<\/div>\n\t\t\t\t\n\t\t\t\t<h3 class=\"tit-recipes\">Knuspriger Korb mit pochiertem Ei, Salat und Piave DOP-K\u00e4se<\/h3>\n\t\t\t\t<!--<p class=\"recipes-list-container-single-short-description sottotitolo\"><\/p>-->\n\n\t\t\t\t<div class=\"recipes-list-container-single-short-description\">\n\t\t\t\t\t<p>F\u00fcr die 4 K\u00f6rbchen: Den geriebenen Piave DOP-K\u00e4se mit dem Maismehl vermengen. Einen Kreis in der gew\u00fcnschten Gr\u00f6\u00dfe auf ein Blatt Backpapier&#8230;<\/p>\n\t\t\t\t<\/div>\n\n\t\t\t\t<div class=\"recipes-list-container-single-link wp-block-button__link wp-block-button btn float wp-block-buttons\">\n\t\t\t\t\tEntdecken\t\t\t\t<\/div>\n\t\t\t<\/a>\n\t\t\t\t\t\t<a class=\"recipes-list-container-single\" href=\"https:\/\/www.formaggiopiave.it\/de\/recipes\/piave-cheeseburger\/\">\n\t\t\t\t\n\t\t\t\t<div class=\"recipes-list-container-single-img\" style=\"background-image: url(https:\/\/www.formaggiopiave.it\/wp-content\/uploads\/2020\/12\/Cheese-Piave-DOP-burger.jpg)\">\n\t\t\t\t<\/div>\n\t\t\t\t\n\t\t\t\t<h3 class=\"tit-recipes\">Piave-Cheeseburger<\/h3>\n\t\t\t\t<!--<p class=\"recipes-list-container-single-short-description sottotitolo\"><\/p>-->\n\n\t\t\t\t<div class=\"recipes-list-container-single-short-description\">\n\t\t\t\t\t<p>Die Burger mit etwas \u00d6l in einer beschichteten Pfanne anbraten&#8230;<\/p>\n\t\t\t\t<\/div>\n\n\t\t\t\t<div class=\"recipes-list-container-single-link wp-block-button__link wp-block-button btn float wp-block-buttons\">\n\t\t\t\t\tEntdecken\t\t\t\t<\/div>\n\t\t\t<\/a>\n\t\t\t\t\t\t<a class=\"recipes-list-container-single\" href=\"https:\/\/www.formaggiopiave.it\/de\/recipes\/omelette-mit-wildhopfen-und-piave-dop-vecchio\/\">\n\t\t\t\t\n\t\t\t\t<div class=\"recipes-list-container-single-img\" style=\"background-image: url(https:\/\/www.formaggiopiave.it\/wp-content\/uploads\/2020\/12\/Frittata-di-luppolo-selvatico-e-Piave-DOP-Vecchio.jpg)\">\n\t\t\t\t<\/div>\n\t\t\t\t\n\t\t\t\t<h3 class=\"tit-recipes\">Omelette mit Wildhopfen und Piave DOP Vecchio<\/h3>\n\t\t\t\t<!--<p class=\"recipes-list-container-single-short-description sottotitolo\"><\/p>-->\n\n\t\t\t\t<div class=\"recipes-list-container-single-short-description\">\n\t\t\t\t\t<p>Alle Zutaten in einer Sch\u00fcssel zusammengeben und die Mischung in eine Antihaft-Pfanne geben. Bei schwacher Hitze ca. 5 Minuten&#8230;<\/p>\n\t\t\t\t<\/div>\n\n\t\t\t\t<div class=\"recipes-list-container-single-link wp-block-button__link wp-block-button btn float wp-block-buttons\">\n\t\t\t\t\tEntdecken\t\t\t\t<\/div>\n\t\t\t<\/a>\n\t\t\t\t\t\t<a class=\"recipes-list-container-single\" href=\"https:\/\/www.formaggiopiave.it\/de\/recipes\/grilled-piave-cheese-with-artichoke-cream\/\">\n\t\t\t\t\n\t\t\t\t<div class=\"recipes-list-container-single-img\" style=\"background-image: url(https:\/\/www.formaggiopiave.it\/wp-content\/uploads\/2020\/12\/formaggio-piastra.png)\">\n\t\t\t\t<\/div>\n\t\t\t\t\n\t\t\t\t<h3 class=\"tit-recipes\">Gegrillter K\u00e4se piave dop (g.U.) mit Artischockencreme<\/h3>\n\t\t\t\t<!--<p class=\"recipes-list-container-single-short-description sottotitolo\"><\/p>-->\n\n\t\t\t\t<div class=\"recipes-list-container-single-short-description\">\n\t\t\t\t\t<p>Die Artischocken putzen und fein schneiden. In einer Pfanne die Schalotte in hei\u00dfem \u00d6l anbraten. Die Artischocken zugeben&#8230;&#8230;<\/p>\n\t\t\t\t<\/div>\n\n\t\t\t\t<div class=\"recipes-list-container-single-link wp-block-button__link wp-block-button btn float wp-block-buttons\">\n\t\t\t\t\tEntdecken\t\t\t\t<\/div>\n\t\t\t<\/a>\n\t\t\t\t\t\t<a class=\"recipes-list-container-single\" href=\"https:\/\/www.formaggiopiave.it\/de\/recipes\/safran-kartoffelbaellchen-mit-piave-dop-kaese-an-fleischstreifen-und-sautiertem-gemuesezutaten\/\">\n\t\t\t\t\n\t\t\t\t<div class=\"recipes-list-container-single-img\" style=\"background-image: url(https:\/\/www.formaggiopiave.it\/wp-content\/uploads\/2022\/07\/MARCS-IMG_0014-scaled.jpg)\">\n\t\t\t\t<\/div>\n\t\t\t\t\n\t\t\t\t<h3 class=\"tit-recipes\">Safran-Kartoffelb\u00e4Llchen mit Piave Dop-K\u00e4se an Fleischstreifen und Sautiertem Gem\u00fcSezutaten<\/h3>\n\t\t\t\t<!--<p class=\"recipes-list-container-single-short-description sottotitolo\"><\/p>-->\n\n\t\t\t\t<div class=\"recipes-list-container-single-short-description\">\n\t\t\t\t\t\t\t\t\t<\/div>\n\n\t\t\t\t<div class=\"recipes-list-container-single-link wp-block-button__link wp-block-button btn float wp-block-buttons\">\n\t\t\t\t\tEntdecken\t\t\t\t<\/div>\n\t\t\t<\/a>\n\t\t\t\t\t\t<a class=\"recipes-list-container-single\" href=\"https:\/\/www.formaggiopiave.it\/de\/recipes\/auberginenflan-mit-piave-dop-mezzano\/\">\n\t\t\t\t\n\t\t\t\t<div class=\"recipes-list-container-single-img\" style=\"background-image: url(https:\/\/www.formaggiopiave.it\/wp-content\/uploads\/2020\/12\/Sformatino-di-melanzane-e-Piave-DOP-Mezzano.jpg)\">\n\t\t\t\t<\/div>\n\t\t\t\t\n\t\t\t\t<h3 class=\"tit-recipes\">Auberginenflan mit Piave DOP Mezzano<\/h3>\n\t\t\t\t<!--<p class=\"recipes-list-container-single-short-description sottotitolo\"><\/p>-->\n\n\t\t\t\t<div class=\"recipes-list-container-single-short-description\">\n\t\t\t\t\t<p>Die Auberginen gut waschen, in sehr d\u00fcnne und gleichm\u00e4\u00dfige Scheiben schneiden, in Mehl schw\u00e4nken und in reichlich kochendem \u00d6l braten. Abtropfen lassen und&#8230;<\/p>\n\t\t\t\t<\/div>\n\n\t\t\t\t<div class=\"recipes-list-container-single-link wp-block-button__link wp-block-button btn float wp-block-buttons\">\n\t\t\t\t\tEntdecken\t\t\t\t<\/div>\n\t\t\t<\/a>\n\t\t\t\t\t\t<\/div>\n\t<\/div>\n\n<!--<script type=\"text\/javascript\">\n    jQuery(document).ready(function () {\n        \/\/initialize swiper when document ready\n        var mySwiper = new Swiper ('.recipes-list-container', {\n            \/\/ Optional parameters\n            slidesPerView: 3,\n            spaceBetween: 30,\n            loop: false        })\n    });\n<\/script>-->\n\n\n\n<\/div>\n<\/div><\/div>","protected":false},"excerpt":{"rendered":"","protected":false},"author":2,"featured_media":12231,"parent":11006,"menu_order":1,"comment_status":"closed","ping_status":"closed","template":"","meta":{"_acf_changed":false,"advgb_blocks_editor_width":"","advgb_blocks_columns_visual_guide":"","footnotes":""},"class_list":["post-11128","page","type-page","status-publish","has-post-thumbnail","hentry"],"acf":[],"yoast_head":"<!-- This site is optimized with the Yoast SEO plugin v25.8 - https:\/\/yoast.com\/wordpress\/plugins\/seo\/ -->\n<title>Zweite G\u00e4nge | Piave DOP K\u00e4se<\/title>\n<meta name=\"robots\" content=\"index, follow, max-snippet:-1, max-image-preview:large, max-video-preview:-1\" \/>\n<link rel=\"canonical\" href=\"https:\/\/www.formaggiopiave.it\/de\/unsere-rezepte\/zweite-gaenge\/\" \/>\n<meta property=\"og:locale\" content=\"de_DE\" \/>\n<meta property=\"og:type\" content=\"article\" \/>\n<meta property=\"og:title\" content=\"Zweite G\u00e4nge | Piave DOP K\u00e4se\" \/>\n<meta property=\"og:url\" content=\"https:\/\/www.formaggiopiave.it\/de\/unsere-rezepte\/zweite-gaenge\/\" \/>\n<meta property=\"og:site_name\" content=\"Piave DOP K\u00e4se\" \/>\n<meta property=\"article:modified_time\" content=\"2021-04-22T14:59:29+00:00\" \/>\n<meta property=\"og:image\" content=\"https:\/\/www.formaggiopiave.it\/wp-content\/uploads\/2021\/04\/coscia-faraonadressing-piave-fresco1-1-scaled.jpg\" \/>\n\t<meta property=\"og:image:width\" content=\"2560\" \/>\n\t<meta property=\"og:image:height\" content=\"2204\" \/>\n\t<meta property=\"og:image:type\" content=\"image\/jpeg\" \/>\n<meta name=\"twitter:card\" content=\"summary_large_image\" \/>\n<script type=\"application\/ld+json\" class=\"yoast-schema-graph\">{\"@context\":\"https:\/\/schema.org\",\"@graph\":[{\"@type\":\"WebPage\",\"@id\":\"https:\/\/www.formaggiopiave.it\/de\/unsere-rezepte\/zweite-gaenge\/\",\"url\":\"https:\/\/www.formaggiopiave.it\/de\/unsere-rezepte\/zweite-gaenge\/\",\"name\":\"Zweite G\u00e4nge | Piave DOP K\u00e4se\",\"isPartOf\":{\"@id\":\"https:\/\/www.formaggiopiave.it\/de\/#website\"},\"primaryImageOfPage\":{\"@id\":\"https:\/\/www.formaggiopiave.it\/de\/unsere-rezepte\/zweite-gaenge\/#primaryimage\"},\"image\":{\"@id\":\"https:\/\/www.formaggiopiave.it\/de\/unsere-rezepte\/zweite-gaenge\/#primaryimage\"},\"thumbnailUrl\":\"https:\/\/www.formaggiopiave.it\/wp-content\/uploads\/2021\/04\/coscia-faraonadressing-piave-fresco1-1-scaled.jpg\",\"datePublished\":\"2021-03-17T09:59:28+00:00\",\"dateModified\":\"2021-04-22T14:59:29+00:00\",\"breadcrumb\":{\"@id\":\"https:\/\/www.formaggiopiave.it\/de\/unsere-rezepte\/zweite-gaenge\/#breadcrumb\"},\"inLanguage\":\"de\",\"potentialAction\":[{\"@type\":\"ReadAction\",\"target\":[\"https:\/\/www.formaggiopiave.it\/de\/unsere-rezepte\/zweite-gaenge\/\"]}]},{\"@type\":\"ImageObject\",\"inLanguage\":\"de\",\"@id\":\"https:\/\/www.formaggiopiave.it\/de\/unsere-rezepte\/zweite-gaenge\/#primaryimage\",\"url\":\"https:\/\/www.formaggiopiave.it\/wp-content\/uploads\/2021\/04\/coscia-faraonadressing-piave-fresco1-1-scaled.jpg\",\"contentUrl\":\"https:\/\/www.formaggiopiave.it\/wp-content\/uploads\/2021\/04\/coscia-faraonadressing-piave-fresco1-1-scaled.jpg\",\"width\":2560,\"height\":2204},{\"@type\":\"BreadcrumbList\",\"@id\":\"https:\/\/www.formaggiopiave.it\/de\/unsere-rezepte\/zweite-gaenge\/#breadcrumb\",\"itemListElement\":[{\"@type\":\"ListItem\",\"position\":1,\"name\":\"Home\",\"item\":\"https:\/\/www.formaggiopiave.it\/de\/\"},{\"@type\":\"ListItem\",\"position\":2,\"name\":\"Unsere Rezepte\",\"item\":\"https:\/\/www.formaggiopiave.it\/de\/unsere-rezepte\/\"},{\"@type\":\"ListItem\",\"position\":3,\"name\":\"Zweite G\u00e4nge\"}]},{\"@type\":\"WebSite\",\"@id\":\"https:\/\/www.formaggiopiave.it\/de\/#website\",\"url\":\"https:\/\/www.formaggiopiave.it\/de\/\",\"name\":\"Piave DOP K\u00e4se\",\"description\":\"Consorzio Tutela Formaggio Piave DOP\",\"publisher\":{\"@id\":\"https:\/\/www.formaggiopiave.it\/de\/#organization\"},\"potentialAction\":[{\"@type\":\"SearchAction\",\"target\":{\"@type\":\"EntryPoint\",\"urlTemplate\":\"https:\/\/www.formaggiopiave.it\/de\/?s={search_term_string}\"},\"query-input\":{\"@type\":\"PropertyValueSpecification\",\"valueRequired\":true,\"valueName\":\"search_term_string\"}}],\"inLanguage\":\"de\"},{\"@type\":\"Organization\",\"@id\":\"https:\/\/www.formaggiopiave.it\/de\/#organization\",\"name\":\"Consorzio Formaggio Piave DOP\",\"url\":\"https:\/\/www.formaggiopiave.it\/de\/\",\"logo\":{\"@type\":\"ImageObject\",\"inLanguage\":\"de\",\"@id\":\"https:\/\/www.formaggiopiave.it\/de\/#\/schema\/logo\/image\/\",\"url\":\"https:\/\/www.formaggiopiave.it\/wp-content\/uploads\/2020\/09\/Logo-Formaggio-Piave-Dop-1.png\",\"contentUrl\":\"https:\/\/www.formaggiopiave.it\/wp-content\/uploads\/2020\/09\/Logo-Formaggio-Piave-Dop-1.png\",\"width\":688,\"height\":273,\"caption\":\"Consorzio Formaggio Piave DOP\"},\"image\":{\"@id\":\"https:\/\/www.formaggiopiave.it\/de\/#\/schema\/logo\/image\/\"}}]}<\/script>\n<!-- \/ Yoast SEO plugin. -->","yoast_head_json":{"title":"Zweite G\u00e4nge | Piave DOP K\u00e4se","robots":{"index":"index","follow":"follow","max-snippet":"max-snippet:-1","max-image-preview":"max-image-preview:large","max-video-preview":"max-video-preview:-1"},"canonical":"https:\/\/www.formaggiopiave.it\/de\/unsere-rezepte\/zweite-gaenge\/","og_locale":"de_DE","og_type":"article","og_title":"Zweite G\u00e4nge | Piave DOP K\u00e4se","og_url":"https:\/\/www.formaggiopiave.it\/de\/unsere-rezepte\/zweite-gaenge\/","og_site_name":"Piave DOP K\u00e4se","article_modified_time":"2021-04-22T14:59:29+00:00","og_image":[{"width":2560,"height":2204,"url":"https:\/\/www.formaggiopiave.it\/wp-content\/uploads\/2021\/04\/coscia-faraonadressing-piave-fresco1-1-scaled.jpg","type":"image\/jpeg"}],"twitter_card":"summary_large_image","schema":{"@context":"https:\/\/schema.org","@graph":[{"@type":"WebPage","@id":"https:\/\/www.formaggiopiave.it\/de\/unsere-rezepte\/zweite-gaenge\/","url":"https:\/\/www.formaggiopiave.it\/de\/unsere-rezepte\/zweite-gaenge\/","name":"Zweite G\u00e4nge | Piave DOP K\u00e4se","isPartOf":{"@id":"https:\/\/www.formaggiopiave.it\/de\/#website"},"primaryImageOfPage":{"@id":"https:\/\/www.formaggiopiave.it\/de\/unsere-rezepte\/zweite-gaenge\/#primaryimage"},"image":{"@id":"https:\/\/www.formaggiopiave.it\/de\/unsere-rezepte\/zweite-gaenge\/#primaryimage"},"thumbnailUrl":"https:\/\/www.formaggiopiave.it\/wp-content\/uploads\/2021\/04\/coscia-faraonadressing-piave-fresco1-1-scaled.jpg","datePublished":"2021-03-17T09:59:28+00:00","dateModified":"2021-04-22T14:59:29+00:00","breadcrumb":{"@id":"https:\/\/www.formaggiopiave.it\/de\/unsere-rezepte\/zweite-gaenge\/#breadcrumb"},"inLanguage":"de","potentialAction":[{"@type":"ReadAction","target":["https:\/\/www.formaggiopiave.it\/de\/unsere-rezepte\/zweite-gaenge\/"]}]},{"@type":"ImageObject","inLanguage":"de","@id":"https:\/\/www.formaggiopiave.it\/de\/unsere-rezepte\/zweite-gaenge\/#primaryimage","url":"https:\/\/www.formaggiopiave.it\/wp-content\/uploads\/2021\/04\/coscia-faraonadressing-piave-fresco1-1-scaled.jpg","contentUrl":"https:\/\/www.formaggiopiave.it\/wp-content\/uploads\/2021\/04\/coscia-faraonadressing-piave-fresco1-1-scaled.jpg","width":2560,"height":2204},{"@type":"BreadcrumbList","@id":"https:\/\/www.formaggiopiave.it\/de\/unsere-rezepte\/zweite-gaenge\/#breadcrumb","itemListElement":[{"@type":"ListItem","position":1,"name":"Home","item":"https:\/\/www.formaggiopiave.it\/de\/"},{"@type":"ListItem","position":2,"name":"Unsere Rezepte","item":"https:\/\/www.formaggiopiave.it\/de\/unsere-rezepte\/"},{"@type":"ListItem","position":3,"name":"Zweite G\u00e4nge"}]},{"@type":"WebSite","@id":"https:\/\/www.formaggiopiave.it\/de\/#website","url":"https:\/\/www.formaggiopiave.it\/de\/","name":"Piave DOP K\u00e4se","description":"Consorzio Tutela Formaggio Piave DOP","publisher":{"@id":"https:\/\/www.formaggiopiave.it\/de\/#organization"},"potentialAction":[{"@type":"SearchAction","target":{"@type":"EntryPoint","urlTemplate":"https:\/\/www.formaggiopiave.it\/de\/?s={search_term_string}"},"query-input":{"@type":"PropertyValueSpecification","valueRequired":true,"valueName":"search_term_string"}}],"inLanguage":"de"},{"@type":"Organization","@id":"https:\/\/www.formaggiopiave.it\/de\/#organization","name":"Consorzio Formaggio Piave DOP","url":"https:\/\/www.formaggiopiave.it\/de\/","logo":{"@type":"ImageObject","inLanguage":"de","@id":"https:\/\/www.formaggiopiave.it\/de\/#\/schema\/logo\/image\/","url":"https:\/\/www.formaggiopiave.it\/wp-content\/uploads\/2020\/09\/Logo-Formaggio-Piave-Dop-1.png","contentUrl":"https:\/\/www.formaggiopiave.it\/wp-content\/uploads\/2020\/09\/Logo-Formaggio-Piave-Dop-1.png","width":688,"height":273,"caption":"Consorzio Formaggio Piave DOP"},"image":{"@id":"https:\/\/www.formaggiopiave.it\/de\/#\/schema\/logo\/image\/"}}]}},"coauthors":[],"author_meta":{"author_link":"https:\/\/www.formaggiopiave.it\/de\/author\/promoservice\/","display_name":"formpiaveadm12020"},"relative_dates":{"created":"Posted 5\u00a0Jahren ago","modified":"Updated 5\u00a0Jahren ago"},"absolute_dates":{"created":"Posted on 17\/03\/2021","modified":"Updated on 22\/04\/2021"},"absolute_dates_time":{"created":"Posted on 17\/03\/2021 10:59","modified":"Updated on 22\/04\/2021 16:59"},"featured_img_caption":"","featured_img":"https:\/\/www.formaggiopiave.it\/wp-content\/uploads\/2021\/04\/coscia-faraonadressing-piave-fresco1-1-1200x1033.jpg","series_order":"","_links":{"self":[{"href":"https:\/\/www.formaggiopiave.it\/de\/wp-json\/wp\/v2\/pages\/11128","targetHints":{"allow":["GET"]}}],"collection":[{"href":"https:\/\/www.formaggiopiave.it\/de\/wp-json\/wp\/v2\/pages"}],"about":[{"href":"https:\/\/www.formaggiopiave.it\/de\/wp-json\/wp\/v2\/types\/page"}],"author":[{"embeddable":true,"href":"https:\/\/www.formaggiopiave.it\/de\/wp-json\/wp\/v2\/users\/2"}],"replies":[{"embeddable":true,"href":"https:\/\/www.formaggiopiave.it\/de\/wp-json\/wp\/v2\/comments?post=11128"}],"version-history":[{"count":0,"href":"https:\/\/www.formaggiopiave.it\/de\/wp-json\/wp\/v2\/pages\/11128\/revisions"}],"up":[{"embeddable":true,"href":"https:\/\/www.formaggiopiave.it\/de\/wp-json\/wp\/v2\/pages\/11006"}],"wp:featuredmedia":[{"embeddable":true,"href":"https:\/\/www.formaggiopiave.it\/de\/wp-json\/wp\/v2\/media\/12231"}],"wp:attachment":[{"href":"https:\/\/www.formaggiopiave.it\/de\/wp-json\/wp\/v2\/media?parent=11128"}],"curies":[{"name":"wp","href":"https:\/\/api.w.org\/{rel}","templated":true}]}}