{"id":11133,"date":"2021-03-17T11:15:25","date_gmt":"2021-03-17T10:15:25","guid":{"rendered":"https:\/\/formaggiopiave.promoservicebeta.com\/?page_id=11133"},"modified":"2021-04-22T16:59:15","modified_gmt":"2021-04-22T14:59:15","slug":"desserts","status":"publish","type":"page","link":"https:\/\/www.formaggiopiave.it\/de\/unsere-rezepte\/desserts\/","title":{"rendered":"Desserts"},"content":{"rendered":"<div  class=\"grids-section grids-is-advanced alignwide\" style=\"--_gs-gap-desktop:0px 0px;--_gs-m-desktop:0 0 0 0;--_gs-p-desktop:0 0 0 0;--_gs-bg-desktop:transparent none;--_gs-bg-xp-desktop:0px;--_gs-zi-desktop:auto;--_gs-d-desktop:block;--_gs-mw-desktop:calc(100% - 0 - 0);--_gs-gap-tablet:0px 0px;--_gs-m-tablet:0 0 0 0;--_gs-p-tablet:0 0 0 0;--_gs-bg-tablet:transparent none;--_gs-bg-xp-tablet:0px;--_gs-zi-tablet:auto;--_gs-d-tablet:block;--_gs-mw-tablet:calc(100% - 0 - 0);--_gs-gap-mobile:0px 0px;--_gs-m-mobile:0 0 0 0;--_gs-p-mobile:0 0 0 0;--_gs-bg-mobile:transparent none;--_gs-bg-xp-mobile:0px;--_gs-zi-mobile:auto;--_gs-d-mobile:block;--_gs-mw-mobile:calc(100% - 0 - 0);--_gs-columns:12;--_gs-rows:6\"><div class=\"grids-s-w_i\">\n<div class=\"grids-area\" style=\"--_ga-column:1\/13;--_ga-row:1\/2;--_ga-m-desktop:0 0 40px 0;--_ga-p-desktop:0 0 0 0;--_ga-bg-desktop:transparent none;--_ga-zi-desktop:auto;--_ga-d-desktop:flex;--_ga-mw-desktop:calc(100% - 0 - 0);--_ga-m-tablet:0 0 40px 0;--_ga-p-tablet:0 0 0 0;--_ga-bg-tablet:transparent none;--_ga-zi-tablet:auto;--_ga-d-tablet:flex;--_ga-mw-tablet:calc(100% - 0 - 0);--_ga-m-mobile:0 0 40px 0;--_ga-p-mobile:0 0 0 0;--_ga-bg-mobile:transparent none;--_ga-zi-mobile:auto;--_ga-d-mobile:flex;--_ga-mw-mobile:calc(100% - 0 - 0)\">\n\n<h1 class=\"wp-block-heading\">Desserts<\/h1>\n\n\n\n<div style=\"height:40px\" aria-hidden=\"true\" class=\"wp-block-spacer\"><\/div>\n\n\n\n<p>au\u00dfergew\u00f6hnliche Desserts mit Piave-K\u00e4se.<\/p>\n\n<\/div>\n\n<div class=\"grids-area\" style=\"--_ga-column:1\/13;--_ga-row:2\/3;--_ga-m-desktop:0 0 0 0;--_ga-p-desktop:30px 40px 30px 0px;--_ga-bg-desktop:transparent none;--_ga-zi-desktop:auto;--_ga-d-desktop:flex;--_ga-mw-desktop:calc(100% - 0 - 0);--_ga-m-tablet:0 0 0 0;--_ga-p-tablet:30px 40px 30px 0px;--_ga-bg-tablet:transparent none;--_ga-zi-tablet:auto;--_ga-d-tablet:flex;--_ga-mw-tablet:calc(100% - 0 - 0);--_ga-m-mobile:0 0 0 0;--_ga-p-mobile:30px 40px 30px 0px;--_ga-bg-mobile:transparent none;--_ga-zi-mobile:auto;--_ga-d-mobile:flex;--_ga-mw-mobile:calc(100% - 0 - 0)\">\n\n<div class=\"recipes-list-container\">\n\t\t\t<div class=\"recipe-row\">\n\t\t\t\t\t<a class=\"recipes-list-container-single\" href=\"https:\/\/www.formaggiopiave.it\/de\/recipes\/eis-aus-piave-dop-fresco-und-birnen\/\">\n\t\t\t\t\n\t\t\t\t<div class=\"recipes-list-container-single-img\" style=\"background-image: url(https:\/\/www.formaggiopiave.it\/wp-content\/uploads\/2020\/12\/Gelato-con-Piave-DOP-Fresco-e-pere.jpg)\">\n\t\t\t\t<\/div>\n\t\t\t\t\n\t\t\t\t<h3 class=\"tit-recipes\">Eis aus Piave DOP Fresco und Birnen<\/h3>\n\t\t\t\t<!--<p class=\"recipes-list-container-single-short-description sottotitolo\"><\/p>-->\n\n\t\t\t\t<div class=\"recipes-list-container-single-short-description\">\n\t\t\t\t\t<p>Zucker und Eier mit dem Schneebesen verr\u00fchren, den Robiola-K\u00e4se, die Milch, die Sahne und ggf. das Salz hinzuf\u00fcgen&#8230;<\/p>\n\t\t\t\t<\/div>\n\n\t\t\t\t<div class=\"recipes-list-container-single-link wp-block-button__link wp-block-button btn float wp-block-buttons\">\n\t\t\t\t\tEntdecken\t\t\t\t<\/div>\n\t\t\t<\/a>\n\t\t\t\t\t\t<a class=\"recipes-list-container-single\" href=\"https:\/\/www.formaggiopiave.it\/de\/recipes\/kasekuchen-mit-piave-dop-und-himbeergelee\/\">\n\t\t\t\t\n\t\t\t\t<div class=\"recipes-list-container-single-img\" style=\"background-image: url(https:\/\/www.formaggiopiave.it\/wp-content\/uploads\/2020\/12\/Cheesecake-al-Piave-DOP-e-gelatina-di-lampone-1.jpg)\">\n\t\t\t\t<\/div>\n\t\t\t\t\n\t\t\t\t<h3 class=\"tit-recipes\">K\u00e4sekuchen mit Piave DOP und Himbeergelee<\/h3>\n\t\t\t\t<!--<p class=\"recipes-list-container-single-short-description sottotitolo\"><\/p>-->\n\n\t\t\t\t<div class=\"recipes-list-container-single-short-description\">\n\t\t\t\t\t<p>Die Kekse mit dem Mixer verr\u00fchren und mit 2-3 Essl\u00f6ffeln Rum aromatiesieren&#8230;<\/p>\n\t\t\t\t<\/div>\n\n\t\t\t\t<div class=\"recipes-list-container-single-link wp-block-button__link wp-block-button btn float wp-block-buttons\">\n\t\t\t\t\tEntdecken\t\t\t\t<\/div>\n\t\t\t<\/a>\n\t\t\t\t\t\t<a class=\"recipes-list-container-single\" href=\"https:\/\/www.formaggiopiave.it\/de\/recipes\/gefrorene-piave-dop-mousse-mit-erdbeeren-und-balsamico-essig\/\">\n\t\t\t\t\n\t\t\t\t<div class=\"recipes-list-container-single-img\" style=\"background-image: url(https:\/\/www.formaggiopiave.it\/wp-content\/uploads\/2020\/12\/Mousse-gelata-di-Piave-DOP-con-fragole-e-aceto-balsamico.jpg)\">\n\t\t\t\t<\/div>\n\t\t\t\t\n\t\t\t\t<h3 class=\"tit-recipes\">Gefrorene Piave DOP-Mousse mit Erdbeeren und Balsamico-Essig<\/h3>\n\t\t\t\t<!--<p class=\"recipes-list-container-single-short-description sottotitolo\"><\/p>-->\n\n\t\t\t\t<div class=\"recipes-list-container-single-short-description\">\n\t\t\t\t\t<p>In einem hei\u00dfen Wasserbad (ein Topf mit Wasser, der zum Erhitzen auf das Feuer gestellt wird und in den ein weiterer Topf mit dem Eiwei\u00df&#8230;<\/p>\n\t\t\t\t<\/div>\n\n\t\t\t\t<div class=\"recipes-list-container-single-link wp-block-button__link wp-block-button btn float wp-block-buttons\">\n\t\t\t\t\tEntdecken\t\t\t\t<\/div>\n\t\t\t<\/a>\n\t\t\t\t\t\t<a class=\"recipes-list-container-single\" href=\"https:\/\/www.formaggiopiave.it\/de\/recipes\/pralinen-gefuellt-mit-piave-dop-kaese\/\">\n\t\t\t\t\n\t\t\t\t<div class=\"recipes-list-container-single-img\" style=\"background-image: url(https:\/\/www.formaggiopiave.it\/wp-content\/uploads\/2020\/12\/Cioccolatini-ripieni-di-formaggio-Piave-DOP.jpg)\">\n\t\t\t\t<\/div>\n\t\t\t\t\n\t\t\t\t<h3 class=\"tit-recipes\">Pralinen gef\u00fcllt mit Piave DOP-K\u00e4se<\/h3>\n\t\t\t\t<!--<p class=\"recipes-list-container-single-short-description sottotitolo\"><\/p>-->\n\n\t\t\t\t<div class=\"recipes-list-container-single-short-description\">\n\t\t\t\t\t<p>Die hei\u00dfe Sahne mit dem Piave DOP schmelzen und die gehackten Pistazien unter leichtem R\u00fchren hinzuf\u00fcgen, ohne Klumpen zu bilden. Die dunkle Schokolade&#8230;<\/p>\n\t\t\t\t<\/div>\n\n\t\t\t\t<div class=\"recipes-list-container-single-link wp-block-button__link wp-block-button btn float wp-block-buttons\">\n\t\t\t\t\tEntdecken\t\t\t\t<\/div>\n\t\t\t<\/a>\n\t\t\t\t\t\t<a class=\"recipes-list-container-single\" href=\"https:\/\/www.formaggiopiave.it\/de\/recipes\/herzhafte-bacio-di-dama-eistuete-mit-piave-dop-kaese-und-birnen\/\">\n\t\t\t\t\n\t\t\t\t<div class=\"recipes-list-container-single-img\" style=\"background-image: url(https:\/\/www.formaggiopiave.it\/wp-content\/uploads\/2020\/12\/Bacio-di-dama-salato-Cono-gelato-al-Piave-DOP-e-pere.jpg)\">\n\t\t\t\t<\/div>\n\t\t\t\t\n\t\t\t\t<h3 class=\"tit-recipes\">Herzhafte Bacio di Dama-Eist\u00fcte mit Piave DOP-K\u00e4se und Birnen<\/h3>\n\t\t\t\t<!--<p class=\"recipes-list-container-single-short-description sottotitolo\"><\/p>-->\n\n\t\t\t\t<div class=\"recipes-list-container-single-short-description\">\n\t\t\t\t\t<p>Die weiche Butter bei Raumtemperatur mit dem geriebenen Piave DOP-K\u00e4se und dem Mehl vermengen. Von Hand kneten und Kugeln formen. In die gehackten Pistazien&#8230;<\/p>\n\t\t\t\t<\/div>\n\n\t\t\t\t<div class=\"recipes-list-container-single-link wp-block-button__link wp-block-button btn float wp-block-buttons\">\n\t\t\t\t\tEntdecken\t\t\t\t<\/div>\n\t\t\t<\/a>\n\t\t\t\t\t\t<\/div>\n\t<\/div>\n\n<!--<script type=\"text\/javascript\">\n    jQuery(document).ready(function () {\n        \/\/initialize swiper when document ready\n        var mySwiper = new Swiper ('.recipes-list-container', {\n            \/\/ Optional parameters\n            slidesPerView: 3,\n            spaceBetween: 30,\n            loop: false        })\n    });\n<\/script>-->\n\n\n\n<\/div>\n<\/div><\/div>","protected":false},"excerpt":{"rendered":"","protected":false},"author":2,"featured_media":10090,"parent":11006,"menu_order":1,"comment_status":"closed","ping_status":"closed","template":"","meta":{"_acf_changed":false,"advgb_blocks_editor_width":"","advgb_blocks_columns_visual_guide":"","footnotes":""},"class_list":["post-11133","page","type-page","status-publish","has-post-thumbnail","hentry"],"acf":[],"yoast_head":"<!-- This site is optimized with the Yoast SEO plugin v25.8 - https:\/\/yoast.com\/wordpress\/plugins\/seo\/ -->\n<title>Desserts | Piave DOP K\u00e4se<\/title>\n<meta name=\"robots\" content=\"index, follow, max-snippet:-1, max-image-preview:large, max-video-preview:-1\" \/>\n<link rel=\"canonical\" href=\"https:\/\/www.formaggiopiave.it\/de\/unsere-rezepte\/desserts\/\" \/>\n<meta property=\"og:locale\" content=\"de_DE\" \/>\n<meta property=\"og:type\" content=\"article\" \/>\n<meta property=\"og:title\" content=\"Desserts | Piave DOP K\u00e4se\" \/>\n<meta property=\"og:url\" content=\"https:\/\/www.formaggiopiave.it\/de\/unsere-rezepte\/desserts\/\" \/>\n<meta property=\"og:site_name\" content=\"Piave DOP K\u00e4se\" \/>\n<meta property=\"article:modified_time\" content=\"2021-04-22T14:59:15+00:00\" \/>\n<meta property=\"og:image\" content=\"https:\/\/www.formaggiopiave.it\/wp-content\/uploads\/2020\/12\/Formaggio_Piave_Banner_ricette_dolci.jpg\" \/>\n\t<meta property=\"og:image:width\" content=\"2000\" \/>\n\t<meta property=\"og:image:height\" content=\"1050\" \/>\n\t<meta property=\"og:image:type\" content=\"image\/jpeg\" \/>\n<meta name=\"twitter:card\" content=\"summary_large_image\" \/>\n<script type=\"application\/ld+json\" class=\"yoast-schema-graph\">{\"@context\":\"https:\/\/schema.org\",\"@graph\":[{\"@type\":\"WebPage\",\"@id\":\"https:\/\/www.formaggiopiave.it\/de\/unsere-rezepte\/desserts\/\",\"url\":\"https:\/\/www.formaggiopiave.it\/de\/unsere-rezepte\/desserts\/\",\"name\":\"Desserts | Piave DOP K\u00e4se\",\"isPartOf\":{\"@id\":\"https:\/\/www.formaggiopiave.it\/de\/#website\"},\"primaryImageOfPage\":{\"@id\":\"https:\/\/www.formaggiopiave.it\/de\/unsere-rezepte\/desserts\/#primaryimage\"},\"image\":{\"@id\":\"https:\/\/www.formaggiopiave.it\/de\/unsere-rezepte\/desserts\/#primaryimage\"},\"thumbnailUrl\":\"https:\/\/www.formaggiopiave.it\/wp-content\/uploads\/2020\/12\/Formaggio_Piave_Banner_ricette_dolci.jpg\",\"datePublished\":\"2021-03-17T10:15:25+00:00\",\"dateModified\":\"2021-04-22T14:59:15+00:00\",\"breadcrumb\":{\"@id\":\"https:\/\/www.formaggiopiave.it\/de\/unsere-rezepte\/desserts\/#breadcrumb\"},\"inLanguage\":\"de\",\"potentialAction\":[{\"@type\":\"ReadAction\",\"target\":[\"https:\/\/www.formaggiopiave.it\/de\/unsere-rezepte\/desserts\/\"]}]},{\"@type\":\"ImageObject\",\"inLanguage\":\"de\",\"@id\":\"https:\/\/www.formaggiopiave.it\/de\/unsere-rezepte\/desserts\/#primaryimage\",\"url\":\"https:\/\/www.formaggiopiave.it\/wp-content\/uploads\/2020\/12\/Formaggio_Piave_Banner_ricette_dolci.jpg\",\"contentUrl\":\"https:\/\/www.formaggiopiave.it\/wp-content\/uploads\/2020\/12\/Formaggio_Piave_Banner_ricette_dolci.jpg\",\"width\":2000,\"height\":1050},{\"@type\":\"BreadcrumbList\",\"@id\":\"https:\/\/www.formaggiopiave.it\/de\/unsere-rezepte\/desserts\/#breadcrumb\",\"itemListElement\":[{\"@type\":\"ListItem\",\"position\":1,\"name\":\"Home\",\"item\":\"https:\/\/www.formaggiopiave.it\/de\/\"},{\"@type\":\"ListItem\",\"position\":2,\"name\":\"Unsere Rezepte\",\"item\":\"https:\/\/www.formaggiopiave.it\/de\/unsere-rezepte\/\"},{\"@type\":\"ListItem\",\"position\":3,\"name\":\"Desserts\"}]},{\"@type\":\"WebSite\",\"@id\":\"https:\/\/www.formaggiopiave.it\/de\/#website\",\"url\":\"https:\/\/www.formaggiopiave.it\/de\/\",\"name\":\"Piave DOP K\u00e4se\",\"description\":\"Consorzio Tutela Formaggio Piave DOP\",\"publisher\":{\"@id\":\"https:\/\/www.formaggiopiave.it\/de\/#organization\"},\"potentialAction\":[{\"@type\":\"SearchAction\",\"target\":{\"@type\":\"EntryPoint\",\"urlTemplate\":\"https:\/\/www.formaggiopiave.it\/de\/?s={search_term_string}\"},\"query-input\":{\"@type\":\"PropertyValueSpecification\",\"valueRequired\":true,\"valueName\":\"search_term_string\"}}],\"inLanguage\":\"de\"},{\"@type\":\"Organization\",\"@id\":\"https:\/\/www.formaggiopiave.it\/de\/#organization\",\"name\":\"Consorzio Formaggio Piave DOP\",\"url\":\"https:\/\/www.formaggiopiave.it\/de\/\",\"logo\":{\"@type\":\"ImageObject\",\"inLanguage\":\"de\",\"@id\":\"https:\/\/www.formaggiopiave.it\/de\/#\/schema\/logo\/image\/\",\"url\":\"https:\/\/www.formaggiopiave.it\/wp-content\/uploads\/2020\/09\/Logo-Formaggio-Piave-Dop-1.png\",\"contentUrl\":\"https:\/\/www.formaggiopiave.it\/wp-content\/uploads\/2020\/09\/Logo-Formaggio-Piave-Dop-1.png\",\"width\":688,\"height\":273,\"caption\":\"Consorzio Formaggio Piave DOP\"},\"image\":{\"@id\":\"https:\/\/www.formaggiopiave.it\/de\/#\/schema\/logo\/image\/\"}}]}<\/script>\n<!-- \/ Yoast SEO plugin. -->","yoast_head_json":{"title":"Desserts | Piave DOP K\u00e4se","robots":{"index":"index","follow":"follow","max-snippet":"max-snippet:-1","max-image-preview":"max-image-preview:large","max-video-preview":"max-video-preview:-1"},"canonical":"https:\/\/www.formaggiopiave.it\/de\/unsere-rezepte\/desserts\/","og_locale":"de_DE","og_type":"article","og_title":"Desserts | Piave DOP K\u00e4se","og_url":"https:\/\/www.formaggiopiave.it\/de\/unsere-rezepte\/desserts\/","og_site_name":"Piave DOP K\u00e4se","article_modified_time":"2021-04-22T14:59:15+00:00","og_image":[{"width":2000,"height":1050,"url":"https:\/\/www.formaggiopiave.it\/wp-content\/uploads\/2020\/12\/Formaggio_Piave_Banner_ricette_dolci.jpg","type":"image\/jpeg"}],"twitter_card":"summary_large_image","schema":{"@context":"https:\/\/schema.org","@graph":[{"@type":"WebPage","@id":"https:\/\/www.formaggiopiave.it\/de\/unsere-rezepte\/desserts\/","url":"https:\/\/www.formaggiopiave.it\/de\/unsere-rezepte\/desserts\/","name":"Desserts | Piave DOP K\u00e4se","isPartOf":{"@id":"https:\/\/www.formaggiopiave.it\/de\/#website"},"primaryImageOfPage":{"@id":"https:\/\/www.formaggiopiave.it\/de\/unsere-rezepte\/desserts\/#primaryimage"},"image":{"@id":"https:\/\/www.formaggiopiave.it\/de\/unsere-rezepte\/desserts\/#primaryimage"},"thumbnailUrl":"https:\/\/www.formaggiopiave.it\/wp-content\/uploads\/2020\/12\/Formaggio_Piave_Banner_ricette_dolci.jpg","datePublished":"2021-03-17T10:15:25+00:00","dateModified":"2021-04-22T14:59:15+00:00","breadcrumb":{"@id":"https:\/\/www.formaggiopiave.it\/de\/unsere-rezepte\/desserts\/#breadcrumb"},"inLanguage":"de","potentialAction":[{"@type":"ReadAction","target":["https:\/\/www.formaggiopiave.it\/de\/unsere-rezepte\/desserts\/"]}]},{"@type":"ImageObject","inLanguage":"de","@id":"https:\/\/www.formaggiopiave.it\/de\/unsere-rezepte\/desserts\/#primaryimage","url":"https:\/\/www.formaggiopiave.it\/wp-content\/uploads\/2020\/12\/Formaggio_Piave_Banner_ricette_dolci.jpg","contentUrl":"https:\/\/www.formaggiopiave.it\/wp-content\/uploads\/2020\/12\/Formaggio_Piave_Banner_ricette_dolci.jpg","width":2000,"height":1050},{"@type":"BreadcrumbList","@id":"https:\/\/www.formaggiopiave.it\/de\/unsere-rezepte\/desserts\/#breadcrumb","itemListElement":[{"@type":"ListItem","position":1,"name":"Home","item":"https:\/\/www.formaggiopiave.it\/de\/"},{"@type":"ListItem","position":2,"name":"Unsere Rezepte","item":"https:\/\/www.formaggiopiave.it\/de\/unsere-rezepte\/"},{"@type":"ListItem","position":3,"name":"Desserts"}]},{"@type":"WebSite","@id":"https:\/\/www.formaggiopiave.it\/de\/#website","url":"https:\/\/www.formaggiopiave.it\/de\/","name":"Piave DOP K\u00e4se","description":"Consorzio Tutela Formaggio Piave DOP","publisher":{"@id":"https:\/\/www.formaggiopiave.it\/de\/#organization"},"potentialAction":[{"@type":"SearchAction","target":{"@type":"EntryPoint","urlTemplate":"https:\/\/www.formaggiopiave.it\/de\/?s={search_term_string}"},"query-input":{"@type":"PropertyValueSpecification","valueRequired":true,"valueName":"search_term_string"}}],"inLanguage":"de"},{"@type":"Organization","@id":"https:\/\/www.formaggiopiave.it\/de\/#organization","name":"Consorzio Formaggio Piave DOP","url":"https:\/\/www.formaggiopiave.it\/de\/","logo":{"@type":"ImageObject","inLanguage":"de","@id":"https:\/\/www.formaggiopiave.it\/de\/#\/schema\/logo\/image\/","url":"https:\/\/www.formaggiopiave.it\/wp-content\/uploads\/2020\/09\/Logo-Formaggio-Piave-Dop-1.png","contentUrl":"https:\/\/www.formaggiopiave.it\/wp-content\/uploads\/2020\/09\/Logo-Formaggio-Piave-Dop-1.png","width":688,"height":273,"caption":"Consorzio Formaggio Piave DOP"},"image":{"@id":"https:\/\/www.formaggiopiave.it\/de\/#\/schema\/logo\/image\/"}}]}},"coauthors":[],"author_meta":{"author_link":"https:\/\/www.formaggiopiave.it\/de\/author\/promoservice\/","display_name":"formpiaveadm12020"},"relative_dates":{"created":"Posted 5\u00a0Jahren ago","modified":"Updated 5\u00a0Jahren ago"},"absolute_dates":{"created":"Posted on 17\/03\/2021","modified":"Updated on 22\/04\/2021"},"absolute_dates_time":{"created":"Posted on 17\/03\/2021 11:15","modified":"Updated on 22\/04\/2021 16:59"},"featured_img_caption":"","featured_img":"https:\/\/www.formaggiopiave.it\/wp-content\/uploads\/2020\/12\/Formaggio_Piave_Banner_ricette_dolci-1200x630.jpg","series_order":"","_links":{"self":[{"href":"https:\/\/www.formaggiopiave.it\/de\/wp-json\/wp\/v2\/pages\/11133","targetHints":{"allow":["GET"]}}],"collection":[{"href":"https:\/\/www.formaggiopiave.it\/de\/wp-json\/wp\/v2\/pages"}],"about":[{"href":"https:\/\/www.formaggiopiave.it\/de\/wp-json\/wp\/v2\/types\/page"}],"author":[{"embeddable":true,"href":"https:\/\/www.formaggiopiave.it\/de\/wp-json\/wp\/v2\/users\/2"}],"replies":[{"embeddable":true,"href":"https:\/\/www.formaggiopiave.it\/de\/wp-json\/wp\/v2\/comments?post=11133"}],"version-history":[{"count":0,"href":"https:\/\/www.formaggiopiave.it\/de\/wp-json\/wp\/v2\/pages\/11133\/revisions"}],"up":[{"embeddable":true,"href":"https:\/\/www.formaggiopiave.it\/de\/wp-json\/wp\/v2\/pages\/11006"}],"wp:featuredmedia":[{"embeddable":true,"href":"https:\/\/www.formaggiopiave.it\/de\/wp-json\/wp\/v2\/media\/10090"}],"wp:attachment":[{"href":"https:\/\/www.formaggiopiave.it\/de\/wp-json\/wp\/v2\/media?parent=11133"}],"curies":[{"name":"wp","href":"https:\/\/api.w.org\/{rel}","templated":true}]}}