{"id":11139,"date":"2021-03-17T11:19:17","date_gmt":"2021-03-17T10:19:17","guid":{"rendered":"https:\/\/formaggiopiave.promoservicebeta.com\/?page_id=11139"},"modified":"2021-04-23T11:00:49","modified_gmt":"2021-04-23T09:00:49","slug":"news","status":"publish","type":"page","link":"https:\/\/www.formaggiopiave.it\/de\/news\/","title":{"rendered":"News"},"content":{"rendered":"<div  class=\"grids-section grids-is-stretch alignwide\" style=\"--_gs-gap-desktop:0px 0px;--_gs-m-desktop:0 0 0 0;--_gs-p-desktop:0 0 0 0;--_gs-bg-desktop:transparent none;--_gs-bg-xp-desktop:0px;--_gs-zi-desktop:auto;--_gs-d-desktop:block;--_gs-mw-desktop:calc(100% - 0 - 0);--_gs-gap-tablet:0px 0px;--_gs-m-tablet:0 0 0 0;--_gs-p-tablet:0 0 0 0;--_gs-bg-tablet:transparent none;--_gs-bg-xp-tablet:0px;--_gs-zi-tablet:auto;--_gs-d-tablet:block;--_gs-mw-tablet:calc(100% - 0 - 0);--_gs-gap-mobile:0px 0px;--_gs-m-mobile:0 0 0 0;--_gs-p-mobile:0 0 0 0;--_gs-bg-mobile:transparent none;--_gs-bg-xp-mobile:0px;--_gs-zi-mobile:auto;--_gs-d-mobile:block;--_gs-mw-mobile:calc(100% - 0 - 0);--_gs-columns:1;--_gs-rows:1\"><div class=\"grids-s-w_i\">\n<div class=\"grids-area\" style=\"--_ga-column:1\/2;--_ga-row:1\/2;--_ga-m-desktop:0 0 0 0;--_ga-p-desktop:0 0 0 0;--_ga-bg-desktop:transparent none;--_ga-zi-desktop:auto;--_ga-d-desktop:flex;--_ga-mw-desktop:calc(100% - 0 - 0);--_ga-m-tablet:0 0 0 0;--_ga-p-tablet:0 0 0 0;--_ga-bg-tablet:transparent none;--_ga-zi-tablet:auto;--_ga-d-tablet:flex;--_ga-mw-tablet:calc(100% - 0 - 0);--_ga-m-mobile:0 0 0 0;--_ga-p-mobile:0 0 0 0;--_ga-bg-mobile:transparent none;--_ga-zi-mobile:auto;--_ga-d-mobile:flex;--_ga-mw-mobile:calc(100% - 0 - 0)\">\n\n<div class=\"news-list-container\">\n\t\t\t\t\t<a class=\"news-list-container-single\" href=\"https:\/\/www.formaggiopiave.it\/de\/der-piave-kaese-erobert-wien-im-sturm\/\">\n\t\t\t\t\n\t\t\t\t<div class=\"news-list-container-single-img\" style=\"background-image: url(https:\/\/www.formaggiopiave.it\/wp-content\/uploads\/2020\/12\/degustazioni-ristoranti-GRAZ.png)\">\n\t\t\t\t<\/div>\n\t\t\t\t<span>17\/03\/2021<span>\n\t\t\t\t<h3>Der Piave k\u00e4se erobert Wien im sturm<\/h3>\n\t\t\t\t<p class=\"news-list-container-single-short-description sottotitolo\"><\/p>\n\n\t\t\t\t<div class=\"news-list-container-single-short-description\">\n\t\t\t\t\t<p>Zeit f\u00fcr Verkostungen mit Piave DOP dank dem Projekt Nice to Eat-EU Acht Restaurants und ebenso viele leckere Rezepte, um diese europ\u00e4ische Spezialit\u00e4t entsprechend zu&#8230;<\/p>\n\t\t\t\t<\/div>\n\n\t\t\t\t<div class=\"news-list-container-single-link wp-block-button__link wp-block-button btn float wp-block-buttons\">\n\t\t\t\t\tEntdecken\t\t\t\t<\/div>\n\t\t\t<\/a>\n\t\t\t\t\t\t<a class=\"news-list-container-single\" href=\"https:\/\/www.formaggiopiave.it\/de\/piave-dop-nice-to-eat-eu-ar\/\">\n\t\t\t\t\n\t\t\t\t<div class=\"news-list-container-single-img\" style=\"background-image: url(https:\/\/www.formaggiopiave.it\/wp-content\/uploads\/2021\/03\/Nice-to-Eat-You-Formaggio-Piave-Dop.png)\">\n\t\t\t\t<\/div>\n\t\t\t\t<span>15\/01\/2021<span>\n\t\t\t\t<h3>\u201ePiave DOP &#038; Nice to Eat-Eu ar\u201c.<\/h3>\n\t\t\t\t<p class=\"news-list-container-single-short-description sottotitolo\"><\/p>\n\n\t\t\t\t<div class=\"news-list-container-single-short-description\">\n\t\t\t\t\t<p>Geschichte, Produkte und viele Rezepte Die beliebte App f\u00fcr die erweiterte Realit\u00e4t des Piave DOP K\u00e4ses. Das erfolgreiche Projekt der ultimativen App f\u00fcr erweiterte Realit\u00e4t&#8230;<\/p>\n\t\t\t\t<\/div>\n\n\t\t\t\t<div class=\"news-list-container-single-link wp-block-button__link wp-block-button btn float wp-block-buttons\">\n\t\t\t\t\tEntdecken\t\t\t\t<\/div>\n\t\t\t<\/a>\n\t\t\t\t\t\t<a class=\"news-list-container-single\" href=\"https:\/\/www.formaggiopiave.it\/de\/das-konsortium-zum-schutz-des-piave-dop-ist-partner-der-internazionale-in-ferrara\/\">\n\t\t\t\t\n\t\t\t\t<div class=\"news-list-container-single-img\" style=\"background-image: url(https:\/\/www.formaggiopiave.it\/wp-content\/uploads\/2021\/03\/Internazionale-Ferrara-2020-2021_890x500.jpg)\">\n\t\t\t\t<\/div>\n\t\t\t\t<span>14\/01\/2021<span>\n\t\t\t\t<h3>Das Konsortium zum Schutz des Piave DOP ist Partner der Internazionale in Ferrara<\/h3>\n\t\t\t\t<p class=\"news-list-container-single-short-description sottotitolo\"><\/p>\n\n\t\t\t\t<div class=\"news-list-container-single-short-description\">\n\t\t\t\t\t<p>Die Teilnahme am Festival hat den Zweck, den Besuchern vom Engagement mit der europ\u00e4ischen Informationskampagne \u201eNice to Eat Eu\u201d zu erz\u00e4hlen Das Konsortium zum Schutz&#8230;<\/p>\n\t\t\t\t<\/div>\n\n\t\t\t\t<div class=\"news-list-container-single-link wp-block-button__link wp-block-button btn float wp-block-buttons\">\n\t\t\t\t\tEntdecken\t\t\t\t<\/div>\n\t\t\t<\/a>\n\t\t\t\t\t\t<a class=\"news-list-container-single\" href=\"https:\/\/www.formaggiopiave.it\/de\/ein-jahr-reich-an-preisen-eine-glaenzende-bilanz-fuer-den-piave-kaese-dop\/\">\n\t\t\t\t\n\t\t\t\t<div class=\"news-list-container-single-img\" style=\"background-image: url(https:\/\/www.formaggiopiave.it\/wp-content\/uploads\/2020\/12\/medaglie.png)\">\n\t\t\t\t<\/div>\n\t\t\t\t<span>07\/01\/2021<span>\n\t\t\t\t<h3>Ein jahr reich an preisen: eine gl\u00e4nzende bilanz f\u00fcr den Piave K\u00e4se DOP<\/h3>\n\t\t\t\t<p class=\"news-list-container-single-short-description sottotitolo\"><\/p>\n\n\t\t\t\t<div class=\"news-list-container-single-short-description\">\n\t\t\t\t\t<p>Drei Sterne beim Superior Taste Award und drei Medaillen beim Caesus Veneti 2020 Ein in Italien und im Ausland anerkanntes und beliebtes Qualit\u00e4tsprodukt.\u00a0 Vom Caesus&#8230;<\/p>\n\t\t\t\t<\/div>\n\n\t\t\t\t<div class=\"news-list-container-single-link wp-block-button__link wp-block-button btn float wp-block-buttons\">\n\t\t\t\t\tEntdecken\t\t\t\t<\/div>\n\t\t\t<\/a>\n\t\t\t\t\t\t<a class=\"news-list-container-single\" href=\"https:\/\/www.formaggiopiave.it\/de\/fuer-die-weihnachtsfeier-europa-zu-tisch\/\">\n\t\t\t\t\n\t\t\t\t<div class=\"news-list-container-single-img\" style=\"background-image: url(https:\/\/www.formaggiopiave.it\/wp-content\/uploads\/2020\/12\/piave-vino-bianco.jpg)\">\n\t\t\t\t<\/div>\n\t\t\t\t<span>17\/12\/2020<span>\n\t\t\t\t<h3>F\u00fcr die weihnachtsfeier: Europa zu Tisch<\/h3>\n\t\t\t\t<p class=\"news-list-container-single-short-description sottotitolo\"><\/p>\n\n\t\t\t\t<div class=\"news-list-container-single-short-description\">\n\t\t\t\t\t<p>Der Piave DOP wird zum Protagonist der Festtagstafeln und der Weihnachtsgeschenke Erkenntnis, Experimentierfreudigkeit und ein Geschmack, der Gro\u00df und Klein begeistert. Online eine praktische Rezeptsammlung&#8230;.<\/p>\n\t\t\t\t<\/div>\n\n\t\t\t\t<div class=\"news-list-container-single-link wp-block-button__link wp-block-button btn float wp-block-buttons\">\n\t\t\t\t\tEntdecken\t\t\t\t<\/div>\n\t\t\t<\/a>\n\t\t\t\t\t\t<a class=\"news-list-container-single\" href=\"https:\/\/www.formaggiopiave.it\/de\/wie-die-top-food-influencer-den-piave-kaese-dop-interpretieren\/\">\n\t\t\t\t\n\t\t\t\t<div class=\"news-list-container-single-img\" style=\"background-image: url(https:\/\/www.formaggiopiave.it\/wp-content\/uploads\/2020\/12\/13_vecchio_fichi_polaroid_k.jpg)\">\n\t\t\t\t<\/div>\n\t\t\t\t<span>07\/12\/2020<span>\n\t\t\t\t<h3>Wie die top food-influencer den Piave K\u00e4se DOP interpretieren<\/h3>\n\t\t\t\t<p class=\"news-list-container-single-short-description sottotitolo\"><\/p>\n\n\t\t\t\t<div class=\"news-list-container-single-short-description\">\n\t\t\t\t\t<p>Rezepte und K\u00f6stlichkeiten, erz\u00e4hlt mit Beitr\u00e4gen und Geschichten \u00dcber einen Monat digitaler Inhalte auf sozialen Plattformen und Blogs, um vier leckere Referenzen zu erz\u00e4hlen. Dezember&#8230;<\/p>\n\t\t\t\t<\/div>\n\n\t\t\t\t<div class=\"news-list-container-single-link wp-block-button__link wp-block-button btn float wp-block-buttons\">\n\t\t\t\t\tEntdecken\t\t\t\t<\/div>\n\t\t\t<\/a>\n\t\t\t\t\t\t<a class=\"news-list-container-single\" href=\"https:\/\/www.formaggiopiave.it\/de\/eine-neue-produktspezifikation-fuer-den-piave-kaese\/\">\n\t\t\t\t\n\t\t\t\t<div class=\"news-list-container-single-img\" style=\"background-image: url(https:\/\/www.formaggiopiave.it\/wp-content\/uploads\/2020\/12\/le-stagionature-scaled.jpg)\">\n\t\t\t\t<\/div>\n\t\t\t\t<span>20\/09\/2020<span>\n\t\t\t\t<h3>Eine neue produktspezifikation f\u00fcr den Piave K\u00e4se<\/h3>\n\t\t\t\t<p class=\"news-list-container-single-short-description sottotitolo\"><\/p>\n\n\t\t\t\t<div class=\"news-list-container-single-short-description\">\n\t\t\t\t\t<p>Zum zehnj\u00e4hrigen Jubil\u00e4um setzt der mit DOP (g.U.) gesch\u00fctzte K\u00e4se auf Innovation, kleine Molkereien und die Bewahrung alter Traditionen, vereint mit einem neuen Image f\u00fcr&#8230;<\/p>\n\t\t\t\t<\/div>\n\n\t\t\t\t<div class=\"news-list-container-single-link wp-block-button__link wp-block-button btn float wp-block-buttons\">\n\t\t\t\t\tEntdecken\t\t\t\t<\/div>\n\t\t\t<\/a>\n\t\t\t\t\t\t<a class=\"news-list-container-single\" href=\"https:\/\/www.formaggiopiave.it\/de\/gipfelseiten-des-geschmacks-der-piave-dop-erzaehlt-von-seinen-bergen\/\">\n\t\t\t\t\n\t\t\t\t<div class=\"news-list-container-single-img\" style=\"background-image: url(https:\/\/www.formaggiopiave.it\/wp-content\/uploads\/2020\/12\/festivalLetteratura.png)\">\n\t\t\t\t<\/div>\n\t\t\t\t<span>10\/09\/2020<span>\n\t\t\t\t<h3>Gipfelseiten des geschmacks. Der piave dop erz\u00e4hlt von seinen bergen<\/h3>\n\t\t\t\t<p class=\"news-list-container-single-short-description sottotitolo\"><\/p>\n\n\t\t\t\t<div class=\"news-list-container-single-short-description\">\n\t\t\t\t\t<p>Mit dem Projekt Nice to Eat-EU feiert der K\u00e4se aus Belluno sein Deb\u00fct auf dem Literaturfestival 2020 In Mantua wurde die K\u00e4semarke ib einer Vorschau&#8230;<\/p>\n\t\t\t\t<\/div>\n\n\t\t\t\t<div class=\"news-list-container-single-link wp-block-button__link wp-block-button btn float wp-block-buttons\">\n\t\t\t\t\tEntdecken\t\t\t\t<\/div>\n\t\t\t<\/a>\n\t\t\t\t\t\t<a class=\"news-list-container-single\" href=\"https:\/\/www.formaggiopiave.it\/de\/der-neubeginn-des-piave-kaeses-ist-dop-g-u\/\">\n\t\t\t\t\n\t\t\t\t<div class=\"news-list-container-single-img\" style=\"background-image: url(https:\/\/www.formaggiopiave.it\/wp-content\/uploads\/2021\/03\/Nice-to-Eat-You-Formaggio-Piave-Dop.png)\">\n\t\t\t\t<\/div>\n\t\t\t\t<span>01\/08\/2020<span>\n\t\t\t\t<h3>Der Neubeginn Des Piave-k\u00e4ses Ist \u201eDOP\u201d (G.u.)<\/h3>\n\t\t\t\t<p class=\"news-list-container-single-short-description sottotitolo\"><\/p>\n\n\t\t\t\t<div class=\"news-list-container-single-short-description\">\n\t\t\t\t\t<p>Der Held der Kampagne \u201cNice To Eat EU\u201d kandidiert als das perfekte Lebensmittel f\u00fcr den Neubeginn<\/p>\n\t\t\t\t<\/div>\n\n\t\t\t\t<div class=\"news-list-container-single-link wp-block-button__link wp-block-button btn float wp-block-buttons\">\n\t\t\t\t\tEntdecken\t\t\t\t<\/div>\n\t\t\t<\/a>\n\t\t\t\t\t\t<a class=\"news-list-container-single\" href=\"https:\/\/www.formaggiopiave.it\/de\/der-piave-dop-seite-an-seite-mit-den-champions\/\">\n\t\t\t\t\n\t\t\t\t<div class=\"news-list-container-single-img\" style=\"background-image: url(https:\/\/www.formaggiopiave.it\/wp-content\/uploads\/2020\/12\/Formaggio_Piave_Dop_2_oro_mezzano_finestra_k-edited-1.jpg)\">\n\t\t\t\t<\/div>\n\t\t\t\t<span>03\/07\/2020<span>\n\t\t\t\t<h3>Der piave dop seite an seite mit den Champions<\/h3>\n\t\t\t\t<p class=\"news-list-container-single-short-description sottotitolo\"><\/p>\n\n\t\t\t\t<div class=\"news-list-container-single-short-description\">\n\t\t\t\t\t<p>Der ber\u00fchmte K\u00e4se ist seit jeher ein Freund des Radsports und f\u00f6rdert mit der Kampagne Nice To Eat EU die Region von Belluno unter den Radsportfreunden aus ganz Europa<\/p>\n\t\t\t\t<\/div>\n\n\t\t\t\t<div class=\"news-list-container-single-link wp-block-button__link wp-block-button btn float wp-block-buttons\">\n\t\t\t\t\tEntdecken\t\t\t\t<\/div>\n\t\t\t<\/a>\n\t\t\t\t\t\t<a class=\"news-list-container-single\" href=\"https:\/\/www.formaggiopiave.it\/de\/das-rezept-fuer-ihren-urlaub-2020-bergtourismus-und-piave-kaese\/\">\n\t\t\t\t\n\t\t\t\t<div class=\"news-list-container-single-img\" style=\"background-image: url(https:\/\/www.formaggiopiave.it\/wp-content\/uploads\/2020\/12\/formaggio_piave_mucche.jpg)\">\n\t\t\t\t<\/div>\n\t\t\t\t<span>20\/06\/2020<span>\n\t\t\t\t<h3>Das rezept f\u00fcr ihren urlaub 2020: bergtourismus und piave &#8211; k\u00e4se<\/h3>\n\t\t\t\t<p class=\"news-list-container-single-short-description sottotitolo\"><\/p>\n\n\t\t\t\t<div class=\"news-list-container-single-short-description\">\n\t\t\t\t\t<p>Zu Beginn des Sommers f\u00f6rdert die europ\u00e4ische Kampagne Nice To Eat-EU das Comeback des Territoriums mit der Unterst\u00fctzung des DOP (g.U.) In den Bergen n\u00e4hert&#8230;<\/p>\n\t\t\t\t<\/div>\n\n\t\t\t\t<div class=\"news-list-container-single-link wp-block-button__link wp-block-button btn float wp-block-buttons\">\n\t\t\t\t\tEntdecken\t\t\t\t<\/div>\n\t\t\t<\/a>\n\t\t\t\t\t\t<a class=\"news-list-container-single\" href=\"https:\/\/www.formaggiopiave.it\/de\/der-piave-feiert-sein-10-jaehriges-dop-jubilaeum\/\">\n\t\t\t\t\n\t\t\t\t<div class=\"news-list-container-single-img\" style=\"background-image: url(https:\/\/www.formaggiopiave.it\/wp-content\/uploads\/2020\/12\/Formaggio-Piave-Annullo-10-anni.jpg)\">\n\t\t\t\t<\/div>\n\t\t\t\t<span>20\/05\/2020<span>\n\t\t\t\t<h3>Der Piave feiert sein 10-j\u00e4hriges DOP-Jubil\u00e4um<\/h3>\n\t\t\t\t<p class=\"news-list-container-single-short-description sottotitolo\"><\/p>\n\n\t\t\t\t<div class=\"news-list-container-single-short-description\">\n\t\t\t\t\t<p>Der \u201eperfekte K\u00e4se\u201c steht im Mittelpunkt der Europ\u00e4ischen Kampagne zur F\u00f6rderung und Aufwertung von Nice To Eat EU Der Piave K\u00e4se besitzt bereits weitaus mehr&#8230;<\/p>\n\t\t\t\t<\/div>\n\n\t\t\t\t<div class=\"news-list-container-single-link wp-block-button__link wp-block-button btn float wp-block-buttons\">\n\t\t\t\t\tEntdecken\t\t\t\t<\/div>\n\t\t\t<\/a>\n\t\t\t\t\t\t<a class=\"news-list-container-single\" href=\"https:\/\/www.formaggiopiave.it\/de\/das-erste-jahr-des-dreijaehrigen-projekts-nice-to-eat-eu-endet-erfolgreich\/\">\n\t\t\t\t\n\t\t\t\t<div class=\"news-list-container-single-img\" style=\"background-image: url(https:\/\/www.formaggiopiave.it\/wp-content\/uploads\/2021\/03\/Nice-to-Eat-You-Formaggio-Piave-Dop.png)\">\n\t\t\t\t<\/div>\n\t\t\t\t<span>01\/02\/2020<span>\n\t\t\t\t<h3>Das erste Jahr  des dreij\u00e4hrigen Projekts &#8222;Nice to Eat-EU&#8220; endet erfolgreich<\/h3>\n\t\t\t\t<p class=\"news-list-container-single-short-description sottotitolo\"><\/p>\n\n\t\t\t\t<div class=\"news-list-container-single-short-description\">\n\t\t\t\t\t<p>Der K\u00e4se Piave DOP steht im Mittelpunkt der europ\u00e4ischen Kampagne zur Aufwertung und F\u00f6rderung von EU-Qualit\u00e4tsprodukten in Deutschland, Italien und \u00d6sterreich<\/p>\n\t\t\t\t<\/div>\n\n\t\t\t\t<div class=\"news-list-container-single-link wp-block-button__link wp-block-button btn float wp-block-buttons\">\n\t\t\t\t\tEntdecken\t\t\t\t<\/div>\n\t\t\t<\/a>\n\t\t\t\t\t\t<a class=\"news-list-container-single\" href=\"https:\/\/www.formaggiopiave.it\/de\/startschuss-fuer-nice-to-eat-eu\/\">\n\t\t\t\t\n\t\t\t\t<div class=\"news-list-container-single-img\" style=\"background-image: url(https:\/\/www.formaggiopiave.it\/wp-content\/uploads\/2021\/03\/Nice-to-Eat-You-Formaggio-Piave-Dop.png)\">\n\t\t\t\t<\/div>\n\t\t\t\t<span>01\/06\/2019<span>\n\t\t\t\t<h3>Startschuss f\u00fcr \u201cNice to Eat-Eu\u201d!<\/h3>\n\t\t\t\t<p class=\"news-list-container-single-short-description sottotitolo\"><\/p>\n\n\t\t\t\t<div class=\"news-list-container-single-short-description\">\n\t\t\t\t\t<p>Der K\u00e4se Piave DOP steht im Mittelpunkt der Europ\u00e4ischen Kampagne zur F\u00f6rderung und Aufwertung von EU-Qualit\u00e4tsprodukten in Italien, Deutschland und \u00d6sterreich<\/p>\n\t\t\t\t<\/div>\n\n\t\t\t\t<div class=\"news-list-container-single-link wp-block-button__link wp-block-button btn float wp-block-buttons\">\n\t\t\t\t\tEntdecken\t\t\t\t<\/div>\n\t\t\t<\/a>\n\t\t\t\t<\/div>\n<div class=\"pagination\">\n\t<\/div>\n\n\n\n<\/div>\n<\/div><\/div>","protected":false},"excerpt":{"rendered":"","protected":false},"author":2,"featured_media":0,"parent":0,"menu_order":0,"comment_status":"closed","ping_status":"closed","template":"","meta":{"_acf_changed":false,"advgb_blocks_editor_width":"","advgb_blocks_columns_visual_guide":"","footnotes":""},"class_list":["post-11139","page","type-page","status-publish","hentry"],"acf":[],"yoast_head":"<!-- This site is optimized with the Yoast SEO plugin v25.8 - https:\/\/yoast.com\/wordpress\/plugins\/seo\/ -->\n<title>News | Piave DOP K\u00e4se<\/title>\n<meta name=\"robots\" content=\"index, follow, max-snippet:-1, max-image-preview:large, max-video-preview:-1\" \/>\n<link rel=\"canonical\" href=\"https:\/\/www.formaggiopiave.it\/de\/news\/\" \/>\n<meta property=\"og:locale\" content=\"de_DE\" \/>\n<meta property=\"og:type\" content=\"article\" \/>\n<meta property=\"og:title\" content=\"News | Piave DOP K\u00e4se\" \/>\n<meta property=\"og:url\" content=\"https:\/\/www.formaggiopiave.it\/de\/news\/\" \/>\n<meta property=\"og:site_name\" content=\"Piave DOP K\u00e4se\" \/>\n<meta property=\"article:modified_time\" content=\"2021-04-23T09:00:49+00:00\" \/>\n<meta name=\"twitter:card\" content=\"summary_large_image\" \/>\n<script type=\"application\/ld+json\" class=\"yoast-schema-graph\">{\"@context\":\"https:\/\/schema.org\",\"@graph\":[{\"@type\":\"WebPage\",\"@id\":\"https:\/\/www.formaggiopiave.it\/de\/news\/\",\"url\":\"https:\/\/www.formaggiopiave.it\/de\/news\/\",\"name\":\"News | Piave DOP K\u00e4se\",\"isPartOf\":{\"@id\":\"https:\/\/www.formaggiopiave.it\/de\/#website\"},\"datePublished\":\"2021-03-17T10:19:17+00:00\",\"dateModified\":\"2021-04-23T09:00:49+00:00\",\"breadcrumb\":{\"@id\":\"https:\/\/www.formaggiopiave.it\/de\/news\/#breadcrumb\"},\"inLanguage\":\"de\",\"potentialAction\":[{\"@type\":\"ReadAction\",\"target\":[\"https:\/\/www.formaggiopiave.it\/de\/news\/\"]}]},{\"@type\":\"BreadcrumbList\",\"@id\":\"https:\/\/www.formaggiopiave.it\/de\/news\/#breadcrumb\",\"itemListElement\":[{\"@type\":\"ListItem\",\"position\":1,\"name\":\"Home\",\"item\":\"https:\/\/www.formaggiopiave.it\/de\/\"},{\"@type\":\"ListItem\",\"position\":2,\"name\":\"News\"}]},{\"@type\":\"WebSite\",\"@id\":\"https:\/\/www.formaggiopiave.it\/de\/#website\",\"url\":\"https:\/\/www.formaggiopiave.it\/de\/\",\"name\":\"Piave DOP K\u00e4se\",\"description\":\"Consorzio Tutela Formaggio Piave DOP\",\"publisher\":{\"@id\":\"https:\/\/www.formaggiopiave.it\/de\/#organization\"},\"potentialAction\":[{\"@type\":\"SearchAction\",\"target\":{\"@type\":\"EntryPoint\",\"urlTemplate\":\"https:\/\/www.formaggiopiave.it\/de\/?s={search_term_string}\"},\"query-input\":{\"@type\":\"PropertyValueSpecification\",\"valueRequired\":true,\"valueName\":\"search_term_string\"}}],\"inLanguage\":\"de\"},{\"@type\":\"Organization\",\"@id\":\"https:\/\/www.formaggiopiave.it\/de\/#organization\",\"name\":\"Consorzio Formaggio Piave DOP\",\"url\":\"https:\/\/www.formaggiopiave.it\/de\/\",\"logo\":{\"@type\":\"ImageObject\",\"inLanguage\":\"de\",\"@id\":\"https:\/\/www.formaggiopiave.it\/de\/#\/schema\/logo\/image\/\",\"url\":\"https:\/\/www.formaggiopiave.it\/wp-content\/uploads\/2020\/09\/Logo-Formaggio-Piave-Dop-1.png\",\"contentUrl\":\"https:\/\/www.formaggiopiave.it\/wp-content\/uploads\/2020\/09\/Logo-Formaggio-Piave-Dop-1.png\",\"width\":688,\"height\":273,\"caption\":\"Consorzio Formaggio Piave DOP\"},\"image\":{\"@id\":\"https:\/\/www.formaggiopiave.it\/de\/#\/schema\/logo\/image\/\"}}]}<\/script>\n<!-- \/ Yoast SEO plugin. -->","yoast_head_json":{"title":"News | Piave DOP K\u00e4se","robots":{"index":"index","follow":"follow","max-snippet":"max-snippet:-1","max-image-preview":"max-image-preview:large","max-video-preview":"max-video-preview:-1"},"canonical":"https:\/\/www.formaggiopiave.it\/de\/news\/","og_locale":"de_DE","og_type":"article","og_title":"News | Piave DOP K\u00e4se","og_url":"https:\/\/www.formaggiopiave.it\/de\/news\/","og_site_name":"Piave DOP K\u00e4se","article_modified_time":"2021-04-23T09:00:49+00:00","twitter_card":"summary_large_image","schema":{"@context":"https:\/\/schema.org","@graph":[{"@type":"WebPage","@id":"https:\/\/www.formaggiopiave.it\/de\/news\/","url":"https:\/\/www.formaggiopiave.it\/de\/news\/","name":"News | Piave DOP K\u00e4se","isPartOf":{"@id":"https:\/\/www.formaggiopiave.it\/de\/#website"},"datePublished":"2021-03-17T10:19:17+00:00","dateModified":"2021-04-23T09:00:49+00:00","breadcrumb":{"@id":"https:\/\/www.formaggiopiave.it\/de\/news\/#breadcrumb"},"inLanguage":"de","potentialAction":[{"@type":"ReadAction","target":["https:\/\/www.formaggiopiave.it\/de\/news\/"]}]},{"@type":"BreadcrumbList","@id":"https:\/\/www.formaggiopiave.it\/de\/news\/#breadcrumb","itemListElement":[{"@type":"ListItem","position":1,"name":"Home","item":"https:\/\/www.formaggiopiave.it\/de\/"},{"@type":"ListItem","position":2,"name":"News"}]},{"@type":"WebSite","@id":"https:\/\/www.formaggiopiave.it\/de\/#website","url":"https:\/\/www.formaggiopiave.it\/de\/","name":"Piave DOP K\u00e4se","description":"Consorzio Tutela Formaggio Piave DOP","publisher":{"@id":"https:\/\/www.formaggiopiave.it\/de\/#organization"},"potentialAction":[{"@type":"SearchAction","target":{"@type":"EntryPoint","urlTemplate":"https:\/\/www.formaggiopiave.it\/de\/?s={search_term_string}"},"query-input":{"@type":"PropertyValueSpecification","valueRequired":true,"valueName":"search_term_string"}}],"inLanguage":"de"},{"@type":"Organization","@id":"https:\/\/www.formaggiopiave.it\/de\/#organization","name":"Consorzio Formaggio Piave DOP","url":"https:\/\/www.formaggiopiave.it\/de\/","logo":{"@type":"ImageObject","inLanguage":"de","@id":"https:\/\/www.formaggiopiave.it\/de\/#\/schema\/logo\/image\/","url":"https:\/\/www.formaggiopiave.it\/wp-content\/uploads\/2020\/09\/Logo-Formaggio-Piave-Dop-1.png","contentUrl":"https:\/\/www.formaggiopiave.it\/wp-content\/uploads\/2020\/09\/Logo-Formaggio-Piave-Dop-1.png","width":688,"height":273,"caption":"Consorzio Formaggio Piave DOP"},"image":{"@id":"https:\/\/www.formaggiopiave.it\/de\/#\/schema\/logo\/image\/"}}]}},"coauthors":[],"author_meta":{"author_link":"https:\/\/www.formaggiopiave.it\/de\/author\/promoservice\/","display_name":"formpiaveadm12020"},"relative_dates":{"created":"Posted 5\u00a0Jahren ago","modified":"Updated 5\u00a0Jahren ago"},"absolute_dates":{"created":"Posted on 17\/03\/2021","modified":"Updated on 23\/04\/2021"},"absolute_dates_time":{"created":"Posted on 17\/03\/2021 11:19","modified":"Updated on 23\/04\/2021 11:00"},"featured_img_caption":"","featured_img":false,"series_order":"","_links":{"self":[{"href":"https:\/\/www.formaggiopiave.it\/de\/wp-json\/wp\/v2\/pages\/11139","targetHints":{"allow":["GET"]}}],"collection":[{"href":"https:\/\/www.formaggiopiave.it\/de\/wp-json\/wp\/v2\/pages"}],"about":[{"href":"https:\/\/www.formaggiopiave.it\/de\/wp-json\/wp\/v2\/types\/page"}],"author":[{"embeddable":true,"href":"https:\/\/www.formaggiopiave.it\/de\/wp-json\/wp\/v2\/users\/2"}],"replies":[{"embeddable":true,"href":"https:\/\/www.formaggiopiave.it\/de\/wp-json\/wp\/v2\/comments?post=11139"}],"version-history":[{"count":0,"href":"https:\/\/www.formaggiopiave.it\/de\/wp-json\/wp\/v2\/pages\/11139\/revisions"}],"wp:attachment":[{"href":"https:\/\/www.formaggiopiave.it\/de\/wp-json\/wp\/v2\/media?parent=11139"}],"curies":[{"name":"wp","href":"https:\/\/api.w.org\/{rel}","templated":true}]}}