{"id":14680,"date":"2024-06-28T11:14:57","date_gmt":"2024-06-28T09:14:57","guid":{"rendered":"https:\/\/www.formaggiopiave.it\/?page_id=14680"},"modified":"2024-06-28T11:16:30","modified_gmt":"2024-06-28T09:16:30","slug":"social-media-policy","status":"publish","type":"page","link":"https:\/\/www.formaggiopiave.it\/en\/social-media-policy\/","title":{"rendered":"Social Media Policy"},"content":{"rendered":"\n<p class=\"has-text-align-center\"><strong><strong>SOCIAL MEDIA POLICY DEL CONSORZIO PER LA TUTELA DEL FORMAGGIO PIAVE DOP<\/strong><\/strong><\/p>\n\n\n\n<p><strong>Termini e condizioni di utilizzo dei social network<\/strong><\/p>\n\n\n\n<p>ll Consorzio per la Tutela Formaggio Piave DOP (\u201cConsorzio\u201d) nasce nel 2010 per tutelare la DOP del formaggio Piave da abusi, contraffazioni e concorrenza sleale. Allo stesso tempo il Consorzio ha lo scopo di salvaguardare la tipicit\u00e0 e le caratteristiche peculiari del formaggio Piave DOP, di promuovere la sua conoscenza in tutti i mercati, nazionali ed internazionali, e di valorizzare il prodotto informando i consumatori.<\/p>\n\n\n\n<p>Il Consorzio intende con la presente policy utilizzare i principali social media secondo le finalit\u00e0 statutarie per l\u2019interesse del Consorzio stesso e dei propri consumatori, <strong>per informare sulle proprie attivit\u00e0, comunicare, ascoltare e per favorire la partecipazione, il confronto e il dialogo con utenti.<\/strong><\/p>\n\n\n\n<p>Questo documento definisce le modalit\u00e0 e le linee guida (&#8220;netiquette&#8221;) per l&#8217;utilizzo dei social media.<\/p>\n\n\n\n<p><strong>Contenuti<br><\/strong><br>Nei canali social che il Consorzio utilizza, possono essere prodotti contenuti propri testuali, fotografie, video e altri materiali multimediali.&nbsp;<br><br>I commenti e i post degli utenti rappresentano l&#8217;opinione dei singoli e non quella di Consorzio che non pu\u00f2 essere quindi ritenuto responsabile di ci\u00f2 che viene postato sui canali da parte di terzi.<br>Il Consorzio pu\u00f2 condividere e rilanciare sulle proprie bacheche social, contenuti e messaggi di pubblico interesse e utilit\u00e0 realizzate da istituzioni ed enti terzi. Ferma restando la verifica sulla precisione e attendibilit\u00e0 di tali messaggi, il Consorzio non si assume alcuna responsabilit\u00e0 per eventuali informazioni errate o non aggiornate<\/p>\n\n\n\n<p>L\u2019eventuale presenza di spazi pubblicitari, a margine dei contenuti pubblicati nelle pagine dei social network, non \u00e8 sotto il controllo del Consorzio ma \u00e8 gestita in autonomia dagli stessi social network.<\/p>\n\n\n\n<p><strong>Moderazione<\/strong><br><br>Il Consorzio invita a una conversazione educata, pertinente e rispettosa.<\/p>\n\n\n\n<p>Le opinioni espresse devono sempre seguire le regole dell&#8217;educazione e del rispetto altrui: in questi spazi valgono le normali regole di correttezza, rispetto delle opinioni altrui. I contenuti pubblicati devono rispettare sempre la sfera di riservatezza delle persone. Vanno in ogni caso evitati riferimenti a fatti o a dettagli privi di rilevanza pubblica e che ledano la sfera personale di terzi.<\/p>\n\n\n\n<p>Chi presenta dati, notizie o opinioni su fatti o tematiche specifiche \u00e8 invitato a proporre argomentazioni fondate e non pretestuose e a fare riferimento a fonti attendibili e verificabili.<\/p>\n\n\n\n<p>L\u2019interesse pubblico degli argomenti \u00e8 un requisito essenziale: non \u00e8 possibile utilizzare gli spazi social per affrontare casi personali.&nbsp;&nbsp;&nbsp;&nbsp;&nbsp;&nbsp;<br><br><\/p>\n\n\n\n<p>Saranno rimossi tempestivamente commenti e post che violino le condizioni esposte in questo documento.<br>Non saranno tollerati insulti, turpiloquio, minacce o atteggiamenti che ledano la dignit\u00e0 delle persone e il decoro del Consorzio, i diritti delle minoranze e dei minori, i principi di libert\u00e0 e uguaglianza.<br><br>Sono inoltre scoraggiati e comunque soggetti a moderazione commenti e contenuti non pertinenti a quel particolare argomento pubblicato (off topic); osservazioni pro o contro campagne politiche o indicazioni di voto, i commenti e i post contenenti messaggi pubblicitari.<\/p>\n\n\n\n<p>Non \u00e8 tollerata alcuna forma di pubblicit\u00e0, spam o promozione degli interessi privati o di attivit\u00e0 illegali; non sono ammessi contenuti che violino il diritto d\u2019autore, n\u00e9 l\u2019utilizzo non autorizzato di marchi registrati.&nbsp;&nbsp;&nbsp;&nbsp;&nbsp;&nbsp;&nbsp;&nbsp;&nbsp;&nbsp;<br><br>Il Consorzio si riserva il diritto di rimuovere i contenuti che violino la presente social media policy o la legge, anche attraverso l\u2019utilizzo di ban o del blocco per impedire ulteriori interventi e di segnalare l&#8217;utente ai responsabili della piattaforma ed eventualmente alle forze dell&#8217;ordine preposte.<\/p>\n\n\n\n<p>Infine, se il Consorzio segue account di altri utenti, stringe amicizia con essi o li inserisce nelle sue liste di interesse, oppure commenta contenuti di altri utenti e\/o vi attribuisce dei \u201clike\u201d, ci\u00f2 non implica la condivisione da parte del Consorzio stesso della linea di pensiero degli utenti interessati o l\u2019approvazione di tutti i contenuti pubblicati dagli stessi.<\/p>\n\n\n\n<p>Di seguito sono indicati i profili del Consorzio su social media:<\/p>\n\n\n\n<p><a href=\"https:\/\/www.instagram.com\/formaggiopiavedop\">https:\/\/www.instagram.com\/formaggio<\/a><a href=\"https:\/\/www.instagram.com\/formaggiopiavedop\" target=\"_blank\" rel=\"noreferrer noopener\">piavedo<\/a><a href=\"https:\/\/www.instagram.com\/formaggiopiavedop\">p<\/a><\/p>\n\n\n\n<p><a href=\"https:\/\/www.facebook.com\/formaggiopiavedop\">https:\/\/www.facebook.com\/formag<\/a><a href=\"https:\/\/www.facebook.com\/formaggiopiavedop\" target=\"_blank\" rel=\"noreferrer noopener\">giopiavedop<\/a><\/p>\n\n\n\n<p><a href=\"https:\/\/www.tiktok.com\/@formaggiopiavedop\" target=\"_blank\" rel=\"noreferrer noopener\">https:\/\/tiktok.com\/@formaggiopiavedop<\/a><\/p>\n\n\n\n<p><a href=\"https:\/\/www.youtube.com\/user\/FormaggioPiaveDOP\">https:\/\/www.youtube.com\/user\/FormaggioPiaveDOP<\/a><\/p>\n\n\n\n\n\n\n\n<p>Si ricorda che il trattamento dei dati personali degli utenti <strong>risponde alle policy in uso sulle piattaforme <\/strong>utilizzate che l\u2019utente trover\u00e0 all\u2019interno delle piattaforme stesse.<\/p>\n\n\n\n<p>&nbsp;Si rammenta che i dati sensibili postati in commenti o post pubblici all&#8217;interno dei canali social verranno rimossi. Tutti gli altri dati personali condivisi dagli utenti saranno trattati nel rispetto della privacy policy del Consorzio pubblicata nel sito web.<\/p>\n\n\n\n<p><em>Versione della Social Media Policy aggiornata al mese di febbraio 2024<\/em><\/p>\n","protected":false},"excerpt":{"rendered":"<p>SOCIAL MEDIA POLICY DEL CONSORZIO PER LA TUTELA DEL FORMAGGIO PIAVE DOP Termini e condizioni di utilizzo dei social network ll Consorzio per la Tutela&#8230;<\/p>\n","protected":false},"author":6,"featured_media":0,"parent":0,"menu_order":0,"comment_status":"closed","ping_status":"closed","template":"templates\/template-full-width.php","meta":{"_acf_changed":false,"advgb_blocks_editor_width":"","advgb_blocks_columns_visual_guide":"","footnotes":""},"class_list":["post-14680","page","type-page","status-publish","hentry"],"acf":[],"yoast_head":"<!-- This site is optimized with the Yoast SEO plugin v25.8 - https:\/\/yoast.com\/wordpress\/plugins\/seo\/ -->\n<title>Social Media Policy | Piave DOP Cheese<\/title>\n<meta name=\"robots\" content=\"index, follow, max-snippet:-1, max-image-preview:large, max-video-preview:-1\" \/>\n<link rel=\"canonical\" href=\"https:\/\/www.formaggiopiave.it\/en\/social-media-policy\/\" \/>\n<meta property=\"og:locale\" content=\"en_US\" \/>\n<meta property=\"og:type\" content=\"article\" \/>\n<meta property=\"og:title\" content=\"Social Media Policy | Piave DOP Cheese\" \/>\n<meta property=\"og:description\" content=\"SOCIAL MEDIA POLICY DEL CONSORZIO PER LA TUTELA DEL FORMAGGIO PIAVE DOP Termini e condizioni di utilizzo dei social network ll Consorzio per la Tutela...\" \/>\n<meta property=\"og:url\" content=\"https:\/\/www.formaggiopiave.it\/en\/social-media-policy\/\" \/>\n<meta property=\"og:site_name\" content=\"Piave DOP Cheese\" \/>\n<meta property=\"article:modified_time\" content=\"2024-06-28T09:16:30+00:00\" \/>\n<meta name=\"twitter:card\" content=\"summary_large_image\" \/>\n<meta name=\"twitter:label1\" content=\"Est. reading time\" \/>\n\t<meta name=\"twitter:data1\" content=\"4 minutes\" \/>\n<script type=\"application\/ld+json\" class=\"yoast-schema-graph\">{\"@context\":\"https:\/\/schema.org\",\"@graph\":[{\"@type\":\"WebPage\",\"@id\":\"https:\/\/www.formaggiopiave.it\/en\/social-media-policy\/\",\"url\":\"https:\/\/www.formaggiopiave.it\/en\/social-media-policy\/\",\"name\":\"Social Media Policy | Piave DOP Cheese\",\"isPartOf\":{\"@id\":\"https:\/\/www.formaggiopiave.it\/en\/#website\"},\"datePublished\":\"2024-06-28T09:14:57+00:00\",\"dateModified\":\"2024-06-28T09:16:30+00:00\",\"breadcrumb\":{\"@id\":\"https:\/\/www.formaggiopiave.it\/en\/social-media-policy\/#breadcrumb\"},\"inLanguage\":\"en-US\",\"potentialAction\":[{\"@type\":\"ReadAction\",\"target\":[\"https:\/\/www.formaggiopiave.it\/en\/social-media-policy\/\"]}]},{\"@type\":\"BreadcrumbList\",\"@id\":\"https:\/\/www.formaggiopiave.it\/en\/social-media-policy\/#breadcrumb\",\"itemListElement\":[{\"@type\":\"ListItem\",\"position\":1,\"name\":\"Home\",\"item\":\"https:\/\/www.formaggiopiave.it\/en\/\"},{\"@type\":\"ListItem\",\"position\":2,\"name\":\"Social Media Policy\"}]},{\"@type\":\"WebSite\",\"@id\":\"https:\/\/www.formaggiopiave.it\/en\/#website\",\"url\":\"https:\/\/www.formaggiopiave.it\/en\/\",\"name\":\"Piave DOP Cheese\",\"description\":\"Consorzio Tutela Piave DOP Cheese\",\"publisher\":{\"@id\":\"https:\/\/www.formaggiopiave.it\/en\/#organization\"},\"potentialAction\":[{\"@type\":\"SearchAction\",\"target\":{\"@type\":\"EntryPoint\",\"urlTemplate\":\"https:\/\/www.formaggiopiave.it\/en\/?s={search_term_string}\"},\"query-input\":{\"@type\":\"PropertyValueSpecification\",\"valueRequired\":true,\"valueName\":\"search_term_string\"}}],\"inLanguage\":\"en-US\"},{\"@type\":\"Organization\",\"@id\":\"https:\/\/www.formaggiopiave.it\/en\/#organization\",\"name\":\"Consorzio Formaggio Piave DOP\",\"url\":\"https:\/\/www.formaggiopiave.it\/en\/\",\"logo\":{\"@type\":\"ImageObject\",\"inLanguage\":\"en-US\",\"@id\":\"https:\/\/www.formaggiopiave.it\/en\/#\/schema\/logo\/image\/\",\"url\":\"https:\/\/www.formaggiopiave.it\/wp-content\/uploads\/2020\/09\/Logo-Formaggio-Piave-Dop-1.png\",\"contentUrl\":\"https:\/\/www.formaggiopiave.it\/wp-content\/uploads\/2020\/09\/Logo-Formaggio-Piave-Dop-1.png\",\"width\":688,\"height\":273,\"caption\":\"Consorzio Formaggio Piave DOP\"},\"image\":{\"@id\":\"https:\/\/www.formaggiopiave.it\/en\/#\/schema\/logo\/image\/\"}}]}<\/script>\n<!-- \/ Yoast SEO plugin. -->","yoast_head_json":{"title":"Social Media Policy | Piave DOP Cheese","robots":{"index":"index","follow":"follow","max-snippet":"max-snippet:-1","max-image-preview":"max-image-preview:large","max-video-preview":"max-video-preview:-1"},"canonical":"https:\/\/www.formaggiopiave.it\/en\/social-media-policy\/","og_locale":"en_US","og_type":"article","og_title":"Social Media Policy | Piave DOP Cheese","og_description":"SOCIAL MEDIA POLICY DEL CONSORZIO PER LA TUTELA DEL FORMAGGIO PIAVE DOP Termini e condizioni di utilizzo dei social network ll Consorzio per la Tutela...","og_url":"https:\/\/www.formaggiopiave.it\/en\/social-media-policy\/","og_site_name":"Piave DOP Cheese","article_modified_time":"2024-06-28T09:16:30+00:00","twitter_card":"summary_large_image","twitter_misc":{"Est. reading time":"4 minutes"},"schema":{"@context":"https:\/\/schema.org","@graph":[{"@type":"WebPage","@id":"https:\/\/www.formaggiopiave.it\/en\/social-media-policy\/","url":"https:\/\/www.formaggiopiave.it\/en\/social-media-policy\/","name":"Social Media Policy | Piave DOP Cheese","isPartOf":{"@id":"https:\/\/www.formaggiopiave.it\/en\/#website"},"datePublished":"2024-06-28T09:14:57+00:00","dateModified":"2024-06-28T09:16:30+00:00","breadcrumb":{"@id":"https:\/\/www.formaggiopiave.it\/en\/social-media-policy\/#breadcrumb"},"inLanguage":"en-US","potentialAction":[{"@type":"ReadAction","target":["https:\/\/www.formaggiopiave.it\/en\/social-media-policy\/"]}]},{"@type":"BreadcrumbList","@id":"https:\/\/www.formaggiopiave.it\/en\/social-media-policy\/#breadcrumb","itemListElement":[{"@type":"ListItem","position":1,"name":"Home","item":"https:\/\/www.formaggiopiave.it\/en\/"},{"@type":"ListItem","position":2,"name":"Social Media Policy"}]},{"@type":"WebSite","@id":"https:\/\/www.formaggiopiave.it\/en\/#website","url":"https:\/\/www.formaggiopiave.it\/en\/","name":"Piave DOP Cheese","description":"Consorzio Tutela Piave DOP Cheese","publisher":{"@id":"https:\/\/www.formaggiopiave.it\/en\/#organization"},"potentialAction":[{"@type":"SearchAction","target":{"@type":"EntryPoint","urlTemplate":"https:\/\/www.formaggiopiave.it\/en\/?s={search_term_string}"},"query-input":{"@type":"PropertyValueSpecification","valueRequired":true,"valueName":"search_term_string"}}],"inLanguage":"en-US"},{"@type":"Organization","@id":"https:\/\/www.formaggiopiave.it\/en\/#organization","name":"Consorzio Formaggio Piave DOP","url":"https:\/\/www.formaggiopiave.it\/en\/","logo":{"@type":"ImageObject","inLanguage":"en-US","@id":"https:\/\/www.formaggiopiave.it\/en\/#\/schema\/logo\/image\/","url":"https:\/\/www.formaggiopiave.it\/wp-content\/uploads\/2020\/09\/Logo-Formaggio-Piave-Dop-1.png","contentUrl":"https:\/\/www.formaggiopiave.it\/wp-content\/uploads\/2020\/09\/Logo-Formaggio-Piave-Dop-1.png","width":688,"height":273,"caption":"Consorzio Formaggio Piave DOP"},"image":{"@id":"https:\/\/www.formaggiopiave.it\/en\/#\/schema\/logo\/image\/"}}]}},"coauthors":[],"author_meta":{"author_link":"https:\/\/www.formaggiopiave.it\/en\/author\/zfrancesca\/","display_name":"zfrancesca"},"relative_dates":{"created":"Posted 2 years ago","modified":"Updated 2 years ago"},"absolute_dates":{"created":"Posted on 28\/06\/2024","modified":"Updated on 28\/06\/2024"},"absolute_dates_time":{"created":"Posted on 28\/06\/2024 11:14","modified":"Updated on 28\/06\/2024 11:16"},"featured_img_caption":"","featured_img":false,"series_order":"","_links":{"self":[{"href":"https:\/\/www.formaggiopiave.it\/en\/wp-json\/wp\/v2\/pages\/14680","targetHints":{"allow":["GET"]}}],"collection":[{"href":"https:\/\/www.formaggiopiave.it\/en\/wp-json\/wp\/v2\/pages"}],"about":[{"href":"https:\/\/www.formaggiopiave.it\/en\/wp-json\/wp\/v2\/types\/page"}],"author":[{"embeddable":true,"href":"https:\/\/www.formaggiopiave.it\/en\/wp-json\/wp\/v2\/users\/6"}],"replies":[{"embeddable":true,"href":"https:\/\/www.formaggiopiave.it\/en\/wp-json\/wp\/v2\/comments?post=14680"}],"version-history":[{"count":2,"href":"https:\/\/www.formaggiopiave.it\/en\/wp-json\/wp\/v2\/pages\/14680\/revisions"}],"predecessor-version":[{"id":14682,"href":"https:\/\/www.formaggiopiave.it\/en\/wp-json\/wp\/v2\/pages\/14680\/revisions\/14682"}],"wp:attachment":[{"href":"https:\/\/www.formaggiopiave.it\/en\/wp-json\/wp\/v2\/media?parent=14680"}],"curies":[{"name":"wp","href":"https:\/\/api.w.org\/{rel}","templated":true}]}}