{"id":12252,"date":"2021-05-06T14:48:44","date_gmt":"2021-05-06T12:48:44","guid":{"rendered":"https:\/\/formaggiopiave.promoservicebeta.com\/?page_id=12252"},"modified":"2022-04-28T11:53:21","modified_gmt":"2022-04-28T09:53:21","slug":"fondo-europeo-agricolo-per-lo-sviluppo-rurale","status":"publish","type":"page","link":"https:\/\/www.formaggiopiave.it\/it\/fondo-europeo-agricolo-per-lo-sviluppo-rurale\/","title":{"rendered":"Fondo europeo agricolo per lo sviluppo rurale"},"content":{"rendered":"<div  class=\"grids-section grids-is-advanced alignfull\" style=\"--_gs-gap-desktop:0px 0px;--_gs-m-desktop:0 0 0 0;--_gs-p-desktop:0 0 0 0;--_gs-bg-desktop:transparent none;--_gs-bg-xp-desktop:0px;--_gs-zi-desktop:auto;--_gs-d-desktop:block;--_gs-mw-desktop:calc(100% - 0 - 0);--_gs-gap-tablet:0px 0px;--_gs-m-tablet:0 0 0 0;--_gs-p-tablet:0 0 0 0;--_gs-bg-tablet:transparent none;--_gs-bg-xp-tablet:0px;--_gs-zi-tablet:auto;--_gs-d-tablet:block;--_gs-mw-tablet:calc(100% - 0 - 0);--_gs-gap-mobile:0px 0px;--_gs-m-mobile:0 0 0 0;--_gs-p-mobile:0 0 0 0;--_gs-bg-mobile:transparent none;--_gs-bg-xp-mobile:0px;--_gs-zi-mobile:auto;--_gs-d-mobile:block;--_gs-mw-mobile:calc(100% - 0 - 0);--_gs-columns:12;--_gs-rows:6\"><div class=\"grids-s-w_i\">\n<div class=\"grids-area\" style=\"--_ga-column:3\/11;--_ga-row:1\/2;--_ga-m-desktop:0 0 0 0;--_ga-p-desktop:0 0 0 0;--_ga-bg-desktop:transparent none;--_ga-zi-desktop:auto;--_ga-d-desktop:flex;--_ga-mw-desktop:calc(100% - 0 - 0);--_ga-m-tablet:0 0 0 0;--_ga-p-tablet:0 0 0 0;--_ga-bg-tablet:transparent none;--_ga-zi-tablet:auto;--_ga-d-tablet:flex;--_ga-mw-tablet:calc(100% - 0 - 0);--_ga-m-mobile:0 0 0 0;--_ga-p-mobile:0 0 0 0;--_ga-bg-mobile:transparent none;--_ga-zi-mobile:auto;--_ga-d-mobile:flex;--_ga-mw-mobile:calc(100% - 0 - 0)\">\n\n<div class=\"wp-block-image\"><figure class=\"aligncenter size-large is-resized\"><img decoding=\"async\" src=\"https:\/\/formaggiopiave.it\/wp-content\/uploads\/2021\/05\/4-ISTITUZIONALI-2.png\" alt=\"\" class=\"wp-image-12253\" width=\"620\" height=\"158\" srcset=\"https:\/\/www.formaggiopiave.it\/wp-content\/uploads\/2021\/05\/4-ISTITUZIONALI-2.png 826w, https:\/\/www.formaggiopiave.it\/wp-content\/uploads\/2021\/05\/4-ISTITUZIONALI-2-300x76.png 300w, https:\/\/www.formaggiopiave.it\/wp-content\/uploads\/2021\/05\/4-ISTITUZIONALI-2-768x195.png 768w\" sizes=\"(max-width: 620px) 100vw, 620px\" \/><\/figure><\/div>\n\n\n\n<div style=\"height:40px\" aria-hidden=\"true\" class=\"wp-block-spacer\"><\/div>\n\n\n\n<p><strong>REG. (CE) n. 1305\/2013 \u2013 D.G.R. n. 1687 DEL 29\/11\/2021<\/strong><\/p>\n\n\n\n<p><strong>Misura:&nbsp;<\/strong><strong>3 REGIMI DI QUALIT\u00c0 DEI PRODOTTI AGRICOLI E ALIMENTARI<\/strong><\/p>\n\n\n\n<p><strong>Tipo d\u2019intervento: 3.2.1 INFORMAZIONE E PROMOZIONE SUI REGIMI DI QUALIT\u00c0 DEI PRODOTTI AGRICOLI E ALIMENTARI \u2013 DOMANDA 5123505<\/strong><\/p>\n\n\n\n<div style=\"height:40px\" aria-hidden=\"true\" class=\"wp-block-spacer\"><\/div>\n\n\n\n<p><strong>Descrizione dell\u2019operazione:<\/strong>\u00a0Domanda INDIVIDUALE presentata dal Consorzio di Tutela del Formaggio Piave DOP per la promozione del formaggio Piave DOP attraverso la realizzazione di azioni di informazione e promozione in Veneto, fuori Veneto (in particolare in Emilia-Romagna, Umbria, Lombardia e Toscana) e in altri paesi del mercato interno (Belgio, Francia, Croazia). In particolare, sono previste attivit\u00e0 di partecipazione a fiere, come ad esempio \u201cCaseus Veneti\u201d e \u201cCibus\u201d, mostre ed altri eventi (in particolare manifestazioni organizzate da Aprolav ed eventi sportivi), la produzione di materiale promozionale da utilizzare a supporto delle attivit\u00e0 previste, la realizzazione di campagne promozionali, incluse le attivit\u00e0 da svolgere nei punti vendita della GDO sia in Veneto che a livello nazionale e all\u2019estero. Sono, inoltre, previste inserzioni promozionali su riviste e volantini di settore nonch\u00e9 la realizzazione di gadget. Le attivit\u00e0 saranno rivolte ai consumatori, ai buyer della GDO ed agli operatori import-export.<\/p>\n\n\n\n<p><strong>Finalit\u00e0:<\/strong>\u00a0Attraverso la realizzazione del progetto, il Consorzio di Tutela del Formaggio Piave DOP da un lato mira a consolidare il mercato del Veneto, quello nazionale e quello di altri Paesi europei (Belgio e Francia), dall\u2019altro punta ad aprire nuovi sbocchi in Croazia. Tali obiettivi verranno perseguiti attraverso la realizzazione delle azioni sopra descritte tramite la diffusione di messaggi informativi e promozionali che metteranno in evidenza le elevate caratteristiche di qualit\u00e0 del formaggio Piave DOP ed evidenzieranno l\u2019intimo legame esistente fra questa eccellenza casearia e il territorio in cui \u00e8 prodotto. I target individuati, inoltre, saranno informati in merito alle rigorose norme di produzione del formaggio Piave DOP, alle indicazioni di qualit\u00e0, di etichettatura e commercializzazione, norme che garantiscono ai consumatori qualit\u00e0 certificata e tracciabilit\u00e0 del prodotto.<\/p>\n\n\n\n<div style=\"height:40px\" aria-hidden=\"true\" class=\"wp-block-spacer\"><\/div>\n\n\n\n<p><strong>Importo finanziato:<\/strong>\u00a0\u20ac 250.000,00<br><strong>Contributo concesso:\u00a0<\/strong>\u20ac 175.000,00<\/p>\n\n\n\n<div class=\"wp-block-media-text is-stacked-on-mobile is-vertically-aligned-center\" style=\"grid-template-columns:23% auto\"><figure class=\"wp-block-media-text__media\"><img decoding=\"async\" width=\"400\" height=\"117\" src=\"https:\/\/formaggiopiave.it\/wp-content\/uploads\/2021\/05\/logo-turisitico-regionale-400x117-1.png\" alt=\"\" class=\"wp-image-12266 size-full\" srcset=\"https:\/\/www.formaggiopiave.it\/wp-content\/uploads\/2021\/05\/logo-turisitico-regionale-400x117-1.png 400w, https:\/\/www.formaggiopiave.it\/wp-content\/uploads\/2021\/05\/logo-turisitico-regionale-400x117-1-300x88.png 300w\" sizes=\"(max-width: 400px) 100vw, 400px\" \/><\/figure><div class=\"wp-block-media-text__content\">\n<p>Iniziativa finanziata dal Programma di sviluppo rurale per il Veneto 2014-2020<br>Organismo responsabile dell\u2019informazione:\u00a0<strong>CONSORZIO PER LA TUTELA DEL FORMAGGIO PIAVE DOP\u00a0 \u00a0 \u00a0\u00a0<\/strong><br>Autorit\u00e0 di gestione: Regione del Veneto \u2013 Direzione AdG FEASR Bonifica e Irrigazione<\/p>\n<\/div><\/div>\n\n<\/div>\n<\/div><\/div>\n\n<div  class=\"grids-section grids-is-advanced alignfull\" style=\"--_gs-gap-desktop:0px 0px;--_gs-m-desktop:0 0 0 0;--_gs-p-desktop:0 0 0 0;--_gs-bg-desktop:#dbdbdb none;--_gs-bg-xp-desktop:0px;--_gs-zi-desktop:auto;--_gs-d-desktop:block;--_gs-mw-desktop:calc(100% - 0 - 0);--_gs-gap-tablet:0px 0px;--_gs-m-tablet:0 0 0 0;--_gs-p-tablet:0 0 0 0;--_gs-bg-tablet:#dbdbdb none;--_gs-bg-xp-tablet:0px;--_gs-zi-tablet:auto;--_gs-d-tablet:block;--_gs-mw-tablet:calc(100% - 0 - 0);--_gs-gap-mobile:0px 0px;--_gs-m-mobile:0 0 0 0;--_gs-p-mobile:0 0 0 0;--_gs-bg-mobile:#dbdbdb none;--_gs-bg-xp-mobile:0px;--_gs-zi-mobile:auto;--_gs-d-mobile:block;--_gs-mw-mobile:calc(100% - 0 - 0);--_gs-columns:12;--_gs-rows:6\"><div class=\"grids-s-w_i\">\n<div class=\"grids-area\" style=\"--_ga-column:3\/11;--_ga-row:1\/2;--_ga-m-desktop:0 0 0 0;--_ga-p-desktop:0 0 0 0;--_ga-bg-desktop:transparent none;--_ga-zi-desktop:auto;--_ga-d-desktop:flex;--_ga-mw-desktop:calc(100% - 0 - 0);--_ga-m-tablet:0 0 0 0;--_ga-p-tablet:0 0 0 0;--_ga-bg-tablet:transparent none;--_ga-zi-tablet:auto;--_ga-d-tablet:flex;--_ga-mw-tablet:calc(100% - 0 - 0);--_ga-m-mobile:0 0 0 0;--_ga-p-mobile:0 0 0 0;--_ga-bg-mobile:transparent none;--_ga-zi-mobile:auto;--_ga-d-mobile:flex;--_ga-mw-mobile:calc(100% - 0 - 0)\">\n\n<div class=\"wp-block-image\"><figure class=\"aligncenter size-large is-resized\"><img decoding=\"async\" src=\"https:\/\/formaggiopiave.it\/wp-content\/uploads\/2021\/05\/4-ISTITUZIONALI-2.png\" alt=\"\" class=\"wp-image-12253\" width=\"620\" height=\"158\" srcset=\"https:\/\/www.formaggiopiave.it\/wp-content\/uploads\/2021\/05\/4-ISTITUZIONALI-2.png 826w, https:\/\/www.formaggiopiave.it\/wp-content\/uploads\/2021\/05\/4-ISTITUZIONALI-2-300x76.png 300w, https:\/\/www.formaggiopiave.it\/wp-content\/uploads\/2021\/05\/4-ISTITUZIONALI-2-768x195.png 768w\" sizes=\"(max-width: 620px) 100vw, 620px\" \/><\/figure><\/div>\n\n\n\n<div style=\"height:40px\" aria-hidden=\"true\" class=\"wp-block-spacer\"><\/div>\n\n\n\n<p><strong>REG. (CE) n. 1305\/2013 \u2013 D.G.R. n. 1941 DEL 23\/12\/2019<\/strong><\/p>\n\n\n\n<p><strong>Misura:&nbsp;<\/strong><strong>3 REGIMI DI QUALIT\u00c0 DEI PRODOTTI AGRICOLI E ALIMENTARI<\/strong><\/p>\n\n\n\n<p><strong>Tipo d\u2019intervento: 3.2.1 INFORMAZIONE E PROMOZIONE SUI REGIMI DI QUALIT\u00c0 DEI PRODOTTI AGRICOLI E ALIMENTARI \u2013 DOMANDA 4502876<\/strong><\/p>\n\n\n\n<div style=\"height:40px\" aria-hidden=\"true\" class=\"wp-block-spacer\"><\/div>\n\n\n\n<p><strong>Descrizione dell\u2019operazione:<\/strong>&nbsp;Domanda INDIVIDUALE presentata dal Consorzio di Tutela del Formaggio Piave DOP per la promozione del&nbsp;formaggio Piave DOP&nbsp;attraverso la realizzazione di azioni di informazione e promozione in Veneto, fuori Veneto (Emilia-Romagna, Lombardia, Lazio) e in altri paesi del mercato interno (Germania, Bulgaria, Spagna, Belgio, Romania, Croazia). In particolare, sono previste attivit\u00e0 di partecipazione a fiere, come ad esempio \u201cCaseus Veneti\u201d, \u201cCibus\u201d, \u201cSial\u201d, mostre ed altri eventi (in particolare manifestazioni organizzate da Aprolav ed eventi sportivi), la produzione di materiale promozionale da utilizzare a supporto delle attivit\u00e0 previste, la realizzazione di campagne promozionali, incluse le attivit\u00e0 da svolgere nei punti vendita della GDO sia in Veneto che a livello nazionale e all\u2019estero. Sono, inoltre, previste inserzioni promozionali su riviste e volantini di settore nonch\u00e9 la realizzazione di gadget. Le attivit\u00e0 saranno rivolte ai consumatori, ai buyer della GDO ed agli operatori import-export e del canale Ho.Re.Ca.<\/p>\n\n\n\n<p><strong>Finalit\u00e0:<\/strong>&nbsp;Attraverso la realizzazione del progetto, il Consorzio di Tutela del Formaggio Piave DOP da un lato mira a consolidare il mercato del Veneto, quello di tre regioni fuori Veneto e quello di altri quattro Paesi europei (Germania, Bulgaria, Spagna, Belgio), dall\u2019altro punta ad aprire nuovi sbocchi in Romania e Croazia. Tali obiettivi verranno perseguiti attraverso la realizzazione delle azioni sopra descritte tramite la diffusione di messaggi informativi e promozionali che metteranno in evidenza le elevate caratteristiche di qualit\u00e0 del formaggio Piave DOP ed evidenzieranno l\u2019intimo legame esistente fra questa eccellenza casearia e il territorio in cui \u00e8 prodotto. I target individuati, inoltre, saranno informati in merito alle rigorose norme di produzione del formaggio Piave DOP, alle indicazioni di qualit\u00e0, di etichettatura e commercializzazione, norme che garantiscono ai consumatori qualit\u00e0 certificata e tracciabilit\u00e0 del prodotto.<\/p>\n\n\n\n<div style=\"height:40px\" aria-hidden=\"true\" class=\"wp-block-spacer\"><\/div>\n\n\n\n<p><strong>Importo finanziato:<\/strong>&nbsp;\u20ac 250.000,00<br><strong>Contributo concesso:&nbsp;<\/strong>\u20ac 140.920,00<\/p>\n\n\n\n<div class=\"wp-block-media-text is-stacked-on-mobile is-vertically-aligned-center\" style=\"grid-template-columns:23% auto\"><figure class=\"wp-block-media-text__media\"><img decoding=\"async\" width=\"400\" height=\"117\" src=\"https:\/\/formaggiopiave.it\/wp-content\/uploads\/2021\/05\/logo-turisitico-regionale-400x117-1.png\" alt=\"\" class=\"wp-image-12266 size-full\" srcset=\"https:\/\/www.formaggiopiave.it\/wp-content\/uploads\/2021\/05\/logo-turisitico-regionale-400x117-1.png 400w, https:\/\/www.formaggiopiave.it\/wp-content\/uploads\/2021\/05\/logo-turisitico-regionale-400x117-1-300x88.png 300w\" sizes=\"(max-width: 400px) 100vw, 400px\" \/><\/figure><div class=\"wp-block-media-text__content\">\n<p>Iniziativa finanziata dal Programma di sviluppo rurale per il Veneto 2014-2020<br>Organismo responsabile dell\u2019informazione:&nbsp;<strong>CONSORZIO PER LA TUTELA DEL FORMAGGIO PIAVE DOP&nbsp; &nbsp; &nbsp;&nbsp;<\/strong><br>Autorit\u00e0 di gestione: Regione del Veneto \u2013 Direzione AdG FEASR e Foreste<\/p>\n<\/div><\/div>\n\n<\/div>\n<\/div><\/div>","protected":false},"excerpt":{"rendered":"","protected":false},"author":2,"featured_media":0,"parent":0,"menu_order":0,"comment_status":"closed","ping_status":"closed","template":"","meta":{"_acf_changed":false,"advgb_blocks_editor_width":"","advgb_blocks_columns_visual_guide":"","footnotes":""},"class_list":["post-12252","page","type-page","status-publish","hentry"],"acf":[],"yoast_head":"<!-- This site is optimized with the Yoast SEO plugin v25.8 - https:\/\/yoast.com\/wordpress\/plugins\/seo\/ -->\n<title>Fondo europeo agricolo per lo sviluppo rurale | Formaggio Piave DOP<\/title>\n<meta name=\"robots\" content=\"index, follow, max-snippet:-1, max-image-preview:large, max-video-preview:-1\" \/>\n<link rel=\"canonical\" href=\"https:\/\/www.formaggiopiave.it\/it\/fondo-europeo-agricolo-per-lo-sviluppo-rurale\/\" \/>\n<meta property=\"og:locale\" content=\"it_IT\" \/>\n<meta property=\"og:type\" content=\"article\" \/>\n<meta property=\"og:title\" content=\"Fondo europeo agricolo per lo sviluppo rurale | Formaggio Piave DOP\" \/>\n<meta property=\"og:url\" content=\"https:\/\/www.formaggiopiave.it\/it\/fondo-europeo-agricolo-per-lo-sviluppo-rurale\/\" \/>\n<meta property=\"og:site_name\" content=\"Formaggio Piave DOP\" \/>\n<meta property=\"article:modified_time\" content=\"2022-04-28T09:53:21+00:00\" \/>\n<meta property=\"og:image\" content=\"https:\/\/formaggiopiave.it\/wp-content\/uploads\/2021\/05\/4-ISTITUZIONALI-2.png\" \/>\n<meta name=\"twitter:card\" content=\"summary_large_image\" \/>\n<meta name=\"twitter:label1\" content=\"Tempo di lettura stimato\" \/>\n\t<meta name=\"twitter:data1\" content=\"4 minuti\" \/>\n<script type=\"application\/ld+json\" class=\"yoast-schema-graph\">{\"@context\":\"https:\/\/schema.org\",\"@graph\":[{\"@type\":\"WebPage\",\"@id\":\"https:\/\/www.formaggiopiave.it\/it\/fondo-europeo-agricolo-per-lo-sviluppo-rurale\/\",\"url\":\"https:\/\/www.formaggiopiave.it\/it\/fondo-europeo-agricolo-per-lo-sviluppo-rurale\/\",\"name\":\"Fondo europeo agricolo per lo sviluppo rurale | Formaggio Piave DOP\",\"isPartOf\":{\"@id\":\"https:\/\/www.formaggiopiave.it\/it\/#website\"},\"primaryImageOfPage\":{\"@id\":\"https:\/\/www.formaggiopiave.it\/it\/fondo-europeo-agricolo-per-lo-sviluppo-rurale\/#primaryimage\"},\"image\":{\"@id\":\"https:\/\/www.formaggiopiave.it\/it\/fondo-europeo-agricolo-per-lo-sviluppo-rurale\/#primaryimage\"},\"thumbnailUrl\":\"https:\/\/formaggiopiave.it\/wp-content\/uploads\/2021\/05\/4-ISTITUZIONALI-2.png\",\"datePublished\":\"2021-05-06T12:48:44+00:00\",\"dateModified\":\"2022-04-28T09:53:21+00:00\",\"breadcrumb\":{\"@id\":\"https:\/\/www.formaggiopiave.it\/it\/fondo-europeo-agricolo-per-lo-sviluppo-rurale\/#breadcrumb\"},\"inLanguage\":\"it-IT\",\"potentialAction\":[{\"@type\":\"ReadAction\",\"target\":[\"https:\/\/www.formaggiopiave.it\/it\/fondo-europeo-agricolo-per-lo-sviluppo-rurale\/\"]}]},{\"@type\":\"ImageObject\",\"inLanguage\":\"it-IT\",\"@id\":\"https:\/\/www.formaggiopiave.it\/it\/fondo-europeo-agricolo-per-lo-sviluppo-rurale\/#primaryimage\",\"url\":\"https:\/\/formaggiopiave.it\/wp-content\/uploads\/2021\/05\/4-ISTITUZIONALI-2.png\",\"contentUrl\":\"https:\/\/formaggiopiave.it\/wp-content\/uploads\/2021\/05\/4-ISTITUZIONALI-2.png\"},{\"@type\":\"BreadcrumbList\",\"@id\":\"https:\/\/www.formaggiopiave.it\/it\/fondo-europeo-agricolo-per-lo-sviluppo-rurale\/#breadcrumb\",\"itemListElement\":[{\"@type\":\"ListItem\",\"position\":1,\"name\":\"Home\",\"item\":\"https:\/\/www.formaggiopiave.it\/it\/\"},{\"@type\":\"ListItem\",\"position\":2,\"name\":\"Fondo europeo agricolo per lo sviluppo rurale\"}]},{\"@type\":\"WebSite\",\"@id\":\"https:\/\/www.formaggiopiave.it\/it\/#website\",\"url\":\"https:\/\/www.formaggiopiave.it\/it\/\",\"name\":\"Formaggio Piave DOP\",\"description\":\"Consorzio Tutela Formaggio Piave DOP\",\"publisher\":{\"@id\":\"https:\/\/www.formaggiopiave.it\/it\/#organization\"},\"potentialAction\":[{\"@type\":\"SearchAction\",\"target\":{\"@type\":\"EntryPoint\",\"urlTemplate\":\"https:\/\/www.formaggiopiave.it\/it\/?s={search_term_string}\"},\"query-input\":{\"@type\":\"PropertyValueSpecification\",\"valueRequired\":true,\"valueName\":\"search_term_string\"}}],\"inLanguage\":\"it-IT\"},{\"@type\":\"Organization\",\"@id\":\"https:\/\/www.formaggiopiave.it\/it\/#organization\",\"name\":\"Consorzio Formaggio Piave DOP\",\"url\":\"https:\/\/www.formaggiopiave.it\/it\/\",\"logo\":{\"@type\":\"ImageObject\",\"inLanguage\":\"it-IT\",\"@id\":\"https:\/\/www.formaggiopiave.it\/it\/#\/schema\/logo\/image\/\",\"url\":\"https:\/\/www.formaggiopiave.it\/wp-content\/uploads\/2020\/09\/Logo-Formaggio-Piave-Dop-1.png\",\"contentUrl\":\"https:\/\/www.formaggiopiave.it\/wp-content\/uploads\/2020\/09\/Logo-Formaggio-Piave-Dop-1.png\",\"width\":688,\"height\":273,\"caption\":\"Consorzio Formaggio Piave DOP\"},\"image\":{\"@id\":\"https:\/\/www.formaggiopiave.it\/it\/#\/schema\/logo\/image\/\"}}]}<\/script>\n<!-- \/ Yoast SEO plugin. -->","yoast_head_json":{"title":"Fondo europeo agricolo per lo sviluppo rurale | Formaggio Piave DOP","robots":{"index":"index","follow":"follow","max-snippet":"max-snippet:-1","max-image-preview":"max-image-preview:large","max-video-preview":"max-video-preview:-1"},"canonical":"https:\/\/www.formaggiopiave.it\/it\/fondo-europeo-agricolo-per-lo-sviluppo-rurale\/","og_locale":"it_IT","og_type":"article","og_title":"Fondo europeo agricolo per lo sviluppo rurale | Formaggio Piave DOP","og_url":"https:\/\/www.formaggiopiave.it\/it\/fondo-europeo-agricolo-per-lo-sviluppo-rurale\/","og_site_name":"Formaggio Piave DOP","article_modified_time":"2022-04-28T09:53:21+00:00","og_image":[{"url":"https:\/\/formaggiopiave.it\/wp-content\/uploads\/2021\/05\/4-ISTITUZIONALI-2.png","type":"","width":"","height":""}],"twitter_card":"summary_large_image","twitter_misc":{"Tempo di lettura stimato":"4 minuti"},"schema":{"@context":"https:\/\/schema.org","@graph":[{"@type":"WebPage","@id":"https:\/\/www.formaggiopiave.it\/it\/fondo-europeo-agricolo-per-lo-sviluppo-rurale\/","url":"https:\/\/www.formaggiopiave.it\/it\/fondo-europeo-agricolo-per-lo-sviluppo-rurale\/","name":"Fondo europeo agricolo per lo sviluppo rurale | Formaggio Piave DOP","isPartOf":{"@id":"https:\/\/www.formaggiopiave.it\/it\/#website"},"primaryImageOfPage":{"@id":"https:\/\/www.formaggiopiave.it\/it\/fondo-europeo-agricolo-per-lo-sviluppo-rurale\/#primaryimage"},"image":{"@id":"https:\/\/www.formaggiopiave.it\/it\/fondo-europeo-agricolo-per-lo-sviluppo-rurale\/#primaryimage"},"thumbnailUrl":"https:\/\/formaggiopiave.it\/wp-content\/uploads\/2021\/05\/4-ISTITUZIONALI-2.png","datePublished":"2021-05-06T12:48:44+00:00","dateModified":"2022-04-28T09:53:21+00:00","breadcrumb":{"@id":"https:\/\/www.formaggiopiave.it\/it\/fondo-europeo-agricolo-per-lo-sviluppo-rurale\/#breadcrumb"},"inLanguage":"it-IT","potentialAction":[{"@type":"ReadAction","target":["https:\/\/www.formaggiopiave.it\/it\/fondo-europeo-agricolo-per-lo-sviluppo-rurale\/"]}]},{"@type":"ImageObject","inLanguage":"it-IT","@id":"https:\/\/www.formaggiopiave.it\/it\/fondo-europeo-agricolo-per-lo-sviluppo-rurale\/#primaryimage","url":"https:\/\/formaggiopiave.it\/wp-content\/uploads\/2021\/05\/4-ISTITUZIONALI-2.png","contentUrl":"https:\/\/formaggiopiave.it\/wp-content\/uploads\/2021\/05\/4-ISTITUZIONALI-2.png"},{"@type":"BreadcrumbList","@id":"https:\/\/www.formaggiopiave.it\/it\/fondo-europeo-agricolo-per-lo-sviluppo-rurale\/#breadcrumb","itemListElement":[{"@type":"ListItem","position":1,"name":"Home","item":"https:\/\/www.formaggiopiave.it\/it\/"},{"@type":"ListItem","position":2,"name":"Fondo europeo agricolo per lo sviluppo rurale"}]},{"@type":"WebSite","@id":"https:\/\/www.formaggiopiave.it\/it\/#website","url":"https:\/\/www.formaggiopiave.it\/it\/","name":"Formaggio Piave DOP","description":"Consorzio Tutela Formaggio Piave DOP","publisher":{"@id":"https:\/\/www.formaggiopiave.it\/it\/#organization"},"potentialAction":[{"@type":"SearchAction","target":{"@type":"EntryPoint","urlTemplate":"https:\/\/www.formaggiopiave.it\/it\/?s={search_term_string}"},"query-input":{"@type":"PropertyValueSpecification","valueRequired":true,"valueName":"search_term_string"}}],"inLanguage":"it-IT"},{"@type":"Organization","@id":"https:\/\/www.formaggiopiave.it\/it\/#organization","name":"Consorzio Formaggio Piave DOP","url":"https:\/\/www.formaggiopiave.it\/it\/","logo":{"@type":"ImageObject","inLanguage":"it-IT","@id":"https:\/\/www.formaggiopiave.it\/it\/#\/schema\/logo\/image\/","url":"https:\/\/www.formaggiopiave.it\/wp-content\/uploads\/2020\/09\/Logo-Formaggio-Piave-Dop-1.png","contentUrl":"https:\/\/www.formaggiopiave.it\/wp-content\/uploads\/2020\/09\/Logo-Formaggio-Piave-Dop-1.png","width":688,"height":273,"caption":"Consorzio Formaggio Piave DOP"},"image":{"@id":"https:\/\/www.formaggiopiave.it\/it\/#\/schema\/logo\/image\/"}}]}},"coauthors":[],"author_meta":{"author_link":"https:\/\/www.formaggiopiave.it\/it\/author\/promoservice\/","display_name":"formpiaveadm12020"},"relative_dates":{"created":"Pubblicato 5 anni fa","modified":"Aggiornato 4 anni fa"},"absolute_dates":{"created":"Pubblicato il 06\/05\/2021","modified":"Aggiornato il 28\/04\/2022"},"absolute_dates_time":{"created":"Pubblicato il 06\/05\/2021 14:48","modified":"Aggiornato il 28\/04\/2022 11:53"},"featured_img_caption":"","featured_img":false,"series_order":"","_links":{"self":[{"href":"https:\/\/www.formaggiopiave.it\/it\/wp-json\/wp\/v2\/pages\/12252","targetHints":{"allow":["GET"]}}],"collection":[{"href":"https:\/\/www.formaggiopiave.it\/it\/wp-json\/wp\/v2\/pages"}],"about":[{"href":"https:\/\/www.formaggiopiave.it\/it\/wp-json\/wp\/v2\/types\/page"}],"author":[{"embeddable":true,"href":"https:\/\/www.formaggiopiave.it\/it\/wp-json\/wp\/v2\/users\/2"}],"replies":[{"embeddable":true,"href":"https:\/\/www.formaggiopiave.it\/it\/wp-json\/wp\/v2\/comments?post=12252"}],"version-history":[{"count":0,"href":"https:\/\/www.formaggiopiave.it\/it\/wp-json\/wp\/v2\/pages\/12252\/revisions"}],"wp:attachment":[{"href":"https:\/\/www.formaggiopiave.it\/it\/wp-json\/wp\/v2\/media?parent=12252"}],"curies":[{"name":"wp","href":"https:\/\/api.w.org\/{rel}","templated":true}]}}