{"id":5027,"date":"2020-11-19T14:12:06","date_gmt":"2020-11-19T13:12:06","guid":{"rendered":"https:\/\/formaggiopiave.promoservicebeta.com\/?page_id=5027"},"modified":"2026-01-15T10:05:13","modified_gmt":"2026-01-15T09:05:13","slug":"proprieta","status":"publish","type":"page","link":"https:\/\/www.formaggiopiave.it\/it\/proprieta\/","title":{"rendered":"Propriet\u00e0"},"content":{"rendered":"<div  class=\"grids-section grids-is-advanced alignwide\" style=\"--_gs-gap-desktop:0px 0px;--_gs-m-desktop:0 0 0 0;--_gs-p-desktop:0 0 0 0;--_gs-bg-desktop:transparent none;--_gs-bg-xp-desktop:0px;--_gs-zi-desktop:auto;--_gs-d-desktop:block;--_gs-mw-desktop:calc(100% - 0 - 0);--_gs-gap-tablet:0px 0px;--_gs-m-tablet:0 0 0 0;--_gs-p-tablet:0 0 0 0;--_gs-bg-tablet:transparent none;--_gs-bg-xp-tablet:0px;--_gs-zi-tablet:auto;--_gs-d-tablet:block;--_gs-mw-tablet:calc(100% - 0 - 0);--_gs-gap-mobile:0px 0px;--_gs-m-mobile:0 0 0 0;--_gs-p-mobile:0 0 0 0;--_gs-bg-mobile:transparent none;--_gs-bg-xp-mobile:0px;--_gs-zi-mobile:auto;--_gs-d-mobile:block;--_gs-mw-mobile:calc(100% - 0 - 0);--_gs-columns:12;--_gs-rows:6\"><div class=\"grids-s-w_i\">\n<div class=\"grids-area\" style=\"--_ga-column:1\/7;--_ga-row:1\/2;--_ga-va:center;--_ga-m-desktop:0 0 0 0;--_ga-p-desktop:0 0 0 0;--_ga-bg-desktop:transparent none;--_ga-zi-desktop:auto;--_ga-d-desktop:flex;--_ga-mw-desktop:calc(100% - 0 - 0);--_ga-m-tablet:0 0 0 0;--_ga-p-tablet:0 0 0 0;--_ga-bg-tablet:transparent none;--_ga-zi-tablet:auto;--_ga-d-tablet:flex;--_ga-mw-tablet:calc(100% - 0 - 0);--_ga-m-mobile:0 0 0 0;--_ga-p-mobile:0 0 0 0;--_ga-bg-mobile:transparent none;--_ga-zi-mobile:auto;--_ga-d-mobile:flex;--_ga-mw-mobile:calc(100% - 0 - 0)\">\n\n<h1 class=\"wp-block-heading\">Propriet\u00e0 del Formaggio Piave DOP<\/h1>\n\n\n\n<div style=\"height:40px\" aria-hidden=\"true\" class=\"wp-block-spacer\"><\/div>\n\n\n\n<p>Fresco o stagionato, il Piave DOP costituisce un alimento genuino, di alto valore energetico e facilmente digeribile, veicolo di importanti elementi nutritivi indispensabili ad ogni et\u00e0.&nbsp;<\/p>\n\n\n\n<p>Il contenuto medio dei principali elementi per 100 g di prodotto varia in rapporto al grado di stagionatura dello stesso: nel Piave DOP Vecchio il contenuto proteico ad esempio \u00e8 di circa 26 g, i grassi 35 g mentre il valore energetico \u00e8 di 452 kcal.<br>Il suo consumo rappresenta quindi un\u2019abitudine alimentare ormai consolidata per i molti consumatori che desiderano una dieta sana ed equilibrata senza rinunciare al sapore della tradizione.<\/p>\n\n<\/div>\n\n<div class=\"grids-area\" style=\"--_ga-column:8\/13;--_ga-row:1\/2;--_ga-va:center;--_ga-m-desktop:0 0 0 0;--_ga-p-desktop:0 0 0 0;--_ga-bg-desktop:transparent none;--_ga-zi-desktop:auto;--_ga-d-desktop:flex;--_ga-mw-desktop:calc(100% - 0 - 0);--_ga-m-tablet:0 0 0 0;--_ga-p-tablet:0 0 0 0;--_ga-bg-tablet:transparent none;--_ga-zi-tablet:auto;--_ga-d-tablet:flex;--_ga-mw-tablet:calc(100% - 0 - 0);--_ga-m-mobile:0 0 0 0;--_ga-p-mobile:0 0 0 0;--_ga-bg-mobile:transparent none;--_ga-zi-mobile:auto;--_ga-d-mobile:flex;--_ga-mw-mobile:calc(100% - 0 - 0)\">\n\n<figure class=\"wp-block-image size-large\"><img decoding=\"async\" width=\"1024\" height=\"683\" src=\"https:\/\/www.formaggiopiave.it\/wp-content\/uploads\/2023\/07\/piave2012_633_nuova-etichetta-1024x683.jpg\" alt=\"\" class=\"wp-image-13957\" srcset=\"https:\/\/www.formaggiopiave.it\/wp-content\/uploads\/2023\/07\/piave2012_633_nuova-etichetta-1024x683.jpg 1024w, https:\/\/www.formaggiopiave.it\/wp-content\/uploads\/2023\/07\/piave2012_633_nuova-etichetta-300x200.jpg 300w, https:\/\/www.formaggiopiave.it\/wp-content\/uploads\/2023\/07\/piave2012_633_nuova-etichetta-768x512.jpg 768w, https:\/\/www.formaggiopiave.it\/wp-content\/uploads\/2023\/07\/piave2012_633_nuova-etichetta-1536x1024.jpg 1536w, https:\/\/www.formaggiopiave.it\/wp-content\/uploads\/2023\/07\/piave2012_633_nuova-etichetta-2048x1365.jpg 2048w, https:\/\/www.formaggiopiave.it\/wp-content\/uploads\/2023\/07\/piave2012_633_nuova-etichetta-1200x800.jpg 1200w, https:\/\/www.formaggiopiave.it\/wp-content\/uploads\/2023\/07\/piave2012_633_nuova-etichetta-1980x1320.jpg 1980w\" sizes=\"(max-width: 1024px) 100vw, 1024px\" \/><\/figure>\n\n<\/div>\n<\/div><\/div>\n\n<div  class=\"grids-section grids-is-advanced alignwide\" style=\"--_gs-gap-desktop:0px 0px;--_gs-m-desktop:0 0 0 0;--_gs-p-desktop:0 0 0 0;--_gs-bg-desktop:transparent none;--_gs-bg-xp-desktop:0px;--_gs-zi-desktop:auto;--_gs-d-desktop:block;--_gs-mw-desktop:calc(100% - 0 - 0);--_gs-gap-tablet:0px 0px;--_gs-m-tablet:0 0 0 0;--_gs-p-tablet:0 0 0 0;--_gs-bg-tablet:transparent none;--_gs-bg-xp-tablet:0px;--_gs-zi-tablet:auto;--_gs-d-tablet:block;--_gs-mw-tablet:calc(100% - 0 - 0);--_gs-gap-mobile:0px 0px;--_gs-m-mobile:0 0 0 0;--_gs-p-mobile:0 0 0 0;--_gs-bg-mobile:transparent none;--_gs-bg-xp-mobile:0px;--_gs-zi-mobile:auto;--_gs-d-mobile:block;--_gs-mw-mobile:calc(100% - 0 - 0);--_gs-columns:12;--_gs-rows:6\"><div class=\"grids-s-w_i\">\n<div class=\"grids-area\" style=\"--_ga-column:1\/6;--_ga-row:1\/2;--_ga-va:center;--_ga-m-desktop:0 0 0 0;--_ga-p-desktop:0 0 0 0;--_ga-bg-desktop:transparent none;--_ga-zi-desktop:auto;--_ga-d-desktop:flex;--_ga-mw-desktop:calc(100% - 0 - 0);--_ga-m-tablet:0 0 0 0;--_ga-p-tablet:0 0 0 0;--_ga-bg-tablet:transparent none;--_ga-zi-tablet:auto;--_ga-d-tablet:flex;--_ga-mw-tablet:calc(100% - 0 - 0);--_ga-m-mobile:0 0 0 0;--_ga-p-mobile:0 0 0 0;--_ga-bg-mobile:transparent none;--_ga-zi-mobile:auto;--_ga-d-mobile:flex;--_ga-mw-mobile:calc(100% - 0 - 0)\">\n\n<figure class=\"wp-block-image size-large\"><img decoding=\"async\" width=\"1024\" height=\"683\" src=\"https:\/\/www.formaggiopiave.it\/wp-content\/uploads\/2023\/07\/piave2012_233nuova-etichetta-1024x683.jpg\" alt=\"\" class=\"wp-image-13961\" srcset=\"https:\/\/www.formaggiopiave.it\/wp-content\/uploads\/2023\/07\/piave2012_233nuova-etichetta-1024x683.jpg 1024w, https:\/\/www.formaggiopiave.it\/wp-content\/uploads\/2023\/07\/piave2012_233nuova-etichetta-300x200.jpg 300w, https:\/\/www.formaggiopiave.it\/wp-content\/uploads\/2023\/07\/piave2012_233nuova-etichetta-768x512.jpg 768w, https:\/\/www.formaggiopiave.it\/wp-content\/uploads\/2023\/07\/piave2012_233nuova-etichetta-1536x1024.jpg 1536w, https:\/\/www.formaggiopiave.it\/wp-content\/uploads\/2023\/07\/piave2012_233nuova-etichetta-2048x1365.jpg 2048w, https:\/\/www.formaggiopiave.it\/wp-content\/uploads\/2023\/07\/piave2012_233nuova-etichetta-1200x800.jpg 1200w, https:\/\/www.formaggiopiave.it\/wp-content\/uploads\/2023\/07\/piave2012_233nuova-etichetta-1980x1320.jpg 1980w\" sizes=\"(max-width: 1024px) 100vw, 1024px\" \/><\/figure>\n\n<\/div>\n\n<div class=\"grids-area list-type-nodots\" style=\"--_ga-column:7\/13;--_ga-row:1\/2;--_ga-va:center;--_ga-m-desktop:0 0 0 0;--_ga-p-desktop:0 0 0 0;--_ga-bg-desktop:transparent none;--_ga-zi-desktop:auto;--_ga-d-desktop:flex;--_ga-mw-desktop:calc(100% - 0 - 0);--_ga-m-tablet:0 0 0 0;--_ga-p-tablet:0 0 0 0;--_ga-bg-tablet:transparent none;--_ga-zi-tablet:auto;--_ga-d-tablet:flex;--_ga-mw-tablet:calc(100% - 0 - 0);--_ga-m-mobile:0 0 0 0;--_ga-p-mobile:0 0 0 0;--_ga-bg-mobile:transparent none;--_ga-zi-mobile:auto;--_ga-d-mobile:flex;--_ga-mw-mobile:calc(100% - 0 - 0)\">\n\n<ul class=\"wp-block-list\">\n<li><span class=\"material-icons\">done<\/span> \u00c8 infatti&nbsp;<strong>un prodotto genuino per gli ingredienti naturali costituiti da latte fresco, fermenti lattici, caglio e sale<\/strong>.<\/li>\n\n\n\n<li><span class=\"material-icons\">done<\/span> \u00c8 un prodotto completo sotto il profilo nutritivo perch\u00e9 contiene aminoacidi essenziali, calcio e fosforo.&nbsp;<\/li>\n\n\n\n<li><span class=\"material-icons\">done<\/span> \u00c8&nbsp;<strong>facilmente digeribile<\/strong>&nbsp;perch\u00e9 nel corso della stagionatura modificazioni biochimiche rendono grassi e proteine facilmente assimilabili.<\/li>\n\n\n\n<li><span class=\"material-icons\">done<\/span> Grazie al tradizionale processo di produzione e stagionatura <strong>\u00e8 naturalmente privo di lattosio<\/strong>.<a href=\"https:\/\/www.formaggiopiave.it\/it\/piave-dop-e-lattosio-tutto-quello-che-devi-sapere\/\"><strong><em>\u00a0Clicca qui per saperne di pi\u00f9<\/em><\/strong><\/a>.<\/li>\n\n\n\n<li><span class=\"material-icons\">done<\/span> \u00c8 <strong>ricco di minerali essenziali<\/strong> come il calcio, nutriente essenziale che contribuisce alla formazione e al mantenimento di ossa e denti, alla conduzione degli impulsi nervosi, alla coagulazione del sangue e alla contrazione dei muscoli.&nbsp; Il calcio presente nel formaggio si distingue non solo per la grande quantit\u00e0, ma soprattutto per la sua alta bio-disponibilit\u00e0, ovvero \u00e8 altamente assibilabile nei processi metabolici. [1] <em>fonte:&nbsp; Assolatte<\/em><\/li>\n<\/ul>\n\n<\/div>\n<\/div><\/div>","protected":false},"excerpt":{"rendered":"","protected":false},"author":2,"featured_media":13951,"parent":0,"menu_order":0,"comment_status":"closed","ping_status":"closed","template":"","meta":{"_acf_changed":false,"advgb_blocks_editor_width":"","advgb_blocks_columns_visual_guide":"","footnotes":""},"class_list":["post-5027","page","type-page","status-publish","has-post-thumbnail","hentry"],"acf":[],"yoast_head":"<!-- This site is optimized with the Yoast SEO plugin v25.8 - https:\/\/yoast.com\/wordpress\/plugins\/seo\/ -->\n<title>Propriet\u00e0 | Formaggio Piave DOP | Consorzio Tutela Formaggio Piave DOP<\/title>\n<meta name=\"description\" content=\"Fresco o stagionato, il Piave DOP costituisce un alimento genuino, di alto valore energetico e facilmente digeribile.\" \/>\n<meta name=\"robots\" content=\"index, follow, max-snippet:-1, max-image-preview:large, max-video-preview:-1\" \/>\n<link rel=\"canonical\" href=\"https:\/\/www.formaggiopiave.it\/it\/proprieta\/\" \/>\n<meta property=\"og:locale\" content=\"it_IT\" \/>\n<meta property=\"og:type\" content=\"article\" \/>\n<meta property=\"og:title\" content=\"Propriet\u00e0 | Formaggio Piave DOP | Consorzio Tutela Formaggio Piave DOP\" \/>\n<meta property=\"og:description\" content=\"Fresco o stagionato, il Piave DOP costituisce un alimento genuino, di alto valore energetico e facilmente digeribile.\" \/>\n<meta property=\"og:url\" content=\"https:\/\/www.formaggiopiave.it\/it\/proprieta\/\" \/>\n<meta property=\"og:site_name\" content=\"Formaggio Piave DOP\" \/>\n<meta property=\"article:modified_time\" content=\"2026-01-15T09:05:13+00:00\" \/>\n<meta property=\"og:image\" content=\"https:\/\/www.formaggiopiave.it\/wp-content\/uploads\/2023\/07\/piave2012_028-nuova-etichetta-scaled-e1690190988165.jpg\" \/>\n\t<meta property=\"og:image:width\" content=\"2560\" \/>\n\t<meta property=\"og:image:height\" content=\"1387\" \/>\n\t<meta property=\"og:image:type\" content=\"image\/jpeg\" \/>\n<meta name=\"twitter:card\" content=\"summary_large_image\" \/>\n<meta name=\"twitter:label1\" content=\"Tempo di lettura stimato\" \/>\n\t<meta name=\"twitter:data1\" content=\"2 minuti\" \/>\n<script type=\"application\/ld+json\" class=\"yoast-schema-graph\">{\"@context\":\"https:\/\/schema.org\",\"@graph\":[{\"@type\":\"WebPage\",\"@id\":\"https:\/\/www.formaggiopiave.it\/it\/proprieta\/\",\"url\":\"https:\/\/www.formaggiopiave.it\/it\/proprieta\/\",\"name\":\"Propriet\u00e0 | Formaggio Piave DOP | Consorzio Tutela Formaggio Piave DOP\",\"isPartOf\":{\"@id\":\"https:\/\/www.formaggiopiave.it\/it\/#website\"},\"primaryImageOfPage\":{\"@id\":\"https:\/\/www.formaggiopiave.it\/it\/proprieta\/#primaryimage\"},\"image\":{\"@id\":\"https:\/\/www.formaggiopiave.it\/it\/proprieta\/#primaryimage\"},\"thumbnailUrl\":\"https:\/\/www.formaggiopiave.it\/wp-content\/uploads\/2023\/07\/piave2012_028-nuova-etichetta-scaled-e1690190988165.jpg\",\"datePublished\":\"2020-11-19T13:12:06+00:00\",\"dateModified\":\"2026-01-15T09:05:13+00:00\",\"description\":\"Fresco o stagionato, il Piave DOP costituisce un alimento genuino, di alto valore energetico e facilmente digeribile.\",\"breadcrumb\":{\"@id\":\"https:\/\/www.formaggiopiave.it\/it\/proprieta\/#breadcrumb\"},\"inLanguage\":\"it-IT\",\"potentialAction\":[{\"@type\":\"ReadAction\",\"target\":[\"https:\/\/www.formaggiopiave.it\/it\/proprieta\/\"]}]},{\"@type\":\"ImageObject\",\"inLanguage\":\"it-IT\",\"@id\":\"https:\/\/www.formaggiopiave.it\/it\/proprieta\/#primaryimage\",\"url\":\"https:\/\/www.formaggiopiave.it\/wp-content\/uploads\/2023\/07\/piave2012_028-nuova-etichetta-scaled-e1690190988165.jpg\",\"contentUrl\":\"https:\/\/www.formaggiopiave.it\/wp-content\/uploads\/2023\/07\/piave2012_028-nuova-etichetta-scaled-e1690190988165.jpg\",\"width\":2560,\"height\":1387},{\"@type\":\"BreadcrumbList\",\"@id\":\"https:\/\/www.formaggiopiave.it\/it\/proprieta\/#breadcrumb\",\"itemListElement\":[{\"@type\":\"ListItem\",\"position\":1,\"name\":\"Home\",\"item\":\"https:\/\/www.formaggiopiave.it\/it\/\"},{\"@type\":\"ListItem\",\"position\":2,\"name\":\"Propriet\u00e0\"}]},{\"@type\":\"WebSite\",\"@id\":\"https:\/\/www.formaggiopiave.it\/it\/#website\",\"url\":\"https:\/\/www.formaggiopiave.it\/it\/\",\"name\":\"Formaggio Piave DOP\",\"description\":\"Consorzio Tutela Formaggio Piave DOP\",\"publisher\":{\"@id\":\"https:\/\/www.formaggiopiave.it\/it\/#organization\"},\"potentialAction\":[{\"@type\":\"SearchAction\",\"target\":{\"@type\":\"EntryPoint\",\"urlTemplate\":\"https:\/\/www.formaggiopiave.it\/it\/?s={search_term_string}\"},\"query-input\":{\"@type\":\"PropertyValueSpecification\",\"valueRequired\":true,\"valueName\":\"search_term_string\"}}],\"inLanguage\":\"it-IT\"},{\"@type\":\"Organization\",\"@id\":\"https:\/\/www.formaggiopiave.it\/it\/#organization\",\"name\":\"Consorzio Formaggio Piave DOP\",\"url\":\"https:\/\/www.formaggiopiave.it\/it\/\",\"logo\":{\"@type\":\"ImageObject\",\"inLanguage\":\"it-IT\",\"@id\":\"https:\/\/www.formaggiopiave.it\/it\/#\/schema\/logo\/image\/\",\"url\":\"https:\/\/www.formaggiopiave.it\/wp-content\/uploads\/2020\/09\/Logo-Formaggio-Piave-Dop-1.png\",\"contentUrl\":\"https:\/\/www.formaggiopiave.it\/wp-content\/uploads\/2020\/09\/Logo-Formaggio-Piave-Dop-1.png\",\"width\":688,\"height\":273,\"caption\":\"Consorzio Formaggio Piave DOP\"},\"image\":{\"@id\":\"https:\/\/www.formaggiopiave.it\/it\/#\/schema\/logo\/image\/\"}}]}<\/script>\n<!-- \/ Yoast SEO plugin. -->","yoast_head_json":{"title":"Propriet\u00e0 | Formaggio Piave DOP | Consorzio Tutela Formaggio Piave DOP","description":"Fresco o stagionato, il Piave DOP costituisce un alimento genuino, di alto valore energetico e facilmente digeribile.","robots":{"index":"index","follow":"follow","max-snippet":"max-snippet:-1","max-image-preview":"max-image-preview:large","max-video-preview":"max-video-preview:-1"},"canonical":"https:\/\/www.formaggiopiave.it\/it\/proprieta\/","og_locale":"it_IT","og_type":"article","og_title":"Propriet\u00e0 | Formaggio Piave DOP | Consorzio Tutela Formaggio Piave DOP","og_description":"Fresco o stagionato, il Piave DOP costituisce un alimento genuino, di alto valore energetico e facilmente digeribile.","og_url":"https:\/\/www.formaggiopiave.it\/it\/proprieta\/","og_site_name":"Formaggio Piave DOP","article_modified_time":"2026-01-15T09:05:13+00:00","og_image":[{"width":2560,"height":1387,"url":"https:\/\/www.formaggiopiave.it\/wp-content\/uploads\/2023\/07\/piave2012_028-nuova-etichetta-scaled-e1690190988165.jpg","type":"image\/jpeg"}],"twitter_card":"summary_large_image","twitter_misc":{"Tempo di lettura stimato":"2 minuti"},"schema":{"@context":"https:\/\/schema.org","@graph":[{"@type":"WebPage","@id":"https:\/\/www.formaggiopiave.it\/it\/proprieta\/","url":"https:\/\/www.formaggiopiave.it\/it\/proprieta\/","name":"Propriet\u00e0 | Formaggio Piave DOP | Consorzio Tutela Formaggio Piave DOP","isPartOf":{"@id":"https:\/\/www.formaggiopiave.it\/it\/#website"},"primaryImageOfPage":{"@id":"https:\/\/www.formaggiopiave.it\/it\/proprieta\/#primaryimage"},"image":{"@id":"https:\/\/www.formaggiopiave.it\/it\/proprieta\/#primaryimage"},"thumbnailUrl":"https:\/\/www.formaggiopiave.it\/wp-content\/uploads\/2023\/07\/piave2012_028-nuova-etichetta-scaled-e1690190988165.jpg","datePublished":"2020-11-19T13:12:06+00:00","dateModified":"2026-01-15T09:05:13+00:00","description":"Fresco o stagionato, il Piave DOP costituisce un alimento genuino, di alto valore energetico e facilmente digeribile.","breadcrumb":{"@id":"https:\/\/www.formaggiopiave.it\/it\/proprieta\/#breadcrumb"},"inLanguage":"it-IT","potentialAction":[{"@type":"ReadAction","target":["https:\/\/www.formaggiopiave.it\/it\/proprieta\/"]}]},{"@type":"ImageObject","inLanguage":"it-IT","@id":"https:\/\/www.formaggiopiave.it\/it\/proprieta\/#primaryimage","url":"https:\/\/www.formaggiopiave.it\/wp-content\/uploads\/2023\/07\/piave2012_028-nuova-etichetta-scaled-e1690190988165.jpg","contentUrl":"https:\/\/www.formaggiopiave.it\/wp-content\/uploads\/2023\/07\/piave2012_028-nuova-etichetta-scaled-e1690190988165.jpg","width":2560,"height":1387},{"@type":"BreadcrumbList","@id":"https:\/\/www.formaggiopiave.it\/it\/proprieta\/#breadcrumb","itemListElement":[{"@type":"ListItem","position":1,"name":"Home","item":"https:\/\/www.formaggiopiave.it\/it\/"},{"@type":"ListItem","position":2,"name":"Propriet\u00e0"}]},{"@type":"WebSite","@id":"https:\/\/www.formaggiopiave.it\/it\/#website","url":"https:\/\/www.formaggiopiave.it\/it\/","name":"Formaggio Piave DOP","description":"Consorzio Tutela Formaggio Piave DOP","publisher":{"@id":"https:\/\/www.formaggiopiave.it\/it\/#organization"},"potentialAction":[{"@type":"SearchAction","target":{"@type":"EntryPoint","urlTemplate":"https:\/\/www.formaggiopiave.it\/it\/?s={search_term_string}"},"query-input":{"@type":"PropertyValueSpecification","valueRequired":true,"valueName":"search_term_string"}}],"inLanguage":"it-IT"},{"@type":"Organization","@id":"https:\/\/www.formaggiopiave.it\/it\/#organization","name":"Consorzio Formaggio Piave DOP","url":"https:\/\/www.formaggiopiave.it\/it\/","logo":{"@type":"ImageObject","inLanguage":"it-IT","@id":"https:\/\/www.formaggiopiave.it\/it\/#\/schema\/logo\/image\/","url":"https:\/\/www.formaggiopiave.it\/wp-content\/uploads\/2020\/09\/Logo-Formaggio-Piave-Dop-1.png","contentUrl":"https:\/\/www.formaggiopiave.it\/wp-content\/uploads\/2020\/09\/Logo-Formaggio-Piave-Dop-1.png","width":688,"height":273,"caption":"Consorzio Formaggio Piave DOP"},"image":{"@id":"https:\/\/www.formaggiopiave.it\/it\/#\/schema\/logo\/image\/"}}]}},"coauthors":[],"author_meta":{"author_link":"https:\/\/www.formaggiopiave.it\/it\/author\/promoservice\/","display_name":"formpiaveadm12020"},"relative_dates":{"created":"Pubblicato 5 anni fa","modified":"Aggiornato 3 mesi fa"},"absolute_dates":{"created":"Pubblicato il 19\/11\/2020","modified":"Aggiornato il 15\/01\/2026"},"absolute_dates_time":{"created":"Pubblicato il 19\/11\/2020 14:12","modified":"Aggiornato il 15\/01\/2026 10:05"},"featured_img_caption":"","featured_img":"https:\/\/www.formaggiopiave.it\/wp-content\/uploads\/2023\/07\/piave2012_028-nuova-etichetta-scaled-e1690190988165-1200x650.jpg","series_order":"","_links":{"self":[{"href":"https:\/\/www.formaggiopiave.it\/it\/wp-json\/wp\/v2\/pages\/5027","targetHints":{"allow":["GET"]}}],"collection":[{"href":"https:\/\/www.formaggiopiave.it\/it\/wp-json\/wp\/v2\/pages"}],"about":[{"href":"https:\/\/www.formaggiopiave.it\/it\/wp-json\/wp\/v2\/types\/page"}],"author":[{"embeddable":true,"href":"https:\/\/www.formaggiopiave.it\/it\/wp-json\/wp\/v2\/users\/2"}],"replies":[{"embeddable":true,"href":"https:\/\/www.formaggiopiave.it\/it\/wp-json\/wp\/v2\/comments?post=5027"}],"version-history":[{"count":8,"href":"https:\/\/www.formaggiopiave.it\/it\/wp-json\/wp\/v2\/pages\/5027\/revisions"}],"predecessor-version":[{"id":15397,"href":"https:\/\/www.formaggiopiave.it\/it\/wp-json\/wp\/v2\/pages\/5027\/revisions\/15397"}],"wp:featuredmedia":[{"embeddable":true,"href":"https:\/\/www.formaggiopiave.it\/it\/wp-json\/wp\/v2\/media\/13951"}],"wp:attachment":[{"href":"https:\/\/www.formaggiopiave.it\/it\/wp-json\/wp\/v2\/media?parent=5027"}],"curies":[{"name":"wp","href":"https:\/\/api.w.org\/{rel}","templated":true}]}}