{"id":5762,"date":"2020-11-30T16:37:13","date_gmt":"2020-11-30T15:37:13","guid":{"rendered":"https:\/\/formaggiopiave.promoservicebeta.com\/?page_id=5762"},"modified":"2021-04-22T16:55:46","modified_gmt":"2021-04-22T14:55:46","slug":"la-nostra-storia","status":"publish","type":"page","link":"https:\/\/www.formaggiopiave.it\/it\/la-nostra-storia\/","title":{"rendered":"La storia del formaggio Piave"},"content":{"rendered":"<div  class=\"grids-section grids-is-advanced alignwide\" style=\"--_gs-gap-desktop:0px 0px;--_gs-m-desktop:0 0 0 0;--_gs-p-desktop:0 0 0 0;--_gs-bg-desktop:transparent none;--_gs-bg-xp-desktop:0px;--_gs-zi-desktop:auto;--_gs-d-desktop:block;--_gs-mw-desktop:calc(100% - 0 - 0);--_gs-gap-tablet:0px 0px;--_gs-m-tablet:0 0 0 0;--_gs-p-tablet:0 0 0 0;--_gs-bg-tablet:transparent none;--_gs-bg-xp-tablet:0px;--_gs-zi-tablet:auto;--_gs-d-tablet:block;--_gs-mw-tablet:calc(100% - 0 - 0);--_gs-gap-mobile:0px 0px;--_gs-m-mobile:0 0 0 0;--_gs-p-mobile:0 0 0 0;--_gs-bg-mobile:transparent none;--_gs-bg-xp-mobile:0px;--_gs-zi-mobile:auto;--_gs-d-mobile:block;--_gs-mw-mobile:calc(100% - 0 - 0);--_gs-columns:12;--_gs-rows:6\"><div class=\"grids-s-w_i\">\n<div class=\"grids-area\" style=\"--_ga-column:8\/13;--_ga-row:1\/2;--_ga-va:center;--_ga-m-desktop:0 0 0 0;--_ga-p-desktop:0 0 0 0;--_ga-bg-desktop:transparent none;--_ga-zi-desktop:auto;--_ga-d-desktop:flex;--_ga-mw-desktop:calc(100% - 0 - 0);--_ga-m-tablet:0 0 0 0;--_ga-p-tablet:0 0 0 0;--_ga-bg-tablet:transparent none;--_ga-zi-tablet:auto;--_ga-d-tablet:flex;--_ga-mw-tablet:calc(100% - 0 - 0);--_ga-m-mobile:0 0 0 0;--_ga-p-mobile:0 0 0 0;--_ga-bg-mobile:transparent none;--_ga-zi-mobile:auto;--_ga-d-mobile:flex;--_ga-mw-mobile:calc(100% - 0 - 0)\">\n\n<figure class=\"wp-block-gallery columns-2 is-cropped wp-block-gallery-2\"><ul class=\"blocks-gallery-grid\"><li class=\"blocks-gallery-item\"><figure><img decoding=\"async\" width=\"1024\" height=\"682\" src=\"https:\/\/formaggiopiave.it\/wp-content\/uploads\/2020\/12\/Formaggio_Piave_DOP_mucche_Stalla-1024x682.jpg\" alt=\"\" data-id=\"6266\" data-full-url=\"https:\/\/formaggiopiave.it\/wp-content\/uploads\/2020\/12\/Formaggio_Piave_DOP_mucche_Stalla.jpg\" data-link=\"https:\/\/formaggiopiave.it\/it\/formaggio_piave_dop_mucche_stalla\/\" class=\"wp-image-6266\" srcset=\"https:\/\/www.formaggiopiave.it\/wp-content\/uploads\/2020\/12\/Formaggio_Piave_DOP_mucche_Stalla-1024x682.jpg 1024w, https:\/\/www.formaggiopiave.it\/wp-content\/uploads\/2020\/12\/Formaggio_Piave_DOP_mucche_Stalla-300x200.jpg 300w, https:\/\/www.formaggiopiave.it\/wp-content\/uploads\/2020\/12\/Formaggio_Piave_DOP_mucche_Stalla-768x512.jpg 768w, https:\/\/www.formaggiopiave.it\/wp-content\/uploads\/2020\/12\/Formaggio_Piave_DOP_mucche_Stalla-1536x1024.jpg 1536w, https:\/\/www.formaggiopiave.it\/wp-content\/uploads\/2020\/12\/Formaggio_Piave_DOP_mucche_Stalla-1200x800.jpg 1200w, https:\/\/www.formaggiopiave.it\/wp-content\/uploads\/2020\/12\/Formaggio_Piave_DOP_mucche_Stalla-1980x1320.jpg 1980w, https:\/\/www.formaggiopiave.it\/wp-content\/uploads\/2020\/12\/Formaggio_Piave_DOP_mucche_Stalla.jpg 2000w\" sizes=\"(max-width: 1024px) 100vw, 1024px\" \/><\/figure><\/li><li class=\"blocks-gallery-item\"><figure><img decoding=\"async\" width=\"1024\" height=\"682\" src=\"https:\/\/formaggiopiave.it\/wp-content\/uploads\/2020\/12\/Formaggio_Piave_storia_mucche-1024x682.jpg\" alt=\"\" data-id=\"6275\" data-full-url=\"https:\/\/formaggiopiave.it\/wp-content\/uploads\/2020\/12\/Formaggio_Piave_storia_mucche.jpg\" data-link=\"https:\/\/formaggiopiave.it\/it\/formaggio_piave_storia_mucche\/\" class=\"wp-image-6275\" srcset=\"https:\/\/www.formaggiopiave.it\/wp-content\/uploads\/2020\/12\/Formaggio_Piave_storia_mucche-1024x682.jpg 1024w, https:\/\/www.formaggiopiave.it\/wp-content\/uploads\/2020\/12\/Formaggio_Piave_storia_mucche-300x200.jpg 300w, https:\/\/www.formaggiopiave.it\/wp-content\/uploads\/2020\/12\/Formaggio_Piave_storia_mucche-768x512.jpg 768w, https:\/\/www.formaggiopiave.it\/wp-content\/uploads\/2020\/12\/Formaggio_Piave_storia_mucche-1536x1024.jpg 1536w, https:\/\/www.formaggiopiave.it\/wp-content\/uploads\/2020\/12\/Formaggio_Piave_storia_mucche-1200x800.jpg 1200w, https:\/\/www.formaggiopiave.it\/wp-content\/uploads\/2020\/12\/Formaggio_Piave_storia_mucche-1980x1320.jpg 1980w, https:\/\/www.formaggiopiave.it\/wp-content\/uploads\/2020\/12\/Formaggio_Piave_storia_mucche.jpg 2000w\" sizes=\"(max-width: 1024px) 100vw, 1024px\" \/><\/figure><\/li><li class=\"blocks-gallery-item\"><figure><img decoding=\"async\" width=\"1024\" height=\"682\" src=\"https:\/\/formaggiopiave.it\/wp-content\/uploads\/2020\/12\/Formaggio_Piave_Storia_Mucca-1024x682.jpg\" alt=\"\" data-id=\"6272\" data-full-url=\"https:\/\/formaggiopiave.it\/wp-content\/uploads\/2020\/12\/Formaggio_Piave_Storia_Mucca.jpg\" data-link=\"https:\/\/formaggiopiave.it\/it\/formaggio_piave_storia_mucca\/\" class=\"wp-image-6272 is-layout-flex wp-block-gallery-is-layout-flex\" srcset=\"https:\/\/www.formaggiopiave.it\/wp-content\/uploads\/2020\/12\/Formaggio_Piave_Storia_Mucca-1024x682.jpg 1024w, https:\/\/www.formaggiopiave.it\/wp-content\/uploads\/2020\/12\/Formaggio_Piave_Storia_Mucca-300x200.jpg 300w, https:\/\/www.formaggiopiave.it\/wp-content\/uploads\/2020\/12\/Formaggio_Piave_Storia_Mucca-768x512.jpg 768w, https:\/\/www.formaggiopiave.it\/wp-content\/uploads\/2020\/12\/Formaggio_Piave_Storia_Mucca-1536x1024.jpg 1536w, https:\/\/www.formaggiopiave.it\/wp-content\/uploads\/2020\/12\/Formaggio_Piave_Storia_Mucca-1200x800.jpg 1200w, https:\/\/www.formaggiopiave.it\/wp-content\/uploads\/2020\/12\/Formaggio_Piave_Storia_Mucca-1980x1320.jpg 1980w, https:\/\/www.formaggiopiave.it\/wp-content\/uploads\/2020\/12\/Formaggio_Piave_Storia_Mucca.jpg 2000w\" sizes=\"(max-width: 1024px) 100vw, 1024px\" \/><\/figure><\/li><\/ul><\/figure>\n\n<\/div>\n\n<div class=\"grids-area\" style=\"--_ga-column:1\/7;--_ga-row:1\/2;--_ga-va:center;--_ga-m-desktop:0 0 0 0;--_ga-p-desktop:0 0 0 0;--_ga-bg-desktop:transparent none;--_ga-zi-desktop:auto;--_ga-d-desktop:flex;--_ga-mw-desktop:calc(100% - 0 - 0);--_ga-m-tablet:0 0 0 0;--_ga-p-tablet:0 0 0 0;--_ga-bg-tablet:transparent none;--_ga-zi-tablet:auto;--_ga-d-tablet:flex;--_ga-mw-tablet:calc(100% - 0 - 0);--_ga-m-mobile:0 0 0 0;--_ga-p-mobile:0 0 0 0;--_ga-bg-mobile:transparent none;--_ga-zi-mobile:auto;--_ga-d-mobile:flex;--_ga-mw-mobile:calc(100% - 0 - 0)\">\n\n<h1 class=\"wp-block-heading\">La storia del formaggio Piave<\/h1>\n\n\n\n<div style=\"height:40px\" aria-hidden=\"true\" class=\"wp-block-spacer\"><\/div>\n\n\n\n<p><strong>La provincia di Belluno, zona di origine del formaggio Piave, \u00e8 la parte pi\u00f9 settentrionale del Veneto<\/strong>, incuneata tra il Trentino Alto Adige a Nord Ovest e Friuli ad Est. Una montagna dura e difficile dove l\u2019agricoltura, da tempi lontani, ha espresso una naturale vocazione all\u2019 allevamento del bestiame da latte, date le difficolt\u00e0 nel praticare le colture intensive tipiche della pianura.<\/p>\n\n\n\n<div style=\"height:20px\" aria-hidden=\"true\" class=\"wp-block-spacer\"><\/div>\n\n\n\n<p>Caratterizzato da un clima rigido con abbondanti precipitazioni nevose durante il periodo invernale e da estati brevi e fresche,<strong>&nbsp;il Bellunese rappresenta, anche per il carattere della gente, il tipico ambiente alpino, orgoglioso delle proprie tradizioni tramandate nel tempo attraverso l\u2019esperienza e la narrazione orale<\/strong>.<\/p>\n\n\n\n<div style=\"height:20px\" aria-hidden=\"true\" class=\"wp-block-spacer\"><\/div>\n\n\n\n<p>L\u2019inizio in forma estesa dell\u2019attivit\u00e0 di allevamento del bestiame da latte, in particolare bovine della razza Bruna Alpina, coincide per il Bellunese con il tramonto dello sfruttamento intensivo del patrimonio boschivo, in corrispondenza del declino della Serenissima Repubblica di Venezia sotto il cui dominio si trovava allora gran parte dell\u2019attuale territorio provinciale. L\u2019allevamento del bestiame da latte da parte dei piccoli proprietari di montagna e dei mezzadri di fondovalle, si pose allora come la pi\u00f9 valida e naturale alternativa produttiva per la fragile economia rurale bellunese travolta dalla crisi della Serenissima.<\/p>\n\n<\/div>\n<\/div><\/div>\n\n<div  class=\"grids-section grids-is-advanced alignwide\" style=\"--_gs-gap-desktop:0px 0px;--_gs-m-desktop:0 0 0 0;--_gs-p-desktop:0 0 0 0;--_gs-bg-desktop:transparent none;--_gs-bg-xp-desktop:0px;--_gs-zi-desktop:auto;--_gs-d-desktop:block;--_gs-mw-desktop:calc(100% - 0 - 0);--_gs-gap-tablet:0px 0px;--_gs-m-tablet:0 0 0 0;--_gs-p-tablet:0 0 0 0;--_gs-bg-tablet:transparent none;--_gs-bg-xp-tablet:0px;--_gs-zi-tablet:auto;--_gs-d-tablet:block;--_gs-mw-tablet:calc(100% - 0 - 0);--_gs-gap-mobile:0px 0px;--_gs-m-mobile:0 0 0 0;--_gs-p-mobile:0 0 0 0;--_gs-bg-mobile:transparent none;--_gs-bg-xp-mobile:0px;--_gs-zi-mobile:auto;--_gs-d-mobile:block;--_gs-mw-mobile:calc(100% - 0 - 0);--_gs-columns:12;--_gs-rows:6\"><div class=\"grids-s-w_i\">\n<div class=\"grids-area\" style=\"--_ga-column:1\/6;--_ga-row:1\/2;--_ga-va:center;--_ga-m-desktop:0 0 0 0;--_ga-p-desktop:0 0 0 0;--_ga-bg-desktop:transparent none;--_ga-zi-desktop:auto;--_ga-d-desktop:flex;--_ga-mw-desktop:calc(100% - 0 - 0);--_ga-m-tablet:0 0 0 0;--_ga-p-tablet:0 0 0 0;--_ga-bg-tablet:transparent none;--_ga-zi-tablet:auto;--_ga-d-tablet:flex;--_ga-mw-tablet:calc(100% - 0 - 0);--_ga-m-mobile:0 0 0 0;--_ga-p-mobile:0 0 0 0;--_ga-bg-mobile:transparent none;--_ga-zi-mobile:auto;--_ga-d-mobile:flex;--_ga-mw-mobile:calc(100% - 0 - 0)\">\n\n<figure class=\"wp-block-gallery columns-1 is-cropped wp-block-gallery-3\"><ul class=\"blocks-gallery-grid\"><li class=\"blocks-gallery-item\"><figure><img decoding=\"async\" width=\"1024\" height=\"754\" src=\"https:\/\/formaggiopiave.it\/wp-content\/uploads\/2020\/12\/Formaggio_Piave_oresse_Storia-1024x754.jpg\" alt=\"\" data-id=\"6269\" data-full-url=\"https:\/\/formaggiopiave.it\/wp-content\/uploads\/2020\/12\/Formaggio_Piave_oresse_Storia.jpg\" data-link=\"https:\/\/formaggiopiave.it\/it\/formaggio_piave_oresse_storia\/\" class=\"wp-image-6269 is-layout-flex wp-block-gallery-is-layout-flex\" srcset=\"https:\/\/www.formaggiopiave.it\/wp-content\/uploads\/2020\/12\/Formaggio_Piave_oresse_Storia-1024x754.jpg 1024w, https:\/\/www.formaggiopiave.it\/wp-content\/uploads\/2020\/12\/Formaggio_Piave_oresse_Storia-300x221.jpg 300w, https:\/\/www.formaggiopiave.it\/wp-content\/uploads\/2020\/12\/Formaggio_Piave_oresse_Storia-768x565.jpg 768w, https:\/\/www.formaggiopiave.it\/wp-content\/uploads\/2020\/12\/Formaggio_Piave_oresse_Storia-1200x884.jpg 1200w, https:\/\/www.formaggiopiave.it\/wp-content\/uploads\/2020\/12\/Formaggio_Piave_oresse_Storia.jpg 1240w\" sizes=\"(max-width: 1024px) 100vw, 1024px\" \/><\/figure><\/li><\/ul><\/figure>\n\n<\/div>\n\n<div class=\"grids-area\" style=\"--_ga-column:7\/13;--_ga-row:1\/2;--_ga-va:center;--_ga-m-desktop:0 0 0 0;--_ga-p-desktop:0 0 0 0;--_ga-bg-desktop:transparent none;--_ga-zi-desktop:auto;--_ga-d-desktop:flex;--_ga-mw-desktop:calc(100% - 0 - 0);--_ga-m-tablet:0 0 0 0;--_ga-p-tablet:0 0 0 0;--_ga-bg-tablet:transparent none;--_ga-zi-tablet:auto;--_ga-d-tablet:flex;--_ga-mw-tablet:calc(100% - 0 - 0);--_ga-m-mobile:0 0 0 0;--_ga-p-mobile:0 0 0 0;--_ga-bg-mobile:transparent none;--_ga-zi-mobile:auto;--_ga-d-mobile:flex;--_ga-mw-mobile:calc(100% - 0 - 0)\">\n\n<p>In epoche a noi pi\u00f9 prossime, a partire cio\u00e8 dalla fine del secolo scorso, in relazione alla nascita dell\u2019industria moderna nelle grandi nazioni dell\u2019Europa centrale, il Bellunese, come molte altre zone montane d\u2019Italia, conoscer\u00e0 la grave crisi economica che porter\u00e0 con s\u00e8 il fenomeno dell\u2019emigrazione ed il conseguente spopolamento del territorio. Proprio per fare fronte al massiccio esodo e quindi al drammatico degrado socio economico che ne conseguiva,<strong>&nbsp;nasce l\u20198 gennaio 1872 in una vallata bellunese, precisamente a Canale d\u2019Agordo, su iniziativa del parroco locale don Antonio Della Lucia, una forma assolutamente nuova di gestione solidale delle poche risorse date dall\u2019allevamento del bestiame da latte: \u00e8 la prima latteria sociale cooperativa del neonato Regno d\u2019Italia, kas\u00e8l nel dialetto locale bellunese, latteria \u201cturnaria\u201d nell\u2019accezione pi\u00f9 comune<\/strong>. L\u2019idea di raggruppare i piccoli allevatori del paese per lavorare il latte \u201ca turno\u201d presso un unico \u201ccasello\u201d , ottenendo in questo modo una riduzione dei costi di produzione ed un maggior guadagno, si impose durante quegli anni difficili in ogni piccolo centro della montagna bellunese, contribuendo in maniera determinante alla nascita delle locali tradizioni lattiero casearie e rappresentando al contempo una valida alternativa di lavoro al drammatico destino dell\u2019emigrazione.<\/p>\n\n<\/div>\n<\/div><\/div>\n\n<div  class=\"grids-section grids-is-advanced alignwide\" style=\"--_gs-gap-desktop:0px 0px;--_gs-m-desktop:0 0 0 0;--_gs-p-desktop:0 0 0 0;--_gs-bg-desktop:transparent none;--_gs-bg-xp-desktop:0px;--_gs-zi-desktop:auto;--_gs-d-desktop:block;--_gs-mw-desktop:calc(100% - 0 - 0);--_gs-gap-tablet:0px 0px;--_gs-m-tablet:0 0 0 0;--_gs-p-tablet:0 0 0 0;--_gs-bg-tablet:transparent none;--_gs-bg-xp-tablet:0px;--_gs-zi-tablet:auto;--_gs-d-tablet:block;--_gs-mw-tablet:calc(100% - 0 - 0);--_gs-gap-mobile:0px 0px;--_gs-m-mobile:0 0 0 0;--_gs-p-mobile:0 0 0 0;--_gs-bg-mobile:transparent none;--_gs-bg-xp-mobile:0px;--_gs-zi-mobile:auto;--_gs-d-mobile:block;--_gs-mw-mobile:calc(100% - 0 - 0);--_gs-columns:12;--_gs-rows:6\"><div class=\"grids-s-w_i\">\n<div class=\"grids-area\" style=\"--_ga-column:1\/7;--_ga-row:1\/2;--_ga-va:center;--_ga-m-desktop:0 0 0 0;--_ga-p-desktop:0 0 0 0;--_ga-bg-desktop:transparent none;--_ga-zi-desktop:auto;--_ga-d-desktop:flex;--_ga-mw-desktop:calc(100% - 0 - 0);--_ga-m-tablet:0 0 0 0;--_ga-p-tablet:0 0 0 0;--_ga-bg-tablet:transparent none;--_ga-zi-tablet:auto;--_ga-d-tablet:flex;--_ga-mw-tablet:calc(100% - 0 - 0);--_ga-m-mobile:0 0 0 0;--_ga-p-mobile:0 0 0 0;--_ga-bg-mobile:transparent none;--_ga-zi-mobile:auto;--_ga-d-mobile:flex;--_ga-mw-mobile:calc(100% - 0 - 0)\">\n\n<p>Con il passare del tempo, specie nel secondo dopoguerra, in corrispondenza degli sviluppi socio economici del periodo, molte di queste piccole realt\u00e0 entrarono in crisi e furono destinate a chiudere; tuttavia ancora oggi, in molti paesi della montagna bellunese, \u00e8 possibile trovare il ricordo di quelle prime latterie cooperative, dove si producevano burro, formaggi freschi dall\u2019intenso sapore di latte chiamati appunto \u201clatteria\u201d e formaggi a pasta cotta destinati alla breve e media stagionatura.<\/p>\n\n\n\n<div style=\"height:20px\" aria-hidden=\"true\" class=\"wp-block-spacer\"><\/div>\n\n\n\n<p>In altri casi gli allevatori locali reagirono e, tornando ad associarsi, estesero la base sociale della cooperativa comprendendo allevatori di paesi vicini, costituendo latterie cooperative di dimensioni pi\u00f9 grandi capaci di fronteggiare con maggior forza lo squilibrio di mercato tra agricoltura di montagna e agricoltura di pianura.<\/p>\n\n<\/div>\n\n<div class=\"grids-area\" style=\"--_ga-column:8\/13;--_ga-row:1\/2;--_ga-va:center;--_ga-m-desktop:0 0 0 0;--_ga-p-desktop:0 0 0 0;--_ga-bg-desktop:transparent none;--_ga-zi-desktop:auto;--_ga-d-desktop:flex;--_ga-mw-desktop:calc(100% - 0 - 0);--_ga-m-tablet:0 0 0 0;--_ga-p-tablet:0 0 0 0;--_ga-bg-tablet:transparent none;--_ga-zi-tablet:auto;--_ga-d-tablet:flex;--_ga-mw-tablet:calc(100% - 0 - 0);--_ga-m-mobile:0 0 0 0;--_ga-p-mobile:0 0 0 0;--_ga-bg-mobile:transparent none;--_ga-zi-mobile:auto;--_ga-d-mobile:flex;--_ga-mw-mobile:calc(100% - 0 - 0)\">\n\n<figure class=\"wp-block-image size-large\"><img decoding=\"async\" width=\"1024\" height=\"738\" src=\"https:\/\/formaggiopiave.it\/wp-content\/uploads\/2020\/12\/Formaggio_Piave_Lavorazione_storia_frasche_in_legno-1024x738.jpg\" alt=\"\" class=\"wp-image-6281\" srcset=\"https:\/\/www.formaggiopiave.it\/wp-content\/uploads\/2020\/12\/Formaggio_Piave_Lavorazione_storia_frasche_in_legno-1024x738.jpg 1024w, https:\/\/www.formaggiopiave.it\/wp-content\/uploads\/2020\/12\/Formaggio_Piave_Lavorazione_storia_frasche_in_legno-300x216.jpg 300w, https:\/\/www.formaggiopiave.it\/wp-content\/uploads\/2020\/12\/Formaggio_Piave_Lavorazione_storia_frasche_in_legno-768x554.jpg 768w, https:\/\/www.formaggiopiave.it\/wp-content\/uploads\/2020\/12\/Formaggio_Piave_Lavorazione_storia_frasche_in_legno-1200x865.jpg 1200w, https:\/\/www.formaggiopiave.it\/wp-content\/uploads\/2020\/12\/Formaggio_Piave_Lavorazione_storia_frasche_in_legno.jpg 1240w\" sizes=\"(max-width: 1024px) 100vw, 1024px\" \/><\/figure>\n\n<\/div>\n<\/div><\/div>","protected":false},"excerpt":{"rendered":"","protected":false},"author":2,"featured_media":6269,"parent":0,"menu_order":0,"comment_status":"closed","ping_status":"closed","template":"","meta":{"_acf_changed":false,"advgb_blocks_editor_width":"","advgb_blocks_columns_visual_guide":"","footnotes":""},"class_list":["post-5762","page","type-page","status-publish","has-post-thumbnail","hentry"],"acf":[],"yoast_head":"<!-- This site is optimized with the Yoast SEO plugin v25.8 - https:\/\/yoast.com\/wordpress\/plugins\/seo\/ -->\n<title>La storia del formaggio Piave | Formaggio Piave DOP<\/title>\n<meta name=\"robots\" content=\"index, follow, max-snippet:-1, max-image-preview:large, max-video-preview:-1\" \/>\n<link rel=\"canonical\" href=\"https:\/\/www.formaggiopiave.it\/it\/la-nostra-storia\/\" \/>\n<meta property=\"og:locale\" content=\"it_IT\" \/>\n<meta property=\"og:type\" content=\"article\" \/>\n<meta property=\"og:title\" content=\"La storia del formaggio Piave | Formaggio Piave DOP\" \/>\n<meta property=\"og:url\" content=\"https:\/\/www.formaggiopiave.it\/it\/la-nostra-storia\/\" \/>\n<meta property=\"og:site_name\" content=\"Formaggio Piave DOP\" \/>\n<meta property=\"article:modified_time\" content=\"2021-04-22T14:55:46+00:00\" \/>\n<meta property=\"og:image\" content=\"https:\/\/www.formaggiopiave.it\/wp-content\/uploads\/2020\/12\/Formaggio_Piave_oresse_Storia.jpg\" \/>\n\t<meta property=\"og:image:width\" content=\"1240\" \/>\n\t<meta property=\"og:image:height\" content=\"913\" \/>\n\t<meta property=\"og:image:type\" content=\"image\/jpeg\" \/>\n<meta name=\"twitter:card\" content=\"summary_large_image\" \/>\n<meta name=\"twitter:label1\" content=\"Tempo di lettura stimato\" \/>\n\t<meta name=\"twitter:data1\" content=\"3 minuti\" \/>\n<script type=\"application\/ld+json\" class=\"yoast-schema-graph\">{\"@context\":\"https:\/\/schema.org\",\"@graph\":[{\"@type\":\"WebPage\",\"@id\":\"https:\/\/www.formaggiopiave.it\/it\/la-nostra-storia\/\",\"url\":\"https:\/\/www.formaggiopiave.it\/it\/la-nostra-storia\/\",\"name\":\"La storia del formaggio Piave | Formaggio Piave DOP\",\"isPartOf\":{\"@id\":\"https:\/\/www.formaggiopiave.it\/it\/#website\"},\"primaryImageOfPage\":{\"@id\":\"https:\/\/www.formaggiopiave.it\/it\/la-nostra-storia\/#primaryimage\"},\"image\":{\"@id\":\"https:\/\/www.formaggiopiave.it\/it\/la-nostra-storia\/#primaryimage\"},\"thumbnailUrl\":\"https:\/\/www.formaggiopiave.it\/wp-content\/uploads\/2020\/12\/Formaggio_Piave_oresse_Storia.jpg\",\"datePublished\":\"2020-11-30T15:37:13+00:00\",\"dateModified\":\"2021-04-22T14:55:46+00:00\",\"breadcrumb\":{\"@id\":\"https:\/\/www.formaggiopiave.it\/it\/la-nostra-storia\/#breadcrumb\"},\"inLanguage\":\"it-IT\",\"potentialAction\":[{\"@type\":\"ReadAction\",\"target\":[\"https:\/\/www.formaggiopiave.it\/it\/la-nostra-storia\/\"]}]},{\"@type\":\"ImageObject\",\"inLanguage\":\"it-IT\",\"@id\":\"https:\/\/www.formaggiopiave.it\/it\/la-nostra-storia\/#primaryimage\",\"url\":\"https:\/\/www.formaggiopiave.it\/wp-content\/uploads\/2020\/12\/Formaggio_Piave_oresse_Storia.jpg\",\"contentUrl\":\"https:\/\/www.formaggiopiave.it\/wp-content\/uploads\/2020\/12\/Formaggio_Piave_oresse_Storia.jpg\",\"width\":1240,\"height\":913},{\"@type\":\"BreadcrumbList\",\"@id\":\"https:\/\/www.formaggiopiave.it\/it\/la-nostra-storia\/#breadcrumb\",\"itemListElement\":[{\"@type\":\"ListItem\",\"position\":1,\"name\":\"Home\",\"item\":\"https:\/\/www.formaggiopiave.it\/it\/\"},{\"@type\":\"ListItem\",\"position\":2,\"name\":\"La storia del formaggio Piave\"}]},{\"@type\":\"WebSite\",\"@id\":\"https:\/\/www.formaggiopiave.it\/it\/#website\",\"url\":\"https:\/\/www.formaggiopiave.it\/it\/\",\"name\":\"Formaggio Piave DOP\",\"description\":\"Consorzio Tutela Formaggio Piave DOP\",\"publisher\":{\"@id\":\"https:\/\/www.formaggiopiave.it\/it\/#organization\"},\"potentialAction\":[{\"@type\":\"SearchAction\",\"target\":{\"@type\":\"EntryPoint\",\"urlTemplate\":\"https:\/\/www.formaggiopiave.it\/it\/?s={search_term_string}\"},\"query-input\":{\"@type\":\"PropertyValueSpecification\",\"valueRequired\":true,\"valueName\":\"search_term_string\"}}],\"inLanguage\":\"it-IT\"},{\"@type\":\"Organization\",\"@id\":\"https:\/\/www.formaggiopiave.it\/it\/#organization\",\"name\":\"Consorzio Formaggio Piave DOP\",\"url\":\"https:\/\/www.formaggiopiave.it\/it\/\",\"logo\":{\"@type\":\"ImageObject\",\"inLanguage\":\"it-IT\",\"@id\":\"https:\/\/www.formaggiopiave.it\/it\/#\/schema\/logo\/image\/\",\"url\":\"https:\/\/www.formaggiopiave.it\/wp-content\/uploads\/2020\/09\/Logo-Formaggio-Piave-Dop-1.png\",\"contentUrl\":\"https:\/\/www.formaggiopiave.it\/wp-content\/uploads\/2020\/09\/Logo-Formaggio-Piave-Dop-1.png\",\"width\":688,\"height\":273,\"caption\":\"Consorzio Formaggio Piave DOP\"},\"image\":{\"@id\":\"https:\/\/www.formaggiopiave.it\/it\/#\/schema\/logo\/image\/\"}}]}<\/script>\n<!-- \/ Yoast SEO plugin. -->","yoast_head_json":{"title":"La storia del formaggio Piave | Formaggio Piave DOP","robots":{"index":"index","follow":"follow","max-snippet":"max-snippet:-1","max-image-preview":"max-image-preview:large","max-video-preview":"max-video-preview:-1"},"canonical":"https:\/\/www.formaggiopiave.it\/it\/la-nostra-storia\/","og_locale":"it_IT","og_type":"article","og_title":"La storia del formaggio Piave | Formaggio Piave DOP","og_url":"https:\/\/www.formaggiopiave.it\/it\/la-nostra-storia\/","og_site_name":"Formaggio Piave DOP","article_modified_time":"2021-04-22T14:55:46+00:00","og_image":[{"width":1240,"height":913,"url":"https:\/\/www.formaggiopiave.it\/wp-content\/uploads\/2020\/12\/Formaggio_Piave_oresse_Storia.jpg","type":"image\/jpeg"}],"twitter_card":"summary_large_image","twitter_misc":{"Tempo di lettura stimato":"3 minuti"},"schema":{"@context":"https:\/\/schema.org","@graph":[{"@type":"WebPage","@id":"https:\/\/www.formaggiopiave.it\/it\/la-nostra-storia\/","url":"https:\/\/www.formaggiopiave.it\/it\/la-nostra-storia\/","name":"La storia del formaggio Piave | Formaggio Piave DOP","isPartOf":{"@id":"https:\/\/www.formaggiopiave.it\/it\/#website"},"primaryImageOfPage":{"@id":"https:\/\/www.formaggiopiave.it\/it\/la-nostra-storia\/#primaryimage"},"image":{"@id":"https:\/\/www.formaggiopiave.it\/it\/la-nostra-storia\/#primaryimage"},"thumbnailUrl":"https:\/\/www.formaggiopiave.it\/wp-content\/uploads\/2020\/12\/Formaggio_Piave_oresse_Storia.jpg","datePublished":"2020-11-30T15:37:13+00:00","dateModified":"2021-04-22T14:55:46+00:00","breadcrumb":{"@id":"https:\/\/www.formaggiopiave.it\/it\/la-nostra-storia\/#breadcrumb"},"inLanguage":"it-IT","potentialAction":[{"@type":"ReadAction","target":["https:\/\/www.formaggiopiave.it\/it\/la-nostra-storia\/"]}]},{"@type":"ImageObject","inLanguage":"it-IT","@id":"https:\/\/www.formaggiopiave.it\/it\/la-nostra-storia\/#primaryimage","url":"https:\/\/www.formaggiopiave.it\/wp-content\/uploads\/2020\/12\/Formaggio_Piave_oresse_Storia.jpg","contentUrl":"https:\/\/www.formaggiopiave.it\/wp-content\/uploads\/2020\/12\/Formaggio_Piave_oresse_Storia.jpg","width":1240,"height":913},{"@type":"BreadcrumbList","@id":"https:\/\/www.formaggiopiave.it\/it\/la-nostra-storia\/#breadcrumb","itemListElement":[{"@type":"ListItem","position":1,"name":"Home","item":"https:\/\/www.formaggiopiave.it\/it\/"},{"@type":"ListItem","position":2,"name":"La storia del formaggio Piave"}]},{"@type":"WebSite","@id":"https:\/\/www.formaggiopiave.it\/it\/#website","url":"https:\/\/www.formaggiopiave.it\/it\/","name":"Formaggio Piave DOP","description":"Consorzio Tutela Formaggio Piave DOP","publisher":{"@id":"https:\/\/www.formaggiopiave.it\/it\/#organization"},"potentialAction":[{"@type":"SearchAction","target":{"@type":"EntryPoint","urlTemplate":"https:\/\/www.formaggiopiave.it\/it\/?s={search_term_string}"},"query-input":{"@type":"PropertyValueSpecification","valueRequired":true,"valueName":"search_term_string"}}],"inLanguage":"it-IT"},{"@type":"Organization","@id":"https:\/\/www.formaggiopiave.it\/it\/#organization","name":"Consorzio Formaggio Piave DOP","url":"https:\/\/www.formaggiopiave.it\/it\/","logo":{"@type":"ImageObject","inLanguage":"it-IT","@id":"https:\/\/www.formaggiopiave.it\/it\/#\/schema\/logo\/image\/","url":"https:\/\/www.formaggiopiave.it\/wp-content\/uploads\/2020\/09\/Logo-Formaggio-Piave-Dop-1.png","contentUrl":"https:\/\/www.formaggiopiave.it\/wp-content\/uploads\/2020\/09\/Logo-Formaggio-Piave-Dop-1.png","width":688,"height":273,"caption":"Consorzio Formaggio Piave DOP"},"image":{"@id":"https:\/\/www.formaggiopiave.it\/it\/#\/schema\/logo\/image\/"}}]}},"coauthors":[],"author_meta":{"author_link":"https:\/\/www.formaggiopiave.it\/it\/author\/promoservice\/","display_name":"formpiaveadm12020"},"relative_dates":{"created":"Pubblicato 5 anni fa","modified":"Aggiornato 5 anni fa"},"absolute_dates":{"created":"Pubblicato il 30\/11\/2020","modified":"Aggiornato il 22\/04\/2021"},"absolute_dates_time":{"created":"Pubblicato il 30\/11\/2020 16:37","modified":"Aggiornato il 22\/04\/2021 16:55"},"featured_img_caption":"","featured_img":"https:\/\/www.formaggiopiave.it\/wp-content\/uploads\/2020\/12\/Formaggio_Piave_oresse_Storia-1200x884.jpg","series_order":"","_links":{"self":[{"href":"https:\/\/www.formaggiopiave.it\/it\/wp-json\/wp\/v2\/pages\/5762","targetHints":{"allow":["GET"]}}],"collection":[{"href":"https:\/\/www.formaggiopiave.it\/it\/wp-json\/wp\/v2\/pages"}],"about":[{"href":"https:\/\/www.formaggiopiave.it\/it\/wp-json\/wp\/v2\/types\/page"}],"author":[{"embeddable":true,"href":"https:\/\/www.formaggiopiave.it\/it\/wp-json\/wp\/v2\/users\/2"}],"replies":[{"embeddable":true,"href":"https:\/\/www.formaggiopiave.it\/it\/wp-json\/wp\/v2\/comments?post=5762"}],"version-history":[{"count":0,"href":"https:\/\/www.formaggiopiave.it\/it\/wp-json\/wp\/v2\/pages\/5762\/revisions"}],"wp:featuredmedia":[{"embeddable":true,"href":"https:\/\/www.formaggiopiave.it\/it\/wp-json\/wp\/v2\/media\/6269"}],"wp:attachment":[{"href":"https:\/\/www.formaggiopiave.it\/it\/wp-json\/wp\/v2\/media?parent=5762"}],"curies":[{"name":"wp","href":"https:\/\/api.w.org\/{rel}","templated":true}]}}