{"id":6124,"date":"2020-12-01T11:40:30","date_gmt":"2020-12-01T10:40:30","guid":{"rendered":"https:\/\/formaggiopiave.promoservicebeta.com\/?page_id=6124"},"modified":"2023-07-10T11:38:06","modified_gmt":"2023-07-10T09:38:06","slug":"un-supereroe-per-i-bambini","status":"publish","type":"page","link":"https:\/\/www.formaggiopiave.it\/it\/un-supereroe-per-i-bambini\/","title":{"rendered":"Un Supereroe per i bambini"},"content":{"rendered":"<div  class=\"grids-section grids-is-advanced alignwide\" style=\"--_gs-gap-desktop:0px 0px;--_gs-m-desktop:0 0 0 0;--_gs-p-desktop:0 0 0 0;--_gs-bg-desktop:transparent none;--_gs-bg-xp-desktop:0px;--_gs-zi-desktop:auto;--_gs-d-desktop:block;--_gs-mw-desktop:calc(100% - 0 - 0);--_gs-gap-tablet:0px 0px;--_gs-m-tablet:0 0 0 0;--_gs-p-tablet:0 0 0 0;--_gs-bg-tablet:transparent none;--_gs-bg-xp-tablet:0px;--_gs-zi-tablet:auto;--_gs-d-tablet:block;--_gs-mw-tablet:calc(100% - 0 - 0);--_gs-gap-mobile:0px 0px;--_gs-m-mobile:0 0 0 0;--_gs-p-mobile:0 0 0 0;--_gs-bg-mobile:transparent none;--_gs-bg-xp-mobile:0px;--_gs-zi-mobile:auto;--_gs-d-mobile:block;--_gs-mw-mobile:calc(100% - 0 - 0);--_gs-columns:12;--_gs-rows:6\"><div class=\"grids-s-w_i\">\n<div class=\"grids-area\" style=\"--_ga-column:1\/7;--_ga-row:1\/2;--_ga-va:center;--_ga-m-desktop:0 0 0 0;--_ga-p-desktop:0 0 0 0;--_ga-bg-desktop:transparent none;--_ga-zi-desktop:auto;--_ga-d-desktop:flex;--_ga-mw-desktop:calc(100% - 0 - 0);--_ga-m-tablet:0 0 0 0;--_ga-p-tablet:0 0 0 0;--_ga-bg-tablet:transparent none;--_ga-zi-tablet:auto;--_ga-d-tablet:flex;--_ga-mw-tablet:calc(100% - 0 - 0);--_ga-m-mobile:0 0 0 0;--_ga-p-mobile:0 0 0 0;--_ga-bg-mobile:transparent none;--_ga-zi-mobile:auto;--_ga-d-mobile:flex;--_ga-mw-mobile:calc(100% - 0 - 0)\">\n\n<h1 class=\"wp-block-heading\">Un Supereroe per i bambini!<\/h1>\n\n\n\n<div style=\"height:40px\" aria-hidden=\"true\" class=\"wp-block-spacer advgb-dyn-db4b1242\"><\/div>\n\n\n\n<p>Quale modo migliore per parlare ai bambini in et\u00e0 scolastica se non quello di utilizzare un linguaggio divertente e a loro comprensibile? <\/p>\n\n\n\n<div style=\"height:20px\" aria-hidden=\"true\" class=\"wp-block-spacer advgb-dyn-af21a01c\"><\/div>\n\n\n\n<p>Ecco<strong> Captain Piave!<\/strong> il Supereroe protagonista di <strong>un\u2019animazione 3D Full HD<\/strong> che difende il formaggio delle Dolomiti bellunesi e tutte le produzioni a marchio di tutela DOP da abusi e contraffazioni.&nbsp;<\/p>\n\n\n\n<div style=\"height:20px\" aria-hidden=\"true\" class=\"wp-block-spacer advgb-dyn-af21a01c\"><\/div>\n\n\n\n<p>Il progetto rientra in un pi\u00f9 ampio progetto co-finanziato dall\u2019Unione Europea e promosso dal Consorzio di tutela dal titolo \u201cNice to eat-EU\u201d.<\/p>\n\n<\/div>\n\n<div class=\"grids-area\" style=\"--_ga-column:8\/13;--_ga-row:1\/2;--_ga-va:center;--_ga-m-desktop:0 0 0 0;--_ga-p-desktop:0 0 0 0;--_ga-bg-desktop:transparent none;--_ga-zi-desktop:auto;--_ga-d-desktop:flex;--_ga-mw-desktop:calc(100% - 0 - 0);--_ga-m-tablet:0 0 0 0;--_ga-p-tablet:0 0 0 0;--_ga-bg-tablet:transparent none;--_ga-zi-tablet:auto;--_ga-d-tablet:flex;--_ga-mw-tablet:calc(100% - 0 - 0);--_ga-m-mobile:0 0 0 0;--_ga-p-mobile:0 0 0 0;--_ga-bg-mobile:transparent none;--_ga-zi-mobile:auto;--_ga-d-mobile:flex;--_ga-mw-mobile:calc(100% - 0 - 0)\">\n\n<figure class=\"wp-block-image size-large\"><img decoding=\"async\" width=\"1024\" height=\"510\" src=\"https:\/\/formaggiopiave.it\/wp-content\/uploads\/2020\/12\/captain-piave_fakehunters_logo-1024x510.png\" alt=\"\" class=\"wp-image-6130\" srcset=\"https:\/\/www.formaggiopiave.it\/wp-content\/uploads\/2020\/12\/captain-piave_fakehunters_logo-1024x510.png 1024w, https:\/\/www.formaggiopiave.it\/wp-content\/uploads\/2020\/12\/captain-piave_fakehunters_logo-300x150.png 300w, https:\/\/www.formaggiopiave.it\/wp-content\/uploads\/2020\/12\/captain-piave_fakehunters_logo-768x383.png 768w, https:\/\/www.formaggiopiave.it\/wp-content\/uploads\/2020\/12\/captain-piave_fakehunters_logo-1200x598.png 1200w, https:\/\/www.formaggiopiave.it\/wp-content\/uploads\/2020\/12\/captain-piave_fakehunters_logo.png 1304w\" sizes=\"(max-width: 1024px) 100vw, 1024px\" \/><\/figure>\n\n<\/div>\n<\/div><\/div>\n\n<div  class=\"grids-section grids-is-advanced alignwide\" style=\"--_gs-gap-desktop:0px 0px;--_gs-m-desktop:0 0 0 0;--_gs-p-desktop:0 0 0 0;--_gs-bg-desktop:transparent none;--_gs-bg-xp-desktop:0px;--_gs-zi-desktop:auto;--_gs-d-desktop:block;--_gs-mw-desktop:calc(100% - 0 - 0);--_gs-gap-tablet:0px 0px;--_gs-m-tablet:0 0 0 0;--_gs-p-tablet:0 0 0 0;--_gs-bg-tablet:transparent none;--_gs-bg-xp-tablet:0px;--_gs-zi-tablet:auto;--_gs-d-tablet:block;--_gs-mw-tablet:calc(100% - 0 - 0);--_gs-gap-mobile:0px 0px;--_gs-m-mobile:0 0 0 0;--_gs-p-mobile:0 0 0 0;--_gs-bg-mobile:transparent none;--_gs-bg-xp-mobile:0px;--_gs-zi-mobile:auto;--_gs-d-mobile:block;--_gs-mw-mobile:calc(100% - 0 - 0);--_gs-columns:12;--_gs-rows:6\"><div class=\"grids-s-w_i\">\n<div class=\"grids-area\" style=\"--_ga-column:3\/7;--_ga-row:1\/2;--_ga-va:center;--_ga-m-desktop:0 0 0 0;--_ga-p-desktop:0 0 0 0;--_ga-bg-desktop:transparent none;--_ga-zi-desktop:auto;--_ga-d-desktop:flex;--_ga-mw-desktop:calc(100% - 0 - 0);--_ga-m-tablet:0 0 0 0;--_ga-p-tablet:0 0 0 0;--_ga-bg-tablet:transparent none;--_ga-zi-tablet:auto;--_ga-d-tablet:flex;--_ga-mw-tablet:calc(100% - 0 - 0);--_ga-m-mobile:0 0 0 55%;--_ga-p-mobile:0 0 0 0;--_ga-bg-mobile:transparent none;--_ga-zi-mobile:auto;--_ga-d-mobile:flex;--_ga-mw-mobile:calc(100% - 55% - 0)\">\n\n<div class=\"wp-block-buttons is-layout-flex wp-block-buttons-is-layout-flex advgb-dyn-5e5a4c85\">\n<div class=\"wp-block-button btn advgb-dyn-a6f6f97f\"><a class=\"wp-block-button__link wp-element-button\" href=\"https:\/\/youtu.be\/jPJPWmIoL-Y\" target=\"_blank\" rel=\"noreferrer noopener\">Guarda il video<\/a><\/div>\n<\/div>\n\n<\/div>\n\n<div class=\"grids-area\" style=\"--_ga-column:7\/11;--_ga-row:1\/2;--_ga-va:center;--_ga-m-desktop:0 0 0 0;--_ga-p-desktop:0 0 0 0;--_ga-bg-desktop:transparent none;--_ga-zi-desktop:auto;--_ga-d-desktop:flex;--_ga-mw-desktop:calc(100% - 0 - 0);--_ga-m-tablet:0 0 0 0;--_ga-p-tablet:0 0 0 0;--_ga-bg-tablet:transparent none;--_ga-zi-tablet:auto;--_ga-d-tablet:flex;--_ga-mw-tablet:calc(100% - 0 - 0);--_ga-m-mobile:50px 70% 0 0;--_ga-p-mobile:0 0 0 0;--_ga-bg-mobile:transparent none;--_ga-zi-mobile:auto;--_ga-d-mobile:flex;--_ga-mw-mobile:calc(100% - 0 - 70%)\">\n\n<div class=\"wp-block-buttons is-content-justification-right is-layout-flex wp-container-core-buttons-is-layout-765c4724 wp-block-buttons-is-layout-flex advgb-dyn-5e5a4c85\"><\/div>\n\n<\/div>\n<\/div><\/div>\n\n<div  class=\"grids-section grids-is-advanced alignwide\" style=\"--_gs-gap-desktop:0px 0px;--_gs-m-desktop:0 0 0 0;--_gs-p-desktop:40px 0 40px 0;--_gs-bg-desktop:#f8f8f8 none;--_gs-bg-xp-desktop:calc( 50% - 50vw );--_gs-zi-desktop:auto;--_gs-d-desktop:block;--_gs-mw-desktop:calc(100% - 0 - 0);--_gs-gap-tablet:0px 0px;--_gs-m-tablet:0 0 0 0;--_gs-p-tablet:40px 0 40px 0;--_gs-bg-tablet:#f8f8f8 none;--_gs-bg-xp-tablet:calc( 50% - 50vw );--_gs-zi-tablet:auto;--_gs-d-tablet:block;--_gs-mw-tablet:calc(100% - 0 - 0);--_gs-gap-mobile:0px 0px;--_gs-m-mobile:0 0 0 0;--_gs-p-mobile:40px 0 40px 0;--_gs-bg-mobile:#f8f8f8 none;--_gs-bg-xp-mobile:calc( 50% - 50vw );--_gs-zi-mobile:auto;--_gs-d-mobile:block;--_gs-mw-mobile:calc(100% - 0 - 0);--_gs-columns:12;--_gs-rows:6\"><div class=\"grids-s-w_i\">\n<div class=\"grids-area\" style=\"--_ga-column:1\/13;--_ga-row:1\/2;--_ga-m-desktop:0 0 0 0;--_ga-p-desktop:0 0 0 0;--_ga-bg-desktop:transparent none;--_ga-zi-desktop:auto;--_ga-d-desktop:flex;--_ga-mw-desktop:calc(100% - 0 - 0);--_ga-m-tablet:0 0 0 0;--_ga-p-tablet:0 0 0 0;--_ga-bg-tablet:transparent none;--_ga-zi-tablet:auto;--_ga-d-tablet:flex;--_ga-mw-tablet:calc(100% - 0 - 0);--_ga-m-mobile:0 0 0 0;--_ga-p-mobile:0 0 0 0;--_ga-bg-mobile:transparent none;--_ga-zi-mobile:auto;--_ga-d-mobile:flex;--_ga-mw-mobile:calc(100% - 0 - 0)\">\n\n<h2 class=\"has-text-align-center wp-block-heading advgb-dyn-b08f968b\">Scopri i protagonisti<\/h2>\n\n\n\n<div style=\"height:40px\" aria-hidden=\"true\" class=\"wp-block-spacer advgb-dyn-db4b1242\"><\/div>\n\n\n\n<div class=\"superheroes-list-container\">\n    <div class=\"single-superhero-container\">\n        <div class=\"single-superhero-image\" style=\"background-image: url(\/wp-content\/uploads\/2020\/12\/Capitan_Piave.png)\"><\/div>\n        <div class=\"single-superhero-hover\">\n            <div class=\"single-superhero-hover-content\">\n                <h2>Ciao! Sono CAPITAN PIAVE,<\/h2>\n                <p>paladino dei prodotti DOP e nemico giurato di tutti gli \u201cspacciatori\u201d di imitazioni, primo fra tutti il <strong>Dr. Fake!<\/strong><\/p>\n                <p><strong>La mia missione?<\/strong><br> Difendere e far conoscere il gusto, la tradizione, l\u2019originalit\u00e0 e l\u2019unicit\u00e0 del formaggio Piave DOP e tutti i suoi valori.<\/p>\n                <p><strong>I miei alleati?<\/strong><br> Il Consorzio per la Tutela del Piave DOP e tutti i bravi allevatori<\/p>\n            <\/div>\n        <\/div>\n    <\/div>\n    <div class=\"single-superhero-container\">\n        <div class=\"single-superhero-image\" style=\"background-image: url(\/wp-content\/uploads\/2020\/12\/Bruna.png)\"><\/div>\n        <div class=\"single-superhero-hover\">\n            <div class=\"single-superhero-hover-content\">\n                <h2>Buongiorno ragazzi! Io sono BRUNA,<\/h2>\n                <p>e da 15 anni me ne stavo\n                    tranquilla nella mia confortevole stalla sulle Dolomiti, mangiando erba deliziosa e profumata e dando al mio allevatore un latte che pi\u00f9 buono non si pu\u00f2.<\/p>\n                <p><strong>Ma ora mi hanno rapita!<\/strong><br> Un pazzo scatenato vuole riprodurre il Piave DOP in laboratorio!!! Lo sanno pure le mucche che \u00e8 una sonora idiozia, ma voi umani siete proprio strani, eh?!<\/p>\n            <\/div>\n        <\/div>\n    <\/div>\n    <div class=\"single-superhero-container\">\n        <div class=\"single-superhero-image\" style=\"background-image: url(\/wp-content\/uploads\/2020\/12\/Dr_Fake.png)\"><\/div>\n        <div class=\"single-superhero-hover\">\n            <div class=\"single-superhero-hover-content\">\n                <h2>Salve sono DR. FAKE<\/h2>\n                <p>genio della chimica al servizio del male.<\/p>\n                <p><strong>Il mio obiettivo nella vita?<\/strong><br>Ricreare in laboratorio il gusto unico del Piave DOP, impiegare meno tempo e denaro per produrre e guadagnare di pi\u00f9!<\/p>\n                <p>Umm, lo confesso, ho qualche problema con la testarda Bruna che si rifiuta di collaborare\u2026 ma la convincer\u00f2, ohh s\u00ec se la convincer\u00f2!!!<\/p>\n            <\/div>\n        <\/div>\n    <\/div>\n<\/div>\n\n<\/div>\n<\/div><\/div>\n\n\n\n","protected":false},"excerpt":{"rendered":"","protected":false},"author":2,"featured_media":10014,"parent":0,"menu_order":0,"comment_status":"closed","ping_status":"closed","template":"","meta":{"_acf_changed":false,"advgb_blocks_editor_width":"","advgb_blocks_columns_visual_guide":"","footnotes":""},"class_list":["post-6124","page","type-page","status-publish","has-post-thumbnail","hentry"],"acf":[],"yoast_head":"<!-- This site is optimized with the Yoast SEO plugin v25.8 - https:\/\/yoast.com\/wordpress\/plugins\/seo\/ -->\n<title>Un Supereroe per i bambini | Formaggio Piave DOP | Consorzio Tutela Formaggio Piave DOP<\/title>\n<meta name=\"description\" content=\"Captain Piave, il Supereroe di un\u2019animazione che difende il formaggio delle Dolomiti bellunesi e tutte le produzioni a marchio di tutela DOP\" \/>\n<meta name=\"robots\" content=\"index, follow, max-snippet:-1, max-image-preview:large, max-video-preview:-1\" \/>\n<link rel=\"canonical\" href=\"https:\/\/www.formaggiopiave.it\/it\/un-supereroe-per-i-bambini\/\" \/>\n<meta property=\"og:locale\" content=\"it_IT\" \/>\n<meta property=\"og:type\" content=\"article\" \/>\n<meta property=\"og:title\" content=\"Un Supereroe per i bambini | Formaggio Piave DOP | Consorzio Tutela Formaggio Piave DOP\" \/>\n<meta property=\"og:description\" content=\"Captain Piave, il Supereroe di un\u2019animazione che difende il formaggio delle Dolomiti bellunesi e tutte le produzioni a marchio di tutela DOP\" \/>\n<meta property=\"og:url\" content=\"https:\/\/www.formaggiopiave.it\/it\/un-supereroe-per-i-bambini\/\" \/>\n<meta property=\"og:site_name\" content=\"Formaggio Piave DOP\" \/>\n<meta property=\"article:modified_time\" content=\"2023-07-10T09:38:06+00:00\" \/>\n<meta property=\"og:image\" content=\"https:\/\/www.formaggiopiave.it\/wp-content\/uploads\/2020\/12\/Formaggio_Piave_Banner_kids_01-1.jpg\" \/>\n\t<meta property=\"og:image:width\" content=\"2000\" \/>\n\t<meta property=\"og:image:height\" content=\"1050\" \/>\n\t<meta property=\"og:image:type\" content=\"image\/jpeg\" \/>\n<meta name=\"twitter:card\" content=\"summary_large_image\" \/>\n<meta name=\"twitter:label1\" content=\"Tempo di lettura stimato\" \/>\n\t<meta name=\"twitter:data1\" content=\"2 minuti\" \/>\n<script type=\"application\/ld+json\" class=\"yoast-schema-graph\">{\"@context\":\"https:\/\/schema.org\",\"@graph\":[{\"@type\":\"WebPage\",\"@id\":\"https:\/\/www.formaggiopiave.it\/it\/un-supereroe-per-i-bambini\/\",\"url\":\"https:\/\/www.formaggiopiave.it\/it\/un-supereroe-per-i-bambini\/\",\"name\":\"Un Supereroe per i bambini | Formaggio Piave DOP | Consorzio Tutela Formaggio Piave DOP\",\"isPartOf\":{\"@id\":\"https:\/\/www.formaggiopiave.it\/it\/#website\"},\"primaryImageOfPage\":{\"@id\":\"https:\/\/www.formaggiopiave.it\/it\/un-supereroe-per-i-bambini\/#primaryimage\"},\"image\":{\"@id\":\"https:\/\/www.formaggiopiave.it\/it\/un-supereroe-per-i-bambini\/#primaryimage\"},\"thumbnailUrl\":\"https:\/\/www.formaggiopiave.it\/wp-content\/uploads\/2020\/12\/Formaggio_Piave_Banner_kids_01-1.jpg\",\"datePublished\":\"2020-12-01T10:40:30+00:00\",\"dateModified\":\"2023-07-10T09:38:06+00:00\",\"description\":\"Captain Piave, il Supereroe di un\u2019animazione che difende il formaggio delle Dolomiti bellunesi e tutte le produzioni a marchio di tutela DOP\",\"breadcrumb\":{\"@id\":\"https:\/\/www.formaggiopiave.it\/it\/un-supereroe-per-i-bambini\/#breadcrumb\"},\"inLanguage\":\"it-IT\",\"potentialAction\":[{\"@type\":\"ReadAction\",\"target\":[\"https:\/\/www.formaggiopiave.it\/it\/un-supereroe-per-i-bambini\/\"]}]},{\"@type\":\"ImageObject\",\"inLanguage\":\"it-IT\",\"@id\":\"https:\/\/www.formaggiopiave.it\/it\/un-supereroe-per-i-bambini\/#primaryimage\",\"url\":\"https:\/\/www.formaggiopiave.it\/wp-content\/uploads\/2020\/12\/Formaggio_Piave_Banner_kids_01-1.jpg\",\"contentUrl\":\"https:\/\/www.formaggiopiave.it\/wp-content\/uploads\/2020\/12\/Formaggio_Piave_Banner_kids_01-1.jpg\",\"width\":2000,\"height\":1050},{\"@type\":\"BreadcrumbList\",\"@id\":\"https:\/\/www.formaggiopiave.it\/it\/un-supereroe-per-i-bambini\/#breadcrumb\",\"itemListElement\":[{\"@type\":\"ListItem\",\"position\":1,\"name\":\"Home\",\"item\":\"https:\/\/www.formaggiopiave.it\/it\/\"},{\"@type\":\"ListItem\",\"position\":2,\"name\":\"Un Supereroe per i bambini\"}]},{\"@type\":\"WebSite\",\"@id\":\"https:\/\/www.formaggiopiave.it\/it\/#website\",\"url\":\"https:\/\/www.formaggiopiave.it\/it\/\",\"name\":\"Formaggio Piave DOP\",\"description\":\"Consorzio Tutela Formaggio Piave DOP\",\"publisher\":{\"@id\":\"https:\/\/www.formaggiopiave.it\/it\/#organization\"},\"potentialAction\":[{\"@type\":\"SearchAction\",\"target\":{\"@type\":\"EntryPoint\",\"urlTemplate\":\"https:\/\/www.formaggiopiave.it\/it\/?s={search_term_string}\"},\"query-input\":{\"@type\":\"PropertyValueSpecification\",\"valueRequired\":true,\"valueName\":\"search_term_string\"}}],\"inLanguage\":\"it-IT\"},{\"@type\":\"Organization\",\"@id\":\"https:\/\/www.formaggiopiave.it\/it\/#organization\",\"name\":\"Consorzio Formaggio Piave DOP\",\"url\":\"https:\/\/www.formaggiopiave.it\/it\/\",\"logo\":{\"@type\":\"ImageObject\",\"inLanguage\":\"it-IT\",\"@id\":\"https:\/\/www.formaggiopiave.it\/it\/#\/schema\/logo\/image\/\",\"url\":\"https:\/\/www.formaggiopiave.it\/wp-content\/uploads\/2020\/09\/Logo-Formaggio-Piave-Dop-1.png\",\"contentUrl\":\"https:\/\/www.formaggiopiave.it\/wp-content\/uploads\/2020\/09\/Logo-Formaggio-Piave-Dop-1.png\",\"width\":688,\"height\":273,\"caption\":\"Consorzio Formaggio Piave DOP\"},\"image\":{\"@id\":\"https:\/\/www.formaggiopiave.it\/it\/#\/schema\/logo\/image\/\"}}]}<\/script>\n<!-- \/ Yoast SEO plugin. -->","yoast_head_json":{"title":"Un Supereroe per i bambini | Formaggio Piave DOP | Consorzio Tutela Formaggio Piave DOP","description":"Captain Piave, il Supereroe di un\u2019animazione che difende il formaggio delle Dolomiti bellunesi e tutte le produzioni a marchio di tutela DOP","robots":{"index":"index","follow":"follow","max-snippet":"max-snippet:-1","max-image-preview":"max-image-preview:large","max-video-preview":"max-video-preview:-1"},"canonical":"https:\/\/www.formaggiopiave.it\/it\/un-supereroe-per-i-bambini\/","og_locale":"it_IT","og_type":"article","og_title":"Un Supereroe per i bambini | Formaggio Piave DOP | Consorzio Tutela Formaggio Piave DOP","og_description":"Captain Piave, il Supereroe di un\u2019animazione che difende il formaggio delle Dolomiti bellunesi e tutte le produzioni a marchio di tutela DOP","og_url":"https:\/\/www.formaggiopiave.it\/it\/un-supereroe-per-i-bambini\/","og_site_name":"Formaggio Piave DOP","article_modified_time":"2023-07-10T09:38:06+00:00","og_image":[{"width":2000,"height":1050,"url":"https:\/\/www.formaggiopiave.it\/wp-content\/uploads\/2020\/12\/Formaggio_Piave_Banner_kids_01-1.jpg","type":"image\/jpeg"}],"twitter_card":"summary_large_image","twitter_misc":{"Tempo di lettura stimato":"2 minuti"},"schema":{"@context":"https:\/\/schema.org","@graph":[{"@type":"WebPage","@id":"https:\/\/www.formaggiopiave.it\/it\/un-supereroe-per-i-bambini\/","url":"https:\/\/www.formaggiopiave.it\/it\/un-supereroe-per-i-bambini\/","name":"Un Supereroe per i bambini | Formaggio Piave DOP | Consorzio Tutela Formaggio Piave DOP","isPartOf":{"@id":"https:\/\/www.formaggiopiave.it\/it\/#website"},"primaryImageOfPage":{"@id":"https:\/\/www.formaggiopiave.it\/it\/un-supereroe-per-i-bambini\/#primaryimage"},"image":{"@id":"https:\/\/www.formaggiopiave.it\/it\/un-supereroe-per-i-bambini\/#primaryimage"},"thumbnailUrl":"https:\/\/www.formaggiopiave.it\/wp-content\/uploads\/2020\/12\/Formaggio_Piave_Banner_kids_01-1.jpg","datePublished":"2020-12-01T10:40:30+00:00","dateModified":"2023-07-10T09:38:06+00:00","description":"Captain Piave, il Supereroe di un\u2019animazione che difende il formaggio delle Dolomiti bellunesi e tutte le produzioni a marchio di tutela DOP","breadcrumb":{"@id":"https:\/\/www.formaggiopiave.it\/it\/un-supereroe-per-i-bambini\/#breadcrumb"},"inLanguage":"it-IT","potentialAction":[{"@type":"ReadAction","target":["https:\/\/www.formaggiopiave.it\/it\/un-supereroe-per-i-bambini\/"]}]},{"@type":"ImageObject","inLanguage":"it-IT","@id":"https:\/\/www.formaggiopiave.it\/it\/un-supereroe-per-i-bambini\/#primaryimage","url":"https:\/\/www.formaggiopiave.it\/wp-content\/uploads\/2020\/12\/Formaggio_Piave_Banner_kids_01-1.jpg","contentUrl":"https:\/\/www.formaggiopiave.it\/wp-content\/uploads\/2020\/12\/Formaggio_Piave_Banner_kids_01-1.jpg","width":2000,"height":1050},{"@type":"BreadcrumbList","@id":"https:\/\/www.formaggiopiave.it\/it\/un-supereroe-per-i-bambini\/#breadcrumb","itemListElement":[{"@type":"ListItem","position":1,"name":"Home","item":"https:\/\/www.formaggiopiave.it\/it\/"},{"@type":"ListItem","position":2,"name":"Un Supereroe per i bambini"}]},{"@type":"WebSite","@id":"https:\/\/www.formaggiopiave.it\/it\/#website","url":"https:\/\/www.formaggiopiave.it\/it\/","name":"Formaggio Piave DOP","description":"Consorzio Tutela Formaggio Piave DOP","publisher":{"@id":"https:\/\/www.formaggiopiave.it\/it\/#organization"},"potentialAction":[{"@type":"SearchAction","target":{"@type":"EntryPoint","urlTemplate":"https:\/\/www.formaggiopiave.it\/it\/?s={search_term_string}"},"query-input":{"@type":"PropertyValueSpecification","valueRequired":true,"valueName":"search_term_string"}}],"inLanguage":"it-IT"},{"@type":"Organization","@id":"https:\/\/www.formaggiopiave.it\/it\/#organization","name":"Consorzio Formaggio Piave DOP","url":"https:\/\/www.formaggiopiave.it\/it\/","logo":{"@type":"ImageObject","inLanguage":"it-IT","@id":"https:\/\/www.formaggiopiave.it\/it\/#\/schema\/logo\/image\/","url":"https:\/\/www.formaggiopiave.it\/wp-content\/uploads\/2020\/09\/Logo-Formaggio-Piave-Dop-1.png","contentUrl":"https:\/\/www.formaggiopiave.it\/wp-content\/uploads\/2020\/09\/Logo-Formaggio-Piave-Dop-1.png","width":688,"height":273,"caption":"Consorzio Formaggio Piave DOP"},"image":{"@id":"https:\/\/www.formaggiopiave.it\/it\/#\/schema\/logo\/image\/"}}]}},"coauthors":[],"author_meta":{"author_link":"https:\/\/www.formaggiopiave.it\/it\/author\/promoservice\/","display_name":"formpiaveadm12020"},"relative_dates":{"created":"Pubblicato 5 anni fa","modified":"Aggiornato 3 anni fa"},"absolute_dates":{"created":"Pubblicato il 01\/12\/2020","modified":"Aggiornato il 10\/07\/2023"},"absolute_dates_time":{"created":"Pubblicato il 01\/12\/2020 11:40","modified":"Aggiornato il 10\/07\/2023 11:38"},"featured_img_caption":"","featured_img":"https:\/\/www.formaggiopiave.it\/wp-content\/uploads\/2020\/12\/Formaggio_Piave_Banner_kids_01-1-1200x630.jpg","series_order":"","_links":{"self":[{"href":"https:\/\/www.formaggiopiave.it\/it\/wp-json\/wp\/v2\/pages\/6124","targetHints":{"allow":["GET"]}}],"collection":[{"href":"https:\/\/www.formaggiopiave.it\/it\/wp-json\/wp\/v2\/pages"}],"about":[{"href":"https:\/\/www.formaggiopiave.it\/it\/wp-json\/wp\/v2\/types\/page"}],"author":[{"embeddable":true,"href":"https:\/\/www.formaggiopiave.it\/it\/wp-json\/wp\/v2\/users\/2"}],"replies":[{"embeddable":true,"href":"https:\/\/www.formaggiopiave.it\/it\/wp-json\/wp\/v2\/comments?post=6124"}],"version-history":[{"count":9,"href":"https:\/\/www.formaggiopiave.it\/it\/wp-json\/wp\/v2\/pages\/6124\/revisions"}],"predecessor-version":[{"id":13888,"href":"https:\/\/www.formaggiopiave.it\/it\/wp-json\/wp\/v2\/pages\/6124\/revisions\/13888"}],"wp:featuredmedia":[{"embeddable":true,"href":"https:\/\/www.formaggiopiave.it\/it\/wp-json\/wp\/v2\/media\/10014"}],"wp:attachment":[{"href":"https:\/\/www.formaggiopiave.it\/it\/wp-json\/wp\/v2\/media?parent=6124"}],"curies":[{"name":"wp","href":"https:\/\/api.w.org\/{rel}","templated":true}]}}