{"id":6166,"date":"2020-12-01T12:42:30","date_gmt":"2020-12-01T11:42:30","guid":{"rendered":"https:\/\/formaggiopiave.promoservicebeta.com\/?page_id=6166"},"modified":"2021-05-19T12:53:27","modified_gmt":"2021-05-19T10:53:27","slug":"conosciamo-le-dop","status":"publish","type":"page","link":"https:\/\/www.formaggiopiave.it\/it\/conosciamo-le-dop\/","title":{"rendered":"Conosciamo le DOP"},"content":{"rendered":"<div  class=\"grids-section grids-is-stretch alignwide\" style=\"--_gs-gap-desktop:0px 0px;--_gs-m-desktop:0 0 0 0;--_gs-p-desktop:0 0 0 0;--_gs-bg-desktop:transparent none;--_gs-bg-xp-desktop:0px;--_gs-zi-desktop:auto;--_gs-d-desktop:block;--_gs-mw-desktop:calc(100% - 0 - 0);--_gs-gap-tablet:0px 0px;--_gs-m-tablet:0 0 0 0;--_gs-p-tablet:0 0 0 0;--_gs-bg-tablet:transparent none;--_gs-bg-xp-tablet:0px;--_gs-zi-tablet:auto;--_gs-d-tablet:block;--_gs-mw-tablet:calc(100% - 0 - 0);--_gs-gap-mobile:0px 0px;--_gs-m-mobile:0 0 0 0;--_gs-p-mobile:0 0 0 0;--_gs-bg-mobile:transparent none;--_gs-bg-xp-mobile:0px;--_gs-zi-mobile:auto;--_gs-d-mobile:block;--_gs-mw-mobile:calc(100% - 0 - 0);--_gs-columns:1;--_gs-rows:1\"><div class=\"grids-s-w_i\">\n<div class=\"grids-area\" style=\"--_ga-column:1\/2;--_ga-row:1\/2;--_ga-m-desktop:0 0 0 0;--_ga-p-desktop:0 0 0 0;--_ga-bg-desktop:transparent none;--_ga-zi-desktop:auto;--_ga-d-desktop:flex;--_ga-mw-desktop:calc(100% - 0 - 0);--_ga-m-tablet:0 0 0 0;--_ga-p-tablet:0 0 0 0;--_ga-bg-tablet:transparent none;--_ga-zi-tablet:auto;--_ga-d-tablet:flex;--_ga-mw-tablet:calc(100% - 0 - 0);--_ga-m-mobile:0 0 0 0;--_ga-p-mobile:0 0 0 0;--_ga-bg-mobile:transparent none;--_ga-zi-mobile:auto;--_ga-d-mobile:flex;--_ga-mw-mobile:calc(100% - 0 - 0)\">\n\n<h1 class=\"wp-block-heading\">Conosciamo le DOP<\/h1>\n\n\n<div  class=\"grids-section grids-is-advanced\" style=\"--_gs-gap-desktop:0px 0px;--_gs-m-desktop:0 0 0 0;--_gs-p-desktop:0 0 0 0;--_gs-bg-desktop:transparent none;--_gs-bg-xp-desktop:0px;--_gs-zi-desktop:auto;--_gs-d-desktop:block;--_gs-mw-desktop:calc(100% - 0 - 0);--_gs-gap-tablet:0px 0px;--_gs-m-tablet:0 0 0 0;--_gs-p-tablet:0 0 0 0;--_gs-bg-tablet:transparent none;--_gs-bg-xp-tablet:0px;--_gs-zi-tablet:auto;--_gs-d-tablet:block;--_gs-mw-tablet:calc(100% - 0 - 0);--_gs-gap-mobile:0px 0px;--_gs-m-mobile:0 0 0 0;--_gs-p-mobile:0 0 0 0;--_gs-bg-mobile:transparent none;--_gs-bg-xp-mobile:0px;--_gs-zi-mobile:auto;--_gs-d-mobile:block;--_gs-mw-mobile:calc(100% - 0 - 0);--_gs-columns:12;--_gs-rows:6\"><div class=\"grids-s-w_i\">\n<div class=\"grids-area\" style=\"--_ga-column:1\/10;--_ga-row:1\/2;--_ga-m-desktop:0 0 0 0;--_ga-p-desktop:0 0 0 0;--_ga-bg-desktop:transparent none;--_ga-zi-desktop:auto;--_ga-d-desktop:flex;--_ga-mw-desktop:calc(100% - 0 - 0);--_ga-m-tablet:0 0 0 0;--_ga-p-tablet:0 0 0 0;--_ga-bg-tablet:transparent none;--_ga-zi-tablet:auto;--_ga-d-tablet:flex;--_ga-mw-tablet:calc(100% - 0 - 0);--_ga-m-mobile:0 0 0 0;--_ga-p-mobile:0 0 0 0;--_ga-bg-mobile:transparent none;--_ga-zi-mobile:auto;--_ga-d-mobile:flex;--_ga-mw-mobile:calc(100% - 0 - 0)\">\n\n<div style=\"height:40px\" aria-hidden=\"true\" class=\"wp-block-spacer\"><\/div>\n\n\n\n<p>Crediamo in una cultura della qualit\u00e0 e ci impegniamo a trasmettere ai pi\u00f9 giovani il significato di qualit\u00e0 agroalimentare e prodotto a marchio certificato. Per fare questo abbiamo realizzato degli strumenti da hoc, raccolti in questa pagina, che possono essere utilizzati sia a casa dai genitori sia a scuola dagli insegnanti.<\/p>\n\n\n\n<p>Accompagnati da una grafica accattivante e da personaggi simpatici e coinvolgenti, come il supereroe<br>Capitan Piave, i bambini vengono accompagnati in un viaggio educativo che gli far\u00e0 conoscere il significato di DOP, le fasi di lavorazione del formaggio e gli elementi che determinano la sua qualit\u00e0.<\/p>\n\n\n\n<div style=\"height:20px\" aria-hidden=\"true\" class=\"wp-block-spacer\"><\/div>\n\n\n\n<h3 class=\"wp-block-heading\">Progetto &#8220;School of DOP&#8221;<\/h3>\n\n<\/div>\n<\/div><\/div>\n\n<div  class=\"grids-section grids-is-advanced\" style=\"--_gs-gap-desktop:0px 0px;--_gs-m-desktop:0 0 0 0;--_gs-p-desktop:30px 0 30px 0;--_gs-bg-desktop:transparent none;--_gs-bg-xp-desktop:0px;--_gs-zi-desktop:auto;--_gs-d-desktop:block;--_gs-mw-desktop:calc(100% - 0 - 0);--_gs-gap-tablet:0px 0px;--_gs-m-tablet:0 0 0 0;--_gs-p-tablet:30px 0 30px 0;--_gs-bg-tablet:transparent none;--_gs-bg-xp-tablet:0px;--_gs-zi-tablet:auto;--_gs-d-tablet:block;--_gs-mw-tablet:calc(100% - 0 - 0);--_gs-gap-mobile:0px 0px;--_gs-m-mobile:0 0 0 0;--_gs-p-mobile:30px 0 30px 0;--_gs-bg-mobile:transparent none;--_gs-bg-xp-mobile:0px;--_gs-zi-mobile:auto;--_gs-d-mobile:block;--_gs-mw-mobile:calc(100% - 0 - 0);--_gs-columns:12;--_gs-rows:6\"><div class=\"grids-s-w_i\">\n<div class=\"grids-area\" style=\"--_ga-column:1\/6;--_ga-row:1\/2;--_ga-m-desktop:0 0 0 0;--_ga-p-desktop:0 0 0 0;--_ga-bg-desktop:transparent none;--_ga-zi-desktop:auto;--_ga-d-desktop:flex;--_ga-mw-desktop:calc(100% - 0 - 0);--_ga-m-tablet:0 0 0 0;--_ga-p-tablet:0 0 0 0;--_ga-bg-tablet:transparent none;--_ga-zi-tablet:auto;--_ga-d-tablet:flex;--_ga-mw-tablet:calc(100% - 0 - 0);--_ga-m-mobile:0 0 0 0;--_ga-p-mobile:0 0 0 0;--_ga-bg-mobile:transparent none;--_ga-zi-mobile:auto;--_ga-d-mobile:flex;--_ga-mw-mobile:calc(100% - 0 - 0)\">\n\n<figure class=\"wp-block-image size-large\"><img decoding=\"async\" width=\"1015\" height=\"510\" src=\"https:\/\/formaggiopiave.it\/wp-content\/uploads\/2020\/12\/school-of-DOP-1.png\" alt=\"\" class=\"wp-image-9977\" srcset=\"https:\/\/www.formaggiopiave.it\/wp-content\/uploads\/2020\/12\/school-of-DOP-1.png 1015w, https:\/\/www.formaggiopiave.it\/wp-content\/uploads\/2020\/12\/school-of-DOP-1-300x151.png 300w, https:\/\/www.formaggiopiave.it\/wp-content\/uploads\/2020\/12\/school-of-DOP-1-768x386.png 768w\" sizes=\"(max-width: 1015px) 100vw, 1015px\" \/><\/figure>\n\n<\/div>\n\n<div class=\"grids-area\" style=\"--_ga-column:7\/13;--_ga-row:1\/2;--_ga-va:center;--_ga-m-desktop:0 0 0 0;--_ga-p-desktop:0 0 0 0;--_ga-bg-desktop:transparent none;--_ga-zi-desktop:auto;--_ga-d-desktop:flex;--_ga-mw-desktop:calc(100% - 0 - 0);--_ga-m-tablet:0 0 0 0;--_ga-p-tablet:0 0 0 0;--_ga-bg-tablet:transparent none;--_ga-zi-tablet:auto;--_ga-d-tablet:flex;--_ga-mw-tablet:calc(100% - 0 - 0);--_ga-m-mobile:0 0 0 0;--_ga-p-mobile:0 0 0 0;--_ga-bg-mobile:transparent none;--_ga-zi-mobile:auto;--_ga-d-mobile:flex;--_ga-mw-mobile:calc(100% - 0 - 0)\">\n\n<p>In questo simpatico libretto pensato per le Scuole Primarie Capitan Piave accompagna i bambini nelle Dolomiti Bellunesi alla scoperta della lavorazione del formaggio e del significato di DOP.<\/p>\n\n\n\n<a class=\"wp-block-button__link\" target=\"_blank\" href=\"\/wp-content\/uploads\/2021\/05\/PIAVE_FOLDER-_BAMBINI_5-11_def.pdf\" style=\"max-width: 250px;\" rel=\"noopener noreferrer\">SCARICA IL LIBRETTO<\/a>\n\n<\/div>\n<\/div><\/div>\n<\/div>\n<\/div><\/div>\n\n<div  class=\"grids-section grids-is-advanced alignwide\" style=\"--_gs-gap-desktop:0px 0px;--_gs-m-desktop:0 0 0 0;--_gs-p-desktop:30px 0 0 0;--_gs-bg-desktop:#f8f8f8 none;--_gs-bg-xp-desktop:calc( 50% - 50vw );--_gs-zi-desktop:auto;--_gs-d-desktop:block;--_gs-mw-desktop:calc(100% - 0 - 0);--_gs-gap-tablet:0px 0px;--_gs-m-tablet:0 0 0 0;--_gs-p-tablet:30px 0 0 0;--_gs-bg-tablet:#f8f8f8 none;--_gs-bg-xp-tablet:calc( 50% - 50vw );--_gs-zi-tablet:auto;--_gs-d-tablet:block;--_gs-mw-tablet:calc(100% - 0 - 0);--_gs-gap-mobile:0px 0px;--_gs-m-mobile:0 0 0 0;--_gs-p-mobile:30px 0 0 0;--_gs-bg-mobile:#f8f8f8 none;--_gs-bg-xp-mobile:calc( 50% - 50vw );--_gs-zi-mobile:auto;--_gs-d-mobile:block;--_gs-mw-mobile:calc(100% - 0 - 0);--_gs-columns:12;--_gs-rows:6\"><div class=\"grids-s-w_i\">\n<div class=\"grids-area\" style=\"--_ga-column:1\/13;--_ga-row:1\/2;--_ga-m-desktop:0 0 0 0;--_ga-p-desktop:0 0 0 0;--_ga-bg-desktop:transparent none;--_ga-zi-desktop:auto;--_ga-d-desktop:flex;--_ga-mw-desktop:calc(100% - 0 - 0);--_ga-m-tablet:0 0 0 0;--_ga-p-tablet:0 0 0 0;--_ga-bg-tablet:transparent none;--_ga-zi-tablet:auto;--_ga-d-tablet:flex;--_ga-mw-tablet:calc(100% - 0 - 0);--_ga-m-mobile:0 0 0 0;--_ga-p-mobile:0 0 0 0;--_ga-bg-mobile:transparent none;--_ga-zi-mobile:auto;--_ga-d-mobile:flex;--_ga-mw-mobile:calc(100% - 0 - 0)\">\n\n<h4 class=\"wp-block-heading\">Videolezioni<\/h4>\n\n<\/div>\n\n<div class=\"grids-area\" style=\"--_ga-column:1\/8;--_ga-row:2\/3;--_ga-m-desktop:0 0 0 0;--_ga-p-desktop:0 0 0 0;--_ga-bg-desktop:transparent none;--_ga-zi-desktop:auto;--_ga-d-desktop:flex;--_ga-mw-desktop:calc(100% - 0 - 0);--_ga-m-tablet:0 0 0 0;--_ga-p-tablet:0 0 0 0;--_ga-bg-tablet:transparent none;--_ga-zi-tablet:auto;--_ga-d-tablet:flex;--_ga-mw-tablet:calc(100% - 0 - 0);--_ga-m-mobile:0 0 0 0;--_ga-p-mobile:0 0 0 0;--_ga-bg-mobile:transparent none;--_ga-zi-mobile:auto;--_ga-d-mobile:flex;--_ga-mw-mobile:calc(100% - 0 - 0)\">\n\n<div style=\"height:40px\" aria-hidden=\"true\" class=\"wp-block-spacer\"><\/div>\n\n\n\n<p>Il formaggio Piave DOP raccontato ai bambini della scuola primaria attraverso due interessanti videolezioni<\/p>\n\n<\/div>\n\n<div class=\"grids-area\" style=\"--_ga-column:1\/7;--_ga-row:3\/4;--_ga-m-desktop:0 0 0 0;--_ga-p-desktop:0 20px 0 0;--_ga-bg-desktop:transparent none;--_ga-zi-desktop:auto;--_ga-d-desktop:flex;--_ga-mw-desktop:calc(100% - 0 - 0);--_ga-m-tablet:0 0 0 0;--_ga-p-tablet:0 20px 0 0;--_ga-bg-tablet:transparent none;--_ga-zi-tablet:auto;--_ga-d-tablet:flex;--_ga-mw-tablet:calc(100% - 0 - 0);--_ga-m-mobile:0 0 0 0;--_ga-p-mobile:0 20px 0 0;--_ga-bg-mobile:transparent none;--_ga-zi-mobile:auto;--_ga-d-mobile:flex;--_ga-mw-mobile:calc(100% - 0 - 0)\">\n\n<figure class=\"wp-block-embed-youtube wp-block-embed is-type-video is-provider-youtube wp-embed-aspect-16-9 wp-has-aspect-ratio\"><div class=\"wp-block-embed__wrapper\">\n<iframe title=\"PRIMO CAPITOLO_Video lezioni Concorso Scuola_School of DOP\" width=\"580\" height=\"326\" src=\"https:\/\/www.youtube.com\/embed\/pC6tPU5rQKI?feature=oembed\" frameborder=\"0\" allow=\"accelerometer; autoplay; clipboard-write; encrypted-media; gyroscope; picture-in-picture; web-share\" referrerpolicy=\"strict-origin-when-cross-origin\" allowfullscreen><\/iframe>\n<\/div><figcaption>Lezione 1<\/figcaption><\/figure>\n\n<\/div>\n\n<div class=\"grids-area\" style=\"--_ga-column:7\/13;--_ga-row:3\/4;--_ga-m-desktop:0 0 0 0;--_ga-p-desktop:0 0 0 20px;--_ga-bg-desktop:transparent none;--_ga-zi-desktop:auto;--_ga-d-desktop:flex;--_ga-mw-desktop:calc(100% - 0 - 0);--_ga-m-tablet:0 0 0 0;--_ga-p-tablet:0 0 0 20px;--_ga-bg-tablet:transparent none;--_ga-zi-tablet:auto;--_ga-d-tablet:flex;--_ga-mw-tablet:calc(100% - 0 - 0);--_ga-m-mobile:0 0 0 0;--_ga-p-mobile:0 0 0 20px;--_ga-bg-mobile:transparent none;--_ga-zi-mobile:auto;--_ga-d-mobile:flex;--_ga-mw-mobile:calc(100% - 0 - 0)\">\n\n<figure class=\"wp-block-embed-youtube wp-block-embed is-type-video is-provider-youtube wp-embed-aspect-16-9 wp-has-aspect-ratio\"><div class=\"wp-block-embed__wrapper\">\n<iframe title=\"SECONDO CAPITOLO_Video lezioni Concorso Scuola_School of DOP\" width=\"580\" height=\"326\" src=\"https:\/\/www.youtube.com\/embed\/Ha_zfwpwj6g?feature=oembed\" frameborder=\"0\" allow=\"accelerometer; autoplay; clipboard-write; encrypted-media; gyroscope; picture-in-picture; web-share\" referrerpolicy=\"strict-origin-when-cross-origin\" allowfullscreen><\/iframe>\n<\/div><figcaption>Lezione 2<\/figcaption><\/figure>\n\n<\/div>\n<\/div><\/div>\n\n<div  class=\"grids-section grids-is-advanced alignwide\" style=\"--_gs-gap-desktop:0px 0px;--_gs-m-desktop:0 0 0 0;--_gs-p-desktop:0 0 0 0;--_gs-bg-desktop:transparent none;--_gs-bg-xp-desktop:0px;--_gs-zi-desktop:auto;--_gs-d-desktop:block;--_gs-mw-desktop:calc(100% - 0 - 0);--_gs-gap-tablet:0px 0px;--_gs-m-tablet:0 0 0 0;--_gs-p-tablet:0 0 0 0;--_gs-bg-tablet:transparent none;--_gs-bg-xp-tablet:0px;--_gs-zi-tablet:auto;--_gs-d-tablet:block;--_gs-mw-tablet:calc(100% - 0 - 0);--_gs-gap-mobile:0px 0px;--_gs-m-mobile:0 0 0 0;--_gs-p-mobile:0 0 0 0;--_gs-bg-mobile:transparent none;--_gs-bg-xp-mobile:0px;--_gs-zi-mobile:auto;--_gs-d-mobile:block;--_gs-mw-mobile:calc(100% - 0 - 0);--_gs-columns:12;--_gs-rows:6\"><div class=\"grids-s-w_i\">\n<div class=\"grids-area\" style=\"--_ga-column:1\/13;--_ga-row:1\/2;--_ga-m-desktop:0 0 0 0;--_ga-p-desktop:0 0 0 0;--_ga-bg-desktop:transparent none;--_ga-zi-desktop:auto;--_ga-d-desktop:flex;--_ga-mw-desktop:calc(100% - 0 - 0);--_ga-m-tablet:0 0 0 0;--_ga-p-tablet:0 0 0 0;--_ga-bg-tablet:transparent none;--_ga-zi-tablet:auto;--_ga-d-tablet:flex;--_ga-mw-tablet:calc(100% - 0 - 0);--_ga-m-mobile:0 0 0 0;--_ga-p-mobile:0 0 0 0;--_ga-bg-mobile:transparent none;--_ga-zi-mobile:auto;--_ga-d-mobile:flex;--_ga-mw-mobile:calc(100% - 0 - 0)\">\n\n<h3 class=\"has-text-align-left wp-block-heading\">Progetto &#8220;Un Amico da Gustare&#8221;<\/h3>\n\n\n\n<div style=\"height:40px\" aria-hidden=\"true\" class=\"wp-block-spacer\"><\/div>\n\n<\/div>\n\n<div class=\"grids-area\" style=\"--_ga-column:1\/6;--_ga-row:2\/3;--_ga-m-desktop:0 0 0 0;--_ga-p-desktop:0 0 0 0;--_ga-bg-desktop:transparent none;--_ga-zi-desktop:auto;--_ga-d-desktop:flex;--_ga-mw-desktop:calc(100% - 0 - 0);--_ga-m-tablet:0 0 0 0;--_ga-p-tablet:0 0 0 0;--_ga-bg-tablet:transparent none;--_ga-zi-tablet:auto;--_ga-d-tablet:flex;--_ga-mw-tablet:calc(100% - 0 - 0);--_ga-m-mobile:0 0 0 0;--_ga-p-mobile:0 0 0 0;--_ga-bg-mobile:transparent none;--_ga-zi-mobile:auto;--_ga-d-mobile:flex;--_ga-mw-mobile:calc(100% - 0 - 0)\">\n\n<figure class=\"wp-block-image size-large\"><img decoding=\"async\" width=\"750\" height=\"441\" src=\"https:\/\/formaggiopiave.it\/wp-content\/uploads\/2020\/12\/Formaggio_Piave_Foto.png\" alt=\"\" class=\"wp-image-9989\" srcset=\"https:\/\/www.formaggiopiave.it\/wp-content\/uploads\/2020\/12\/Formaggio_Piave_Foto.png 750w, https:\/\/www.formaggiopiave.it\/wp-content\/uploads\/2020\/12\/Formaggio_Piave_Foto-300x176.png 300w\" sizes=\"(max-width: 750px) 100vw, 750px\" \/><\/figure>\n\n<\/div>\n\n<div class=\"grids-area\" style=\"--_ga-column:7\/13;--_ga-row:2\/3;--_ga-va:center;--_ga-m-desktop:0 0 0 0;--_ga-p-desktop:0 0 0 0;--_ga-bg-desktop:transparent none;--_ga-zi-desktop:auto;--_ga-d-desktop:flex;--_ga-mw-desktop:calc(100% - 0 - 0);--_ga-m-tablet:0 0 0 0;--_ga-p-tablet:0 0 0 0;--_ga-bg-tablet:transparent none;--_ga-zi-tablet:auto;--_ga-d-tablet:flex;--_ga-mw-tablet:calc(100% - 0 - 0);--_ga-m-mobile:0 0 0 0;--_ga-p-mobile:0 0 0 0;--_ga-bg-mobile:transparent none;--_ga-zi-mobile:auto;--_ga-d-mobile:flex;--_ga-mw-mobile:calc(100% - 0 - 0)\">\n\n<p>Abbiamo dedicato ai bambini pi\u00f9 piccoli delle semplici letture e tanti divertenti giochi. Scarica il libretto e accompagna il tuo bambino alla scoperta del formaggio.<\/p>\n\n\n\n<a class=\"wp-block-button__link\" target=\"_blank\" href=\"\/wp-content\/uploads\/2021\/05\/Piave-Dop-Catalogo-Per-Bambini-Novembre-2013.pdf\" style=\"max-width: 250px;\" rel=\"noopener noreferrer\">Scarica il libretto<\/a>\n\n<\/div>\n<\/div><\/div>","protected":false},"excerpt":{"rendered":"","protected":false},"author":2,"featured_media":10290,"parent":0,"menu_order":0,"comment_status":"closed","ping_status":"closed","template":"","meta":{"_acf_changed":false,"advgb_blocks_editor_width":"","advgb_blocks_columns_visual_guide":"","footnotes":""},"class_list":["post-6166","page","type-page","status-publish","has-post-thumbnail","hentry"],"acf":[],"yoast_head":"<!-- This site is optimized with the Yoast SEO plugin v25.8 - https:\/\/yoast.com\/wordpress\/plugins\/seo\/ -->\n<title>Conosciamo le DOP | Formaggio Piave DOP<\/title>\n<meta name=\"robots\" content=\"index, follow, max-snippet:-1, max-image-preview:large, max-video-preview:-1\" \/>\n<link rel=\"canonical\" href=\"https:\/\/www.formaggiopiave.it\/it\/conosciamo-le-dop\/\" \/>\n<meta property=\"og:locale\" content=\"it_IT\" \/>\n<meta property=\"og:type\" content=\"article\" \/>\n<meta property=\"og:title\" content=\"Conosciamo le DOP | Formaggio Piave DOP\" \/>\n<meta property=\"og:url\" content=\"https:\/\/www.formaggiopiave.it\/it\/conosciamo-le-dop\/\" \/>\n<meta property=\"og:site_name\" content=\"Formaggio Piave DOP\" \/>\n<meta property=\"article:modified_time\" content=\"2021-05-19T10:53:27+00:00\" \/>\n<meta property=\"og:image\" content=\"https:\/\/www.formaggiopiave.it\/wp-content\/uploads\/2021\/01\/IMG_0659-1-scaled-e1611314408337.jpg\" \/>\n\t<meta property=\"og:image:width\" content=\"2560\" \/>\n\t<meta property=\"og:image:height\" content=\"659\" \/>\n\t<meta property=\"og:image:type\" content=\"image\/jpeg\" \/>\n<meta name=\"twitter:card\" content=\"summary_large_image\" \/>\n<meta name=\"twitter:label1\" content=\"Tempo di lettura stimato\" \/>\n\t<meta name=\"twitter:data1\" content=\"1 minuto\" \/>\n<script type=\"application\/ld+json\" class=\"yoast-schema-graph\">{\"@context\":\"https:\/\/schema.org\",\"@graph\":[{\"@type\":\"WebPage\",\"@id\":\"https:\/\/www.formaggiopiave.it\/it\/conosciamo-le-dop\/\",\"url\":\"https:\/\/www.formaggiopiave.it\/it\/conosciamo-le-dop\/\",\"name\":\"Conosciamo le DOP | Formaggio Piave DOP\",\"isPartOf\":{\"@id\":\"https:\/\/www.formaggiopiave.it\/it\/#website\"},\"primaryImageOfPage\":{\"@id\":\"https:\/\/www.formaggiopiave.it\/it\/conosciamo-le-dop\/#primaryimage\"},\"image\":{\"@id\":\"https:\/\/www.formaggiopiave.it\/it\/conosciamo-le-dop\/#primaryimage\"},\"thumbnailUrl\":\"https:\/\/www.formaggiopiave.it\/wp-content\/uploads\/2021\/01\/IMG_0659-1-scaled-e1611314408337.jpg\",\"datePublished\":\"2020-12-01T11:42:30+00:00\",\"dateModified\":\"2021-05-19T10:53:27+00:00\",\"breadcrumb\":{\"@id\":\"https:\/\/www.formaggiopiave.it\/it\/conosciamo-le-dop\/#breadcrumb\"},\"inLanguage\":\"it-IT\",\"potentialAction\":[{\"@type\":\"ReadAction\",\"target\":[\"https:\/\/www.formaggiopiave.it\/it\/conosciamo-le-dop\/\"]}]},{\"@type\":\"ImageObject\",\"inLanguage\":\"it-IT\",\"@id\":\"https:\/\/www.formaggiopiave.it\/it\/conosciamo-le-dop\/#primaryimage\",\"url\":\"https:\/\/www.formaggiopiave.it\/wp-content\/uploads\/2021\/01\/IMG_0659-1-scaled-e1611314408337.jpg\",\"contentUrl\":\"https:\/\/www.formaggiopiave.it\/wp-content\/uploads\/2021\/01\/IMG_0659-1-scaled-e1611314408337.jpg\",\"width\":2560,\"height\":659},{\"@type\":\"BreadcrumbList\",\"@id\":\"https:\/\/www.formaggiopiave.it\/it\/conosciamo-le-dop\/#breadcrumb\",\"itemListElement\":[{\"@type\":\"ListItem\",\"position\":1,\"name\":\"Home\",\"item\":\"https:\/\/www.formaggiopiave.it\/it\/\"},{\"@type\":\"ListItem\",\"position\":2,\"name\":\"Conosciamo le DOP\"}]},{\"@type\":\"WebSite\",\"@id\":\"https:\/\/www.formaggiopiave.it\/it\/#website\",\"url\":\"https:\/\/www.formaggiopiave.it\/it\/\",\"name\":\"Formaggio Piave DOP\",\"description\":\"Consorzio Tutela Formaggio Piave DOP\",\"publisher\":{\"@id\":\"https:\/\/www.formaggiopiave.it\/it\/#organization\"},\"potentialAction\":[{\"@type\":\"SearchAction\",\"target\":{\"@type\":\"EntryPoint\",\"urlTemplate\":\"https:\/\/www.formaggiopiave.it\/it\/?s={search_term_string}\"},\"query-input\":{\"@type\":\"PropertyValueSpecification\",\"valueRequired\":true,\"valueName\":\"search_term_string\"}}],\"inLanguage\":\"it-IT\"},{\"@type\":\"Organization\",\"@id\":\"https:\/\/www.formaggiopiave.it\/it\/#organization\",\"name\":\"Consorzio Formaggio Piave DOP\",\"url\":\"https:\/\/www.formaggiopiave.it\/it\/\",\"logo\":{\"@type\":\"ImageObject\",\"inLanguage\":\"it-IT\",\"@id\":\"https:\/\/www.formaggiopiave.it\/it\/#\/schema\/logo\/image\/\",\"url\":\"https:\/\/www.formaggiopiave.it\/wp-content\/uploads\/2020\/09\/Logo-Formaggio-Piave-Dop-1.png\",\"contentUrl\":\"https:\/\/www.formaggiopiave.it\/wp-content\/uploads\/2020\/09\/Logo-Formaggio-Piave-Dop-1.png\",\"width\":688,\"height\":273,\"caption\":\"Consorzio Formaggio Piave DOP\"},\"image\":{\"@id\":\"https:\/\/www.formaggiopiave.it\/it\/#\/schema\/logo\/image\/\"}}]}<\/script>\n<!-- \/ Yoast SEO plugin. -->","yoast_head_json":{"title":"Conosciamo le DOP | Formaggio Piave DOP","robots":{"index":"index","follow":"follow","max-snippet":"max-snippet:-1","max-image-preview":"max-image-preview:large","max-video-preview":"max-video-preview:-1"},"canonical":"https:\/\/www.formaggiopiave.it\/it\/conosciamo-le-dop\/","og_locale":"it_IT","og_type":"article","og_title":"Conosciamo le DOP | Formaggio Piave DOP","og_url":"https:\/\/www.formaggiopiave.it\/it\/conosciamo-le-dop\/","og_site_name":"Formaggio Piave DOP","article_modified_time":"2021-05-19T10:53:27+00:00","og_image":[{"width":2560,"height":659,"url":"https:\/\/www.formaggiopiave.it\/wp-content\/uploads\/2021\/01\/IMG_0659-1-scaled-e1611314408337.jpg","type":"image\/jpeg"}],"twitter_card":"summary_large_image","twitter_misc":{"Tempo di lettura stimato":"1 minuto"},"schema":{"@context":"https:\/\/schema.org","@graph":[{"@type":"WebPage","@id":"https:\/\/www.formaggiopiave.it\/it\/conosciamo-le-dop\/","url":"https:\/\/www.formaggiopiave.it\/it\/conosciamo-le-dop\/","name":"Conosciamo le DOP | Formaggio Piave DOP","isPartOf":{"@id":"https:\/\/www.formaggiopiave.it\/it\/#website"},"primaryImageOfPage":{"@id":"https:\/\/www.formaggiopiave.it\/it\/conosciamo-le-dop\/#primaryimage"},"image":{"@id":"https:\/\/www.formaggiopiave.it\/it\/conosciamo-le-dop\/#primaryimage"},"thumbnailUrl":"https:\/\/www.formaggiopiave.it\/wp-content\/uploads\/2021\/01\/IMG_0659-1-scaled-e1611314408337.jpg","datePublished":"2020-12-01T11:42:30+00:00","dateModified":"2021-05-19T10:53:27+00:00","breadcrumb":{"@id":"https:\/\/www.formaggiopiave.it\/it\/conosciamo-le-dop\/#breadcrumb"},"inLanguage":"it-IT","potentialAction":[{"@type":"ReadAction","target":["https:\/\/www.formaggiopiave.it\/it\/conosciamo-le-dop\/"]}]},{"@type":"ImageObject","inLanguage":"it-IT","@id":"https:\/\/www.formaggiopiave.it\/it\/conosciamo-le-dop\/#primaryimage","url":"https:\/\/www.formaggiopiave.it\/wp-content\/uploads\/2021\/01\/IMG_0659-1-scaled-e1611314408337.jpg","contentUrl":"https:\/\/www.formaggiopiave.it\/wp-content\/uploads\/2021\/01\/IMG_0659-1-scaled-e1611314408337.jpg","width":2560,"height":659},{"@type":"BreadcrumbList","@id":"https:\/\/www.formaggiopiave.it\/it\/conosciamo-le-dop\/#breadcrumb","itemListElement":[{"@type":"ListItem","position":1,"name":"Home","item":"https:\/\/www.formaggiopiave.it\/it\/"},{"@type":"ListItem","position":2,"name":"Conosciamo le DOP"}]},{"@type":"WebSite","@id":"https:\/\/www.formaggiopiave.it\/it\/#website","url":"https:\/\/www.formaggiopiave.it\/it\/","name":"Formaggio Piave DOP","description":"Consorzio Tutela Formaggio Piave DOP","publisher":{"@id":"https:\/\/www.formaggiopiave.it\/it\/#organization"},"potentialAction":[{"@type":"SearchAction","target":{"@type":"EntryPoint","urlTemplate":"https:\/\/www.formaggiopiave.it\/it\/?s={search_term_string}"},"query-input":{"@type":"PropertyValueSpecification","valueRequired":true,"valueName":"search_term_string"}}],"inLanguage":"it-IT"},{"@type":"Organization","@id":"https:\/\/www.formaggiopiave.it\/it\/#organization","name":"Consorzio Formaggio Piave DOP","url":"https:\/\/www.formaggiopiave.it\/it\/","logo":{"@type":"ImageObject","inLanguage":"it-IT","@id":"https:\/\/www.formaggiopiave.it\/it\/#\/schema\/logo\/image\/","url":"https:\/\/www.formaggiopiave.it\/wp-content\/uploads\/2020\/09\/Logo-Formaggio-Piave-Dop-1.png","contentUrl":"https:\/\/www.formaggiopiave.it\/wp-content\/uploads\/2020\/09\/Logo-Formaggio-Piave-Dop-1.png","width":688,"height":273,"caption":"Consorzio Formaggio Piave DOP"},"image":{"@id":"https:\/\/www.formaggiopiave.it\/it\/#\/schema\/logo\/image\/"}}]}},"coauthors":[],"author_meta":{"author_link":"https:\/\/www.formaggiopiave.it\/it\/author\/promoservice\/","display_name":"formpiaveadm12020"},"relative_dates":{"created":"Pubblicato 5 anni fa","modified":"Aggiornato 5 anni fa"},"absolute_dates":{"created":"Pubblicato il 01\/12\/2020","modified":"Aggiornato il 19\/05\/2021"},"absolute_dates_time":{"created":"Pubblicato il 01\/12\/2020 12:42","modified":"Aggiornato il 19\/05\/2021 12:53"},"featured_img_caption":"","featured_img":"https:\/\/www.formaggiopiave.it\/wp-content\/uploads\/2021\/01\/IMG_0659-1-scaled-e1611314408337-1200x309.jpg","series_order":"","_links":{"self":[{"href":"https:\/\/www.formaggiopiave.it\/it\/wp-json\/wp\/v2\/pages\/6166","targetHints":{"allow":["GET"]}}],"collection":[{"href":"https:\/\/www.formaggiopiave.it\/it\/wp-json\/wp\/v2\/pages"}],"about":[{"href":"https:\/\/www.formaggiopiave.it\/it\/wp-json\/wp\/v2\/types\/page"}],"author":[{"embeddable":true,"href":"https:\/\/www.formaggiopiave.it\/it\/wp-json\/wp\/v2\/users\/2"}],"replies":[{"embeddable":true,"href":"https:\/\/www.formaggiopiave.it\/it\/wp-json\/wp\/v2\/comments?post=6166"}],"version-history":[{"count":0,"href":"https:\/\/www.formaggiopiave.it\/it\/wp-json\/wp\/v2\/pages\/6166\/revisions"}],"wp:featuredmedia":[{"embeddable":true,"href":"https:\/\/www.formaggiopiave.it\/it\/wp-json\/wp\/v2\/media\/10290"}],"wp:attachment":[{"href":"https:\/\/www.formaggiopiave.it\/it\/wp-json\/wp\/v2\/media?parent=6166"}],"curies":[{"name":"wp","href":"https:\/\/api.w.org\/{rel}","templated":true}]}}