{"id":6186,"date":"2020-12-01T12:59:06","date_gmt":"2020-12-01T11:59:06","guid":{"rendered":"https:\/\/formaggiopiave.promoservicebeta.com\/?page_id=6186"},"modified":"2021-04-22T16:54:53","modified_gmt":"2021-04-22T14:54:53","slug":"patrimonio-culturale","status":"publish","type":"page","link":"https:\/\/www.formaggiopiave.it\/it\/patrimonio-culturale\/","title":{"rendered":"Patrimonio culturale"},"content":{"rendered":"<div  class=\"grids-section grids-is-advanced alignwide\" style=\"--_gs-gap-desktop:0px 0px;--_gs-m-desktop:0 0 0 0;--_gs-p-desktop:0 0 0 0;--_gs-bg-desktop:transparent none;--_gs-bg-xp-desktop:0px;--_gs-zi-desktop:auto;--_gs-d-desktop:block;--_gs-mw-desktop:calc(100% - 0 - 0);--_gs-gap-tablet:0px 0px;--_gs-m-tablet:0 0 0 0;--_gs-p-tablet:0 0 0 0;--_gs-bg-tablet:transparent none;--_gs-bg-xp-tablet:0px;--_gs-zi-tablet:auto;--_gs-d-tablet:block;--_gs-mw-tablet:calc(100% - 0 - 0);--_gs-gap-mobile:0px 0px;--_gs-m-mobile:0 0 0 0;--_gs-p-mobile:0 0 0 0;--_gs-bg-mobile:transparent none;--_gs-bg-xp-mobile:0px;--_gs-zi-mobile:auto;--_gs-d-mobile:block;--_gs-mw-mobile:calc(100% - 0 - 0);--_gs-columns:12;--_gs-rows:6\"><div class=\"grids-s-w_i\">\n<div class=\"grids-area\" style=\"--_ga-column:1\/7;--_ga-row:1\/2;--_ga-m-desktop:0 0 0 0;--_ga-p-desktop:0 0 0 0;--_ga-bg-desktop:transparent none;--_ga-zi-desktop:auto;--_ga-d-desktop:flex;--_ga-mw-desktop:calc(100% - 0 - 0);--_ga-m-tablet:0 0 0 0;--_ga-p-tablet:0 0 0 0;--_ga-bg-tablet:transparent none;--_ga-zi-tablet:auto;--_ga-d-tablet:flex;--_ga-mw-tablet:calc(100% - 0 - 0);--_ga-m-mobile:0 0 0 0;--_ga-p-mobile:0 0 0 0;--_ga-bg-mobile:transparent none;--_ga-zi-mobile:auto;--_ga-d-mobile:flex;--_ga-mw-mobile:calc(100% - 0 - 0)\">\n\n<h1 class=\"wp-block-heading\">Patrimonio culturale<\/h1>\n\n\n\n<div style=\"height:40px\" aria-hidden=\"true\" class=\"wp-block-spacer\"><\/div>\n\n\n\n<p><strong>Il formaggio Piave DOP<\/strong> \u00e8 espressione del territorio dove viene prodotto e porta con s\u00e9, negli oltre 30 paesi dove viene esportato, un ricco patrimonio ambientale, alimentare e culturale.<\/p>\n\n\n\n<div style=\"height:20px\" aria-hidden=\"true\" class=\"wp-block-spacer\"><\/div>\n\n\n\n<p>\u00c8 nei <strong>boschi<\/strong>, nei prati e nei <strong>pascoli<\/strong> <strong>della montagna bellunese<\/strong> che inizia il percorso per la produzione del formaggio Piave DOP.&nbsp; Spesso i prati sono frutto di interventi attuati dagli stessi allevatori per riportarli a quella naturale ricchezza polifita che a volte l\u2019andamento climatico riduce. Assieme ai prati, che permettono la produzione di buona parte del fieno, i pascoli sono elementi essenziali di questo ambiente e offrono la possibilit\u00e0 dell\u2019alpeggio estivo.<\/p>\n\n\n\n<div style=\"height:20px\" aria-hidden=\"true\" class=\"wp-block-spacer\"><\/div>\n\n\n\n<p>L\u2019obiettivo \u00e8 duplice, avere un ottimo prodotto sotto il profilo nutrizionale e la <strong>salvaguardia del territorio<\/strong> dall\u2019espansione incontrollata del bosco, dall\u2019incuria e dall\u2019abbandono. \u00c8 forte la convinzione che solo da un ambiente integro e curato nascono progetti che hanno futuro e che pensano alle nuove generazioni.<\/p>\n\n\n\n<p>Dal punto di vista alimentare il formaggio Piave rappresenta un eccellente candidato della <strong>Dieta Mediterranea<\/strong>, modello nutrizionale riconosciuto dall\u2019UNESCO come patrimonio dell\u2019umanit\u00e0 ed indicato dalla FAO (Organizzazione delle Nazioni Unite per l&#8217;alimentazione e l&#8217;agricoltura) come tra i pi\u00f9 sostenibile del pianeta.<\/p>\n\n\n\n<div style=\"height:20px\" aria-hidden=\"true\" class=\"wp-block-spacer\"><\/div>\n\n\n\n<p>Nel modello della Dieta Mediterranea infatti vi sono alcune caratteristiche imprescindibili, come <strong>la genuinit\u00e0 degli ingredienti, le tecniche tradizionali di produzione e il legame con il territorio<\/strong>, elementi che contraddistinguono da sempre il Piave DOP.<\/p>\n\n<\/div>\n\n<div class=\"grids-area\" style=\"--_ga-column:8\/13;--_ga-row:1\/2;--_ga-va:center;--_ga-m-desktop:0 0 0 0;--_ga-p-desktop:0 0 0 0;--_ga-bg-desktop:transparent none;--_ga-zi-desktop:auto;--_ga-d-desktop:flex;--_ga-mw-desktop:calc(100% - 0 - 0);--_ga-m-tablet:0 0 0 0;--_ga-p-tablet:0 0 0 0;--_ga-bg-tablet:transparent none;--_ga-zi-tablet:auto;--_ga-d-tablet:flex;--_ga-mw-tablet:calc(100% - 0 - 0);--_ga-m-mobile:0 0 0 0;--_ga-p-mobile:0 0 0 0;--_ga-bg-mobile:transparent none;--_ga-zi-mobile:auto;--_ga-d-mobile:flex;--_ga-mw-mobile:calc(100% - 0 - 0)\">\n\n<figure class=\"wp-block-gallery columns-1 is-cropped wp-block-gallery-2\"><ul class=\"blocks-gallery-grid\"><li class=\"blocks-gallery-item\"><figure><img decoding=\"async\" width=\"1024\" height=\"683\" src=\"https:\/\/formaggiopiave.it\/wp-content\/uploads\/2020\/12\/Formaggio_Piave_Dop_pascolo_San_Pietro_di_Cadore-1-1024x683.jpg\" alt=\"\" data-id=\"6203\" data-full-url=\"https:\/\/formaggiopiave.it\/wp-content\/uploads\/2020\/12\/Formaggio_Piave_Dop_pascolo_San_Pietro_di_Cadore-1.jpg\" data-link=\"https:\/\/formaggiopiave.it\/it\/patrimonio-culturale\/formaggio_piave_dop_pascolo_san_pietro_di_cadore\/\" class=\"wp-image-6203\" srcset=\"https:\/\/www.formaggiopiave.it\/wp-content\/uploads\/2020\/12\/Formaggio_Piave_Dop_pascolo_San_Pietro_di_Cadore-1-1024x683.jpg 1024w, https:\/\/www.formaggiopiave.it\/wp-content\/uploads\/2020\/12\/Formaggio_Piave_Dop_pascolo_San_Pietro_di_Cadore-1-300x200.jpg 300w, https:\/\/www.formaggiopiave.it\/wp-content\/uploads\/2020\/12\/Formaggio_Piave_Dop_pascolo_San_Pietro_di_Cadore-1-768x512.jpg 768w, https:\/\/www.formaggiopiave.it\/wp-content\/uploads\/2020\/12\/Formaggio_Piave_Dop_pascolo_San_Pietro_di_Cadore-1-1200x800.jpg 1200w, https:\/\/www.formaggiopiave.it\/wp-content\/uploads\/2020\/12\/Formaggio_Piave_Dop_pascolo_San_Pietro_di_Cadore-1.jpg 1240w\" sizes=\"(max-width: 1024px) 100vw, 1024px\" \/><figcaption class=\"blocks-gallery-item__caption is-layout-flex wp-block-gallery-is-layout-flex\">Prato polifita a Costalta, San Pietro di Cadore<\/figcaption><\/figure><\/li><li class=\"blocks-gallery-item\"><figure><img decoding=\"async\" width=\"1024\" height=\"683\" src=\"https:\/\/formaggiopiave.it\/wp-content\/uploads\/2020\/12\/Formaggio_Piave_Dop_pascolo_Alta_Val_Comelico-1-1024x683.jpg\" alt=\"\" data-id=\"6200\" data-full-url=\"https:\/\/formaggiopiave.it\/wp-content\/uploads\/2020\/12\/Formaggio_Piave_Dop_pascolo_Alta_Val_Comelico-1.jpg\" data-link=\"https:\/\/formaggiopiave.it\/it\/patrimonio-culturale\/formaggio_piave_dop_pascolo_alta_val_comelico\/\" class=\"wp-image-6200\" srcset=\"https:\/\/www.formaggiopiave.it\/wp-content\/uploads\/2020\/12\/Formaggio_Piave_Dop_pascolo_Alta_Val_Comelico-1-1024x683.jpg 1024w, https:\/\/www.formaggiopiave.it\/wp-content\/uploads\/2020\/12\/Formaggio_Piave_Dop_pascolo_Alta_Val_Comelico-1-300x200.jpg 300w, https:\/\/www.formaggiopiave.it\/wp-content\/uploads\/2020\/12\/Formaggio_Piave_Dop_pascolo_Alta_Val_Comelico-1-768x512.jpg 768w, https:\/\/www.formaggiopiave.it\/wp-content\/uploads\/2020\/12\/Formaggio_Piave_Dop_pascolo_Alta_Val_Comelico-1-1200x800.jpg 1200w, https:\/\/www.formaggiopiave.it\/wp-content\/uploads\/2020\/12\/Formaggio_Piave_Dop_pascolo_Alta_Val_Comelico-1.jpg 1240w\" sizes=\"(max-width: 1024px) 100vw, 1024px\" \/><figcaption class=\"blocks-gallery-item__caption\">Pascolo in Alta Val Comelico<\/figcaption><\/figure><\/li><\/ul><\/figure>\n\n<\/div>\n<\/div><\/div>\n\n<div  class=\"grids-section grids-is-advanced alignwide\" style=\"--_gs-gap-desktop:0px 0px;--_gs-m-desktop:0 0 0 0;--_gs-p-desktop:0 0 0 0;--_gs-bg-desktop:transparent none;--_gs-bg-xp-desktop:0px;--_gs-zi-desktop:auto;--_gs-d-desktop:block;--_gs-mw-desktop:calc(100% - 0 - 0);--_gs-gap-tablet:0px 0px;--_gs-m-tablet:0 0 0 0;--_gs-p-tablet:0 0 0 0;--_gs-bg-tablet:transparent none;--_gs-bg-xp-tablet:0px;--_gs-zi-tablet:auto;--_gs-d-tablet:block;--_gs-mw-tablet:calc(100% - 0 - 0);--_gs-gap-mobile:0px 0px;--_gs-m-mobile:0 0 0 0;--_gs-p-mobile:0 0 0 0;--_gs-bg-mobile:transparent none;--_gs-bg-xp-mobile:0px;--_gs-zi-mobile:auto;--_gs-d-mobile:block;--_gs-mw-mobile:calc(100% - 0 - 0);--_gs-columns:12;--_gs-rows:6\"><div class=\"grids-s-w_i\">\n<div class=\"grids-area\" style=\"--_ga-column:1\/14;--_ga-row:1\/8;--_ga-m-desktop:0 0 0 0;--_ga-p-desktop:0 0 0 0;--_ga-bg-desktop:transparent none;--_ga-zi-desktop:auto;--_ga-d-desktop:flex;--_ga-mw-desktop:calc(100% - 0 - 0);--_ga-m-tablet:0 0 0 0;--_ga-p-tablet:0 0 0 0;--_ga-bg-tablet:transparent none;--_ga-zi-tablet:auto;--_ga-d-tablet:flex;--_ga-mw-tablet:calc(100% - 0 - 0);--_ga-m-mobile:0 0 0 0;--_ga-p-mobile:0 0 0 0;--_ga-bg-mobile:transparent none;--_ga-zi-mobile:auto;--_ga-d-mobile:flex;--_ga-mw-mobile:calc(100% - 0 - 0)\"><\/div>\n<\/div><\/div>\n\n<div  class=\"grids-section grids-is-advanced alignwide\" style=\"--_gs-gap-desktop:0px 0px;--_gs-m-desktop:0 0 0 0;--_gs-p-desktop:0px 0 0px 0;--_gs-bg-desktop:transparent none;--_gs-bg-xp-desktop:calc( 50% - 50vw );--_gs-zi-desktop:auto;--_gs-d-desktop:block;--_gs-mw-desktop:calc(100% - 0 - 0);--_gs-gap-tablet:0px 0px;--_gs-m-tablet:0 0 0 0;--_gs-p-tablet:0px 0 0px 0;--_gs-bg-tablet:transparent none;--_gs-bg-xp-tablet:calc( 50% - 50vw );--_gs-zi-tablet:auto;--_gs-d-tablet:block;--_gs-mw-tablet:calc(100% - 0 - 0);--_gs-gap-mobile:0px 0px;--_gs-m-mobile:0 0 0 0;--_gs-p-mobile:0px 0 0px 0;--_gs-bg-mobile:transparent none;--_gs-bg-xp-mobile:calc( 50% - 50vw );--_gs-zi-mobile:auto;--_gs-d-mobile:block;--_gs-mw-mobile:calc(100% - 0 - 0);--_gs-columns:12;--_gs-rows:6\"><div class=\"grids-s-w_i\">\n<div class=\"grids-area\" style=\"--_ga-column:1\/6;--_ga-row:1\/2;--_ga-va:center;--_ga-m-desktop:0 0 0 0;--_ga-p-desktop:0 0 0 0;--_ga-bg-desktop:transparent none;--_ga-zi-desktop:auto;--_ga-d-desktop:flex;--_ga-mw-desktop:calc(100% - 0 - 0);--_ga-m-tablet:0 0 0 0;--_ga-p-tablet:0 0 0 0;--_ga-bg-tablet:transparent none;--_ga-zi-tablet:auto;--_ga-d-tablet:flex;--_ga-mw-tablet:calc(100% - 0 - 0);--_ga-m-mobile:0 0 0 0;--_ga-p-mobile:0 0 0 0;--_ga-bg-mobile:transparent none;--_ga-zi-mobile:auto;--_ga-d-mobile:flex;--_ga-mw-mobile:calc(100% - 0 - 0)\">\n\n<figure class=\"wp-block-image size-large\"><img decoding=\"async\" width=\"1024\" height=\"767\" src=\"https:\/\/formaggiopiave.it\/wp-content\/uploads\/2020\/12\/Formaggio_Piave_Dop_12_oro_mezzano_fotocamera_K-1024x767.jpg\" alt=\"\" class=\"wp-image-6084\" srcset=\"https:\/\/www.formaggiopiave.it\/wp-content\/uploads\/2020\/12\/Formaggio_Piave_Dop_12_oro_mezzano_fotocamera_K-1024x767.jpg 1024w, https:\/\/www.formaggiopiave.it\/wp-content\/uploads\/2020\/12\/Formaggio_Piave_Dop_12_oro_mezzano_fotocamera_K-300x225.jpg 300w, https:\/\/www.formaggiopiave.it\/wp-content\/uploads\/2020\/12\/Formaggio_Piave_Dop_12_oro_mezzano_fotocamera_K-768x575.jpg 768w, https:\/\/www.formaggiopiave.it\/wp-content\/uploads\/2020\/12\/Formaggio_Piave_Dop_12_oro_mezzano_fotocamera_K-1200x899.jpg 1200w, https:\/\/www.formaggiopiave.it\/wp-content\/uploads\/2020\/12\/Formaggio_Piave_Dop_12_oro_mezzano_fotocamera_K.jpg 1240w\" sizes=\"(max-width: 1024px) 100vw, 1024px\" \/><\/figure>\n\n<\/div>\n\n<div class=\"grids-area\" style=\"--_ga-column:7\/13;--_ga-row:1\/2;--_ga-va:center;--_ga-m-desktop:0 0 0 0;--_ga-p-desktop:0 0 0 0;--_ga-bg-desktop:transparent none;--_ga-zi-desktop:auto;--_ga-d-desktop:flex;--_ga-mw-desktop:calc(100% - 0 - 0);--_ga-m-tablet:0 0 0 0;--_ga-p-tablet:0 0 0 0;--_ga-bg-tablet:transparent none;--_ga-zi-tablet:auto;--_ga-d-tablet:flex;--_ga-mw-tablet:calc(100% - 0 - 0);--_ga-m-mobile:0 0 0 0;--_ga-p-mobile:0 0 0 0;--_ga-bg-mobile:transparent none;--_ga-zi-mobile:auto;--_ga-d-mobile:flex;--_ga-mw-mobile:calc(100% - 0 - 0)\">\n\n<p>Figlio delle Dolomiti Bellunesi, il formaggio Piave DOP deve le sue origini alla tradizione, all\u2019esperienza e all\u2019antico \u201csaper fare\u201d dei casari locali che lavoravano il latte dei piccoli allevatori nei \u201ckas\u00e8i\u201d, ovvero le <strong>latterie turnarie<\/strong>, nate nell\u2019ottocento in un paesino di montagna sopra Belluno, e diffuse in breve tempo in tutti i paesi, grandi e piccoli, della provincia.<\/p>\n\n\n\n<div style=\"height:20px\" aria-hidden=\"true\" class=\"wp-block-spacer\"><\/div>\n\n\n\n<p>Il formaggio Piave DOP \u00e8 cos\u00ec <strong>espressione di una lunga storia di cooperazione<\/strong> <strong>Bellunese, dove le realt\u00e0 locali<\/strong>, assieme ad altre strutture quali le malghe, <strong>rappresentano oggi<\/strong> il veicolo di trasmissione delle antiche regole dell\u2019arte casearia rispettosamente applicate nella produzione dei formaggi tipici, nonch\u00e9 delle realt\u00e0 produttive la cui rilevanza in termini socio economici non pu\u00f2 essere messa in discussione.<\/p>\n\n<\/div>\n<\/div><\/div>","protected":false},"excerpt":{"rendered":"","protected":false},"author":2,"featured_media":6217,"parent":0,"menu_order":0,"comment_status":"closed","ping_status":"closed","template":"","meta":{"_acf_changed":false,"advgb_blocks_editor_width":"","advgb_blocks_columns_visual_guide":"","footnotes":""},"class_list":["post-6186","page","type-page","status-publish","has-post-thumbnail","hentry"],"acf":[],"yoast_head":"<!-- This site is optimized with the Yoast SEO plugin v25.8 - https:\/\/yoast.com\/wordpress\/plugins\/seo\/ -->\n<title>Patrimonio culturale | Formaggio Piave DOP | Consorzio Tutela Formaggio Piave DOP<\/title>\n<meta name=\"description\" content=\"\u00c8 nei boschi, nei prati e nei pascoli della montagna bellunese che inizia il percorso per la produzione del formaggio Piave DOP.\" \/>\n<meta name=\"robots\" content=\"index, follow, max-snippet:-1, max-image-preview:large, max-video-preview:-1\" \/>\n<link rel=\"canonical\" href=\"https:\/\/www.formaggiopiave.it\/it\/patrimonio-culturale\/\" \/>\n<meta property=\"og:locale\" content=\"it_IT\" \/>\n<meta property=\"og:type\" content=\"article\" \/>\n<meta property=\"og:title\" content=\"Patrimonio culturale | Formaggio Piave DOP | Consorzio Tutela Formaggio Piave DOP\" \/>\n<meta property=\"og:description\" content=\"\u00c8 nei boschi, nei prati e nei pascoli della montagna bellunese che inizia il percorso per la produzione del formaggio Piave DOP.\" \/>\n<meta property=\"og:url\" content=\"https:\/\/www.formaggiopiave.it\/it\/patrimonio-culturale\/\" \/>\n<meta property=\"og:site_name\" content=\"Formaggio Piave DOP\" \/>\n<meta property=\"article:modified_time\" content=\"2021-04-22T14:54:53+00:00\" \/>\n<meta property=\"og:image\" content=\"https:\/\/www.formaggiopiave.it\/wp-content\/uploads\/2020\/12\/Formaggio_Piave_Dop_patrimonio_culturale.jpg\" \/>\n\t<meta property=\"og:image:width\" content=\"2000\" \/>\n\t<meta property=\"og:image:height\" content=\"1322\" \/>\n\t<meta property=\"og:image:type\" content=\"image\/jpeg\" \/>\n<meta name=\"twitter:card\" content=\"summary_large_image\" \/>\n<meta name=\"twitter:label1\" content=\"Tempo di lettura stimato\" \/>\n\t<meta name=\"twitter:data1\" content=\"2 minuti\" \/>\n<script type=\"application\/ld+json\" class=\"yoast-schema-graph\">{\"@context\":\"https:\/\/schema.org\",\"@graph\":[{\"@type\":\"WebPage\",\"@id\":\"https:\/\/www.formaggiopiave.it\/it\/patrimonio-culturale\/\",\"url\":\"https:\/\/www.formaggiopiave.it\/it\/patrimonio-culturale\/\",\"name\":\"Patrimonio culturale | Formaggio Piave DOP | Consorzio Tutela Formaggio Piave DOP\",\"isPartOf\":{\"@id\":\"https:\/\/www.formaggiopiave.it\/it\/#website\"},\"primaryImageOfPage\":{\"@id\":\"https:\/\/www.formaggiopiave.it\/it\/patrimonio-culturale\/#primaryimage\"},\"image\":{\"@id\":\"https:\/\/www.formaggiopiave.it\/it\/patrimonio-culturale\/#primaryimage\"},\"thumbnailUrl\":\"https:\/\/www.formaggiopiave.it\/wp-content\/uploads\/2020\/12\/Formaggio_Piave_Dop_patrimonio_culturale.jpg\",\"datePublished\":\"2020-12-01T11:59:06+00:00\",\"dateModified\":\"2021-04-22T14:54:53+00:00\",\"description\":\"\u00c8 nei boschi, nei prati e nei pascoli della montagna bellunese che inizia il percorso per la produzione del formaggio Piave DOP.\",\"breadcrumb\":{\"@id\":\"https:\/\/www.formaggiopiave.it\/it\/patrimonio-culturale\/#breadcrumb\"},\"inLanguage\":\"it-IT\",\"potentialAction\":[{\"@type\":\"ReadAction\",\"target\":[\"https:\/\/www.formaggiopiave.it\/it\/patrimonio-culturale\/\"]}]},{\"@type\":\"ImageObject\",\"inLanguage\":\"it-IT\",\"@id\":\"https:\/\/www.formaggiopiave.it\/it\/patrimonio-culturale\/#primaryimage\",\"url\":\"https:\/\/www.formaggiopiave.it\/wp-content\/uploads\/2020\/12\/Formaggio_Piave_Dop_patrimonio_culturale.jpg\",\"contentUrl\":\"https:\/\/www.formaggiopiave.it\/wp-content\/uploads\/2020\/12\/Formaggio_Piave_Dop_patrimonio_culturale.jpg\",\"width\":2000,\"height\":1322},{\"@type\":\"BreadcrumbList\",\"@id\":\"https:\/\/www.formaggiopiave.it\/it\/patrimonio-culturale\/#breadcrumb\",\"itemListElement\":[{\"@type\":\"ListItem\",\"position\":1,\"name\":\"Home\",\"item\":\"https:\/\/www.formaggiopiave.it\/it\/\"},{\"@type\":\"ListItem\",\"position\":2,\"name\":\"Patrimonio culturale\"}]},{\"@type\":\"WebSite\",\"@id\":\"https:\/\/www.formaggiopiave.it\/it\/#website\",\"url\":\"https:\/\/www.formaggiopiave.it\/it\/\",\"name\":\"Formaggio Piave DOP\",\"description\":\"Consorzio Tutela Formaggio Piave DOP\",\"publisher\":{\"@id\":\"https:\/\/www.formaggiopiave.it\/it\/#organization\"},\"potentialAction\":[{\"@type\":\"SearchAction\",\"target\":{\"@type\":\"EntryPoint\",\"urlTemplate\":\"https:\/\/www.formaggiopiave.it\/it\/?s={search_term_string}\"},\"query-input\":{\"@type\":\"PropertyValueSpecification\",\"valueRequired\":true,\"valueName\":\"search_term_string\"}}],\"inLanguage\":\"it-IT\"},{\"@type\":\"Organization\",\"@id\":\"https:\/\/www.formaggiopiave.it\/it\/#organization\",\"name\":\"Consorzio Formaggio Piave DOP\",\"url\":\"https:\/\/www.formaggiopiave.it\/it\/\",\"logo\":{\"@type\":\"ImageObject\",\"inLanguage\":\"it-IT\",\"@id\":\"https:\/\/www.formaggiopiave.it\/it\/#\/schema\/logo\/image\/\",\"url\":\"https:\/\/www.formaggiopiave.it\/wp-content\/uploads\/2020\/09\/Logo-Formaggio-Piave-Dop-1.png\",\"contentUrl\":\"https:\/\/www.formaggiopiave.it\/wp-content\/uploads\/2020\/09\/Logo-Formaggio-Piave-Dop-1.png\",\"width\":688,\"height\":273,\"caption\":\"Consorzio Formaggio Piave DOP\"},\"image\":{\"@id\":\"https:\/\/www.formaggiopiave.it\/it\/#\/schema\/logo\/image\/\"}}]}<\/script>\n<!-- \/ Yoast SEO plugin. -->","yoast_head_json":{"title":"Patrimonio culturale | Formaggio Piave DOP | Consorzio Tutela Formaggio Piave DOP","description":"\u00c8 nei boschi, nei prati e nei pascoli della montagna bellunese che inizia il percorso per la produzione del formaggio Piave DOP.","robots":{"index":"index","follow":"follow","max-snippet":"max-snippet:-1","max-image-preview":"max-image-preview:large","max-video-preview":"max-video-preview:-1"},"canonical":"https:\/\/www.formaggiopiave.it\/it\/patrimonio-culturale\/","og_locale":"it_IT","og_type":"article","og_title":"Patrimonio culturale | Formaggio Piave DOP | Consorzio Tutela Formaggio Piave DOP","og_description":"\u00c8 nei boschi, nei prati e nei pascoli della montagna bellunese che inizia il percorso per la produzione del formaggio Piave DOP.","og_url":"https:\/\/www.formaggiopiave.it\/it\/patrimonio-culturale\/","og_site_name":"Formaggio Piave DOP","article_modified_time":"2021-04-22T14:54:53+00:00","og_image":[{"width":2000,"height":1322,"url":"https:\/\/www.formaggiopiave.it\/wp-content\/uploads\/2020\/12\/Formaggio_Piave_Dop_patrimonio_culturale.jpg","type":"image\/jpeg"}],"twitter_card":"summary_large_image","twitter_misc":{"Tempo di lettura stimato":"2 minuti"},"schema":{"@context":"https:\/\/schema.org","@graph":[{"@type":"WebPage","@id":"https:\/\/www.formaggiopiave.it\/it\/patrimonio-culturale\/","url":"https:\/\/www.formaggiopiave.it\/it\/patrimonio-culturale\/","name":"Patrimonio culturale | Formaggio Piave DOP | Consorzio Tutela Formaggio Piave DOP","isPartOf":{"@id":"https:\/\/www.formaggiopiave.it\/it\/#website"},"primaryImageOfPage":{"@id":"https:\/\/www.formaggiopiave.it\/it\/patrimonio-culturale\/#primaryimage"},"image":{"@id":"https:\/\/www.formaggiopiave.it\/it\/patrimonio-culturale\/#primaryimage"},"thumbnailUrl":"https:\/\/www.formaggiopiave.it\/wp-content\/uploads\/2020\/12\/Formaggio_Piave_Dop_patrimonio_culturale.jpg","datePublished":"2020-12-01T11:59:06+00:00","dateModified":"2021-04-22T14:54:53+00:00","description":"\u00c8 nei boschi, nei prati e nei pascoli della montagna bellunese che inizia il percorso per la produzione del formaggio Piave DOP.","breadcrumb":{"@id":"https:\/\/www.formaggiopiave.it\/it\/patrimonio-culturale\/#breadcrumb"},"inLanguage":"it-IT","potentialAction":[{"@type":"ReadAction","target":["https:\/\/www.formaggiopiave.it\/it\/patrimonio-culturale\/"]}]},{"@type":"ImageObject","inLanguage":"it-IT","@id":"https:\/\/www.formaggiopiave.it\/it\/patrimonio-culturale\/#primaryimage","url":"https:\/\/www.formaggiopiave.it\/wp-content\/uploads\/2020\/12\/Formaggio_Piave_Dop_patrimonio_culturale.jpg","contentUrl":"https:\/\/www.formaggiopiave.it\/wp-content\/uploads\/2020\/12\/Formaggio_Piave_Dop_patrimonio_culturale.jpg","width":2000,"height":1322},{"@type":"BreadcrumbList","@id":"https:\/\/www.formaggiopiave.it\/it\/patrimonio-culturale\/#breadcrumb","itemListElement":[{"@type":"ListItem","position":1,"name":"Home","item":"https:\/\/www.formaggiopiave.it\/it\/"},{"@type":"ListItem","position":2,"name":"Patrimonio culturale"}]},{"@type":"WebSite","@id":"https:\/\/www.formaggiopiave.it\/it\/#website","url":"https:\/\/www.formaggiopiave.it\/it\/","name":"Formaggio Piave DOP","description":"Consorzio Tutela Formaggio Piave DOP","publisher":{"@id":"https:\/\/www.formaggiopiave.it\/it\/#organization"},"potentialAction":[{"@type":"SearchAction","target":{"@type":"EntryPoint","urlTemplate":"https:\/\/www.formaggiopiave.it\/it\/?s={search_term_string}"},"query-input":{"@type":"PropertyValueSpecification","valueRequired":true,"valueName":"search_term_string"}}],"inLanguage":"it-IT"},{"@type":"Organization","@id":"https:\/\/www.formaggiopiave.it\/it\/#organization","name":"Consorzio Formaggio Piave DOP","url":"https:\/\/www.formaggiopiave.it\/it\/","logo":{"@type":"ImageObject","inLanguage":"it-IT","@id":"https:\/\/www.formaggiopiave.it\/it\/#\/schema\/logo\/image\/","url":"https:\/\/www.formaggiopiave.it\/wp-content\/uploads\/2020\/09\/Logo-Formaggio-Piave-Dop-1.png","contentUrl":"https:\/\/www.formaggiopiave.it\/wp-content\/uploads\/2020\/09\/Logo-Formaggio-Piave-Dop-1.png","width":688,"height":273,"caption":"Consorzio Formaggio Piave DOP"},"image":{"@id":"https:\/\/www.formaggiopiave.it\/it\/#\/schema\/logo\/image\/"}}]}},"coauthors":[],"author_meta":{"author_link":"https:\/\/www.formaggiopiave.it\/it\/author\/promoservice\/","display_name":"formpiaveadm12020"},"relative_dates":{"created":"Pubblicato 5 anni fa","modified":"Aggiornato 5 anni fa"},"absolute_dates":{"created":"Pubblicato il 01\/12\/2020","modified":"Aggiornato il 22\/04\/2021"},"absolute_dates_time":{"created":"Pubblicato il 01\/12\/2020 12:59","modified":"Aggiornato il 22\/04\/2021 16:54"},"featured_img_caption":"","featured_img":"https:\/\/www.formaggiopiave.it\/wp-content\/uploads\/2020\/12\/Formaggio_Piave_Dop_patrimonio_culturale-1200x793.jpg","series_order":"","_links":{"self":[{"href":"https:\/\/www.formaggiopiave.it\/it\/wp-json\/wp\/v2\/pages\/6186","targetHints":{"allow":["GET"]}}],"collection":[{"href":"https:\/\/www.formaggiopiave.it\/it\/wp-json\/wp\/v2\/pages"}],"about":[{"href":"https:\/\/www.formaggiopiave.it\/it\/wp-json\/wp\/v2\/types\/page"}],"author":[{"embeddable":true,"href":"https:\/\/www.formaggiopiave.it\/it\/wp-json\/wp\/v2\/users\/2"}],"replies":[{"embeddable":true,"href":"https:\/\/www.formaggiopiave.it\/it\/wp-json\/wp\/v2\/comments?post=6186"}],"version-history":[{"count":0,"href":"https:\/\/www.formaggiopiave.it\/it\/wp-json\/wp\/v2\/pages\/6186\/revisions"}],"wp:featuredmedia":[{"embeddable":true,"href":"https:\/\/www.formaggiopiave.it\/it\/wp-json\/wp\/v2\/media\/6217"}],"wp:attachment":[{"href":"https:\/\/www.formaggiopiave.it\/it\/wp-json\/wp\/v2\/media?parent=6186"}],"curies":[{"name":"wp","href":"https:\/\/api.w.org\/{rel}","templated":true}]}}